{"id":50843,"date":"2025-10-07T13:10:44","date_gmt":"2025-10-07T06:10:44","guid":{"rendered":"https:\/\/hbbgroup.net\/?post_type=product&#038;p=50843"},"modified":"2025-10-07T13:11:01","modified_gmt":"2025-10-07T06:11:01","slug":"lap-ke-hoach-kinh-doanh-cho-nguoi-moi-bat-dau","status":"publish","type":"product","link":"https:\/\/hbbgroup.net\/zh\/tai-nguyen\/lap-ke-hoach-kinh-doanh-cho-nguoi-moi-bat-dau\/","title":{"rendered":"L\u1eadp K\u1ebf Ho\u1ea1ch Kinh Doanh Cho Ng\u01b0\u1eddi M\u1edbi B\u1eaft \u0110\u1ea7u"},"content":{"rendered":"<p><strong data-start=\"98\" data-end=\"149\">\u201cL\u1eadp K\u1ebf Ho\u1ea1ch Kinh Doanh Cho Ng\u01b0\u1eddi M\u1edbi B\u1eaft \u0110\u1ea7u\u201d<\/strong> (Alex Genadinik) l\u00e0 cu\u1ed1n c\u1ea9m nang th\u1ef1c t\u1ebf h\u01b0\u1edbng d\u1eabn t\u1eebng b\u01b0\u1edbc \u0111\u1ec3 x\u00e2y d\u1ef1ng m\u1ed9t b\u1ea3n k\u1ebf ho\u1ea1ch kinh doanh ho\u00e0n ch\u1ec9nh \u2013 t\u1eeb \u00fd t\u01b0\u1edfng, ph\u00e2n t\u00edch th\u1ecb tr\u01b0\u1eddng, chi\u1ebfn l\u01b0\u1ee3c \u0111\u1ebfn t\u00e0i ch\u00ednh \u2013 d\u00e0nh cho ng\u01b0\u1eddi kh\u1edfi nghi\u1ec7p ho\u1eb7c sinh vi\u00ean kinh t\u1ebf.<\/p>","protected":false},"excerpt":{"rendered":"<h2 data-start=\"385\" data-end=\"412\">Th\u00f4ng tin cu\u1ed1n s\u00e1ch<\/h2>\n<ul data-start=\"413\" data-end=\"725\">\n<li data-start=\"413\" data-end=\"516\">\n<p data-start=\"415\" data-end=\"516\"><strong data-start=\"415\" data-end=\"428\">T\u00ean s\u00e1ch:<\/strong> L\u1eadp K\u1ebf Ho\u1ea1ch Kinh Doanh Cho Ng\u01b0\u1eddi M\u1edbi B\u1eaft \u0110\u1ea7u \u2013 <em data-start=\"477\" data-end=\"514\">Business Plan Template and Examples<\/em><\/p>\n<\/li>\n<li data-start=\"517\" data-end=\"548\">\n<p data-start=\"519\" data-end=\"548\"><strong data-start=\"519\" data-end=\"531\">T\u00e1c gi\u1ea3:<\/strong> Alex Genadinik<\/p>\n<\/li>\n<li data-start=\"549\" data-end=\"581\">\n<p data-start=\"551\" data-end=\"581\"><strong data-start=\"551\" data-end=\"564\">D\u1ecbch gi\u1ea3:<\/strong> V\u00f5 Kh\u00e1nh Th\u1ecbnh<\/p>\n<\/li>\n<li data-start=\"582\" data-end=\"615\">\n<p data-start=\"584\" data-end=\"615\"><strong data-start=\"584\" data-end=\"601\">Nh\u00e0 xu\u1ea5t b\u1ea3n:<\/strong> C\u00f4ng Th\u01b0\u01a1ng<\/p>\n<\/li>\n<li data-start=\"616\" data-end=\"653\">\n<p data-start=\"618\" data-end=\"653\"><strong data-start=\"618\" data-end=\"639\">\u0110\u01a1n v\u1ecb ph\u00e1t h\u00e0nh:<\/strong> Alpha Books<\/p>\n<\/li>\n<li data-start=\"654\" data-end=\"725\">\n<p data-start=\"656\" data-end=\"725\"><strong data-start=\"656\" data-end=\"669\">Th\u1ec3 lo\u1ea1i:<\/strong> Kh\u1edfi nghi\u1ec7p, Qu\u1ea3n tr\u1ecb kinh doanh, H\u01b0\u1edbng d\u1eabn th\u1ef1c h\u00e0nh<\/p>\n<\/li>\n<\/ul>\n<h2 data-start=\"732\" data-end=\"757\">N\u1ed9i dung chi ti\u1ebft<\/h2>\n<p data-start=\"758\" data-end=\"916\">Cu\u1ed1n s\u00e1ch \u0111\u01b0\u1ee3c thi\u1ebft k\u1ebf nh\u01b0 <strong data-start=\"786\" data-end=\"817\">m\u1ed9t b\u1ea3n h\u01b0\u1edbng d\u1eabn th\u1ef1c h\u00e0nh<\/strong> gi\u00fap ng\u01b0\u1eddi \u0111\u1ecdc t\u1eebng b\u01b0\u1edbc h\u00ecnh th\u00e0nh, vi\u1ebft v\u00e0 ho\u00e0n thi\u1ec7n m\u1ed9t k\u1ebf ho\u1ea1ch kinh doanh c\u00f3 t\u00ednh kh\u1ea3 thi:<\/p>\n<ul data-start=\"918\" data-end=\"1580\">\n<li data-start=\"918\" data-end=\"1109\">\n<p data-start=\"920\" data-end=\"944\"><strong data-start=\"920\" data-end=\"942\">Ph\u1ea7n 1 \u2013 Kh\u1edfi \u0111\u1ea7u:<\/strong><\/p>\n<ul data-start=\"947\" data-end=\"1109\">\n<li data-start=\"947\" data-end=\"999\">\n<p data-start=\"949\" data-end=\"999\">X\u00e1c \u0111\u1ecbnh m\u1ee5c ti\u00eau kinh doanh v\u00e0 gi\u00e1 tr\u1ecb c\u1ed1t l\u00f5i.<\/p>\n<\/li>\n<li data-start=\"1002\" data-end=\"1050\">\n<p data-start=\"1004\" data-end=\"1050\">Ph\u00e2n t\u00edch kh\u00e1ch h\u00e0ng m\u1ee5c ti\u00eau v\u00e0 th\u1ecb tr\u01b0\u1eddng.<\/p>\n<\/li>\n<li data-start=\"1053\" data-end=\"1109\">\n<p data-start=\"1055\" data-end=\"1109\">T\u00ecm hi\u1ec3u m\u00f4 h\u00ecnh SWOT, PESTEL, v\u00e0 ph\u00e2n t\u00edch \u0111\u1ed1i th\u1ee7.<\/p>\n<\/li>\n<\/ul>\n<\/li>\n<li data-start=\"1111\" data-end=\"1262\">\n<p data-start=\"1113\" data-end=\"1139\"><strong data-start=\"1113\" data-end=\"1137\">Ph\u1ea7n 2 \u2013 Chi\u1ebfn l\u01b0\u1ee3c:<\/strong><\/p>\n<ul data-start=\"1142\" data-end=\"1262\">\n<li data-start=\"1142\" data-end=\"1195\">\n<p data-start=\"1144\" data-end=\"1195\">L\u1ef1a ch\u1ecdn chi\u1ebfn l\u01b0\u1ee3c \u0111\u1ecbnh v\u1ecb, gi\u00e1 c\u1ea3 v\u00e0 marketing.<\/p>\n<\/li>\n<li data-start=\"1198\" data-end=\"1262\">\n<p data-start=\"1200\" data-end=\"1262\">C\u00e1ch vi\u1ebft ph\u1ea7n \u201cChi\u1ebfn l\u01b0\u1ee3c t\u0103ng tr\u01b0\u1edfng\u201d trong Business Plan.<\/p>\n<\/li>\n<\/ul>\n<\/li>\n<li data-start=\"1264\" data-end=\"1405\">\n<p data-start=\"1266\" data-end=\"1291\"><strong data-start=\"1266\" data-end=\"1289\">Ph\u1ea7n 3 \u2013 T\u00e0i ch\u00ednh:<\/strong><\/p>\n<ul data-start=\"1294\" data-end=\"1405\">\n<li data-start=\"1294\" data-end=\"1346\">\n<p data-start=\"1296\" data-end=\"1346\">L\u1eadp b\u1ea3ng d\u1ef1 b\u00e1o doanh thu, chi ph\u00ed v\u00e0 d\u00f2ng ti\u1ec1n.<\/p>\n<\/li>\n<li data-start=\"1349\" data-end=\"1405\">\n<p data-start=\"1351\" data-end=\"1405\">Tr\u00ecnh b\u00e0y ph\u01b0\u01a1ng \u00e1n g\u1ecdi v\u1ed1n, thuy\u1ebft ph\u1ee5c nh\u00e0 \u0111\u1ea7u t\u01b0.<\/p>\n<\/li>\n<\/ul>\n<\/li>\n<li data-start=\"1407\" data-end=\"1580\">\n<p data-start=\"1409\" data-end=\"1449\"><strong data-start=\"1409\" data-end=\"1447\">Ph\u1ea7n 4 \u2013 Bi\u1ec3u m\u1eabu &amp; v\u00ed d\u1ee5 th\u1ef1c t\u1ebf:<\/strong><\/p>\n<ul data-start=\"1452\" data-end=\"1580\">\n<li data-start=\"1452\" data-end=\"1532\">\n<p data-start=\"1454\" data-end=\"1532\">C\u00e1c m\u1eabu k\u1ebf ho\u1ea1ch kinh doanh m\u1eabu (cho startup, d\u1ecbch v\u1ee5, s\u1ea3n ph\u1ea9m, c\u00f4ng ngh\u1ec7).<\/p>\n<\/li>\n<li data-start=\"1535\" data-end=\"1580\">\n<p data-start=\"1537\" data-end=\"1580\">Checklist ho\u00e0n thi\u1ec7n k\u1ebf ho\u1ea1ch kinh doanh.<\/p>\n<\/li>\n<\/ul>\n<\/li>\n<\/ul>\n<p data-start=\"1582\" data-end=\"1596\">Ph\u00f9 h\u1ee3p cho:<\/p>\n<ul data-start=\"1597\" data-end=\"1793\">\n<li data-start=\"1597\" data-end=\"1656\">\n<p data-start=\"1599\" data-end=\"1656\">Ng\u01b0\u1eddi m\u1edbi kh\u1edfi nghi\u1ec7p ho\u1eb7c sinh vi\u00ean kinh t\u1ebf, qu\u1ea3n tr\u1ecb.<\/p>\n<\/li>\n<li data-start=\"1657\" data-end=\"1718\">\n<p data-start=\"1659\" data-end=\"1718\">Ng\u01b0\u1eddi \u0111ang chu\u1ea9n b\u1ecb <strong data-start=\"1679\" data-end=\"1715\">tr\u00ecnh b\u00e0y \u00fd t\u01b0\u1edfng v\u1edbi nh\u00e0 \u0111\u1ea7u t\u01b0<\/strong>.<\/p>\n<\/li>\n<li data-start=\"1719\" data-end=\"1793\">\n<p data-start=\"1721\" data-end=\"1793\">Nh\u00e0 qu\u1ea3n l\u00fd mu\u1ed1n c\u1ea3i thi\u1ec7n k\u1ef9 n\u0103ng ho\u1ea1ch \u0111\u1ecbnh chi\u1ebfn l\u01b0\u1ee3c v\u00e0 t\u00e0i ch\u00ednh.<\/p>\n<\/li>\n<\/ul>","protected":false},"featured_media":50844,"template":"","meta":{"_acf_changed":false},"product-collections":[264,263],"product_brand":[],"product_cat":[49],"product_tag":[],"class_list":{"0":"post-50843","1":"product","2":"type-product","3":"status-publish","4":"has-post-thumbnail","6":"product-collections-giam-gia","7":"product-collections-noi-bat","8":"product_cat-books","10":"first","11":"instock","12":"sale","13":"shipping-taxable","14":"purchasable","15":"product-type-simple"},"acf":[],"_links":{"self":[{"href":"https:\/\/hbbgroup.net\/zh\/wp-json\/wp\/v2\/product\/50843","targetHints":{"allow":["GET"]}}],"collection":[{"href":"https:\/\/hbbgroup.net\/zh\/wp-json\/wp\/v2\/product"}],"about":[{"href":"https:\/\/hbbgroup.net\/zh\/wp-json\/wp\/v2\/types\/product"}],"version-history":[{"count":1,"href":"https:\/\/hbbgroup.net\/zh\/wp-json\/wp\/v2\/product\/50843\/revisions"}],"predecessor-version":[{"id":50853,"href":"https:\/\/hbbgroup.net\/zh\/wp-json\/wp\/v2\/product\/50843\/revisions\/50853"}],"wp:featuredmedia":[{"embeddable":true,"href":"https:\/\/hbbgroup.net\/zh\/wp-json\/wp\/v2\/media\/50844"}],"wp:attachment":[{"href":"https:\/\/hbbgroup.net\/zh\/wp-json\/wp\/v2\/media?parent=50843"}],"wp:term":[{"taxonomy":"product-collections","embeddable":true,"href":"https:\/\/hbbgroup.net\/zh\/wp-json\/wp\/v2\/product-collections?post=50843"},{"taxonomy":"product_brand","embeddable":true,"href":"https:\/\/hbbgroup.net\/zh\/wp-json\/wp\/v2\/product_brand?post=50843"},{"taxonomy":"product_cat","embeddable":true,"href":"https:\/\/hbbgroup.net\/zh\/wp-json\/wp\/v2\/product_cat?post=50843"},{"taxonomy":"product_tag","embeddable":true,"href":"https:\/\/hbbgroup.net\/zh\/wp-json\/wp\/v2\/product_tag?post=50843"}],"curies":[{"name":"wp","href":"https:\/\/api.w.org\/{rel}","templated":true}]}}