{"id":50509,"date":"2025-07-03T14:12:53","date_gmt":"2025-07-03T07:12:53","guid":{"rendered":"https:\/\/hbbgroup.net\/?post_type=product&#038;p=50509"},"modified":"2025-10-03T14:43:47","modified_gmt":"2025-10-03T07:43:47","slug":"cac-cuoc-chien-tranh-tien-te-tai-ban-2023","status":"publish","type":"product","link":"https:\/\/hbbgroup.net\/zh\/tai-nguyen\/cac-cuoc-chien-tranh-tien-te-tai-ban-2023\/","title":{"rendered":"C\u00e1c Cu\u1ed9c Chi\u1ebfn Tranh Ti\u1ec1n T\u1ec7 (T\u00e1i B\u1ea3n 2023)"},"content":{"rendered":"<p><strong data-start=\"97\" data-end=\"147\">\u201cC\u00e1c Cu\u1ed9c Chi\u1ebfn Tranh Ti\u1ec1n T\u1ec7 \u2013 Currency Wars\u201d<\/strong> (James Rickards) l\u00e0 cu\u1ed1n s\u00e1ch n\u1ed5i ti\u1ebfng ph\u00e2n t\u00edch c\u00e1ch c\u00e1c qu\u1ed1c gia thao t\u00fang ti\u1ec1n t\u1ec7, c\u1ea1nh tranh t\u1ef7 gi\u00e1 v\u00e0 s\u1eed d\u1ee5ng ch\u00ednh s\u00e1ch t\u00e0i ch\u00ednh \u2013 ti\u1ec1n t\u1ec7 nh\u01b0 m\u1ed9t \u201cv\u0169 kh\u00ed\u201d \u0111\u1ecba ch\u00ednh tr\u1ecb, c\u00f3 th\u1ec3 d\u1eabn \u0111\u1ebfn nh\u1eefng cu\u1ed9c kh\u1ee7ng ho\u1ea3ng to\u00e0n c\u1ea7u.<\/p>","protected":false},"excerpt":{"rendered":"<h2 data-start=\"383\" data-end=\"410\">Th\u00f4ng tin cu\u1ed1n s\u00e1ch<\/h2>\n<ul data-start=\"411\" data-end=\"694\">\n<li data-start=\"411\" data-end=\"509\">\n<p data-start=\"413\" data-end=\"509\"><strong data-start=\"413\" data-end=\"426\">T\u00ean s\u00e1ch:<\/strong> C\u00e1c Cu\u1ed9c Chi\u1ebfn Tranh Ti\u1ec1n T\u1ec7 \u2013 Nguy\u00ean Nh\u00e2n T\u1ea1o Ra Kh\u1ee7ng Ho\u1ea3ng To\u00e0n C\u1ea7u Ti\u1ebfp Theo<\/p>\n<\/li>\n<li data-start=\"510\" data-end=\"541\">\n<p data-start=\"512\" data-end=\"541\"><strong data-start=\"512\" data-end=\"524\">T\u00e1c gi\u1ea3:<\/strong> James Rickards<\/p>\n<\/li>\n<li data-start=\"542\" data-end=\"597\">\n<p data-start=\"544\" data-end=\"597\"><strong data-start=\"544\" data-end=\"557\">D\u1ecbch gi\u1ea3:<\/strong> Nguy\u1ec5n D\u01b0\u01a1ng Hi\u1ebfu \u2013 Nguy\u1ec5n Ph\u00fac Ho\u00e0ng<\/p>\n<\/li>\n<li data-start=\"598\" data-end=\"623\">\n<p data-start=\"600\" data-end=\"623\"><strong data-start=\"600\" data-end=\"617\">Nh\u00e0 xu\u1ea5t b\u1ea3n:<\/strong> Tr\u1ebb<\/p>\n<\/li>\n<li data-start=\"624\" data-end=\"694\">\n<p data-start=\"626\" data-end=\"694\"><strong data-start=\"626\" data-end=\"639\">Th\u1ec3 lo\u1ea1i:<\/strong> Kinh t\u1ebf t\u00e0i ch\u00ednh, \u0110\u1ecba ch\u00ednh tr\u1ecb, Ch\u00ednh s\u00e1ch ti\u1ec1n t\u1ec7<\/p>\n<\/li>\n<\/ul>\n<h2 data-start=\"701\" data-end=\"726\">N\u1ed9i dung chi ti\u1ebft<\/h2>\n<p data-start=\"727\" data-end=\"844\">James Rickards \u2013 m\u1ed9t chuy\u00ean gia c\u1ed1 v\u1ea5n t\u00e0i ch\u00ednh t\u1eebng l\u00e0m vi\u1ec7c v\u1edbi L\u1ea7u N\u0103m G\u00f3c \u2013 \u0111\u01b0a ra nh\u1eefng ph\u00e2n t\u00edch t\u00e1o b\u1ea1o v\u1ec1:<\/p>\n<ul data-start=\"846\" data-end=\"1466\">\n<li data-start=\"846\" data-end=\"968\">\n<p data-start=\"848\" data-end=\"968\"><strong data-start=\"848\" data-end=\"878\">Chi\u1ebfn tranh ti\u1ec1n t\u1ec7 l\u00e0 g\u00ec?<\/strong> C\u00e1c qu\u1ed1c gia c\u1ea1nh tranh ph\u00e1 gi\u00e1 \u0111\u1ed3ng ti\u1ec1n \u0111\u1ec3 th\u00fac \u0111\u1ea9y xu\u1ea5t kh\u1ea9u v\u00e0 t\u0103ng tr\u01b0\u1edfng kinh t\u1ebf.<\/p>\n<\/li>\n<li data-start=\"969\" data-end=\"1090\">\n<p data-start=\"971\" data-end=\"1090\"><strong data-start=\"971\" data-end=\"992\">V\u0169 kh\u00ed t\u00e0i ch\u00ednh:<\/strong> \u0110\u1ed3ng ti\u1ec1n, d\u1ef1 tr\u1eef ngo\u1ea1i h\u1ed1i, v\u00e0 v\u00e0ng \u0111\u01b0\u1ee3c s\u1eed d\u1ee5ng nh\u01b0 c\u00f4ng c\u1ee5 chi\u1ebfn l\u01b0\u1ee3c trong quan h\u1ec7 qu\u1ed1c t\u1ebf.<\/p>\n<\/li>\n<li data-start=\"1091\" data-end=\"1205\">\n<p data-start=\"1093\" data-end=\"1205\"><strong data-start=\"1093\" data-end=\"1117\">Nguy c\u01a1 kh\u1ee7ng ho\u1ea3ng:<\/strong> Nh\u1eefng t\u00e1c \u0111\u1ed9ng d\u00e2y chuy\u1ec1n t\u1eeb thao t\u00fang ti\u1ec1n t\u1ec7, in ti\u1ec1n v\u00f4 t\u1ed9i v\u1ea1, bong b\u00f3ng t\u00e0i s\u1ea3n.<\/p>\n<\/li>\n<li data-start=\"1206\" data-end=\"1353\">\n<p data-start=\"1208\" data-end=\"1353\"><strong data-start=\"1208\" data-end=\"1232\">T\u00ecnh hu\u1ed1ng gi\u1ea3 \u0111\u1ecbnh:<\/strong> Rickards t\u1eebng tham gia m\u00f4 ph\u1ecfng \u201cchi\u1ebfn tranh t\u00e0i ch\u00ednh\u201d t\u1ea1i L\u1ea7u N\u0103m G\u00f3c, cho th\u1ea5y h\u1ec7 th\u1ed1ng to\u00e0n c\u1ea7u mong manh th\u1ebf n\u00e0o.<\/p>\n<\/li>\n<li data-start=\"1354\" data-end=\"1466\">\n<p data-start=\"1356\" data-end=\"1466\"><strong data-start=\"1356\" data-end=\"1370\">Gi\u1ea3i ph\u00e1p:<\/strong> C\u1ea7n m\u1ed9t h\u1ec7 th\u1ed1ng t\u00e0i ch\u00ednh qu\u1ed1c t\u1ebf minh b\u1ea1ch, \u1ed5n \u0111\u1ecbnh h\u01a1n \u0111\u1ec3 tr\u00e1nh \u201cqu\u1ea3 bom h\u1eb9n gi\u1edd\u201d kinh t\u1ebf.<\/p>\n<\/li>\n<\/ul>\n<p data-start=\"1468\" data-end=\"1482\">Ph\u00f9 h\u1ee3p cho:<\/p>\n<ul data-start=\"1483\" data-end=\"1664\">\n<li data-start=\"1483\" data-end=\"1532\">\n<p data-start=\"1485\" data-end=\"1532\">Nh\u00e0 \u0111\u1ea7u t\u01b0, chuy\u00ean gia t\u00e0i ch\u00ednh \u2013 ng\u00e2n h\u00e0ng.<\/p>\n<\/li>\n<li data-start=\"1533\" data-end=\"1589\">\n<p data-start=\"1535\" data-end=\"1589\">Ng\u01b0\u1eddi quan t\u00e2m \u0111\u1ebfn ch\u00ednh s\u00e1ch ti\u1ec1n t\u1ec7, v\u00e0ng, t\u1ef7 gi\u00e1.<\/p>\n<\/li>\n<li data-start=\"1590\" data-end=\"1664\">\n<p data-start=\"1592\" data-end=\"1664\">\u0110\u1ed9c gi\u1ea3 mu\u1ed1n hi\u1ec3u kinh t\u1ebf h\u1ecdc g\u1eafn li\u1ec1n v\u1edbi <strong data-start=\"1635\" data-end=\"1661\">\u0111\u1ecba ch\u00ednh tr\u1ecb to\u00e0n c\u1ea7u<\/strong>.<\/p>\n<\/li>\n<\/ul>","protected":false},"featured_media":50510,"template":"","meta":{"_acf_changed":false},"product-collections":[264],"product_brand":[],"product_cat":[49],"product_tag":[],"class_list":{"0":"post-50509","1":"product","2":"type-product","3":"status-publish","4":"has-post-thumbnail","6":"product-collections-giam-gia","7":"product_cat-books","9":"first","10":"instock","11":"sale","12":"shipping-taxable","13":"purchasable","14":"product-type-simple"},"acf":[],"_links":{"self":[{"href":"https:\/\/hbbgroup.net\/zh\/wp-json\/wp\/v2\/product\/50509","targetHints":{"allow":["GET"]}}],"collection":[{"href":"https:\/\/hbbgroup.net\/zh\/wp-json\/wp\/v2\/product"}],"about":[{"href":"https:\/\/hbbgroup.net\/zh\/wp-json\/wp\/v2\/types\/product"}],"version-history":[{"count":1,"href":"https:\/\/hbbgroup.net\/zh\/wp-json\/wp\/v2\/product\/50509\/revisions"}],"predecessor-version":[{"id":50514,"href":"https:\/\/hbbgroup.net\/zh\/wp-json\/wp\/v2\/product\/50509\/revisions\/50514"}],"wp:featuredmedia":[{"embeddable":true,"href":"https:\/\/hbbgroup.net\/zh\/wp-json\/wp\/v2\/media\/50510"}],"wp:attachment":[{"href":"https:\/\/hbbgroup.net\/zh\/wp-json\/wp\/v2\/media?parent=50509"}],"wp:term":[{"taxonomy":"product-collections","embeddable":true,"href":"https:\/\/hbbgroup.net\/zh\/wp-json\/wp\/v2\/product-collections?post=50509"},{"taxonomy":"product_brand","embeddable":true,"href":"https:\/\/hbbgroup.net\/zh\/wp-json\/wp\/v2\/product_brand?post=50509"},{"taxonomy":"product_cat","embeddable":true,"href":"https:\/\/hbbgroup.net\/zh\/wp-json\/wp\/v2\/product_cat?post=50509"},{"taxonomy":"product_tag","embeddable":true,"href":"https:\/\/hbbgroup.net\/zh\/wp-json\/wp\/v2\/product_tag?post=50509"}],"curies":[{"name":"wp","href":"https:\/\/api.w.org\/{rel}","templated":true}]}}