{"id":49977,"date":"2025-06-15T18:50:05","date_gmt":"2025-06-15T11:50:05","guid":{"rendered":"https:\/\/hbbgroup.net\/?post_type=product&#038;p=49977"},"modified":"2025-10-01T18:54:53","modified_gmt":"2025-10-01T11:54:53","slug":"kinh-te-hoc-cam-doan","status":"publish","type":"product","link":"https:\/\/hbbgroup.net\/zh\/tai-nguyen\/kinh-te-hoc-cam-doan\/","title":{"rendered":"Kinh T\u1ebf H\u1ecdc C\u1ea5m \u0110o\u00e1n"},"content":{"rendered":"<p><strong data-start=\"94\" data-end=\"120\">\u201cKinh T\u1ebf H\u1ecdc C\u1ea5m \u0110o\u00e1n\u201d<\/strong> (Mark Thornton) l\u00e0 m\u1ed9t nghi\u00ean c\u1ee9u \u0111\u1eb7c bi\u1ec7t trong kinh t\u1ebf h\u1ecdc, ph\u00e2n t\u00edch t\u00e1c \u0111\u1ed9ng kinh t\u1ebf \u2013 x\u00e3 h\u1ed9i c\u1ee7a c\u00e1c ch\u00ednh s\u00e1ch c\u1ea5m \u0111o\u00e1n (prohibition), t\u1eeb r\u01b0\u1ee3u, ma t\u00fay \u0111\u1ebfn c\u00e1c l\u0129nh v\u1ef1c kinh t\u1ebf \u2013 x\u00e3 h\u1ed9i kh\u00e1c.<\/p>","protected":false},"excerpt":{"rendered":"<h2 data-start=\"326\" data-end=\"353\">Th\u00f4ng tin cu\u1ed1n s\u00e1ch<\/h2>\n<ul data-start=\"354\" data-end=\"658\">\n<li data-start=\"354\" data-end=\"392\">\n<p data-start=\"356\" data-end=\"392\"><strong data-start=\"356\" data-end=\"369\">T\u00ean s\u00e1ch:<\/strong> Kinh T\u1ebf H\u1ecdc C\u1ea5m \u0110o\u00e1n<\/p>\n<\/li>\n<li data-start=\"393\" data-end=\"423\">\n<p data-start=\"395\" data-end=\"423\"><strong data-start=\"395\" data-end=\"407\">T\u00e1c gi\u1ea3:<\/strong> Mark Thornton<\/p>\n<\/li>\n<li data-start=\"424\" data-end=\"460\">\n<p data-start=\"426\" data-end=\"460\"><strong data-start=\"426\" data-end=\"439\">D\u1ecbch gi\u1ea3:<\/strong> Ph\u1ea1m Nguy\u00ean Tr\u01b0\u1eddng<\/p>\n<\/li>\n<li data-start=\"461\" data-end=\"539\">\n<p data-start=\"463\" data-end=\"539\"><strong data-start=\"463\" data-end=\"492\">\u0110\u01a1n v\u1ecb li\u00ean k\u1ebft xu\u1ea5t b\u1ea3n:<\/strong> Vi\u1ec7n Nghi\u00ean c\u1ee9u Kinh t\u1ebf v\u00e0 Ch\u00ednh s\u00e1ch (VEPR)<\/p>\n<\/li>\n<li data-start=\"540\" data-end=\"583\">\n<p data-start=\"542\" data-end=\"583\"><strong data-start=\"542\" data-end=\"559\">Nh\u00e0 xu\u1ea5t b\u1ea3n:<\/strong> Nh\u00e0 xu\u1ea5t b\u1ea3n Tri Th\u1ee9c<\/p>\n<\/li>\n<li data-start=\"584\" data-end=\"658\">\n<p data-start=\"586\" data-end=\"658\"><strong data-start=\"586\" data-end=\"599\">Th\u1ec3 lo\u1ea1i:<\/strong> Kinh t\u1ebf h\u1ecdc ch\u00ednh s\u00e1ch, Kinh t\u1ebf h\u1ecdc \u1ee9ng d\u1ee5ng, X\u00e3 h\u1ed9i h\u1ecdc<\/p>\n<\/li>\n<\/ul>\n<h2 data-start=\"665\" data-end=\"690\">N\u1ed9i dung chi ti\u1ebft<\/h2>\n<p data-start=\"691\" data-end=\"784\">Cu\u1ed1n s\u00e1ch \u0111i s\u00e2u v\u00e0o t\u00e1c \u0111\u1ed9ng <strong data-start=\"721\" data-end=\"753\">phi kinh t\u1ebf v\u00e0 ph\u1ea3n t\u00e1c d\u1ee5ng<\/strong> c\u1ee7a c\u00e1c ch\u00ednh s\u00e1ch c\u1ea5m \u0111o\u00e1n:<\/p>\n<ul data-start=\"785\" data-end=\"1395\">\n<li data-start=\"785\" data-end=\"933\">\n<p data-start=\"787\" data-end=\"933\"><strong data-start=\"787\" data-end=\"819\">C\u1ea5m r\u01b0\u1ee3u (Prohibition \u1edf M\u1ef9):<\/strong> Thay v\u00ec lo\u1ea1i b\u1ecf ti\u00eau th\u1ee5 r\u01b0\u1ee3u, ch\u00ednh s\u00e1ch n\u00e0y d\u1eabn \u0111\u1ebfn ch\u1ee3 \u0111en, t\u1ed9i ph\u1ea1m c\u00f3 t\u1ed5 ch\u1ee9c v\u00e0 m\u1ea5t ki\u1ec3m so\u00e1t ch\u1ea5t l\u01b0\u1ee3ng.<\/p>\n<\/li>\n<li data-start=\"934\" data-end=\"1009\">\n<p data-start=\"936\" data-end=\"1009\"><strong data-start=\"936\" data-end=\"969\">C\u00e1c ch\u00ednh s\u00e1ch c\u1ea5m \u0111o\u00e1n kh\u00e1c:<\/strong> Ma t\u00fay, m\u1ea1i d\u00e2m, h\u00e0ng h\u00f3a b\u1ecb h\u1ea1n ch\u1ebf.<\/p>\n<\/li>\n<li data-start=\"1010\" data-end=\"1216\">\n<p data-start=\"1012\" data-end=\"1036\"><strong data-start=\"1012\" data-end=\"1034\">Ph\u00e2n t\u00edch kinh t\u1ebf:<\/strong><\/p>\n<ul data-start=\"1039\" data-end=\"1216\">\n<li data-start=\"1039\" data-end=\"1088\">\n<p data-start=\"1041\" data-end=\"1088\">Lu\u1eadt cung \u2013 c\u1ea7u trong m\u00f4i tr\u01b0\u1eddng b\u1ecb c\u1ea5m \u0111o\u00e1n.<\/p>\n<\/li>\n<li data-start=\"1091\" data-end=\"1164\">\n<p data-start=\"1093\" data-end=\"1164\">Chi ph\u00ed x\u00e3 h\u1ed9i v\u00e0 kinh t\u1ebf ph\u00e1t sinh (t\u1ed9i ph\u1ea1m, tham nh\u0169ng, l\u00e3ng ph\u00ed).<\/p>\n<\/li>\n<li data-start=\"1167\" data-end=\"1216\">\n<p data-start=\"1169\" data-end=\"1216\">T\u00e1c \u0111\u1ed9ng \u0111\u1ebfn t\u1ef1 do c\u00e1 nh\u00e2n v\u00e0 quy\u1ec1n l\u1ef1a ch\u1ecdn.<\/p>\n<\/li>\n<\/ul>\n<\/li>\n<li data-start=\"1217\" data-end=\"1395\">\n<p data-start=\"1219\" data-end=\"1395\"><strong data-start=\"1219\" data-end=\"1232\">K\u1ebft lu\u1eadn:<\/strong> Ch\u00ednh s\u00e1ch c\u1ea5m \u0111o\u00e1n th\u01b0\u1eddng g\u00e2y ra <strong data-start=\"1267\" data-end=\"1284\">h\u1eadu qu\u1ea3 ng\u01b0\u1ee3c<\/strong> v\u1edbi m\u1ee5c ti\u00eau ban \u0111\u1ea7u, v\u00e0 gi\u1ea3i ph\u00e1p thay th\u1ebf n\u00ean d\u1ef1a v\u00e0o c\u01a1 ch\u1ebf th\u1ecb tr\u01b0\u1eddng, ki\u1ec3m so\u00e1t th\u00f4ng minh v\u00e0 gi\u00e1o d\u1ee5c.<\/p>\n<\/li>\n<\/ul>\n<p data-start=\"1397\" data-end=\"1411\">Ph\u00f9 h\u1ee3p cho:<\/p>\n<ul data-start=\"1412\" data-end=\"1623\">\n<li data-start=\"1412\" data-end=\"1458\">\n<p data-start=\"1414\" data-end=\"1458\">Ng\u01b0\u1eddi quan t\u00e2m \u0111\u1ebfn kinh t\u1ebf h\u1ecdc ch\u00ednh s\u00e1ch.<\/p>\n<\/li>\n<li data-start=\"1459\" data-end=\"1530\">\n<p data-start=\"1461\" data-end=\"1530\">Sinh vi\u00ean \u2013 nh\u00e0 nghi\u00ean c\u1ee9u v\u1ec1 qu\u1ea3n tr\u1ecb c\u00f4ng, x\u00e3 h\u1ed9i h\u1ecdc, lu\u1eadt ph\u00e1p.<\/p>\n<\/li>\n<li data-start=\"1531\" data-end=\"1623\">\n<p data-start=\"1533\" data-end=\"1623\">\u0110\u1ed9c gi\u1ea3 mu\u1ed1n hi\u1ec3u r\u00f5 h\u01a1n m\u1ed1i quan h\u1ec7 gi\u1eefa kinh t\u1ebf, t\u1ef1 do c\u00e1 nh\u00e2n v\u00e0 ch\u00ednh s\u00e1ch nh\u00e0 n\u01b0\u1edbc.<\/p>\n<\/li>\n<\/ul>","protected":false},"featured_media":49969,"template":"","meta":{"_acf_changed":false},"product-collections":[262,264],"product_brand":[],"product_cat":[49],"product_tag":[],"class_list":{"0":"post-49977","1":"product","2":"type-product","3":"status-publish","4":"has-post-thumbnail","6":"product-collections-ban-chay","7":"product-collections-giam-gia","8":"product_cat-books","10":"first","11":"instock","12":"sale","13":"shipping-taxable","14":"purchasable","15":"product-type-simple"},"acf":[],"_links":{"self":[{"href":"https:\/\/hbbgroup.net\/zh\/wp-json\/wp\/v2\/product\/49977","targetHints":{"allow":["GET"]}}],"collection":[{"href":"https:\/\/hbbgroup.net\/zh\/wp-json\/wp\/v2\/product"}],"about":[{"href":"https:\/\/hbbgroup.net\/zh\/wp-json\/wp\/v2\/types\/product"}],"version-history":[{"count":1,"href":"https:\/\/hbbgroup.net\/zh\/wp-json\/wp\/v2\/product\/49977\/revisions"}],"predecessor-version":[{"id":49978,"href":"https:\/\/hbbgroup.net\/zh\/wp-json\/wp\/v2\/product\/49977\/revisions\/49978"}],"wp:featuredmedia":[{"embeddable":true,"href":"https:\/\/hbbgroup.net\/zh\/wp-json\/wp\/v2\/media\/49969"}],"wp:attachment":[{"href":"https:\/\/hbbgroup.net\/zh\/wp-json\/wp\/v2\/media?parent=49977"}],"wp:term":[{"taxonomy":"product-collections","embeddable":true,"href":"https:\/\/hbbgroup.net\/zh\/wp-json\/wp\/v2\/product-collections?post=49977"},{"taxonomy":"product_brand","embeddable":true,"href":"https:\/\/hbbgroup.net\/zh\/wp-json\/wp\/v2\/product_brand?post=49977"},{"taxonomy":"product_cat","embeddable":true,"href":"https:\/\/hbbgroup.net\/zh\/wp-json\/wp\/v2\/product_cat?post=49977"},{"taxonomy":"product_tag","embeddable":true,"href":"https:\/\/hbbgroup.net\/zh\/wp-json\/wp\/v2\/product_tag?post=49977"}],"curies":[{"name":"wp","href":"https:\/\/api.w.org\/{rel}","templated":true}]}}