{"id":49843,"date":"2025-08-30T10:02:58","date_gmt":"2025-08-30T03:02:58","guid":{"rendered":"https:\/\/hbbgroup.net\/?post_type=product&#038;p=49843"},"modified":"2025-09-30T10:05:03","modified_gmt":"2025-09-30T03:05:03","slug":"kham-pha-nha-kinh-te-hoc-trong-ban","status":"publish","type":"product","link":"https:\/\/hbbgroup.net\/zh\/tai-nguyen\/kham-pha-nha-kinh-te-hoc-trong-ban\/","title":{"rendered":"Kh\u00e1m Ph\u00e1 Nh\u00e0 Kinh T\u1ebf H\u1ecdc Trong B\u1ea1n"},"content":{"rendered":"<p><strong data-start=\"94\" data-end=\"134\">\u201cKh\u00e1m Ph\u00e1 Nh\u00e0 Kinh T\u1ebf H\u1ecdc Trong B\u1ea1n\u201d<\/strong> (Discover Your Inner Economist \u2013 Tyler Cowen) l\u00e0 cu\u1ed1n s\u00e1ch kinh t\u1ebf \u1ee9ng d\u1ee5ng, ch\u1ec9 ra c\u00e1ch v\u1eadn d\u1ee5ng c\u00e1c nguy\u00ean l\u00fd kinh t\u1ebf \u0111\u1ec3 \u0111\u01b0a ra quy\u1ebft \u0111\u1ecbnh th\u00f4ng minh h\u01a1n trong c\u00f4ng vi\u1ec7c v\u00e0 \u0111\u1eddi s\u1ed1ng h\u00e0ng ng\u00e0y.<\/p>","protected":false},"excerpt":{"rendered":"<h2 data-start=\"338\" data-end=\"365\">Th\u00f4ng tin cu\u1ed1n s\u00e1ch<\/h2>\n<ul data-start=\"366\" data-end=\"571\">\n<li data-start=\"366\" data-end=\"418\">\n<p data-start=\"368\" data-end=\"418\"><strong data-start=\"368\" data-end=\"381\">T\u00ean s\u00e1ch:<\/strong> Kh\u00e1m Ph\u00e1 Nh\u00e0 Kinh T\u1ebf H\u1ecdc Trong B\u1ea1n<\/p>\n<\/li>\n<li data-start=\"419\" data-end=\"447\">\n<p data-start=\"421\" data-end=\"447\"><strong data-start=\"421\" data-end=\"433\">T\u00e1c gi\u1ea3:<\/strong> Tyler Cowen<\/p>\n<\/li>\n<li data-start=\"448\" data-end=\"474\">\n<p data-start=\"450\" data-end=\"474\"><strong data-start=\"450\" data-end=\"463\">D\u1ecbch gi\u1ea3:<\/strong> Ng\u00f4 Minh<\/p>\n<\/li>\n<li data-start=\"475\" data-end=\"504\">\n<p data-start=\"477\" data-end=\"504\"><strong data-start=\"477\" data-end=\"494\">Nh\u00e0 xu\u1ea5t b\u1ea3n:<\/strong> D\u00e2n Tr\u00ed<\/p>\n<\/li>\n<li data-start=\"505\" data-end=\"571\">\n<p data-start=\"507\" data-end=\"571\"><strong data-start=\"507\" data-end=\"520\">Th\u1ec3 lo\u1ea1i:<\/strong> Kinh t\u1ebf h\u1ecdc \u1ee9ng d\u1ee5ng, T\u01b0 duy, Ph\u00e1t tri\u1ec3n c\u00e1 nh\u00e2n<\/p>\n<\/li>\n<\/ul>\n<h2 data-start=\"578\" data-end=\"603\">N\u1ed9i dung chi ti\u1ebft<\/h2>\n<p data-start=\"604\" data-end=\"698\">S\u00e1ch mang t\u00ednh th\u1ef1c ti\u1ec5n, gi\u00fap b\u1ea1n nh\u00ecn th\u1ea5y <strong data-start=\"649\" data-end=\"678\">\u201cnh\u00e0 kinh t\u1ebf h\u1ecdc ti\u1ec1m \u1ea9n\u201d<\/strong> trong ch\u00ednh m\u00ecnh:<\/p>\n<ul data-start=\"699\" data-end=\"1259\">\n<li data-start=\"699\" data-end=\"823\">\n<p data-start=\"701\" data-end=\"823\"><strong data-start=\"701\" data-end=\"738\">Nguy\u00ean l\u00fd kinh t\u1ebf trong \u0111\u1eddi s\u1ed1ng:<\/strong> \u00c1p d\u1ee5ng cung \u2013 c\u1ea7u, chi ph\u00ed c\u01a1 h\u1ed9i, l\u1ee3i \u00edch c\u1eadn bi\u00ean v\u00e0o c\u00e1c quy\u1ebft \u0111\u1ecbnh h\u00e0ng ng\u00e0y.<\/p>\n<\/li>\n<li data-start=\"824\" data-end=\"1033\">\n<p data-start=\"826\" data-end=\"854\"><strong data-start=\"826\" data-end=\"852\">C\u00e1c t\u00ecnh hu\u1ed1ng th\u00fa v\u1ecb:<\/strong><\/p>\n<ul data-start=\"857\" data-end=\"1033\">\n<li data-start=\"857\" data-end=\"898\">\n<p data-start=\"859\" data-end=\"898\">L\u00e0m th\u1ebf n\u00e0o \u0111\u1ec3 h\u1eb9n h\u00f2 th\u00f4ng minh h\u01a1n?<\/p>\n<\/li>\n<li data-start=\"901\" data-end=\"969\">\n<p data-start=\"903\" data-end=\"969\">V\u00ec sao m\u1ed9t s\u1ed1 ng\u01b0\u1eddi chi ti\u00eau b\u1ed1c \u0111\u1ed3ng c\u00f2n s\u1ed1 kh\u00e1c l\u1ea1i ti\u1ebft ki\u1ec7m?<\/p>\n<\/li>\n<li data-start=\"972\" data-end=\"1033\">\n<p data-start=\"974\" data-end=\"1033\">L\u00e0m sao \u0111\u1ec3 mua s\u1eafm h\u1ee3p l\u00fd v\u00e0 kh\u00f4ng b\u1ecb cu\u1ed1n v\u00e0o qu\u1ea3ng c\u00e1o?<\/p>\n<\/li>\n<\/ul>\n<\/li>\n<li data-start=\"1034\" data-end=\"1147\">\n<p data-start=\"1036\" data-end=\"1147\"><strong data-start=\"1036\" data-end=\"1060\">Kinh t\u1ebf h\u1ecdc h\u00e0nh vi:<\/strong> Gi\u1ea3i th\u00edch c\u00e1ch con ng\u01b0\u1eddi th\u01b0\u1eddng h\u00e0nh \u0111\u1ed9ng phi l\u00fd tr\u00ed nh\u01b0ng v\u1eabn c\u00f3 th\u1ec3 d\u1ef1 \u0111o\u00e1n \u0111\u01b0\u1ee3c.<\/p>\n<\/li>\n<li data-start=\"1148\" data-end=\"1259\">\n<p data-start=\"1150\" data-end=\"1259\"><strong data-start=\"1150\" data-end=\"1171\">\u1ee8ng d\u1ee5ng th\u1ef1c t\u1ebf:<\/strong> T\u1eeb qu\u1ea3n l\u00fd ti\u1ec1n b\u1ea1c, th\u1eddi gian, \u0111\u1ebfn c\u00e1ch t\u01b0 duy chi\u1ebfn l\u01b0\u1ee3c trong c\u00f4ng vi\u1ec7c v\u00e0 \u0111\u1ea7u t\u01b0.<\/p>\n<\/li>\n<\/ul>\n<p data-start=\"1261\" data-end=\"1275\">Ph\u00f9 h\u1ee3p cho:<\/p>\n<ul data-start=\"1276\" data-end=\"1506\">\n<li data-start=\"1276\" data-end=\"1340\">\n<p data-start=\"1278\" data-end=\"1340\">Ng\u01b0\u1eddi mu\u1ed1n r\u00e8n luy\u1ec7n <strong data-start=\"1299\" data-end=\"1317\">t\u01b0 duy kinh t\u1ebf<\/strong> \u0111\u1ec3 t\u1ed1i \u01b0u cu\u1ed9c s\u1ed1ng.<\/p>\n<\/li>\n<li data-start=\"1341\" data-end=\"1421\">\n<p data-start=\"1343\" data-end=\"1421\">\u0110\u1ed9c gi\u1ea3 y\u00eau th\u00edch s\u1ef1 k\u1ebft h\u1ee3p gi\u1eefa <strong data-start=\"1377\" data-end=\"1418\">kinh t\u1ebf h\u1ecdc \u2013 t\u00e2m l\u00fd h\u1ecdc \u2013 \u0111\u1eddi th\u01b0\u1eddng<\/strong>.<\/p>\n<\/li>\n<li data-start=\"1422\" data-end=\"1506\">\n<p data-start=\"1424\" data-end=\"1506\">H\u1ecdc sinh, sinh vi\u00ean, ho\u1eb7c ng\u01b0\u1eddi \u0111i l\u00e0m c\u1ea7n k\u1ef9 n\u0103ng ra quy\u1ebft \u0111\u1ecbnh th\u00f4ng minh h\u01a1n.<\/p>\n<\/li>\n<\/ul>","protected":false},"featured_media":49844,"template":"","meta":{"_acf_changed":false},"product-collections":[264,263],"product_brand":[],"product_cat":[49],"product_tag":[],"class_list":{"0":"post-49843","1":"product","2":"type-product","3":"status-publish","4":"has-post-thumbnail","6":"product-collections-giam-gia","7":"product-collections-noi-bat","8":"product_cat-books","10":"first","11":"instock","12":"sale","13":"shipping-taxable","14":"purchasable","15":"product-type-simple"},"acf":[],"_links":{"self":[{"href":"https:\/\/hbbgroup.net\/zh\/wp-json\/wp\/v2\/product\/49843","targetHints":{"allow":["GET"]}}],"collection":[{"href":"https:\/\/hbbgroup.net\/zh\/wp-json\/wp\/v2\/product"}],"about":[{"href":"https:\/\/hbbgroup.net\/zh\/wp-json\/wp\/v2\/types\/product"}],"version-history":[{"count":1,"href":"https:\/\/hbbgroup.net\/zh\/wp-json\/wp\/v2\/product\/49843\/revisions"}],"predecessor-version":[{"id":49849,"href":"https:\/\/hbbgroup.net\/zh\/wp-json\/wp\/v2\/product\/49843\/revisions\/49849"}],"wp:featuredmedia":[{"embeddable":true,"href":"https:\/\/hbbgroup.net\/zh\/wp-json\/wp\/v2\/media\/49844"}],"wp:attachment":[{"href":"https:\/\/hbbgroup.net\/zh\/wp-json\/wp\/v2\/media?parent=49843"}],"wp:term":[{"taxonomy":"product-collections","embeddable":true,"href":"https:\/\/hbbgroup.net\/zh\/wp-json\/wp\/v2\/product-collections?post=49843"},{"taxonomy":"product_brand","embeddable":true,"href":"https:\/\/hbbgroup.net\/zh\/wp-json\/wp\/v2\/product_brand?post=49843"},{"taxonomy":"product_cat","embeddable":true,"href":"https:\/\/hbbgroup.net\/zh\/wp-json\/wp\/v2\/product_cat?post=49843"},{"taxonomy":"product_tag","embeddable":true,"href":"https:\/\/hbbgroup.net\/zh\/wp-json\/wp\/v2\/product_tag?post=49843"}],"curies":[{"name":"wp","href":"https:\/\/api.w.org\/{rel}","templated":true}]}}