{"id":49834,"date":"2025-08-20T10:01:17","date_gmt":"2025-08-20T03:01:17","guid":{"rendered":"https:\/\/hbbgroup.net\/?post_type=product&#038;p=49834"},"modified":"2025-09-30T10:05:27","modified_gmt":"2025-09-30T03:05:27","slug":"vi-sao-nuoc-re-hon-kim-cuong-48-cau-hoi-xoa-mu-kinh-te-hoc","status":"publish","type":"product","link":"https:\/\/hbbgroup.net\/zh\/tai-nguyen\/vi-sao-nuoc-re-hon-kim-cuong-48-cau-hoi-xoa-mu-kinh-te-hoc\/","title":{"rendered":"V\u00ec Sao N\u01b0\u1edbc R\u1ebb H\u01a1n Kim C\u01b0\u01a1ng? &#8211; 48 C\u00e2u H\u1ecfi \u201cX\u00f3a M\u00f9\u201d Kinh T\u1ebf H\u1ecdc"},"content":{"rendered":"<p><strong data-start=\"94\" data-end=\"129\">\u201cV\u00ec Sao N\u01b0\u1edbc R\u1ebb H\u01a1n Kim C\u01b0\u01a1ng?\u201d<\/strong> (Maria Boyko) l\u00e0 cu\u1ed1n s\u00e1ch nh\u1eadp m\u00f4n kinh t\u1ebf d\u00e0nh cho \u0111\u1ed9c gi\u1ea3 tr\u1ebb, tr\u00ecnh b\u00e0y c\u00e1c kh\u00e1i ni\u1ec7m kinh t\u1ebf qua <strong data-start=\"232\" data-end=\"272\">48 c\u00e2u h\u1ecfi \u0111\u01a1n gi\u1ea3n nh\u01b0ng \u0111\u1ea7y g\u1ee3i m\u1edf<\/strong>, gi\u00fap gi\u1ea3i th\u00edch nh\u1eefng hi\u1ec7n t\u01b0\u1ee3ng t\u01b0\u1edfng ch\u1eebng kh\u00f3 hi\u1ec3u trong \u0111\u1eddi s\u1ed1ng.<\/p>","protected":false},"excerpt":{"rendered":"<h2 data-start=\"352\" data-end=\"379\">Th\u00f4ng tin cu\u1ed1n s\u00e1ch<\/h2>\n<ul data-start=\"380\" data-end=\"654\">\n<li data-start=\"380\" data-end=\"461\">\n<p data-start=\"382\" data-end=\"461\"><strong data-start=\"382\" data-end=\"395\">T\u00ean s\u00e1ch:<\/strong> V\u00ec Sao N\u01b0\u1edbc R\u1ebb H\u01a1n Kim C\u01b0\u01a1ng? \u2013 48 c\u00e2u h\u1ecfi \u201cx\u00f3a m\u00f9\u201d kinh t\u1ebf h\u1ecdc<\/p>\n<\/li>\n<li data-start=\"462\" data-end=\"490\">\n<p data-start=\"464\" data-end=\"490\"><strong data-start=\"464\" data-end=\"476\">T\u00e1c gi\u1ea3:<\/strong> Maria Boyko<\/p>\n<\/li>\n<li data-start=\"491\" data-end=\"522\">\n<p data-start=\"493\" data-end=\"522\"><strong data-start=\"493\" data-end=\"508\">Ng\u01b0\u1eddi d\u1ecbch:<\/strong> \u0110\u1ed7 Ng\u1ecdc H\u1ee3p<\/p>\n<\/li>\n<li data-start=\"523\" data-end=\"553\">\n<p data-start=\"525\" data-end=\"553\"><strong data-start=\"525\" data-end=\"538\">Minh h\u1ecda:<\/strong> Nina Kuzmina<\/p>\n<\/li>\n<li data-start=\"554\" data-end=\"584\">\n<p data-start=\"556\" data-end=\"584\"><strong data-start=\"556\" data-end=\"573\">Nh\u00e0 xu\u1ea5t b\u1ea3n:<\/strong> Kim \u0110\u1ed3ng<\/p>\n<\/li>\n<li data-start=\"585\" data-end=\"654\">\n<p data-start=\"587\" data-end=\"654\"><strong data-start=\"587\" data-end=\"600\">Th\u1ec3 lo\u1ea1i:<\/strong> Kinh t\u1ebf h\u1ecdc ph\u1ed5 th\u00f4ng, Gi\u00e1o d\u1ee5c, Ki\u1ebfn th\u1ee9c nh\u1eadp m\u00f4n<\/p>\n<\/li>\n<\/ul>\n<h2 data-start=\"661\" data-end=\"686\">N\u1ed9i dung chi ti\u1ebft<\/h2>\n<p data-start=\"687\" data-end=\"778\">Cu\u1ed1n s\u00e1ch \u0111\u01b0\u1ee3c thi\u1ebft k\u1ebf d\u01b0\u1edbi d\u1ea1ng <strong data-start=\"721\" data-end=\"734\">h\u1ecfi \u2013 \u0111\u00e1p<\/strong>, k\u1ebft h\u1ee3p minh h\u1ecda sinh \u0111\u1ed9ng, d\u1ec5 ti\u1ebfp thu:<\/p>\n<ul data-start=\"779\" data-end=\"1351\">\n<li data-start=\"779\" data-end=\"1004\">\n<p data-start=\"781\" data-end=\"806\"><strong data-start=\"781\" data-end=\"804\">C\u00e1c c\u00e2u h\u1ecfi th\u00fa v\u1ecb:<\/strong><\/p>\n<ul data-start=\"809\" data-end=\"1004\">\n<li data-start=\"809\" data-end=\"872\">\n<p data-start=\"811\" data-end=\"872\">V\u00ec sao n\u01b0\u1edbc \u2013 th\u1ee9 thi\u1ebft y\u1ebfu \u0111\u1ec3 s\u1ed1ng \u2013 l\u1ea1i r\u1ebb h\u01a1n kim c\u01b0\u01a1ng?<\/p>\n<\/li>\n<li data-start=\"875\" data-end=\"943\">\n<p data-start=\"877\" data-end=\"943\">V\u00ec sao c\u00f3 h\u00e0ng h\u00f3a r\u1ebb m\u00e0 v\u1eabn \u1ebf, trong khi h\u00e0ng \u0111\u1eaft l\u1ea1i b\u00e1n ch\u1ea1y?<\/p>\n<\/li>\n<li data-start=\"946\" data-end=\"1004\">\n<p data-start=\"948\" data-end=\"1004\">V\u00ec sao m\u1ed9t s\u1ed1 qu\u1ed1c gia gi\u00e0u c\u00f2n m\u1ed9t s\u1ed1 qu\u1ed1c gia ngh\u00e8o?<\/p>\n<\/li>\n<\/ul>\n<\/li>\n<li data-start=\"1005\" data-end=\"1114\">\n<p data-start=\"1007\" data-end=\"1114\"><strong data-start=\"1007\" data-end=\"1036\">Kh\u00e1i ni\u1ec7m kinh t\u1ebf c\u01a1 b\u1ea3n:<\/strong> Cung \u2013 c\u1ea7u, khan hi\u1ebfm, chi ph\u00ed c\u01a1 h\u1ed9i, gi\u00e1 tr\u1ecb s\u1eed d\u1ee5ng v\u00e0 gi\u00e1 tr\u1ecb trao \u0111\u1ed5i\u2026<\/p>\n<\/li>\n<li data-start=\"1115\" data-end=\"1253\">\n<p data-start=\"1117\" data-end=\"1253\"><strong data-start=\"1117\" data-end=\"1130\">M\u1ee5c ti\u00eau:<\/strong> Gi\u00fap \u0111\u1ed9c gi\u1ea3 tr\u1ebb v\u00e0 ng\u01b0\u1eddi m\u1edbi b\u1eaft \u0111\u1ea7u ti\u1ebfp c\u1eadn t\u01b0 duy kinh t\u1ebf, nh\u1eadn ra vai tr\u00f2 c\u1ee7a kinh t\u1ebf h\u1ecdc trong \u0111\u1eddi s\u1ed1ng h\u1eb1ng ng\u00e0y.<\/p>\n<\/li>\n<li data-start=\"1254\" data-end=\"1351\">\n<p data-start=\"1256\" data-end=\"1351\"><strong data-start=\"1256\" data-end=\"1277\">\u0110\u1eb7c \u0111i\u1ec3m n\u1ed5i b\u1eadt:<\/strong> V\u0103n phong nh\u1eb9 nh\u00e0ng, minh h\u1ecda h\u1ea5p d\u1eabn, ph\u00f9 h\u1ee3p \u0111\u1ec3 h\u1ecdc nhanh v\u00e0 nh\u1edb l\u00e2u.<\/p>\n<\/li>\n<\/ul>\n<p data-start=\"1353\" data-end=\"1367\">Ph\u00f9 h\u1ee3p cho:<\/p>\n<ul data-start=\"1368\" data-end=\"1531\">\n<li data-start=\"1368\" data-end=\"1417\">\n<p data-start=\"1370\" data-end=\"1417\">H\u1ecdc sinh, sinh vi\u00ean m\u1edbi ti\u1ebfp c\u1eadn kinh t\u1ebf h\u1ecdc.<\/p>\n<\/li>\n<li data-start=\"1418\" data-end=\"1474\">\n<p data-start=\"1420\" data-end=\"1474\">Ng\u01b0\u1eddi mu\u1ed1n hi\u1ec3u n\u1ec1n t\u1ea3ng kinh t\u1ebf qua v\u00ed d\u1ee5 \u0111\u01a1n gi\u1ea3n.<\/p>\n<\/li>\n<li data-start=\"1475\" data-end=\"1531\">\n<p data-start=\"1477\" data-end=\"1531\">\u0110\u1ed9c gi\u1ea3 t\u00ecm s\u00e1ch nh\u1eadp m\u00f4n tr\u1ef1c quan, d\u1ec5 \u0111\u1ecdc, d\u1ec5 nh\u1edb.<\/p>\n<\/li>\n<\/ul>","protected":false},"featured_media":49835,"template":"","meta":{"_acf_changed":false},"product-collections":[262,264],"product_brand":[],"product_cat":[49],"product_tag":[],"class_list":{"0":"post-49834","1":"product","2":"type-product","3":"status-publish","4":"has-post-thumbnail","6":"product-collections-ban-chay","7":"product-collections-giam-gia","8":"product_cat-books","10":"first","11":"instock","12":"sale","13":"shipping-taxable","14":"purchasable","15":"product-type-simple"},"acf":[],"_links":{"self":[{"href":"https:\/\/hbbgroup.net\/zh\/wp-json\/wp\/v2\/product\/49834","targetHints":{"allow":["GET"]}}],"collection":[{"href":"https:\/\/hbbgroup.net\/zh\/wp-json\/wp\/v2\/product"}],"about":[{"href":"https:\/\/hbbgroup.net\/zh\/wp-json\/wp\/v2\/types\/product"}],"version-history":[{"count":1,"href":"https:\/\/hbbgroup.net\/zh\/wp-json\/wp\/v2\/product\/49834\/revisions"}],"predecessor-version":[{"id":49842,"href":"https:\/\/hbbgroup.net\/zh\/wp-json\/wp\/v2\/product\/49834\/revisions\/49842"}],"wp:featuredmedia":[{"embeddable":true,"href":"https:\/\/hbbgroup.net\/zh\/wp-json\/wp\/v2\/media\/49835"}],"wp:attachment":[{"href":"https:\/\/hbbgroup.net\/zh\/wp-json\/wp\/v2\/media?parent=49834"}],"wp:term":[{"taxonomy":"product-collections","embeddable":true,"href":"https:\/\/hbbgroup.net\/zh\/wp-json\/wp\/v2\/product-collections?post=49834"},{"taxonomy":"product_brand","embeddable":true,"href":"https:\/\/hbbgroup.net\/zh\/wp-json\/wp\/v2\/product_brand?post=49834"},{"taxonomy":"product_cat","embeddable":true,"href":"https:\/\/hbbgroup.net\/zh\/wp-json\/wp\/v2\/product_cat?post=49834"},{"taxonomy":"product_tag","embeddable":true,"href":"https:\/\/hbbgroup.net\/zh\/wp-json\/wp\/v2\/product_tag?post=49834"}],"curies":[{"name":"wp","href":"https:\/\/api.w.org\/{rel}","templated":true}]}}