{"id":49821,"date":"2025-09-22T09:48:26","date_gmt":"2025-09-22T02:48:26","guid":{"rendered":"https:\/\/hbbgroup.net\/?post_type=product&#038;p=49821"},"modified":"2025-09-30T10:05:45","modified_gmt":"2025-09-30T03:05:45","slug":"basic-economics-kinh-te-hoc-co-ban-a-bo-co-kinh-te-hoc-nhap-mon-cho-nha-dau-tu","status":"publish","type":"product","link":"https:\/\/hbbgroup.net\/zh\/tai-nguyen\/basic-economics-kinh-te-hoc-co-ban-a-bo-co-kinh-te-hoc-nhap-mon-cho-nha-dau-tu\/","title":{"rendered":"Basic Economics: Kinh T\u1ebf H\u1ecdc C\u01a1 B\u1ea3n, A B\u1edd C\u1edd, Kinh T\u1ebf H\u1ecdc Nh\u1eadp M\u00f4n Cho Nh\u00e0 \u0110\u1ea7u T\u01b0"},"content":{"rendered":"<p><strong data-start=\"94\" data-end=\"145\">\u201cBasic Economics \u2013 Kinh T\u1ebf H\u1ecdc C\u01a1 B\u1ea3n, A B\u1edd C\u1edd\u201d<\/strong> c\u1ee7a Thomas Sowell l\u00e0 cu\u1ed1n nh\u1eadp m\u00f4n kinh t\u1ebf h\u1ecdc n\u1ed5i ti\u1ebfng, gi\u1ea3i th\u00edch c\u00e1c kh\u00e1i ni\u1ec7m n\u1ec1n t\u1ea3ng m\u1ed9t c\u00e1ch r\u00f5 r\u00e0ng, d\u1ec5 hi\u1ec3u, \u0111\u1eb7c bi\u1ec7t h\u1eefu \u00edch cho nh\u00e0 \u0111\u1ea7u t\u01b0 v\u00e0 ng\u01b0\u1eddi mu\u1ed1n ti\u1ebfp c\u1eadn kinh t\u1ebf h\u1ecdc t\u1eeb con s\u1ed1 0.<\/p>","protected":false},"excerpt":{"rendered":"<h2 data-start=\"353\" data-end=\"380\">Th\u00f4ng tin cu\u1ed1n s\u00e1ch<\/h2>\n<ul data-start=\"381\" data-end=\"648\">\n<li data-start=\"381\" data-end=\"444\">\n<p data-start=\"383\" data-end=\"444\"><strong data-start=\"383\" data-end=\"396\">T\u00ean s\u00e1ch:<\/strong> Basic Economics \u2013 Kinh T\u1ebf H\u1ecdc C\u01a1 B\u1ea3n, A B\u1edd C\u1edd<\/p>\n<\/li>\n<li data-start=\"445\" data-end=\"475\">\n<p data-start=\"447\" data-end=\"475\"><strong data-start=\"447\" data-end=\"459\">T\u00e1c gi\u1ea3:<\/strong> Thomas Sowell<\/p>\n<\/li>\n<li data-start=\"476\" data-end=\"523\">\n<p data-start=\"478\" data-end=\"523\"><strong data-start=\"478\" data-end=\"491\">D\u1ecbch gi\u1ea3:<\/strong> Th\u00e1i Ph\u1ea1m \u2013 \u0110\u1ed7 Ng\u1ecdc Qu\u1ef3nh Th\u01b0<\/p>\n<\/li>\n<li data-start=\"524\" data-end=\"554\">\n<p data-start=\"526\" data-end=\"554\"><strong data-start=\"526\" data-end=\"543\">Nh\u00e0 xu\u1ea5t b\u1ea3n:<\/strong> Th\u1ebf Gi\u1edbi<\/p>\n<\/li>\n<li data-start=\"555\" data-end=\"591\">\n<p data-start=\"557\" data-end=\"591\"><strong data-start=\"557\" data-end=\"578\">\u0110\u01a1n v\u1ecb ph\u00e1t h\u00e0nh:<\/strong> Happy Live<\/p>\n<\/li>\n<li data-start=\"592\" data-end=\"648\">\n<p data-start=\"594\" data-end=\"648\"><strong data-start=\"594\" data-end=\"607\">Th\u1ec3 lo\u1ea1i:<\/strong> Kinh t\u1ebf h\u1ecdc nh\u1eadp m\u00f4n, \u0110\u1ea7u t\u01b0, Gi\u00e1o d\u1ee5c<\/p>\n<\/li>\n<\/ul>\n<h2 data-start=\"655\" data-end=\"680\">N\u1ed9i dung chi ti\u1ebft<\/h2>\n<p data-start=\"681\" data-end=\"776\">Cu\u1ed1n s\u00e1ch gi\u00fap ng\u01b0\u1eddi \u0111\u1ecdc ti\u1ebfp c\u1eadn kinh t\u1ebf h\u1ecdc m\u00e0 <strong data-start=\"730\" data-end=\"773\">kh\u00f4ng c\u1ea7n ki\u1ebfn th\u1ee9c chuy\u00ean m\u00f4n tr\u01b0\u1edbc \u0111\u00f3<\/strong>:<\/p>\n<ul data-start=\"777\" data-end=\"1227\">\n<li data-start=\"777\" data-end=\"859\">\n<p data-start=\"779\" data-end=\"859\"><strong data-start=\"779\" data-end=\"802\">Gi\u1ea3i th\u00edch d\u1ec5 hi\u1ec3u:<\/strong> Tr\u00e1nh c\u00f4ng th\u1ee9c to\u00e1n h\u1ecdc, t\u1eadp trung v\u00e0o v\u00ed d\u1ee5 th\u1ef1c t\u1ebf.<\/p>\n<\/li>\n<li data-start=\"860\" data-end=\"968\">\n<p data-start=\"862\" data-end=\"968\"><strong data-start=\"862\" data-end=\"886\">Nguy\u00ean t\u1eafc n\u1ec1n t\u1ea3ng:<\/strong> Cung \u2013 c\u1ea7u, gi\u00e1 c\u1ea3, vai tr\u00f2 th\u1ecb tr\u01b0\u1eddng, ch\u00ednh s\u00e1ch thu\u1ebf, l\u1ea1m ph\u00e1t, th\u1ea5t nghi\u1ec7p\u2026<\/p>\n<\/li>\n<li data-start=\"969\" data-end=\"1052\">\n<p data-start=\"971\" data-end=\"1052\"><strong data-start=\"971\" data-end=\"992\">\u1ee8ng d\u1ee5ng th\u1ef1c t\u1ebf:<\/strong> Li\u00ean h\u1ec7 tr\u1ef1c ti\u1ebfp \u0111\u1ebfn \u0111\u1ea7u t\u01b0, th\u01b0\u01a1ng m\u1ea1i, t\u00e0i ch\u00ednh c\u00f4ng.<\/p>\n<\/li>\n<li data-start=\"1053\" data-end=\"1140\">\n<p data-start=\"1055\" data-end=\"1140\"><strong data-start=\"1055\" data-end=\"1075\">So s\u00e1nh qu\u1ed1c t\u1ebf:<\/strong> Ph\u00e2n t\u00edch kinh nghi\u1ec7m c\u00e1c n\u1ec1n kinh t\u1ebf kh\u00e1c nhau tr\u00ean th\u1ebf gi\u1edbi.<\/p>\n<\/li>\n<li data-start=\"1141\" data-end=\"1227\">\n<p data-start=\"1143\" data-end=\"1227\"><strong data-start=\"1143\" data-end=\"1162\">T\u01b0 duy kinh t\u1ebf:<\/strong> R\u00e8n luy\u1ec7n kh\u1ea3 n\u0103ng suy lu\u1eadn logic khi ra quy\u1ebft \u0111\u1ecbnh t\u00e0i ch\u00ednh.<\/p>\n<\/li>\n<\/ul>\n<p data-start=\"1229\" data-end=\"1243\">Ph\u00f9 h\u1ee3p cho:<\/p>\n<ul data-start=\"1244\" data-end=\"1408\">\n<li data-start=\"1244\" data-end=\"1278\">\n<p data-start=\"1246\" data-end=\"1278\">Ng\u01b0\u1eddi m\u1edbi b\u1eaft \u0111\u1ea7u h\u1ecdc kinh t\u1ebf.<\/p>\n<\/li>\n<li data-start=\"1279\" data-end=\"1331\">\n<p data-start=\"1281\" data-end=\"1331\">Nh\u00e0 \u0111\u1ea7u t\u01b0 mu\u1ed1n c\u00f3 n\u1ec1n t\u1ea3ng l\u00fd thuy\u1ebft v\u1eefng ch\u1eafc.<\/p>\n<\/li>\n<li data-start=\"1332\" data-end=\"1408\">\n<p data-start=\"1334\" data-end=\"1408\">Ng\u01b0\u1eddi quan t\u00e2m \u0111\u1ebfn t\u00e1c \u0111\u1ed9ng c\u1ee7a ch\u00ednh s\u00e1ch kinh t\u1ebf l\u00ean \u0111\u1eddi s\u1ed1ng th\u1ef1c t\u1ebf.<\/p>\n<\/li>\n<\/ul>","protected":false},"featured_media":49822,"template":"","meta":{"_acf_changed":false},"product-collections":[264,263],"product_brand":[],"product_cat":[49],"product_tag":[],"class_list":{"0":"post-49821","1":"product","2":"type-product","3":"status-publish","4":"has-post-thumbnail","6":"product-collections-giam-gia","7":"product-collections-noi-bat","8":"product_cat-books","10":"first","11":"instock","12":"sale","13":"shipping-taxable","14":"purchasable","15":"product-type-simple"},"acf":[],"_links":{"self":[{"href":"https:\/\/hbbgroup.net\/zh\/wp-json\/wp\/v2\/product\/49821","targetHints":{"allow":["GET"]}}],"collection":[{"href":"https:\/\/hbbgroup.net\/zh\/wp-json\/wp\/v2\/product"}],"about":[{"href":"https:\/\/hbbgroup.net\/zh\/wp-json\/wp\/v2\/types\/product"}],"version-history":[{"count":1,"href":"https:\/\/hbbgroup.net\/zh\/wp-json\/wp\/v2\/product\/49821\/revisions"}],"predecessor-version":[{"id":49825,"href":"https:\/\/hbbgroup.net\/zh\/wp-json\/wp\/v2\/product\/49821\/revisions\/49825"}],"wp:featuredmedia":[{"embeddable":true,"href":"https:\/\/hbbgroup.net\/zh\/wp-json\/wp\/v2\/media\/49822"}],"wp:attachment":[{"href":"https:\/\/hbbgroup.net\/zh\/wp-json\/wp\/v2\/media?parent=49821"}],"wp:term":[{"taxonomy":"product-collections","embeddable":true,"href":"https:\/\/hbbgroup.net\/zh\/wp-json\/wp\/v2\/product-collections?post=49821"},{"taxonomy":"product_brand","embeddable":true,"href":"https:\/\/hbbgroup.net\/zh\/wp-json\/wp\/v2\/product_brand?post=49821"},{"taxonomy":"product_cat","embeddable":true,"href":"https:\/\/hbbgroup.net\/zh\/wp-json\/wp\/v2\/product_cat?post=49821"},{"taxonomy":"product_tag","embeddable":true,"href":"https:\/\/hbbgroup.net\/zh\/wp-json\/wp\/v2\/product_tag?post=49821"}],"curies":[{"name":"wp","href":"https:\/\/api.w.org\/{rel}","templated":true}]}}