{"id":49716,"date":"2025-09-29T16:14:18","date_gmt":"2025-09-29T09:14:18","guid":{"rendered":"https:\/\/hbbgroup.net\/?post_type=product&#038;p=49716"},"modified":"2025-09-29T16:14:18","modified_gmt":"2025-09-29T09:14:18","slug":"ly-thuyet-kinh-te-phuong-tay-hien-dai","status":"publish","type":"product","link":"https:\/\/hbbgroup.net\/zh\/tai-nguyen\/ly-thuyet-kinh-te-phuong-tay-hien-dai\/","title":{"rendered":"L\u00fd Thuy\u1ebft Kinh T\u1ebf Ph\u01b0\u01a1ng T\u00e2y Hi\u1ec7n \u0110\u1ea1i"},"content":{"rendered":"<p><strong data-start=\"90\" data-end=\"133\">\u201cL\u00fd Thuy\u1ebft Kinh T\u1ebf Ph\u01b0\u01a1ng T\u00e2y Hi\u1ec7n \u0110\u1ea1i\u201d<\/strong> (TS. H\u1ed3 Qu\u1ebf H\u1eadu) l\u00e0 t\u00e0i li\u1ec7u chuy\u00ean s\u00e2u, h\u1ec7 th\u1ed1ng h\u00f3a c\u00e1c tr\u01b0\u1eddng ph\u00e1i v\u00e0 l\u00fd thuy\u1ebft kinh t\u1ebf t\u1eeb th\u1ebf k\u1ef7 20 \u0111\u1ebfn nay, ph\u1ea3n \u00e1nh s\u1ef1 ph\u00e1t tri\u1ec3n c\u1ee7a t\u01b0 t\u01b0\u1edfng kinh t\u1ebf ph\u01b0\u01a1ng T\u00e2y trong b\u1ed1i c\u1ea3nh to\u00e0n c\u1ea7u h\u00f3a v\u00e0 hi\u1ec7n \u0111\u1ea1i h\u00f3a.<\/p>","protected":false},"excerpt":{"rendered":"<h2 data-start=\"355\" data-end=\"382\">Th\u00f4ng tin cu\u1ed1n s\u00e1ch<\/h2>\n<ul data-start=\"383\" data-end=\"601\">\n<li data-start=\"383\" data-end=\"438\">\n<p data-start=\"385\" data-end=\"438\"><strong data-start=\"385\" data-end=\"398\">T\u00ean s\u00e1ch:<\/strong> L\u00fd Thuy\u1ebft Kinh T\u1ebf Ph\u01b0\u01a1ng T\u00e2y Hi\u1ec7n \u0110\u1ea1i<\/p>\n<\/li>\n<li data-start=\"439\" data-end=\"470\">\n<p data-start=\"441\" data-end=\"470\"><strong data-start=\"441\" data-end=\"453\">T\u00e1c gi\u1ea3:<\/strong> TS. H\u1ed3 Qu\u1ebf H\u1eadu<\/p>\n<\/li>\n<li data-start=\"471\" data-end=\"501\">\n<p data-start=\"473\" data-end=\"501\"><strong data-start=\"473\" data-end=\"490\">Nh\u00e0 xu\u1ea5t b\u1ea3n:<\/strong> Th\u1ebf Gi\u1edbi<\/p>\n<\/li>\n<li data-start=\"502\" data-end=\"540\">\n<p data-start=\"504\" data-end=\"540\"><strong data-start=\"504\" data-end=\"525\">\u0110\u01a1n v\u1ecb ph\u00e1t h\u00e0nh:<\/strong> Saigon Books<\/p>\n<\/li>\n<li data-start=\"541\" data-end=\"601\">\n<p data-start=\"543\" data-end=\"601\"><strong data-start=\"543\" data-end=\"556\">Th\u1ec3 lo\u1ea1i:<\/strong> Kinh t\u1ebf h\u1ecdc, L\u00fd thuy\u1ebft, Nghi\u00ean c\u1ee9u h\u00e0n l\u00e2m<\/p>\n<\/li>\n<\/ul>\n<h2 data-start=\"608\" data-end=\"633\">N\u1ed9i dung chi ti\u1ebft<\/h2>\n<p data-start=\"634\" data-end=\"725\">Cu\u1ed1n s\u00e1ch mang t\u00ednh h\u00e0n l\u00e2m, cung c\u1ea5p n\u1ec1n t\u1ea3ng h\u1ecdc thu\u1eadt cho nghi\u00ean c\u1ee9u kinh t\u1ebf hi\u1ec7n \u0111\u1ea1i:<\/p>\n<ul data-start=\"726\" data-end=\"1338\">\n<li data-start=\"726\" data-end=\"920\">\n<p data-start=\"728\" data-end=\"767\"><strong data-start=\"728\" data-end=\"765\">C\u00e1c tr\u01b0\u1eddng ph\u00e1i kinh t\u1ebf hi\u1ec7n \u0111\u1ea1i:<\/strong><\/p>\n<ul data-start=\"770\" data-end=\"920\">\n<li data-start=\"770\" data-end=\"807\">\n<p data-start=\"772\" data-end=\"807\">Kinh t\u1ebf h\u1ecdc Keynes v\u00e0 h\u1eadu-Keynes.<\/p>\n<\/li>\n<li data-start=\"810\" data-end=\"838\">\n<p data-start=\"812\" data-end=\"838\">Tr\u01b0\u1eddng ph\u00e1i T\u00e2n c\u1ed5 \u0111i\u1ec3n.<\/p>\n<\/li>\n<li data-start=\"841\" data-end=\"881\">\n<p data-start=\"843\" data-end=\"881\">Ch\u1ee7 ngh\u0129a T\u1ef1 do m\u1edbi (Neoliberalism).<\/p>\n<\/li>\n<li data-start=\"884\" data-end=\"920\">\n<p data-start=\"886\" data-end=\"920\">Kinh t\u1ebf h\u1ecdc h\u00e0nh vi v\u00e0 ti\u1ebfn h\u00f3a.<\/p>\n<\/li>\n<\/ul>\n<\/li>\n<li data-start=\"921\" data-end=\"1077\">\n<p data-start=\"923\" data-end=\"959\"><strong data-start=\"923\" data-end=\"957\">V\u1ea5n \u0111\u1ec1 kinh t\u1ebf v\u0129 m\u00f4 v\u00e0 vi m\u00f4:<\/strong><\/p>\n<ul data-start=\"962\" data-end=\"1077\">\n<li data-start=\"962\" data-end=\"997\">\n<p data-start=\"964\" data-end=\"997\">Th\u1ecb tr\u01b0\u1eddng v\u00e0 vai tr\u00f2 nh\u00e0 n\u01b0\u1edbc.<\/p>\n<\/li>\n<li data-start=\"1000\" data-end=\"1034\">\n<p data-start=\"1002\" data-end=\"1034\">Ch\u00ednh s\u00e1ch ti\u1ec1n t\u1ec7 \u2013 t\u00e0i kh\u00f3a.<\/p>\n<\/li>\n<li data-start=\"1037\" data-end=\"1077\">\n<p data-start=\"1039\" data-end=\"1077\">C\u1ea1nh tranh, \u0111\u1ed9c quy\u1ec1n, to\u00e0n c\u1ea7u h\u00f3a.<\/p>\n<\/li>\n<\/ul>\n<\/li>\n<li data-start=\"1078\" data-end=\"1171\">\n<p data-start=\"1080\" data-end=\"1171\"><strong data-start=\"1080\" data-end=\"1107\">\u1ee8ng d\u1ee5ng v\u00e0o th\u1ef1c ti\u1ec5n:<\/strong> Li\u00ean h\u1ec7 v\u1edbi c\u00e1c v\u1ea5n \u0111\u1ec1 n\u00f3ng c\u1ee7a kinh t\u1ebf th\u1ebf gi\u1edbi v\u00e0 Vi\u1ec7t Nam.<\/p>\n<\/li>\n<li data-start=\"1172\" data-end=\"1338\">\n<p data-start=\"1174\" data-end=\"1338\"><strong data-start=\"1174\" data-end=\"1196\">\u0110\u1ed1i t\u01b0\u1ee3ng \u0111\u1ed9c gi\u1ea3:<\/strong> Sinh vi\u00ean, gi\u1ea3ng vi\u00ean, nh\u00e0 nghi\u00ean c\u1ee9u, ho\u1eb7c nh\u1eefng ai mu\u1ed1n n\u1eafm v\u1eefng n\u1ec1n t\u1ea3ng l\u00fd thuy\u1ebft \u0111\u1ec3 ph\u1ee5c v\u1ee5 h\u1ecdc t\u1eadp, gi\u1ea3ng d\u1ea1y, ho\u1ea1ch \u0111\u1ecbnh ch\u00ednh s\u00e1ch.<\/p>\n<\/li>\n<\/ul>","protected":false},"featured_media":49717,"template":"","meta":{"_acf_changed":false},"product-collections":[262,264],"product_brand":[],"product_cat":[49],"product_tag":[],"class_list":{"0":"post-49716","1":"product","2":"type-product","3":"status-publish","4":"has-post-thumbnail","6":"product-collections-ban-chay","7":"product-collections-giam-gia","8":"product_cat-books","10":"first","11":"instock","12":"sale","13":"shipping-taxable","14":"purchasable","15":"product-type-simple"},"acf":[],"_links":{"self":[{"href":"https:\/\/hbbgroup.net\/zh\/wp-json\/wp\/v2\/product\/49716","targetHints":{"allow":["GET"]}}],"collection":[{"href":"https:\/\/hbbgroup.net\/zh\/wp-json\/wp\/v2\/product"}],"about":[{"href":"https:\/\/hbbgroup.net\/zh\/wp-json\/wp\/v2\/types\/product"}],"version-history":[{"count":2,"href":"https:\/\/hbbgroup.net\/zh\/wp-json\/wp\/v2\/product\/49716\/revisions"}],"predecessor-version":[{"id":49721,"href":"https:\/\/hbbgroup.net\/zh\/wp-json\/wp\/v2\/product\/49716\/revisions\/49721"}],"wp:featuredmedia":[{"embeddable":true,"href":"https:\/\/hbbgroup.net\/zh\/wp-json\/wp\/v2\/media\/49717"}],"wp:attachment":[{"href":"https:\/\/hbbgroup.net\/zh\/wp-json\/wp\/v2\/media?parent=49716"}],"wp:term":[{"taxonomy":"product-collections","embeddable":true,"href":"https:\/\/hbbgroup.net\/zh\/wp-json\/wp\/v2\/product-collections?post=49716"},{"taxonomy":"product_brand","embeddable":true,"href":"https:\/\/hbbgroup.net\/zh\/wp-json\/wp\/v2\/product_brand?post=49716"},{"taxonomy":"product_cat","embeddable":true,"href":"https:\/\/hbbgroup.net\/zh\/wp-json\/wp\/v2\/product_cat?post=49716"},{"taxonomy":"product_tag","embeddable":true,"href":"https:\/\/hbbgroup.net\/zh\/wp-json\/wp\/v2\/product_tag?post=49716"}],"curies":[{"name":"wp","href":"https:\/\/api.w.org\/{rel}","templated":true}]}}