{"id":41339,"date":"2025-08-20T12:59:48","date_gmt":"2025-08-20T05:59:48","guid":{"rendered":"https:\/\/hbbgroup.net\/?post_type=product&#038;p=41339"},"modified":"2025-08-20T13:00:24","modified_gmt":"2025-08-20T06:00:24","slug":"combo-sach-tu-trau-doi-tieng-anh-thanh-thao-nhu-nguoi-ban-xu-30-chu-de-tu-vung-tieng-anh-25-chuyen-de-ngu-phap-tieng-anh-trong-tam-bo-4-cuon","status":"publish","type":"product","link":"https:\/\/hbbgroup.net\/zh\/tai-nguyen\/combo-sach-tu-trau-doi-tieng-anh-thanh-thao-nhu-nguoi-ban-xu-30-chu-de-tu-vung-tieng-anh-25-chuyen-de-ngu-phap-tieng-anh-trong-tam-bo-4-cuon\/","title":{"rendered":"Combo S\u00e1ch T\u1ef1 Trau D\u1ed3i Ti\u1ebfng Anh Th\u00e0nh Th\u1ea1o Nh\u01b0 Ng\u01b0\u1eddi B\u1ea3n X\u1ee9: 30 Ch\u1ee7 \u0110\u1ec1 T\u1eeb V\u1ef1ng Ti\u1ebfng Anh + 25 Chuy\u00ean \u0110\u1ec1 Ng\u1eef Ph\u00e1p Ti\u1ebfng Anh Tr\u1ecdng T\u00e2m (B\u1ed9 4 Cu\u1ed1n)"},"content":{"rendered":"<p>B\u1ed9 s\u00e1ch <strong data-start=\"28\" data-end=\"61\">\u201c30 Ch\u1ee7 \u0111\u1ec1 T\u1eeb v\u1ef1ng Ti\u1ebfng Anh\u201d<\/strong> v\u00e0 <strong data-start=\"65\" data-end=\"112\">\u201c25 Chuy\u00ean \u0111\u1ec1 Ng\u1eef ph\u00e1p Ti\u1ebfng Anh tr\u1ecdng t\u00e2m\u201d<\/strong> l\u00e0 t\u00e0i li\u1ec7u n\u1ec1n t\u1ea3ng gi\u00fap ng\u01b0\u1eddi h\u1ecdc c\u1ee7ng c\u1ed1 v\u1ed1n t\u1eeb v\u1ef1ng, n\u1eafm ch\u1eafc ng\u1eef ph\u00e1p v\u00e0 \u00e1p d\u1ee5ng tr\u1ef1c ti\u1ebfp v\u00e0o giao ti\u1ebfp th\u1ef1c t\u1ebf. \u0110\u00e2y l\u00e0 b\u1ed9 s\u00e1ch kh\u00f4ng th\u1ec3 thi\u1ebfu cho ng\u01b0\u1eddi m\u1edbi h\u1ecdc ho\u1eb7c \u00f4n luy\u1ec7n l\u1ea1i ki\u1ebfn th\u1ee9c \u0111\u1ec3 t\u1ef1 tin h\u01a1n khi d\u00f9ng ti\u1ebfng Anh.<\/p>","protected":false},"excerpt":{"rendered":"<h2 data-start=\"351\" data-end=\"379\"><strong data-start=\"354\" data-end=\"377\">Th\u00f4ng tin cu\u1ed1n s\u00e1ch<\/strong><\/h2>\n<ul data-start=\"380\" data-end=\"727\">\n<li data-start=\"380\" data-end=\"503\">\n<p data-start=\"382\" data-end=\"397\"><strong data-start=\"382\" data-end=\"395\">T\u00ean s\u00e1ch:<\/strong><\/p>\n<ul data-start=\"400\" data-end=\"503\">\n<li data-start=\"400\" data-end=\"443\">\n<p data-start=\"402\" data-end=\"443\">30 Ch\u1ee7 \u0111\u1ec1 T\u1eeb v\u1ef1ng Ti\u1ebfng Anh (t\u1eadp 1 &amp; 2)<\/p>\n<\/li>\n<li data-start=\"446\" data-end=\"503\">\n<p data-start=\"448\" data-end=\"503\">25 Chuy\u00ean \u0111\u1ec1 Ng\u1eef ph\u00e1p Ti\u1ebfng Anh tr\u1ecdng t\u00e2m (t\u1eadp 1 &amp; 2)<\/p>\n<\/li>\n<\/ul>\n<\/li>\n<li data-start=\"504\" data-end=\"530\">\n<p data-start=\"506\" data-end=\"530\"><strong data-start=\"506\" data-end=\"518\">T\u00e1c gi\u1ea3:<\/strong> Trang Anh<\/p>\n<\/li>\n<li data-start=\"531\" data-end=\"565\">\n<p data-start=\"533\" data-end=\"565\"><strong data-start=\"533\" data-end=\"550\">Nh\u00e0 xu\u1ea5t b\u1ea3n:<\/strong> NXB H\u1ed3ng \u0110\u1ee9c<\/p>\n<\/li>\n<li data-start=\"566\" data-end=\"628\">\n<p data-start=\"568\" data-end=\"628\"><strong data-start=\"568\" data-end=\"581\">Th\u1ec3 lo\u1ea1i:<\/strong> H\u1ecdc ngo\u1ea1i ng\u1eef \u2013 T\u1eeb v\u1ef1ng &amp; Ng\u1eef ph\u00e1p ti\u1ebfng Anh<\/p>\n<\/li>\n<li data-start=\"629\" data-end=\"727\">\n<p data-start=\"631\" data-end=\"727\"><strong data-start=\"631\" data-end=\"651\">\u0110\u1ed9c gi\u1ea3 ph\u00f9 h\u1ee3p:<\/strong> H\u1ecdc sinh, sinh vi\u00ean, ng\u01b0\u1eddi \u0111i l\u00e0m c\u1ea7n c\u1ee7ng c\u1ed1 ki\u1ebfn th\u1ee9c ti\u1ebfng Anh c\u0103n b\u1ea3n<\/p>\n<\/li>\n<\/ul>\n<hr data-start=\"729\" data-end=\"732\" \/>\n<h2 data-start=\"734\" data-end=\"760\"><strong data-start=\"737\" data-end=\"758\">N\u1ed9i dung chi ti\u1ebft<\/strong><\/h2>\n<p data-start=\"762\" data-end=\"795\"><strong data-start=\"762\" data-end=\"793\">30 Ch\u1ee7 \u0111\u1ec1 T\u1eeb v\u1ef1ng Ti\u1ebfng Anh<\/strong><\/p>\n<ul data-start=\"796\" data-end=\"1020\">\n<li data-start=\"796\" data-end=\"903\">\n<p data-start=\"798\" data-end=\"903\">H\u1ec7 th\u1ed1ng t\u1eeb v\u1ef1ng theo <strong data-start=\"820\" data-end=\"841\">ch\u1ee7 \u0111\u1ec1 quen thu\u1ed9c<\/strong>: gia \u0111\u00ecnh, b\u1ea1n b\u00e8, h\u1ecdc t\u1eadp, c\u00f4ng vi\u1ec7c, du l\u1ecbch, m\u00f4i tr\u01b0\u1eddng\u2026<\/p>\n<\/li>\n<li data-start=\"904\" data-end=\"951\">\n<p data-start=\"906\" data-end=\"951\">M\u1ed7i t\u1eeb c\u00f3 phi\u00ean \u00e2m, ngh\u0129a v\u00e0 v\u00ed d\u1ee5 th\u1ef1c t\u1ebf.<\/p>\n<\/li>\n<li data-start=\"952\" data-end=\"1020\">\n<p data-start=\"954\" data-end=\"1020\">Gi\u00fap h\u1ecdc vi\u00ean d\u1ec5 nh\u1edb, d\u1ec5 \u00e1p d\u1ee5ng ngay trong giao ti\u1ebfp h\u00e0ng ng\u00e0y.<\/p>\n<\/li>\n<\/ul>\n<p data-start=\"1022\" data-end=\"1069\"><strong data-start=\"1022\" data-end=\"1067\">25 Chuy\u00ean \u0111\u1ec1 Ng\u1eef ph\u00e1p Ti\u1ebfng Anh tr\u1ecdng t\u00e2m<\/strong><\/p>\n<ul data-start=\"1070\" data-end=\"1291\">\n<li data-start=\"1070\" data-end=\"1191\">\n<p data-start=\"1072\" data-end=\"1191\">Bao qu\u00e1t c\u00e1c \u0111i\u1ec3m ng\u1eef ph\u00e1p quan tr\u1ecdng nh\u1ea5t: th\u00ec, c\u00e2u \u0111i\u1ec1u ki\u1ec7n, m\u1ec7nh \u0111\u1ec1 quan h\u1ec7, so s\u00e1nh, c\u00e2u b\u1ecb \u0111\u1ed9ng, c\u00e2u gi\u00e1n ti\u1ebfp\u2026<\/p>\n<\/li>\n<li data-start=\"1192\" data-end=\"1232\">\n<p data-start=\"1194\" data-end=\"1232\">C\u00f3 v\u00ed d\u1ee5 minh h\u1ecda chi ti\u1ebft, d\u1ec5 hi\u1ec3u.<\/p>\n<\/li>\n<li data-start=\"1233\" data-end=\"1291\">\n<p data-start=\"1235\" data-end=\"1291\">B\u00e0i t\u1eadp th\u1ef1c h\u00e0nh k\u00e8m theo gi\u00fap ng\u01b0\u1eddi h\u1ecdc t\u1ef1 ki\u1ec3m tra.<\/p>\n<\/li>\n<\/ul>\n<p data-start=\"1293\" data-end=\"1311\"><strong data-start=\"1293\" data-end=\"1309\">\u0110i\u1ec3m n\u1ed5i b\u1eadt<\/strong><\/p>\n<ul data-start=\"1312\" data-end=\"1541\">\n<li data-start=\"1312\" data-end=\"1371\">\n<p data-start=\"1314\" data-end=\"1371\">B\u1ed9 \u0111\u00f4i k\u1ebft h\u1ee3p <strong data-start=\"1329\" data-end=\"1351\">t\u1eeb v\u1ef1ng + ng\u1eef ph\u00e1p<\/strong> \u0111\u1ec3 h\u1ecdc to\u00e0n di\u1ec7n.<\/p>\n<\/li>\n<li data-start=\"1372\" data-end=\"1437\">\n<p data-start=\"1374\" data-end=\"1437\">B\u1ed1 c\u1ee5c khoa h\u1ecdc, d\u1ec5 tra c\u1ee9u, ph\u00f9 h\u1ee3p c\u1ea3 t\u1ef1 h\u1ecdc l\u1eabn luy\u1ec7n thi.<\/p>\n<\/li>\n<li data-start=\"1438\" data-end=\"1541\">\n<p data-start=\"1440\" data-end=\"1541\">C\u00f3 th\u1ec3 d\u00f9ng l\u00e0m n\u1ec1n t\u1ea3ng tr\u01b0\u1edbc khi h\u1ecdc <strong data-start=\"1479\" data-end=\"1538\">ti\u1ebfng Anh giao ti\u1ebfp n\u00e2ng cao ho\u1eb7c luy\u1ec7n thi IELTS\/TOEIC<\/strong>.<\/p>\n<\/li>\n<\/ul>","protected":false},"featured_media":41340,"template":"","meta":{"_acf_changed":false},"product-collections":[264,263],"product_brand":[],"product_cat":[49],"product_tag":[],"class_list":{"0":"post-41339","1":"product","2":"type-product","3":"status-publish","4":"has-post-thumbnail","6":"product-collections-giam-gia","7":"product-collections-noi-bat","8":"product_cat-books","10":"first","11":"instock","12":"sale","13":"shipping-taxable","14":"purchasable","15":"product-type-simple"},"acf":[],"_links":{"self":[{"href":"https:\/\/hbbgroup.net\/zh\/wp-json\/wp\/v2\/product\/41339","targetHints":{"allow":["GET"]}}],"collection":[{"href":"https:\/\/hbbgroup.net\/zh\/wp-json\/wp\/v2\/product"}],"about":[{"href":"https:\/\/hbbgroup.net\/zh\/wp-json\/wp\/v2\/types\/product"}],"version-history":[{"count":1,"href":"https:\/\/hbbgroup.net\/zh\/wp-json\/wp\/v2\/product\/41339\/revisions"}],"predecessor-version":[{"id":41341,"href":"https:\/\/hbbgroup.net\/zh\/wp-json\/wp\/v2\/product\/41339\/revisions\/41341"}],"wp:featuredmedia":[{"embeddable":true,"href":"https:\/\/hbbgroup.net\/zh\/wp-json\/wp\/v2\/media\/41340"}],"wp:attachment":[{"href":"https:\/\/hbbgroup.net\/zh\/wp-json\/wp\/v2\/media?parent=41339"}],"wp:term":[{"taxonomy":"product-collections","embeddable":true,"href":"https:\/\/hbbgroup.net\/zh\/wp-json\/wp\/v2\/product-collections?post=41339"},{"taxonomy":"product_brand","embeddable":true,"href":"https:\/\/hbbgroup.net\/zh\/wp-json\/wp\/v2\/product_brand?post=41339"},{"taxonomy":"product_cat","embeddable":true,"href":"https:\/\/hbbgroup.net\/zh\/wp-json\/wp\/v2\/product_cat?post=41339"},{"taxonomy":"product_tag","embeddable":true,"href":"https:\/\/hbbgroup.net\/zh\/wp-json\/wp\/v2\/product_tag?post=41339"}],"curies":[{"name":"wp","href":"https:\/\/api.w.org\/{rel}","templated":true}]}}