{"id":41270,"date":"2025-08-20T12:35:25","date_gmt":"2025-08-20T05:35:25","guid":{"rendered":"https:\/\/hbbgroup.net\/?post_type=product&#038;p=41270"},"modified":"2025-08-20T12:36:33","modified_gmt":"2025-08-20T05:36:33","slug":"tro-choi-tam-ly-tien-bac","status":"publish","type":"product","link":"https:\/\/hbbgroup.net\/zh\/tai-nguyen\/tro-choi-tam-ly-tien-bac\/","title":{"rendered":"Tr\u00f2 Ch\u01a1i T\u00e2m L\u00fd Ti\u1ec1n B\u1ea1c"},"content":{"rendered":"<p data-start=\"20\" data-end=\"417\">\u201cTr\u00f2 Ch\u01a1i T\u00e2m L\u00fd Ti\u1ec1n B\u1ea1c\u201d c\u1ee7a Michael Lewis l\u00e0 m\u1ed9t t\u00e1c ph\u1ea9m \u0111i\u1ec1u tra s\u00e2u s\u1eafc v\u1ec1 <strong data-start=\"101\" data-end=\"132\">\u00e2m m\u01b0u, thao t\u00fang v\u00e0 b\u00ed m\u1eadt<\/strong> ph\u00eda sau nh\u1eefng v\u1ee5 b\u00ea b\u1ed1i t\u00e0i ch\u00ednh ch\u1ea5n \u0111\u1ed9ng to\u00e0n c\u1ea7u. T\u00e1c gi\u1ea3 v\u1ea1ch tr\u1ea7n s\u1ef1 th\u1eadt trong th\u1ebf gi\u1edbi ti\u1ec1n b\u1ea1c, n\u01a1i t\u00e2m l\u00fd con ng\u01b0\u1eddi d\u1ec5 b\u1ecb d\u1eabn d\u1eaft v\u00e0 bi\u1ebfn th\u00e0nh c\u00f4ng c\u1ee5 cho c\u00e1c th\u1ebf l\u1ef1c t\u00e0i ch\u00ednh thao t\u00fang. \u0110\u00e2y l\u00e0 cu\u1ed1n s\u00e1ch gi\u00fap \u0111\u1ed9c gi\u1ea3 hi\u1ec3u r\u00f5 h\u01a1n v\u1ec1 <strong data-start=\"378\" data-end=\"414\">m\u1eb7t t\u1ed1i c\u1ee7a th\u1ecb tr\u01b0\u1eddng t\u00e0i ch\u00ednh<\/strong>.<\/p>","protected":false},"excerpt":{"rendered":"<h2 data-start=\"424\" data-end=\"452\"><strong data-start=\"427\" data-end=\"450\">Th\u00f4ng tin cu\u1ed1n s\u00e1ch<\/strong><\/h2>\n<ul data-start=\"453\" data-end=\"804\">\n<li data-start=\"453\" data-end=\"512\">\n<p data-start=\"455\" data-end=\"512\"><strong data-start=\"455\" data-end=\"468\">T\u00ean s\u00e1ch:<\/strong> Tr\u00f2 Ch\u01a1i T\u00e2m L\u00fd Ti\u1ec1n B\u1ea1c \u2013 Going Infinite<\/p>\n<\/li>\n<li data-start=\"513\" data-end=\"543\">\n<p data-start=\"515\" data-end=\"543\"><strong data-start=\"515\" data-end=\"527\">T\u00e1c gi\u1ea3:<\/strong> Michael Lewis<\/p>\n<\/li>\n<li data-start=\"544\" data-end=\"567\">\n<p data-start=\"546\" data-end=\"567\"><strong data-start=\"546\" data-end=\"561\">Ng\u01b0\u1eddi d\u1ecbch:<\/strong> \u0110\u1eadu<\/p>\n<\/li>\n<li data-start=\"568\" data-end=\"605\">\n<p data-start=\"570\" data-end=\"605\"><strong data-start=\"570\" data-end=\"587\">Nh\u00e0 xu\u1ea5t b\u1ea3n:<\/strong> NXB C\u00f4ng Th\u01b0\u01a1ng<\/p>\n<\/li>\n<li data-start=\"606\" data-end=\"665\">\n<p data-start=\"608\" data-end=\"665\"><strong data-start=\"608\" data-end=\"621\">Th\u1ec3 lo\u1ea1i:<\/strong> T\u00e0i ch\u00ednh, \u0111i\u1ec1u tra, ph\u00e2n t\u00edch th\u1ecb tr\u01b0\u1eddng<\/p>\n<\/li>\n<li data-start=\"666\" data-end=\"804\">\n<p data-start=\"668\" data-end=\"804\"><strong data-start=\"668\" data-end=\"688\">\u0110\u1ed9c gi\u1ea3 ph\u00f9 h\u1ee3p:<\/strong> Nh\u00e0 \u0111\u1ea7u t\u01b0, ng\u01b0\u1eddi quan t\u00e2m \u0111\u1ebfn th\u1ecb tr\u01b0\u1eddng t\u00e0i ch\u00ednh, sinh vi\u00ean kinh t\u1ebf, ng\u01b0\u1eddi t\u00ecm hi\u1ec3u v\u1ec1 c\u00e1c v\u1ee5 b\u00ea b\u1ed1i t\u00e0i ch\u00ednh<\/p>\n<\/li>\n<\/ul>\n<hr data-start=\"806\" data-end=\"809\" \/>\n<h2 data-start=\"811\" data-end=\"837\"><strong data-start=\"814\" data-end=\"835\">N\u1ed9i dung chi ti\u1ebft<\/strong><\/h2>\n<p data-start=\"839\" data-end=\"886\"><strong data-start=\"839\" data-end=\"884\">B\u00f3c tr\u1ea7n t\u00e2m l\u00fd con ng\u01b0\u1eddi trong t\u00e0i ch\u00ednh<\/strong><\/p>\n<ul data-start=\"887\" data-end=\"1013\">\n<li data-start=\"887\" data-end=\"950\">\n<p data-start=\"889\" data-end=\"950\">T\u1ea1i sao nh\u00e0 \u0111\u1ea7u t\u01b0 d\u1ec5 b\u1ecb cu\u1ed1n v\u00e0o bong b\u00f3ng v\u00e0 kh\u1ee7ng ho\u1ea3ng?<\/p>\n<\/li>\n<li data-start=\"951\" data-end=\"1013\">\n<p data-start=\"953\" data-end=\"1013\">Y\u1ebfu t\u1ed1 tham lam, s\u1ee3 h\u00e3i v\u00e0 k\u1ef3 v\u1ecdng \u0111\u00f3ng vai tr\u00f2 then ch\u1ed1t.<\/p>\n<\/li>\n<\/ul>\n<p data-start=\"1015\" data-end=\"1055\"><strong data-start=\"1015\" data-end=\"1053\">Nh\u1eefng v\u1ee5 b\u00ea b\u1ed1i t\u00e0i ch\u00ednh to\u00e0n c\u1ea7u<\/strong><\/p>\n<ul data-start=\"1056\" data-end=\"1180\">\n<li data-start=\"1056\" data-end=\"1115\">\n<p data-start=\"1058\" data-end=\"1115\">C\u00e1c s\u1ef1 ki\u1ec7n ch\u1ea5n \u0111\u1ed9ng trong l\u1ecbch s\u1eed t\u00e0i ch\u00ednh hi\u1ec7n \u0111\u1ea1i.<\/p>\n<\/li>\n<li data-start=\"1116\" data-end=\"1180\">\n<p data-start=\"1118\" data-end=\"1180\">H\u1eadu tr\u01b0\u1eddng thao t\u00fang c\u1ee7a c\u00e1c \u0111\u1ecbnh ch\u1ebf v\u00e0 t\u1eadp \u0111o\u00e0n t\u00e0i ch\u00ednh.<\/p>\n<\/li>\n<\/ul>\n<p data-start=\"1182\" data-end=\"1207\"><strong data-start=\"1182\" data-end=\"1205\">\u00c2m m\u01b0u v\u00e0 thao t\u00fang<\/strong><\/p>\n<ul data-start=\"1208\" data-end=\"1332\">\n<li data-start=\"1208\" data-end=\"1283\">\n<p data-start=\"1210\" data-end=\"1283\">C\u00e1ch m\u00e0 m\u1ed9t s\u1ed1 c\u00e1 nh\u00e2n v\u00e0 t\u1ed5 ch\u1ee9c t\u1eadn d\u1ee5ng t\u00e2m l\u00fd \u0111\u00e1m \u0111\u00f4ng \u0111\u1ec3 tr\u1ee5c l\u1ee3i.<\/p>\n<\/li>\n<li data-start=\"1284\" data-end=\"1332\">\n<p data-start=\"1286\" data-end=\"1332\">H\u1ec7 qu\u1ea3 n\u1eb7ng n\u1ec1 \u0111\u1ed1i v\u1edbi n\u1ec1n kinh t\u1ebf to\u00e0n c\u1ea7u.<\/p>\n<\/li>\n<\/ul>\n<p data-start=\"1334\" data-end=\"1371\"><strong data-start=\"1334\" data-end=\"1369\">B\u00e0i h\u1ecdc cho nh\u00e0 \u0111\u1ea7u t\u01b0 hi\u1ec7n \u0111\u1ea1i<\/strong><\/p>\n<ul data-start=\"1372\" data-end=\"1508\">\n<li data-start=\"1372\" data-end=\"1447\">\n<p data-start=\"1374\" data-end=\"1447\">Hi\u1ec3u r\u00f5 t\u00e2m l\u00fd \u0111\u1ec3 b\u1ea3o v\u1ec7 b\u1ea3n th\u00e2n tr\u01b0\u1edbc c\u00e1c \u201cchi\u00eau tr\u00f2\u201d c\u1ee7a th\u1ecb tr\u01b0\u1eddng.<\/p>\n<\/li>\n<li data-start=\"1448\" data-end=\"1508\">\n<p data-start=\"1450\" data-end=\"1508\">R\u00e8n luy\u1ec7n s\u1ef1 t\u1ec9nh t\u00e1o v\u00e0 chi\u1ebfn l\u01b0\u1ee3c b\u1ec1n v\u1eefng khi \u0111\u1ea7u t\u01b0.<\/p>\n<\/li>\n<\/ul>","protected":false},"featured_media":41277,"template":"","meta":{"_acf_changed":false},"product-collections":[262,264],"product_brand":[],"product_cat":[49],"product_tag":[],"class_list":{"0":"post-41270","1":"product","2":"type-product","3":"status-publish","4":"has-post-thumbnail","6":"product-collections-ban-chay","7":"product-collections-giam-gia","8":"product_cat-books","10":"first","11":"instock","12":"sale","13":"shipping-taxable","14":"purchasable","15":"product-type-simple"},"acf":[],"_links":{"self":[{"href":"https:\/\/hbbgroup.net\/zh\/wp-json\/wp\/v2\/product\/41270","targetHints":{"allow":["GET"]}}],"collection":[{"href":"https:\/\/hbbgroup.net\/zh\/wp-json\/wp\/v2\/product"}],"about":[{"href":"https:\/\/hbbgroup.net\/zh\/wp-json\/wp\/v2\/types\/product"}],"version-history":[{"count":1,"href":"https:\/\/hbbgroup.net\/zh\/wp-json\/wp\/v2\/product\/41270\/revisions"}],"predecessor-version":[{"id":41278,"href":"https:\/\/hbbgroup.net\/zh\/wp-json\/wp\/v2\/product\/41270\/revisions\/41278"}],"wp:featuredmedia":[{"embeddable":true,"href":"https:\/\/hbbgroup.net\/zh\/wp-json\/wp\/v2\/media\/41277"}],"wp:attachment":[{"href":"https:\/\/hbbgroup.net\/zh\/wp-json\/wp\/v2\/media?parent=41270"}],"wp:term":[{"taxonomy":"product-collections","embeddable":true,"href":"https:\/\/hbbgroup.net\/zh\/wp-json\/wp\/v2\/product-collections?post=41270"},{"taxonomy":"product_brand","embeddable":true,"href":"https:\/\/hbbgroup.net\/zh\/wp-json\/wp\/v2\/product_brand?post=41270"},{"taxonomy":"product_cat","embeddable":true,"href":"https:\/\/hbbgroup.net\/zh\/wp-json\/wp\/v2\/product_cat?post=41270"},{"taxonomy":"product_tag","embeddable":true,"href":"https:\/\/hbbgroup.net\/zh\/wp-json\/wp\/v2\/product_tag?post=41270"}],"curies":[{"name":"wp","href":"https:\/\/api.w.org\/{rel}","templated":true}]}}