{"id":41247,"date":"2025-08-20T12:23:20","date_gmt":"2025-08-20T05:23:20","guid":{"rendered":"https:\/\/hbbgroup.net\/?post_type=product&#038;p=41247"},"modified":"2025-08-20T12:23:20","modified_gmt":"2025-08-20T05:23:20","slug":"jesse-livermore-nha-dau-tu-chung-khoan-vi-dai","status":"publish","type":"product","link":"https:\/\/hbbgroup.net\/zh\/tai-nguyen\/jesse-livermore-nha-dau-tu-chung-khoan-vi-dai\/","title":{"rendered":"Jesse Livermore &#8211; Nh\u00e0 \u0110\u1ea7u T\u01b0 Ch\u1ee9ng Kho\u00e1n V\u0129 \u0110\u1ea1i"},"content":{"rendered":"<p>Cu\u1ed1n s\u00e1ch kh\u1eafc h\u1ecda ch\u00e2n dung <strong data-start=\"1531\" data-end=\"1583\">Jesse Livermore \u2013 huy\u1ec1n tho\u1ea1i \u0111\u1ea7u c\u01a1 ch\u1ee9ng kho\u00e1n<\/strong>, ng\u01b0\u1eddi \u0111\u01b0\u1ee3c m\u1ec7nh danh l\u00e0 \u201cThe Great Bear of Wall Street\u201d. Qua \u0111\u00f3, t\u00e1c gi\u1ea3 \u0111em \u0111\u1ebfn nh\u1eefng b\u00e0i h\u1ecdc kinh \u0111i\u1ec3n v\u1ec1 <strong data-start=\"1693\" data-end=\"1758\">xu h\u01b0\u1edbng, k\u1ef7 lu\u1eadt giao d\u1ecbch, qu\u1ea3n tr\u1ecb r\u1ee7i ro v\u00e0 t\u00e2m l\u00fd \u0111\u1ea7u t\u01b0<\/strong>, v\u1eabn nguy\u00ean gi\u00e1 tr\u1ecb cho m\u1ecdi th\u1ebf h\u1ec7 trader ng\u00e0y nay.<\/p>","protected":false},"excerpt":{"rendered":"<h2 data-start=\"5\" data-end=\"36\"><strong data-start=\"8\" data-end=\"34\">Th\u00f4ng tin cu\u1ed1n s\u00e1ch<\/strong><\/h2>\n<ul data-start=\"37\" data-end=\"398\">\n<li data-start=\"37\" data-end=\"102\">\n<p data-start=\"39\" data-end=\"102\"><strong data-start=\"39\" data-end=\"52\">T\u00ean s\u00e1ch:<\/strong> Jesse Livermore \u2013 Nh\u00e0 \u0110\u1ea7u T\u01b0 Ch\u1ee9ng Kho\u00e1n V\u0129 \u0110\u1ea1i<\/p>\n<\/li>\n<li data-start=\"103\" data-end=\"133\">\n<p data-start=\"105\" data-end=\"133\"><strong data-start=\"105\" data-end=\"117\">T\u00e1c gi\u1ea3:<\/strong> Edwin Lefevre<\/p>\n<\/li>\n<li data-start=\"134\" data-end=\"164\">\n<p data-start=\"136\" data-end=\"164\"><strong data-start=\"136\" data-end=\"151\">Ng\u01b0\u1eddi d\u1ecbch:<\/strong> 1980 Books<\/p>\n<\/li>\n<li data-start=\"165\" data-end=\"201\">\n<p data-start=\"167\" data-end=\"201\"><strong data-start=\"167\" data-end=\"184\">Nh\u00e0 xu\u1ea5t b\u1ea3n:<\/strong> NXB Thanh Ni\u00ean<\/p>\n<\/li>\n<li data-start=\"202\" data-end=\"271\">\n<p data-start=\"204\" data-end=\"271\"><strong data-start=\"204\" data-end=\"217\">Th\u1ec3 lo\u1ea1i:<\/strong> \u0110\u1ea7u t\u01b0 ch\u1ee9ng kho\u00e1n, T\u00e0i ch\u00ednh, Ti\u1ec3u s\u1eed \u2013 Kinh doanh<\/p>\n<\/li>\n<li data-start=\"272\" data-end=\"398\">\n<p data-start=\"274\" data-end=\"398\"><strong data-start=\"274\" data-end=\"294\">\u0110\u1ed9c gi\u1ea3 ph\u00f9 h\u1ee3p:<\/strong> Trader, nh\u00e0 \u0111\u1ea7u t\u01b0 ch\u1ee9ng kho\u00e1n, ng\u01b0\u1eddi quan t\u00e2m \u0111\u1ebfn l\u1ecbch s\u1eed t\u00e0i ch\u00ednh v\u00e0 chi\u1ebfn l\u01b0\u1ee3c \u0111\u1ea7u t\u01b0 huy\u1ec1n tho\u1ea1i<\/p>\n<\/li>\n<\/ul>\n<h2 data-start=\"405\" data-end=\"434\"><strong data-start=\"408\" data-end=\"432\">\u00a0N\u1ed9i dung chi ti\u1ebft<\/strong><\/h2>\n<h3 data-start=\"436\" data-end=\"490\"><strong data-start=\"440\" data-end=\"488\">Ph\u1ea7n 1: Ti\u1ec3u s\u1eed v\u00e0 s\u1ef1 nghi\u1ec7p Jesse Livermore<\/strong><\/h3>\n<ul data-start=\"491\" data-end=\"719\">\n<li data-start=\"491\" data-end=\"568\">\n<p data-start=\"493\" data-end=\"568\">Con \u0111\u01b0\u1eddng t\u1eeb c\u1eadu b\u00e9 giao d\u1ecbch b\u1ea3ng gi\u00e1 c\u1ed5 phi\u1ebfu \u0111\u1ebfn huy\u1ec1n tho\u1ea1i Ph\u1ed1 Wall.<\/p>\n<\/li>\n<li data-start=\"569\" data-end=\"657\">\n<p data-start=\"571\" data-end=\"657\">C\u00e1c m\u1ed1c l\u1ecbch s\u1eed trong s\u1ef1 nghi\u1ec7p: nh\u1eefng l\u1ea7n th\u00e0nh c\u00f4ng vang d\u1ed9i v\u00e0 th\u1ea5t b\u1ea1i cay \u0111\u1eafng.<\/p>\n<\/li>\n<li data-start=\"658\" data-end=\"719\">\n<p data-start=\"660\" data-end=\"719\">B\u00e0i h\u1ecdc t\u1eeb t\u00ednh c\u00e1ch, t\u01b0 duy v\u00e0 chi\u1ebfn l\u01b0\u1ee3c c\u1ee7a Livermore.<\/p>\n<\/li>\n<\/ul>\n<h3 data-start=\"721\" data-end=\"779\"><strong data-start=\"725\" data-end=\"777\">Ph\u1ea7n 2: Nguy\u00ean t\u1eafc giao d\u1ecbch c\u1ee7a Jesse Livermore<\/strong><\/h3>\n<ul data-start=\"780\" data-end=\"1003\">\n<li data-start=\"780\" data-end=\"842\">\n<p data-start=\"782\" data-end=\"842\">Quy t\u1eafc \u201cthe trend is your friend\u201d \u2013 \u0111i theo xu h\u01b0\u1edbng l\u1edbn.<\/p>\n<\/li>\n<li data-start=\"843\" data-end=\"915\">\n<p data-start=\"845\" data-end=\"915\">K\u1ef9 thu\u1eadt <strong data-start=\"854\" data-end=\"873\">pyramid trading<\/strong> (gia t\u0103ng v\u1ecb th\u1ebf khi xu h\u01b0\u1edbng r\u00f5 r\u00e0ng).<\/p>\n<\/li>\n<li data-start=\"916\" data-end=\"957\">\n<p data-start=\"918\" data-end=\"957\">C\u00e1ch x\u00e1c \u0111\u1ecbnh \u0111i\u1ec3m mua v\u00e0 b\u00e1n h\u1ee3p l\u00fd.<\/p>\n<\/li>\n<li data-start=\"958\" data-end=\"1003\">\n<p data-start=\"960\" data-end=\"1003\">T\u01b0 duy qu\u1ea3n l\u00fd v\u1ed1n v\u00e0 c\u1eaft l\u1ed7 nhanh ch\u00f3ng.<\/p>\n<\/li>\n<\/ul>\n<h3 data-start=\"1005\" data-end=\"1039\"><strong data-start=\"1009\" data-end=\"1037\">Ph\u1ea7n 3: T\u00e2m l\u00fd giao d\u1ecbch<\/strong><\/h3>\n<ul data-start=\"1040\" data-end=\"1214\">\n<li data-start=\"1040\" data-end=\"1103\">\n<p data-start=\"1042\" data-end=\"1103\">T\u00e1c \u0111\u1ed9ng c\u1ee7a l\u00f2ng tham v\u00e0 n\u1ed7i s\u1ee3 h\u00e3i \u0111\u1ebfn quy\u1ebft \u0111\u1ecbnh \u0111\u1ea7u t\u01b0.<\/p>\n<\/li>\n<li data-start=\"1104\" data-end=\"1157\">\n<p data-start=\"1106\" data-end=\"1157\">V\u00ec sao nhi\u1ec1u nh\u00e0 \u0111\u1ea7u t\u01b0 th\u1ea5t b\u1ea1i d\u00f9 c\u00f3 ki\u1ebfn th\u1ee9c?<\/p>\n<\/li>\n<li data-start=\"1158\" data-end=\"1214\">\n<p data-start=\"1160\" data-end=\"1214\">B\u00e0i h\u1ecdc v\u1ec1 k\u1ef7 lu\u1eadt, s\u1ef1 ki\u00ean nh\u1eabn v\u00e0 t\u00ednh quy\u1ebft \u0111o\u00e1n.<\/p>\n<\/li>\n<\/ul>\n<h3 data-start=\"1216\" data-end=\"1259\"><strong data-start=\"1220\" data-end=\"1257\">Ph\u1ea7n 4: Di s\u1ea3n v\u00e0 b\u00e0i h\u1ecdc c\u00f2n m\u00e3i<\/strong><\/h3>\n<ul data-start=\"1260\" data-end=\"1472\">\n<li data-start=\"1260\" data-end=\"1321\">\n<p data-start=\"1262\" data-end=\"1321\">Nh\u1eefng chi\u1ebfn l\u01b0\u1ee3c \u0111\u1ea7u t\u01b0 v\u1eabn c\u00f2n gi\u00e1 tr\u1ecb \u0111\u1ebfn t\u1eadn ng\u00e0y nay.<\/p>\n<\/li>\n<li data-start=\"1322\" data-end=\"1395\">\n<p data-start=\"1324\" data-end=\"1395\">\u1ee8ng d\u1ee5ng t\u01b0 duy Jesse Livermore trong giao d\u1ecbch ch\u1ee9ng kho\u00e1n hi\u1ec7n \u0111\u1ea1i.<\/p>\n<\/li>\n<li data-start=\"1396\" data-end=\"1472\">\n<p data-start=\"1398\" data-end=\"1472\">\u0110\u00fac k\u1ebft: \u201cTh\u1ecb tr\u01b0\u1eddng lu\u00f4n \u0111\u00fang \u2013 ng\u01b0\u1eddi sai l\u00e0 nh\u00e0 \u0111\u1ea7u t\u01b0 kh\u00f4ng k\u1ef7 lu\u1eadt.\u201d<\/p>\n<\/li>\n<\/ul>","protected":false},"featured_media":41257,"template":"","meta":{"_acf_changed":false},"product-collections":[264,263],"product_brand":[],"product_cat":[49],"product_tag":[],"class_list":{"0":"post-41247","1":"product","2":"type-product","3":"status-publish","4":"has-post-thumbnail","6":"product-collections-giam-gia","7":"product-collections-noi-bat","8":"product_cat-books","10":"first","11":"instock","12":"sale","13":"shipping-taxable","14":"purchasable","15":"product-type-simple"},"acf":[],"_links":{"self":[{"href":"https:\/\/hbbgroup.net\/zh\/wp-json\/wp\/v2\/product\/41247","targetHints":{"allow":["GET"]}}],"collection":[{"href":"https:\/\/hbbgroup.net\/zh\/wp-json\/wp\/v2\/product"}],"about":[{"href":"https:\/\/hbbgroup.net\/zh\/wp-json\/wp\/v2\/types\/product"}],"version-history":[{"count":1,"href":"https:\/\/hbbgroup.net\/zh\/wp-json\/wp\/v2\/product\/41247\/revisions"}],"predecessor-version":[{"id":41258,"href":"https:\/\/hbbgroup.net\/zh\/wp-json\/wp\/v2\/product\/41247\/revisions\/41258"}],"wp:featuredmedia":[{"embeddable":true,"href":"https:\/\/hbbgroup.net\/zh\/wp-json\/wp\/v2\/media\/41257"}],"wp:attachment":[{"href":"https:\/\/hbbgroup.net\/zh\/wp-json\/wp\/v2\/media?parent=41247"}],"wp:term":[{"taxonomy":"product-collections","embeddable":true,"href":"https:\/\/hbbgroup.net\/zh\/wp-json\/wp\/v2\/product-collections?post=41247"},{"taxonomy":"product_brand","embeddable":true,"href":"https:\/\/hbbgroup.net\/zh\/wp-json\/wp\/v2\/product_brand?post=41247"},{"taxonomy":"product_cat","embeddable":true,"href":"https:\/\/hbbgroup.net\/zh\/wp-json\/wp\/v2\/product_cat?post=41247"},{"taxonomy":"product_tag","embeddable":true,"href":"https:\/\/hbbgroup.net\/zh\/wp-json\/wp\/v2\/product_tag?post=41247"}],"curies":[{"name":"wp","href":"https:\/\/api.w.org\/{rel}","templated":true}]}}