{"id":41238,"date":"2025-08-20T12:18:29","date_gmt":"2025-08-20T05:18:29","guid":{"rendered":"https:\/\/hbbgroup.net\/?post_type=product&#038;p=41238"},"modified":"2025-08-20T12:18:29","modified_gmt":"2025-08-20T05:18:29","slug":"ky-thuat-phan-tich-dau-tu-chung-khoan","status":"publish","type":"product","link":"https:\/\/hbbgroup.net\/zh\/tai-nguyen\/ky-thuat-phan-tich-dau-tu-chung-khoan\/","title":{"rendered":"K\u1ef9 Thu\u1eadt Ph\u00e2n T\u00edch \u0110\u1ea7u T\u01b0 Ch\u1ee9ng Kho\u00e1n"},"content":{"rendered":"<p>\u201cK\u1ef9 Thu\u1eadt Ph\u00e2n T\u00edch \u0110\u1ea7u T\u01b0 Ch\u1ee9ng Kho\u00e1n\u201d mang \u0111\u1ebfn <strong data-start=\"1470\" data-end=\"1526\">45 b\u00ed quy\u1ebft \u0111\u1ea7u t\u01b0 hi\u1ec7u qu\u1ea3 theo phong c\u00e1ch Nh\u1eadt B\u1ea3n<\/strong>, t\u1eadp trung v\u00e0o vi\u1ec7c s\u1eed d\u1ee5ng ph\u00e2n t\u00edch k\u1ef9 thu\u1eadt \u0111\u1ec3 d\u1ef1 \u0111o\u00e1n xu h\u01b0\u1edbng gi\u00e1 v\u00e0 \u0111\u01b0a ra quy\u1ebft \u0111\u1ecbnh giao d\u1ecbch ch\u00ednh x\u00e1c. Cu\u1ed1n s\u00e1ch gi\u00fap ng\u01b0\u1eddi \u0111\u1ecdc <strong data-start=\"1665\" data-end=\"1695\">hi\u1ec3u \u2013 \u00e1p d\u1ee5ng \u2013 luy\u1ec7n t\u1eadp<\/strong> \u0111\u1ec3 x\u00e2y d\u1ef1ng h\u1ec7 th\u1ed1ng giao d\u1ecbch ri\u00eang, h\u01b0\u1edbng t\u1edbi \u0111\u1ea7u t\u01b0 k\u1ef7 lu\u1eadt v\u00e0 b\u1ec1n v\u1eefng.<\/p>","protected":false},"excerpt":{"rendered":"<h2 data-start=\"5\" data-end=\"36\"><strong data-start=\"8\" data-end=\"34\"> Th\u00f4ng tin cu\u1ed1n s\u00e1ch<\/strong><\/h2>\n<ul data-start=\"37\" data-end=\"406\">\n<li data-start=\"37\" data-end=\"92\">\n<p data-start=\"39\" data-end=\"92\"><strong data-start=\"39\" data-end=\"52\">T\u00ean s\u00e1ch:<\/strong> K\u1ef9 Thu\u1eadt Ph\u00e2n T\u00edch \u0110\u1ea7u T\u01b0 Ch\u1ee9ng Kho\u00e1n<\/p>\n<\/li>\n<li data-start=\"93\" data-end=\"127\">\n<p data-start=\"95\" data-end=\"127\"><strong data-start=\"95\" data-end=\"107\">T\u00e1c gi\u1ea3:<\/strong> Yuichiro Ichikawa<\/p>\n<\/li>\n<li data-start=\"128\" data-end=\"156\">\n<p data-start=\"130\" data-end=\"156\"><strong data-start=\"130\" data-end=\"145\">Ng\u01b0\u1eddi d\u1ecbch:<\/strong> Bo Virgo<\/p>\n<\/li>\n<li data-start=\"157\" data-end=\"207\">\n<p data-start=\"159\" data-end=\"207\"><strong data-start=\"159\" data-end=\"176\">Nh\u00e0 xu\u1ea5t b\u1ea3n:<\/strong> NXB C\u00f4ng Th\u01b0\u01a1ng \u2013 1980 Books<\/p>\n<\/li>\n<li data-start=\"208\" data-end=\"283\">\n<p data-start=\"210\" data-end=\"283\"><strong data-start=\"210\" data-end=\"223\">Th\u1ec3 lo\u1ea1i:<\/strong> \u0110\u1ea7u t\u01b0 ch\u1ee9ng kho\u00e1n, Ph\u00e2n t\u00edch k\u1ef9 thu\u1eadt, T\u00e0i ch\u00ednh c\u00e1 nh\u00e2n<\/p>\n<\/li>\n<li data-start=\"284\" data-end=\"406\">\n<p data-start=\"286\" data-end=\"406\"><strong data-start=\"286\" data-end=\"306\">\u0110\u1ed9c gi\u1ea3 ph\u00f9 h\u1ee3p:<\/strong> Ng\u01b0\u1eddi m\u1edbi tham gia th\u1ecb tr\u01b0\u1eddng ch\u1ee9ng kho\u00e1n, nh\u00e0 \u0111\u1ea7u t\u01b0 mu\u1ed1n h\u1ecdc ph\u00e2n t\u00edch k\u1ef9 thu\u1eadt, trader c\u00e1 nh\u00e2n<\/p>\n<\/li>\n<\/ul>\n<h2 data-start=\"413\" data-end=\"448\"><strong data-start=\"416\" data-end=\"446\">\u00a0M\u00f4 t\u1ea3 chi ti\u1ebft n\u1ed9i dung<\/strong><\/h2>\n<h3 data-start=\"450\" data-end=\"496\"><strong data-start=\"454\" data-end=\"494\">Ph\u1ea7n 1: C\u01a1 b\u1ea3n v\u1ec1 \u0111\u1ea7u t\u01b0 ch\u1ee9ng kho\u00e1n<\/strong><\/h3>\n<ul data-start=\"497\" data-end=\"664\">\n<li data-start=\"497\" data-end=\"548\">\n<p data-start=\"499\" data-end=\"548\">Nguy\u00ean l\u00fd ho\u1ea1t \u0111\u1ed9ng c\u1ee7a th\u1ecb tr\u01b0\u1eddng ch\u1ee9ng kho\u00e1n.<\/p>\n<\/li>\n<li data-start=\"549\" data-end=\"600\">\n<p data-start=\"551\" data-end=\"600\">T\u00e2m l\u00fd nh\u00e0 \u0111\u1ea7u t\u01b0 v\u00e0 t\u00e1c \u0111\u1ed9ng \u0111\u1ebfn xu h\u01b0\u1edbng gi\u00e1.<\/p>\n<\/li>\n<li data-start=\"601\" data-end=\"664\">\n<p data-start=\"603\" data-end=\"664\">Vai tr\u00f2 c\u1ee7a <strong data-start=\"615\" data-end=\"637\">ph\u00e2n t\u00edch k\u1ef9 thu\u1eadt<\/strong> trong d\u1ef1 b\u00e1o th\u1ecb tr\u01b0\u1eddng.<\/p>\n<\/li>\n<\/ul>\n<h3 data-start=\"666\" data-end=\"734\"><strong data-start=\"670\" data-end=\"732\">Ph\u1ea7n 2: 45 k\u1ef9 thu\u1eadt ph\u00e2n t\u00edch \u0111\u1ea7u t\u01b0 hi\u1ec7u qu\u1ea3 c\u1ee7a Nh\u1eadt B\u1ea3n<\/strong><\/h3>\n<ul data-start=\"735\" data-end=\"970\">\n<li data-start=\"735\" data-end=\"783\">\n<p data-start=\"737\" data-end=\"783\">C\u00e1c m\u00f4 h\u00ecnh n\u1ebfn Nh\u1eadt (candlestick patterns).<\/p>\n<\/li>\n<li data-start=\"784\" data-end=\"841\">\n<p data-start=\"786\" data-end=\"841\">\u0110\u01b0\u1eddng trung b\u00ecnh \u0111\u1ed9ng (MA) v\u00e0 c\u00e1ch x\u00e1c \u0111\u1ecbnh xu h\u01b0\u1edbng.<\/p>\n<\/li>\n<li data-start=\"842\" data-end=\"913\">\n<p data-start=\"844\" data-end=\"913\">Ch\u1ec9 b\u00e1o k\u1ef9 thu\u1eadt quan tr\u1ecdng: RSI, MACD, Bollinger Bands, Fibonacci.<\/p>\n<\/li>\n<li data-start=\"914\" data-end=\"970\">\n<p data-start=\"916\" data-end=\"970\">K\u1ef9 thu\u1eadt x\u00e1c \u0111\u1ecbnh \u0111i\u1ec3m v\u00e0o \u2013 \u0111i\u1ec3m tho\u00e1t l\u1ec7nh t\u1ed1i \u01b0u.<\/p>\n<\/li>\n<\/ul>\n<h3 data-start=\"972\" data-end=\"1011\"><strong data-start=\"976\" data-end=\"1009\">Ph\u1ea7n 3: Qu\u1ea3n l\u00fd v\u1ed1n v\u00e0 r\u1ee7i ro<\/strong><\/h3>\n<ul data-start=\"1012\" data-end=\"1168\">\n<li data-start=\"1012\" data-end=\"1064\">\n<p data-start=\"1014\" data-end=\"1064\">C\u00e1ch chia t\u1ef7 tr\u1ecdng \u0111\u1ea7u t\u01b0 \u0111\u1ec3 gi\u1ea3m thi\u1ec3u thua l\u1ed7.<\/p>\n<\/li>\n<li data-start=\"1065\" data-end=\"1111\">\n<p data-start=\"1067\" data-end=\"1111\">T\u01b0 duy <strong data-start=\"1074\" data-end=\"1087\">stop loss<\/strong> v\u00e0 k\u1ef7 lu\u1eadt giao d\u1ecbch.<\/p>\n<\/li>\n<li data-start=\"1112\" data-end=\"1168\">\n<p data-start=\"1114\" data-end=\"1168\">T\u1ea1o h\u1ec7 th\u1ed1ng giao d\u1ecbch c\u00e1 nh\u00e2n theo phong c\u00e1ch Nh\u1eadt.<\/p>\n<\/li>\n<\/ul>\n<h3 data-start=\"1170\" data-end=\"1206\"><strong data-start=\"1174\" data-end=\"1204\">Ph\u1ea7n 4: \u1ee8ng d\u1ee5ng th\u1ef1c ti\u1ec5n<\/strong><\/h3>\n<ul data-start=\"1207\" data-end=\"1391\">\n<li data-start=\"1207\" data-end=\"1260\">\n<p data-start=\"1209\" data-end=\"1260\">V\u00ed d\u1ee5 th\u1ef1c t\u1ebf t\u1eeb th\u1ecb tr\u01b0\u1eddng ch\u1ee9ng kho\u00e1n Nh\u1eadt B\u1ea3n.<\/p>\n<\/li>\n<li data-start=\"1261\" data-end=\"1320\">\n<p data-start=\"1263\" data-end=\"1320\">B\u00e0i h\u1ecdc v\u1ec1 s\u1ef1 ki\u00ean nh\u1eabn, k\u1ef7 lu\u1eadt v\u00e0 chi\u1ebfn l\u01b0\u1ee3c d\u00e0i h\u1ea1n.<\/p>\n<\/li>\n<li data-start=\"1321\" data-end=\"1391\">\n<p data-start=\"1323\" data-end=\"1391\">K\u1ebft h\u1ee3p ph\u00e2n t\u00edch k\u1ef9 thu\u1eadt v\u1edbi ph\u00e2n t\u00edch c\u01a1 b\u1ea3n \u0111\u1ec3 t\u1ed1i \u01b0u k\u1ebft qu\u1ea3.<\/p>\n<\/li>\n<\/ul>","protected":false},"featured_media":41245,"template":"","meta":{"_acf_changed":false},"product-collections":[262,264],"product_brand":[],"product_cat":[49],"product_tag":[],"class_list":{"0":"post-41238","1":"product","2":"type-product","3":"status-publish","4":"has-post-thumbnail","6":"product-collections-ban-chay","7":"product-collections-giam-gia","8":"product_cat-books","10":"first","11":"instock","12":"sale","13":"shipping-taxable","14":"purchasable","15":"product-type-simple"},"acf":[],"_links":{"self":[{"href":"https:\/\/hbbgroup.net\/zh\/wp-json\/wp\/v2\/product\/41238","targetHints":{"allow":["GET"]}}],"collection":[{"href":"https:\/\/hbbgroup.net\/zh\/wp-json\/wp\/v2\/product"}],"about":[{"href":"https:\/\/hbbgroup.net\/zh\/wp-json\/wp\/v2\/types\/product"}],"version-history":[{"count":1,"href":"https:\/\/hbbgroup.net\/zh\/wp-json\/wp\/v2\/product\/41238\/revisions"}],"predecessor-version":[{"id":41246,"href":"https:\/\/hbbgroup.net\/zh\/wp-json\/wp\/v2\/product\/41238\/revisions\/41246"}],"wp:featuredmedia":[{"embeddable":true,"href":"https:\/\/hbbgroup.net\/zh\/wp-json\/wp\/v2\/media\/41245"}],"wp:attachment":[{"href":"https:\/\/hbbgroup.net\/zh\/wp-json\/wp\/v2\/media?parent=41238"}],"wp:term":[{"taxonomy":"product-collections","embeddable":true,"href":"https:\/\/hbbgroup.net\/zh\/wp-json\/wp\/v2\/product-collections?post=41238"},{"taxonomy":"product_brand","embeddable":true,"href":"https:\/\/hbbgroup.net\/zh\/wp-json\/wp\/v2\/product_brand?post=41238"},{"taxonomy":"product_cat","embeddable":true,"href":"https:\/\/hbbgroup.net\/zh\/wp-json\/wp\/v2\/product_cat?post=41238"},{"taxonomy":"product_tag","embeddable":true,"href":"https:\/\/hbbgroup.net\/zh\/wp-json\/wp\/v2\/product_tag?post=41238"}],"curies":[{"name":"wp","href":"https:\/\/api.w.org\/{rel}","templated":true}]}}