{"id":41229,"date":"2025-08-20T12:13:39","date_gmt":"2025-08-20T05:13:39","guid":{"rendered":"https:\/\/hbbgroup.net\/?post_type=product&#038;p=41229"},"modified":"2025-08-20T12:13:39","modified_gmt":"2025-08-20T05:13:39","slug":"chen-thanh-trong-dau-tu","status":"publish","type":"product","link":"https:\/\/hbbgroup.net\/zh\/tai-nguyen\/chen-thanh-trong-dau-tu\/","title":{"rendered":"Ch\u00e9n Th\u00e1nh Trong \u0110\u1ea7u T\u01b0"},"content":{"rendered":"<p>\u201cCh\u00e9n Th\u00e1nh Trong \u0110\u1ea7u T\u01b0\u201d c\u1ee7a Tony Robbins kh\u00f4ng ch\u1ec9 l\u00e0 cu\u1ed1n s\u00e1ch v\u1ec1 k\u1ef9 thu\u1eadt \u0111\u1ea7u t\u01b0, m\u00e0 c\u00f2n l\u00e0 kim ch\u1ec9 nam gi\u00fap b\u1ea1n <strong data-start=\"1593\" data-end=\"1672\">ki\u1ec3m so\u00e1t r\u1ee7i ro, b\u1ea3o to\u00e0n t\u00e0i s\u1ea3n v\u00e0 h\u01b0\u1edbng t\u1edbi s\u1ef1 t\u1ef1 do t\u00e0i ch\u00ednh b\u1ec1n v\u1eefng<\/strong>. Cu\u1ed1n s\u00e1ch t\u1ed5ng h\u1ee3p t\u01b0 duy v\u00e0 chi\u1ebfn l\u01b0\u1ee3c c\u1ee7a c\u00e1c nh\u00e0 \u0111\u1ea7u t\u01b0 v\u0129 \u0111\u1ea1i nh\u1ea5t th\u1ebf gi\u1edbi, gi\u00fap ng\u01b0\u1eddi \u0111\u1ecdc v\u1eeba c\u00f3 n\u1ec1n t\u1ea3ng l\u00fd thuy\u1ebft, v\u1eeba c\u00f3 c\u00f4ng c\u1ee5 th\u1ef1c h\u00e0nh \u0111\u1ec3 \u0111\u1ea1t th\u00e0nh c\u00f4ng l\u00e2u d\u00e0i tr\u00ean th\u1ecb tr\u01b0\u1eddng.<\/p>\n<p>&nbsp;<\/p>","protected":false},"excerpt":{"rendered":"<h2 data-start=\"5\" data-end=\"36\"><strong data-start=\"8\" data-end=\"34\">Th\u00f4ng tin cu\u1ed1n s\u00e1ch<\/strong><\/h2>\n<ul data-start=\"37\" data-end=\"453\">\n<li data-start=\"37\" data-end=\"124\">\n<p data-start=\"39\" data-end=\"124\"><strong data-start=\"39\" data-end=\"52\">T\u00ean s\u00e1ch:<\/strong> Ch\u00e9n Th\u00e1nh Trong \u0110\u1ea7u T\u01b0 (<em data-start=\"78\" data-end=\"121\">Unshakeable \/ The Holy Grail of Investing<\/em>)<\/p>\n<\/li>\n<li data-start=\"125\" data-end=\"173\">\n<p data-start=\"127\" data-end=\"173\"><strong data-start=\"127\" data-end=\"139\">T\u00e1c gi\u1ea3:<\/strong> Tony Robbins &amp; Christopher Zook<\/p>\n<\/li>\n<li data-start=\"174\" data-end=\"211\">\n<p data-start=\"176\" data-end=\"211\"><strong data-start=\"176\" data-end=\"191\">Ng\u01b0\u1eddi d\u1ecbch:<\/strong> H\u00e2n Th\u1ecb Di\u1ec7u Linh<\/p>\n<\/li>\n<li data-start=\"212\" data-end=\"262\">\n<p data-start=\"214\" data-end=\"262\"><strong data-start=\"214\" data-end=\"231\">Nh\u00e0 xu\u1ea5t b\u1ea3n:<\/strong> NXB C\u00f4ng Th\u01b0\u01a1ng \u2013 1980 Books<\/p>\n<\/li>\n<li data-start=\"263\" data-end=\"343\">\n<p data-start=\"265\" data-end=\"343\"><strong data-start=\"265\" data-end=\"278\">Th\u1ec3 lo\u1ea1i:<\/strong> \u0110\u1ea7u t\u01b0 t\u00e0i ch\u00ednh, Qu\u1ea3n l\u00fd r\u1ee7i ro, Ph\u00e1t tri\u1ec3n t\u00e0i ch\u00ednh c\u00e1 nh\u00e2n<\/p>\n<\/li>\n<li data-start=\"344\" data-end=\"453\">\n<p data-start=\"346\" data-end=\"453\"><strong data-start=\"346\" data-end=\"366\">\u0110\u1ed9c gi\u1ea3 ph\u00f9 h\u1ee3p:<\/strong> Nh\u00e0 \u0111\u1ea7u t\u01b0 c\u00e1 nh\u00e2n, ng\u01b0\u1eddi mu\u1ed1n x\u00e2y d\u1ef1ng s\u1ef1 t\u1ef1 do t\u00e0i ch\u00ednh v\u00e0 b\u1ea3o v\u1ec7 t\u00e0i s\u1ea3n d\u00e0i h\u1ea1n<\/p>\n<\/li>\n<\/ul>\n<h2 data-start=\"460\" data-end=\"495\"><strong data-start=\"463\" data-end=\"493\">\u00a0M\u00f4 t\u1ea3 chi ti\u1ebft n\u1ed9i dung<\/strong><\/h2>\n<h3 data-start=\"497\" data-end=\"541\"><strong data-start=\"501\" data-end=\"539\">Ph\u1ea7n 1: T\u01b0 duy nh\u00e0 \u0111\u1ea7u t\u01b0 b\u1ec1n v\u1eefng<\/strong><\/h3>\n<ul data-start=\"542\" data-end=\"725\">\n<li data-start=\"542\" data-end=\"594\">\n<p data-start=\"544\" data-end=\"594\">Th\u00f3i quen v\u00e0 t\u01b0 duy c\u1ee7a nh\u1eefng nh\u00e0 \u0111\u1ea7u t\u01b0 v\u0129 \u0111\u1ea1i.<\/p>\n<\/li>\n<li data-start=\"595\" data-end=\"661\">\n<p data-start=\"597\" data-end=\"661\">V\u00ec sao \u0111a s\u1ed1 nh\u00e0 \u0111\u1ea7u t\u01b0 th\u1ea5t b\u1ea1i v\u00e0 c\u00e1ch tr\u00e1nh sai l\u1ea7m t\u00e2m l\u00fd.<\/p>\n<\/li>\n<li data-start=\"662\" data-end=\"725\">\n<p data-start=\"664\" data-end=\"725\">X\u00e2y d\u1ef1ng s\u1ef1 <strong data-start=\"676\" data-end=\"709\">b\u00ecnh t\u0129nh, k\u1ef7 lu\u1eadt v\u00e0 d\u00e0i h\u1ea1n<\/strong> trong \u0111\u1ea7u t\u01b0.<\/p>\n<\/li>\n<\/ul>\n<h3 data-start=\"727\" data-end=\"791\"><strong data-start=\"731\" data-end=\"789\">Ph\u1ea7n 2: Chi\u1ebfn l\u01b0\u1ee3c t\u1ed1i \u01b0u l\u1ee3i nhu\u1eadn \u2013 ki\u1ec3m so\u00e1t r\u1ee7i ro<\/strong><\/h3>\n<ul data-start=\"792\" data-end=\"985\">\n<li data-start=\"792\" data-end=\"853\">\n<p data-start=\"794\" data-end=\"853\">C\u00e1ch ph\u00e2n b\u1ed5 t\u00e0i s\u1ea3n th\u00f4ng minh d\u1ef1a tr\u00ean <strong data-start=\"835\" data-end=\"850\">\u0111a d\u1ea1ng h\u00f3a<\/strong>.<\/p>\n<\/li>\n<li data-start=\"854\" data-end=\"932\">\n<p data-start=\"856\" data-end=\"932\">Nh\u1eefng chi\u1ebfn l\u01b0\u1ee3c gi\u00fap t\u0103ng tr\u01b0\u1edfng b\u1ec1n v\u1eefng trong m\u1ecdi \u0111i\u1ec1u ki\u1ec7n th\u1ecb tr\u01b0\u1eddng.<\/p>\n<\/li>\n<li data-start=\"933\" data-end=\"985\">\n<p data-start=\"935\" data-end=\"985\">L\u00e0m th\u1ebf n\u00e0o \u0111\u1ec3 <strong data-start=\"950\" data-end=\"982\">b\u1ea3o v\u1ec7 v\u1ed1n tr\u01b0\u1edbc kh\u1ee7ng ho\u1ea3ng<\/strong>.<\/p>\n<\/li>\n<\/ul>\n<h3 data-start=\"987\" data-end=\"1036\"><strong data-start=\"991\" data-end=\"1034\">Ph\u1ea7n 3: C\u00e1c c\u00f4ng c\u1ee5 t\u00e0i ch\u00ednh v\u00e0 \u0111\u1ea7u t\u01b0<\/strong><\/h3>\n<ul data-start=\"1037\" data-end=\"1245\">\n<li data-start=\"1037\" data-end=\"1122\">\n<p data-start=\"1039\" data-end=\"1122\">Gi\u1ea3i th\u00edch vai tr\u00f2 c\u1ee7a <strong data-start=\"1062\" data-end=\"1119\">c\u1ed5 phi\u1ebfu, tr\u00e1i phi\u1ebfu, qu\u1ef9 ETF, h\u00e0ng h\u00f3a, b\u1ea5t \u0111\u1ed9ng s\u1ea3n<\/strong>.<\/p>\n<\/li>\n<li data-start=\"1123\" data-end=\"1165\">\n<p data-start=\"1125\" data-end=\"1165\">\u01afu \u2013 nh\u01b0\u1ee3c \u0111i\u1ec3m c\u1ee7a t\u1eebng lo\u1ea1i t\u00e0i s\u1ea3n.<\/p>\n<\/li>\n<li data-start=\"1166\" data-end=\"1245\">\n<p data-start=\"1168\" data-end=\"1245\">Nguy\u00ean t\u1eafc l\u1ef1a ch\u1ecdn k\u00eanh \u0111\u1ea7u t\u01b0 ph\u00f9 h\u1ee3p v\u1edbi <strong data-start=\"1212\" data-end=\"1242\">m\u1ee5c ti\u00eau t\u00e0i ch\u00ednh c\u00e1 nh\u00e2n<\/strong>.<\/p>\n<\/li>\n<\/ul>\n<h3 data-start=\"1247\" data-end=\"1289\"><strong data-start=\"1251\" data-end=\"1287\">Ph\u1ea7n 4: X\u00e2y d\u1ef1ng t\u1ef1 do t\u00e0i ch\u00ednh<\/strong><\/h3>\n<ul data-start=\"1290\" data-end=\"1446\">\n<li data-start=\"1290\" data-end=\"1339\">\n<p data-start=\"1292\" data-end=\"1339\">C\u00f4ng th\u1ee9c t\u1ea1o <strong data-start=\"1306\" data-end=\"1336\">d\u00f2ng ti\u1ec1n th\u1ee5 \u0111\u1ed9ng \u1ed5n \u0111\u1ecbnh<\/strong>.<\/p>\n<\/li>\n<li data-start=\"1340\" data-end=\"1394\">\n<p data-start=\"1342\" data-end=\"1394\">C\u00e1ch gi\u1ea3m thi\u1ec3u t\u00e1c \u0111\u1ed9ng c\u1ee7a bi\u1ebfn \u0111\u1ed9ng th\u1ecb tr\u01b0\u1eddng.<\/p>\n<\/li>\n<li data-start=\"1395\" data-end=\"1446\">\n<p data-start=\"1397\" data-end=\"1446\">B\u00e0i h\u1ecdc th\u1ef1c t\u1ebf t\u1eeb c\u00e1c t\u1ef7 ph\u00fa \u0111\u1ea7u t\u01b0 n\u1ed5i ti\u1ebfng.<\/p>\n<\/li>\n<\/ul>","protected":false},"featured_media":41236,"template":"","meta":{"_acf_changed":false},"product-collections":[264,263],"product_brand":[],"product_cat":[49],"product_tag":[],"class_list":{"0":"post-41229","1":"product","2":"type-product","3":"status-publish","4":"has-post-thumbnail","6":"product-collections-giam-gia","7":"product-collections-noi-bat","8":"product_cat-books","10":"first","11":"instock","12":"sale","13":"shipping-taxable","14":"purchasable","15":"product-type-simple"},"acf":[],"_links":{"self":[{"href":"https:\/\/hbbgroup.net\/zh\/wp-json\/wp\/v2\/product\/41229","targetHints":{"allow":["GET"]}}],"collection":[{"href":"https:\/\/hbbgroup.net\/zh\/wp-json\/wp\/v2\/product"}],"about":[{"href":"https:\/\/hbbgroup.net\/zh\/wp-json\/wp\/v2\/types\/product"}],"version-history":[{"count":1,"href":"https:\/\/hbbgroup.net\/zh\/wp-json\/wp\/v2\/product\/41229\/revisions"}],"predecessor-version":[{"id":41237,"href":"https:\/\/hbbgroup.net\/zh\/wp-json\/wp\/v2\/product\/41229\/revisions\/41237"}],"wp:featuredmedia":[{"embeddable":true,"href":"https:\/\/hbbgroup.net\/zh\/wp-json\/wp\/v2\/media\/41236"}],"wp:attachment":[{"href":"https:\/\/hbbgroup.net\/zh\/wp-json\/wp\/v2\/media?parent=41229"}],"wp:term":[{"taxonomy":"product-collections","embeddable":true,"href":"https:\/\/hbbgroup.net\/zh\/wp-json\/wp\/v2\/product-collections?post=41229"},{"taxonomy":"product_brand","embeddable":true,"href":"https:\/\/hbbgroup.net\/zh\/wp-json\/wp\/v2\/product_brand?post=41229"},{"taxonomy":"product_cat","embeddable":true,"href":"https:\/\/hbbgroup.net\/zh\/wp-json\/wp\/v2\/product_cat?post=41229"},{"taxonomy":"product_tag","embeddable":true,"href":"https:\/\/hbbgroup.net\/zh\/wp-json\/wp\/v2\/product_tag?post=41229"}],"curies":[{"name":"wp","href":"https:\/\/api.w.org\/{rel}","templated":true}]}}