{"id":4043,"date":"2019-05-15T08:27:04","date_gmt":"2019-05-15T08:27:04","guid":{"rendered":"http:\/\/themes.themegoods.com\/dotlife\/demo\/?post_type=product&#038;p=2566"},"modified":"2025-08-15T13:56:16","modified_gmt":"2025-08-15T06:56:16","slug":"chien-tranh-tien-te-phan-3","status":"publish","type":"product","link":"https:\/\/hbbgroup.net\/zh\/tai-nguyen\/chien-tranh-tien-te-phan-3\/","title":{"rendered":"Chi\u1ebfn Tranh Ti\u1ec1n T\u1ec7 Ph\u1ea7n 3"},"content":{"rendered":"<p data-start=\"1835\" data-end=\"2209\">\u201cChi\u1ebfn Tranh Ti\u1ec1n T\u1ec7 \u2013 Ph\u1ea7n III: Bi\u00ean Gi\u1edbi Ti\u1ec1n T\u1ec7\u201d ti\u1ebfp t\u1ee5c chu\u1ed7i ph\u00e2n t\u00edch c\u1ee7a Song Hong Bing v\u1ec1 quy\u1ec1n l\u1ef1c t\u00e0i ch\u00ednh to\u00e0n c\u1ea7u, l\u1ea7n n\u00e0y t\u1eadp trung v\u00e0o kh\u00e1i ni\u1ec7m \u201cbi\u00ean gi\u1edbi ti\u1ec1n t\u1ec7\u201d v\u00e0 vai tr\u00f2 c\u1ee7a \u0111\u1ed3ng ti\u1ec1n trong c\u00e1c cu\u1ed9c c\u1ea1nh tranh chi\u1ebfn l\u01b0\u1ee3c. S\u00e1ch l\u00e0m r\u00f5 c\u00e1ch c\u00e1c qu\u1ed1c gia s\u1eed d\u1ee5ng c\u00f4ng c\u1ee5 ti\u1ec1n t\u1ec7 \u0111\u1ec3 m\u1edf r\u1ed9ng \u1ea3nh h\u01b0\u1edfng, ph\u00f2ng th\u1ee7 kinh t\u1ebf v\u00e0 \u0111\u1ecbnh h\u00ecnh l\u1ea1i tr\u1eadt t\u1ef1 th\u1ebf gi\u1edbi.<\/p>","protected":false},"excerpt":{"rendered":"<ul data-start=\"37\" data-end=\"438\">\n<li data-start=\"37\" data-end=\"149\">\n<p data-start=\"39\" data-end=\"149\"><strong data-start=\"39\" data-end=\"52\">T\u00ean s\u00e1ch:<\/strong> Chi\u1ebfn Tranh Ti\u1ec1n T\u1ec7 \u2013 Ph\u1ea7n III: Bi\u00ean Gi\u1edbi Ti\u1ec1n T\u1ec7 \u2013 Nh\u00e2n T\u1ed1 B\u00ed \u1ea8n Trong C\u00e1c Cu\u1ed9c Chi\u1ebfn Kinh T\u1ebf<\/p>\n<\/li>\n<li data-start=\"150\" data-end=\"181\">\n<p data-start=\"152\" data-end=\"181\"><strong data-start=\"152\" data-end=\"164\">T\u00e1c gi\u1ea3:<\/strong> Song Hong Bing<\/p>\n<\/li>\n<li data-start=\"182\" data-end=\"286\">\n<p data-start=\"184\" data-end=\"286\"><strong data-start=\"184\" data-end=\"199\">Ng\u01b0\u1eddi d\u1ecbch:<\/strong> (Th\u00f4ng tin d\u1ecbch gi\u1ea3 th\u01b0\u1eddng ghi tr\u00ean s\u00e1ch in, b\u1ea3n ph\u1ed5 bi\u1ebfn do NXB Lao \u0110\u1ed9ng ph\u00e1t h\u00e0nh)<\/p>\n<\/li>\n<li data-start=\"287\" data-end=\"321\">\n<p data-start=\"289\" data-end=\"321\"><strong data-start=\"289\" data-end=\"306\">Nh\u00e0 xu\u1ea5t b\u1ea3n:<\/strong> NXB Lao \u0110\u1ed9ng<\/p>\n<\/li>\n<li data-start=\"322\" data-end=\"377\">\n<p data-start=\"324\" data-end=\"377\"><strong data-start=\"324\" data-end=\"337\">Th\u1ec3 lo\u1ea1i:<\/strong> T\u00e0i ch\u00ednh, Kinh t\u1ebf, Ch\u00ednh tr\u1ecb qu\u1ed1c t\u1ebf<\/p>\n<\/li>\n<li data-start=\"378\" data-end=\"411\">\n<p data-start=\"380\" data-end=\"411\"><strong data-start=\"380\" data-end=\"397\">Ng\u00f4n ng\u1eef g\u1ed1c:<\/strong> Ti\u1ebfng Trung<\/p>\n<\/li>\n<li data-start=\"412\" data-end=\"438\">\n<p data-start=\"414\" data-end=\"438\"><strong data-start=\"414\" data-end=\"428\">H\u00ecnh th\u1ee9c:<\/strong> S\u00e1ch in<\/p>\n<\/li>\n<\/ul>\n<h2 data-start=\"445\" data-end=\"483\"><strong data-start=\"448\" data-end=\"481\">\u00a0M\u00f4 t\u1ea3 chi ti\u1ebft t\u1eebng ch\u01b0\u01a1ng<\/strong><\/h2>\n<p data-start=\"484\" data-end=\"559\"><em data-start=\"484\" data-end=\"557\">(D\u1ef1a tr\u00ean n\u1ed9i dung ch\u00ednh c\u1ee7a Ph\u1ea7n III trong lo\u1ea1t \u201cChi\u1ebfn Tranh Ti\u1ec1n T\u1ec7\u201d)<\/em><\/p>\n<h3 data-start=\"561\" data-end=\"622\"><strong data-start=\"565\" data-end=\"620\">Ch\u01b0\u01a1ng 1: Bi\u00ean gi\u1edbi ti\u1ec1n t\u1ec7 v\u00e0 chi\u1ebfn l\u01b0\u1ee3c quy\u1ec1n l\u1ef1c<\/strong><\/h3>\n<p data-start=\"623\" data-end=\"750\">Gi\u1edbi thi\u1ec7u kh\u00e1i ni\u1ec7m \u201cbi\u00ean gi\u1edbi ti\u1ec1n t\u1ec7\u201d \u2013 n\u01a1i c\u00e1c qu\u1ed1c gia d\u00f9ng \u0111\u1ed3ng ti\u1ec1n nh\u01b0 c\u00f4ng c\u1ee5 m\u1edf r\u1ed9ng ho\u1eb7c b\u1ea3o v\u1ec7 \u1ea3nh h\u01b0\u1edfng kinh t\u1ebf.<\/p>\n<h3 data-start=\"752\" data-end=\"813\"><strong data-start=\"756\" data-end=\"811\">Ch\u01b0\u01a1ng 2: S\u1ef1 d\u1ecbch chuy\u1ec3n c\u00e1n c\u00e2n t\u00e0i ch\u00ednh to\u00e0n c\u1ea7u<\/strong><\/h3>\n<p data-start=\"814\" data-end=\"935\">Ph\u00e2n t\u00edch s\u1ef1 tr\u1ed7i d\u1eady c\u1ee7a Trung Qu\u1ed1c, s\u1ef1 suy gi\u1ea3m t\u01b0\u01a1ng \u0111\u1ed1i c\u1ee7a M\u1ef9 v\u00e0 ch\u00e2u \u00c2u, v\u00e0 t\u00e1c \u0111\u1ed9ng \u0111\u1ebfn tr\u1eadt t\u1ef1 ti\u1ec1n t\u1ec7 qu\u1ed1c t\u1ebf.<\/p>\n<h3 data-start=\"937\" data-end=\"1000\"><strong data-start=\"941\" data-end=\"998\">Ch\u01b0\u01a1ng 3: \u0110\u1ed3ng Nh\u00e2n d\u00e2n t\u1ec7 tr\u00ean con \u0111\u01b0\u1eddng qu\u1ed1c t\u1ebf h\u00f3a<\/strong><\/h3>\n<p data-start=\"1001\" data-end=\"1192\">Chi ti\u1ebft chi\u1ebfn l\u01b0\u1ee3c c\u1ee7a Trung Qu\u1ed1c trong vi\u1ec7c \u0111\u01b0a Nh\u00e2n d\u00e2n t\u1ec7 tr\u1edf th\u00e0nh \u0111\u1ed3ng ti\u1ec1n d\u1ef1 tr\u1eef qu\u1ed1c t\u1ebf, bao g\u1ed3m t\u00edch tr\u1eef v\u00e0ng, c\u00e1c th\u1ecfa thu\u1eadn ho\u00e1n \u0111\u1ed5i ti\u1ec1n t\u1ec7 v\u00e0 s\u00e1ng ki\u1ebfn \u201cV\u00e0nh \u0111ai \u2013 Con \u0111\u01b0\u1eddng\u201d.<\/p>\n<h3 data-start=\"1194\" data-end=\"1256\"><strong data-start=\"1198\" data-end=\"1254\">Ch\u01b0\u01a1ng 4: Xung \u0111\u1ed9t ti\u1ec1n t\u1ec7 t\u1ea1i c\u00e1c \u0111i\u1ec3m n\u00f3ng kinh t\u1ebf<\/strong><\/h3>\n<p data-start=\"1257\" data-end=\"1393\">M\u1ed5 x\u1ebb c\u00e1c cu\u1ed9c \u0111\u1ed1i \u0111\u1ea7u t\u00e0i ch\u00ednh \u1edf khu v\u1ef1c ch\u00e2u \u00c1 \u2013 Th\u00e1i B\u00ecnh D\u01b0\u01a1ng, ch\u00e2u \u00c2u v\u00e0 Trung \u0110\u00f4ng, n\u01a1i \u0111\u1ed3ng ti\u1ec1n \u0111\u00f3ng vai tr\u00f2 nh\u01b0 m\u1ed9t v\u0169 kh\u00ed.<\/p>\n<h3 data-start=\"1395\" data-end=\"1454\"><strong data-start=\"1399\" data-end=\"1452\">Ch\u01b0\u01a1ng 5: Cu\u1ed9c \u0111ua d\u1ef1 tr\u1eef v\u00e0ng v\u00e0 t\u00e0i s\u1ea3n an to\u00e0n<\/strong><\/h3>\n<p data-start=\"1455\" data-end=\"1592\">Ph\u00e2n t\u00edch t\u1ea1i sao v\u00e0ng v\u1eabn gi\u1eef vai tr\u00f2 then ch\u1ed1t trong chi\u1ebfn l\u01b0\u1ee3c ti\u1ec1n t\u1ec7 c\u1ee7a c\u00e1c c\u01b0\u1eddng qu\u1ed1c, \u0111\u1eb7c bi\u1ec7t trong b\u1ed1i c\u1ea3nh b\u1ea5t \u1ed5n t\u00e0i ch\u00ednh.<\/p>\n<h3 data-start=\"1594\" data-end=\"1656\"><strong data-start=\"1598\" data-end=\"1654\">Ch\u01b0\u01a1ng 6: K\u1ecbch b\u1ea3n t\u01b0\u01a1ng lai c\u1ee7a chi\u1ebfn tranh ti\u1ec1n t\u1ec7<\/strong><\/h3>\n<p data-start=\"1657\" data-end=\"1805\">\u0110\u01b0a ra c\u00e1c k\u1ecbch b\u1ea3n v\u1ec1 tr\u1eadt t\u1ef1 t\u00e0i ch\u00ednh to\u00e0n c\u1ea7u trong th\u1eadp k\u1ef7 t\u1edbi, bao g\u1ed3m kh\u1ea3 n\u0103ng xu\u1ea5t hi\u1ec7n m\u1ed9t \u0111\u1ed3ng ti\u1ec1n d\u1ef1 tr\u1eef m\u1edbi ho\u1eb7c h\u1ec7 th\u1ed1ng \u0111a ti\u1ec1n t\u1ec7.<\/p>","protected":false},"featured_media":39367,"template":"","meta":{"_acf_changed":false},"product-collections":[],"product_brand":[],"product_cat":[49],"product_tag":[],"class_list":{"0":"post-4043","1":"product","2":"type-product","3":"status-publish","4":"has-post-thumbnail","6":"product_cat-books","8":"first","9":"instock","10":"sale","11":"shipping-taxable","12":"purchasable","13":"product-type-simple"},"acf":[],"_links":{"self":[{"href":"https:\/\/hbbgroup.net\/zh\/wp-json\/wp\/v2\/product\/4043","targetHints":{"allow":["GET"]}}],"collection":[{"href":"https:\/\/hbbgroup.net\/zh\/wp-json\/wp\/v2\/product"}],"about":[{"href":"https:\/\/hbbgroup.net\/zh\/wp-json\/wp\/v2\/types\/product"}],"version-history":[{"count":0,"href":"https:\/\/hbbgroup.net\/zh\/wp-json\/wp\/v2\/product\/4043\/revisions"}],"wp:featuredmedia":[{"embeddable":true,"href":"https:\/\/hbbgroup.net\/zh\/wp-json\/wp\/v2\/media\/39367"}],"wp:attachment":[{"href":"https:\/\/hbbgroup.net\/zh\/wp-json\/wp\/v2\/media?parent=4043"}],"wp:term":[{"taxonomy":"product-collections","embeddable":true,"href":"https:\/\/hbbgroup.net\/zh\/wp-json\/wp\/v2\/product-collections?post=4043"},{"taxonomy":"product_brand","embeddable":true,"href":"https:\/\/hbbgroup.net\/zh\/wp-json\/wp\/v2\/product_brand?post=4043"},{"taxonomy":"product_cat","embeddable":true,"href":"https:\/\/hbbgroup.net\/zh\/wp-json\/wp\/v2\/product_cat?post=4043"},{"taxonomy":"product_tag","embeddable":true,"href":"https:\/\/hbbgroup.net\/zh\/wp-json\/wp\/v2\/product_tag?post=4043"}],"curies":[{"name":"wp","href":"https:\/\/api.w.org\/{rel}","templated":true}]}}