{"id":39519,"date":"2025-08-15T11:06:23","date_gmt":"2025-08-15T04:06:23","guid":{"rendered":"https:\/\/hbbgroup.net\/?post_type=product&#038;p=39519"},"modified":"2025-08-15T15:38:55","modified_gmt":"2025-08-15T08:38:55","slug":"berkshire-hathaway-nhung-thuong-vu-dau-tu-dat-gia-tu-warren-buffett","status":"publish","type":"product","link":"https:\/\/hbbgroup.net\/zh\/tai-nguyen\/berkshire-hathaway-nhung-thuong-vu-dau-tu-dat-gia-tu-warren-buffett\/","title":{"rendered":"Berkshire Hathaway &#8211; Nh\u1eefng Th\u01b0\u01a1ng V\u1ee5 \u0110\u1ea7u T\u01b0 \u0110\u1eaft Gi\u00e1 T\u1eeb Warren Buffett"},"content":{"rendered":"<p>\u201cBerkshire Hathaway \u2013 Nh\u1eefng Th\u01b0\u01a1ng V\u1ee5 \u0110\u1ea7u T\u01b0 \u0110\u1eaft Gi\u00e1 T\u1eeb Warren Buffett\u201d c\u1ee7a Glen Arnold l\u00e0 cu\u1ed1n s\u00e1ch chuy\u00ean s\u00e2u v\u00e0o c\u00e1c th\u01b0\u01a1ng v\u1ee5 kinh \u0111i\u1ec3n \u0111\u00e3 \u0111\u1ecbnh h\u00ecnh danh ti\u1ebfng c\u1ee7a Buffett. Kh\u00f4ng ch\u1ec9 k\u1ec3 l\u1ea1i c\u00e2u chuy\u1ec7n, s\u00e1ch c\u00f2n ph\u00e2n t\u00edch l\u00fd do v\u00e0 chi\u1ebfn l\u01b0\u1ee3c \u0111\u1eb1ng sau t\u1eebng quy\u1ebft \u0111\u1ecbnh, gi\u00fap nh\u00e0 \u0111\u1ea7u t\u01b0 h\u1ecdc h\u1ecfi c\u00e1ch \u00e1p d\u1ee5ng nguy\u00ean t\u1eafc gi\u00e1 tr\u1ecb v\u00e0o th\u1ef1c ti\u1ec5n.<\/p>","protected":false},"excerpt":{"rendered":"<h2 data-start=\"5\" data-end=\"36\"><strong data-start=\"8\" data-end=\"34\">Th\u00f4ng tin cu\u1ed1n s\u00e1ch<\/strong><\/h2>\n<ul data-start=\"37\" data-end=\"364\">\n<li data-start=\"37\" data-end=\"124\">\n<p data-start=\"39\" data-end=\"124\"><strong data-start=\"39\" data-end=\"52\">T\u00ean s\u00e1ch:<\/strong> Berkshire Hathaway \u2013 Nh\u1eefng Th\u01b0\u01a1ng V\u1ee5 \u0110\u1ea7u T\u01b0 \u0110\u1eaft Gi\u00e1 T\u1eeb Warren Buffett<\/p>\n<\/li>\n<li data-start=\"125\" data-end=\"153\">\n<p data-start=\"127\" data-end=\"153\"><strong data-start=\"127\" data-end=\"139\">T\u00e1c gi\u1ea3:<\/strong> Glen Arnold<\/p>\n<\/li>\n<li data-start=\"154\" data-end=\"187\">\n<p data-start=\"156\" data-end=\"187\"><strong data-start=\"156\" data-end=\"171\">Ng\u01b0\u1eddi d\u1ecbch:<\/strong> Ki\u1ec1u Th\u1ecb Ho\u00e0i<\/p>\n<\/li>\n<li data-start=\"188\" data-end=\"225\">\n<p data-start=\"190\" data-end=\"225\"><strong data-start=\"190\" data-end=\"207\">Nh\u00e0 xu\u1ea5t b\u1ea3n:<\/strong> NXB C\u00f4ng Th\u01b0\u01a1ng<\/p>\n<\/li>\n<li data-start=\"226\" data-end=\"273\">\n<p data-start=\"228\" data-end=\"273\"><strong data-start=\"228\" data-end=\"241\">Th\u1ec3 lo\u1ea1i:<\/strong> T\u00e0i ch\u00ednh, \u0110\u1ea7u t\u01b0, Kinh doanh<\/p>\n<\/li>\n<li data-start=\"274\" data-end=\"337\">\n<p data-start=\"276\" data-end=\"337\"><strong data-start=\"276\" data-end=\"293\">Ng\u00f4n ng\u1eef g\u1ed1c:<\/strong> Ti\u1ebfng Anh (<em data-start=\"305\" data-end=\"334\">The Deals of Warren Buffett<\/em>)<\/p>\n<\/li>\n<li data-start=\"338\" data-end=\"364\">\n<p data-start=\"340\" data-end=\"364\"><strong data-start=\"340\" data-end=\"354\">H\u00ecnh th\u1ee9c:<\/strong> S\u00e1ch in<\/p>\n<\/li>\n<\/ul>\n<h2 data-start=\"371\" data-end=\"407\"><strong data-start=\"374\" data-end=\"405\">M\u00f4 t\u1ea3 chi ti\u1ebft t\u1eebng ph\u1ea7n<\/strong><\/h2>\n<p data-start=\"408\" data-end=\"451\"><em data-start=\"408\" data-end=\"449\">(D\u1ef1a tr\u00ean n\u1ed9i dung b\u1ea3n d\u1ecbch ti\u1ebfng Vi\u1ec7t)<\/em><\/p>\n<h3 data-start=\"453\" data-end=\"512\"><strong data-start=\"457\" data-end=\"510\">Ph\u1ea7n 1: B\u1ed1i c\u1ea3nh v\u00e0 chi\u1ebfn l\u01b0\u1ee3c \u0111\u1ea7u t\u01b0 c\u1ee7a Buffett<\/strong><\/h3>\n<ul data-start=\"513\" data-end=\"622\">\n<li data-start=\"513\" data-end=\"622\">\n<p data-start=\"515\" data-end=\"622\">Gi\u1edbi thi\u1ec7u t\u01b0 duy \u0111\u1ea7u t\u01b0 gi\u00e1 tr\u1ecb, ti\u00eau ch\u00ed ch\u1ecdn doanh nghi\u1ec7p v\u00e0 c\u00e1ch Buffett v\u1eadn h\u00e0nh Berkshire Hathaway.<\/p>\n<\/li>\n<\/ul>\n<h3 data-start=\"624\" data-end=\"665\"><strong data-start=\"628\" data-end=\"663\">Ph\u1ea7n 2: C\u00e1c th\u01b0\u01a1ng v\u1ee5 ti\u00eau bi\u1ec3u<\/strong><\/h3>\n<p data-start=\"666\" data-end=\"706\">Ph\u00e2n t\u00edch s\u00e2u t\u1eebng th\u01b0\u01a1ng v\u1ee5, bao g\u1ed3m:<\/p>\n<ul data-start=\"707\" data-end=\"1143\">\n<li data-start=\"707\" data-end=\"797\">\n<p data-start=\"709\" data-end=\"797\"><strong data-start=\"709\" data-end=\"730\">American Express:<\/strong> L\u1ee3i d\u1ee5ng kh\u1ee7ng ho\u1ea3ng \u201cSalad Oil Scandal\u201d \u0111\u1ec3 mua c\u1ed5 phi\u1ebfu gi\u00e1 r\u1ebb.<\/p>\n<\/li>\n<li data-start=\"798\" data-end=\"866\">\n<p data-start=\"800\" data-end=\"866\"><strong data-start=\"800\" data-end=\"814\">Coca-Cola:<\/strong> Kho\u1ea3n \u0111\u1ea7u t\u01b0 d\u00e0i h\u1ea1n mang l\u1ea1i l\u1ee3i nhu\u1eadn kh\u1ed5ng l\u1ed3.<\/p>\n<\/li>\n<li data-start=\"867\" data-end=\"984\">\n<p data-start=\"869\" data-end=\"984\"><strong data-start=\"869\" data-end=\"889\">Washington Post:<\/strong> \u0110\u1ea7u t\u01b0 v\u00e0o doanh nghi\u1ec7p truy\u1ec1n th\u00f4ng ch\u1ea5t l\u01b0\u1ee3ng v\u1edbi gi\u00e1 tr\u1ecb th\u1ea5p h\u01a1n nhi\u1ec1u so v\u1edbi ti\u1ec1m n\u0103ng.<\/p>\n<\/li>\n<li data-start=\"985\" data-end=\"1062\">\n<p data-start=\"987\" data-end=\"1062\"><strong data-start=\"987\" data-end=\"1005\">See\u2019s Candies:<\/strong> Th\u01b0\u01a1ng v\u1ee5 n\u1ed5i ti\u1ebfng cho th\u1ea5y s\u1ee9c m\u1ea1nh c\u1ee7a th\u01b0\u01a1ng hi\u1ec7u.<\/p>\n<\/li>\n<li data-start=\"1063\" data-end=\"1143\">\n<p data-start=\"1065\" data-end=\"1143\"><strong data-start=\"1065\" data-end=\"1075\">GEICO:<\/strong> T\u1eeb kho\u1ea3n \u0111\u1ea7u t\u01b0 nh\u1ecf th\u00e0nh c\u00f4ng ty b\u1ea3o hi\u1ec3m tr\u1ee5 c\u1ed9t c\u1ee7a Berkshire.<\/p>\n<\/li>\n<\/ul>\n<h3 data-start=\"1145\" data-end=\"1177\"><strong data-start=\"1149\" data-end=\"1175\">Ph\u1ea7n 3: B\u00e0i h\u1ecdc r\u00fat ra<\/strong><\/h3>\n<ul data-start=\"1178\" data-end=\"1361\">\n<li data-start=\"1178\" data-end=\"1232\">\n<p data-start=\"1180\" data-end=\"1232\">Ki\u00ean nh\u1eabn v\u00e0 k\u1ef7 lu\u1eadt trong l\u1ef1a ch\u1ecdn th\u1eddi \u0111i\u1ec3m mua.<\/p>\n<\/li>\n<li data-start=\"1233\" data-end=\"1295\">\n<p data-start=\"1235\" data-end=\"1295\">T\u1eadp trung v\u00e0o gi\u00e1 tr\u1ecb n\u1ed9i t\u1ea1i, kh\u00f4ng ch\u1ea1y theo th\u1ecb tr\u01b0\u1eddng.<\/p>\n<\/li>\n<li data-start=\"1296\" data-end=\"1361\">\n<p data-start=\"1298\" data-end=\"1361\">L\u1ee3i \u00edch c\u1ee7a vi\u1ec7c t\u00e1i \u0111\u1ea7u t\u01b0 l\u1ee3i nhu\u1eadn v\u00e0 \u0111\u1ec3 l\u00e3i k\u00e9p ph\u00e1t huy.<\/p>\n<\/li>\n<\/ul>","protected":false},"featured_media":39526,"template":"","meta":{"_acf_changed":false},"product-collections":[264,263],"product_brand":[],"product_cat":[49],"product_tag":[],"class_list":{"0":"post-39519","1":"product","2":"type-product","3":"status-publish","4":"has-post-thumbnail","6":"product-collections-giam-gia","7":"product-collections-noi-bat","8":"product_cat-books","10":"first","11":"instock","12":"sale","13":"shipping-taxable","14":"purchasable","15":"product-type-simple"},"acf":[],"_links":{"self":[{"href":"https:\/\/hbbgroup.net\/zh\/wp-json\/wp\/v2\/product\/39519","targetHints":{"allow":["GET"]}}],"collection":[{"href":"https:\/\/hbbgroup.net\/zh\/wp-json\/wp\/v2\/product"}],"about":[{"href":"https:\/\/hbbgroup.net\/zh\/wp-json\/wp\/v2\/types\/product"}],"version-history":[{"count":0,"href":"https:\/\/hbbgroup.net\/zh\/wp-json\/wp\/v2\/product\/39519\/revisions"}],"wp:featuredmedia":[{"embeddable":true,"href":"https:\/\/hbbgroup.net\/zh\/wp-json\/wp\/v2\/media\/39526"}],"wp:attachment":[{"href":"https:\/\/hbbgroup.net\/zh\/wp-json\/wp\/v2\/media?parent=39519"}],"wp:term":[{"taxonomy":"product-collections","embeddable":true,"href":"https:\/\/hbbgroup.net\/zh\/wp-json\/wp\/v2\/product-collections?post=39519"},{"taxonomy":"product_brand","embeddable":true,"href":"https:\/\/hbbgroup.net\/zh\/wp-json\/wp\/v2\/product_brand?post=39519"},{"taxonomy":"product_cat","embeddable":true,"href":"https:\/\/hbbgroup.net\/zh\/wp-json\/wp\/v2\/product_cat?post=39519"},{"taxonomy":"product_tag","embeddable":true,"href":"https:\/\/hbbgroup.net\/zh\/wp-json\/wp\/v2\/product_tag?post=39519"}],"curies":[{"name":"wp","href":"https:\/\/api.w.org\/{rel}","templated":true}]}}