{"id":39512,"date":"2025-08-15T10:57:55","date_gmt":"2025-08-15T03:57:55","guid":{"rendered":"https:\/\/hbbgroup.net\/?post_type=product&#038;p=39512"},"modified":"2025-08-15T15:39:26","modified_gmt":"2025-08-15T08:39:26","slug":"warren-buffett-chan-dung-qua-nhung-cau-noi","status":"publish","type":"product","link":"https:\/\/hbbgroup.net\/zh\/tai-nguyen\/warren-buffett-chan-dung-qua-nhung-cau-noi\/","title":{"rendered":"Warren Buffett &#8211; Ch\u00e2n Dung Qua Nh\u1eefng C\u00e2u N\u00f3i"},"content":{"rendered":"<p>\u201cWarren Buffett \u2013 Ch\u00e2n Dung Qua Nh\u1eefng C\u00e2u N\u00f3i\u201d kh\u1eafc h\u1ecda con ng\u01b0\u1eddi v\u00e0 t\u01b0 duy c\u1ee7a nh\u00e0 \u0111\u1ea7u t\u01b0 huy\u1ec1n tho\u1ea1i th\u00f4ng qua nh\u1eefng ph\u00e1t ng\u00f4n kinh \u0111i\u1ec3n. Cu\u1ed1n s\u00e1ch v\u1eeba truy\u1ec1n c\u1ea3m h\u1ee9ng, v\u1eeba cung c\u1ea5p c\u00e1c nguy\u00ean t\u1eafc s\u1ed1ng v\u00e0 \u0111\u1ea7u t\u01b0 c\u00f3 th\u1ec3 \u00e1p d\u1ee5ng th\u1ef1c t\u1ebf, ph\u00f9 h\u1ee3p cho ng\u01b0\u1eddi mu\u1ed1n hi\u1ec3u nhanh tri\u1ebft l\u00fd c\u1ee7a Buffett.<\/p>","protected":false},"excerpt":{"rendered":"<h2 data-start=\"5\" data-end=\"36\"><strong data-start=\"8\" data-end=\"34\">Th\u00f4ng tin cu\u1ed1n s\u00e1ch<\/strong><\/h2>\n<ul data-start=\"37\" data-end=\"311\">\n<li data-start=\"37\" data-end=\"99\">\n<p data-start=\"39\" data-end=\"99\"><strong data-start=\"39\" data-end=\"52\">T\u00ean s\u00e1ch:<\/strong> Warren Buffett \u2013 Ch\u00e2n Dung Qua Nh\u1eefng C\u00e2u N\u00f3i<\/p>\n<\/li>\n<li data-start=\"100\" data-end=\"131\">\n<p data-start=\"102\" data-end=\"131\"><strong data-start=\"102\" data-end=\"115\">Bi\u00ean t\u1eadp:<\/strong> David Andrews<\/p>\n<\/li>\n<li data-start=\"132\" data-end=\"165\">\n<p data-start=\"134\" data-end=\"165\"><strong data-start=\"134\" data-end=\"149\">Ng\u01b0\u1eddi d\u1ecbch:<\/strong> Tr\u1ecbnh H\u1eefu S\u1ea3n<\/p>\n<\/li>\n<li data-start=\"166\" data-end=\"199\">\n<p data-start=\"168\" data-end=\"199\"><strong data-start=\"168\" data-end=\"185\">Nh\u00e0 xu\u1ea5t b\u1ea3n:<\/strong> NXB D\u00e2n Tr\u00ed<\/p>\n<\/li>\n<li data-start=\"200\" data-end=\"252\">\n<p data-start=\"202\" data-end=\"252\"><strong data-start=\"202\" data-end=\"215\">Th\u1ec3 lo\u1ea1i:<\/strong> T\u00e0i ch\u00ednh, \u0110\u1ea7u t\u01b0, Truy\u1ec1n c\u1ea3m h\u1ee9ng<\/p>\n<\/li>\n<li data-start=\"253\" data-end=\"284\">\n<p data-start=\"255\" data-end=\"284\"><strong data-start=\"255\" data-end=\"272\">Ng\u00f4n ng\u1eef g\u1ed1c:<\/strong> Ti\u1ebfng Anh<\/p>\n<\/li>\n<li data-start=\"285\" data-end=\"311\">\n<p data-start=\"287\" data-end=\"311\"><strong data-start=\"287\" data-end=\"301\">H\u00ecnh th\u1ee9c:<\/strong> S\u00e1ch in<\/p>\n<\/li>\n<\/ul>\n<h2 data-start=\"318\" data-end=\"353\"><strong data-start=\"321\" data-end=\"351\">\u00a0M\u00f4 t\u1ea3 chi ti\u1ebft n\u1ed9i dung<\/strong><\/h2>\n<p data-start=\"354\" data-end=\"487\">Cu\u1ed1n s\u00e1ch t\u1eadp h\u1ee3p nh\u1eefng c\u00e2u n\u00f3i n\u1ed5i ti\u1ebfng c\u1ee7a Warren Buffett, k\u00e8m theo l\u1eddi b\u00ecnh v\u00e0 ph\u00e2n t\u00edch ng\u1eafn g\u1ecdn, chia th\u00e0nh c\u00e1c ch\u1ee7 \u0111\u1ec1 ch\u00ednh:<\/p>\n<h3 data-start=\"489\" data-end=\"522\"><strong data-start=\"493\" data-end=\"520\">Ph\u1ea7n 1: Tri\u1ebft l\u00fd \u0111\u1ea7u t\u01b0<\/strong><\/h3>\n<ul data-start=\"523\" data-end=\"644\">\n<li data-start=\"523\" data-end=\"576\">\n<p data-start=\"525\" data-end=\"576\">Nguy\u00ean t\u1eafc \u201cmua v\u00e0 gi\u1eef\u201d c\u1ed5 phi\u1ebfu c\u1ee7a c\u00f4ng ty t\u1ed1t.<\/p>\n<\/li>\n<li data-start=\"577\" data-end=\"644\">\n<p data-start=\"579\" data-end=\"644\">Ch\u1ec9 \u0111\u1ea7u t\u01b0 v\u00e0o l\u0129nh v\u1ef1c m\u00ecnh am hi\u1ec3u v\u00e0 c\u00f3 th\u1ec3 d\u1ef1 \u0111o\u00e1n d\u00e0i h\u1ea1n.<\/p>\n<\/li>\n<\/ul>\n<h3 data-start=\"646\" data-end=\"685\"><strong data-start=\"650\" data-end=\"683\">Ph\u1ea7n 2: Qu\u1ea3n tr\u1ecb doanh nghi\u1ec7p<\/strong><\/h3>\n<ul data-start=\"686\" data-end=\"793\">\n<li data-start=\"686\" data-end=\"748\">\n<p data-start=\"688\" data-end=\"748\">T\u1ea7m quan tr\u1ecdng c\u1ee7a ban l\u00e3nh \u0111\u1ea1o trung th\u1ef1c v\u00e0 c\u00f3 n\u0103ng l\u1ef1c.<\/p>\n<\/li>\n<li data-start=\"749\" data-end=\"793\">\n<p data-start=\"751\" data-end=\"793\">V\u0103n h\u00f3a doanh nghi\u1ec7p l\u00e0 y\u1ebfu t\u1ed1 s\u1ed1ng c\u00f2n.<\/p>\n<\/li>\n<\/ul>\n<h3 data-start=\"795\" data-end=\"838\"><strong data-start=\"799\" data-end=\"836\">Ph\u1ea7n 3: Qu\u1ea3n l\u00fd t\u00e0i ch\u00ednh c\u00e1 nh\u00e2n<\/strong><\/h3>\n<ul data-start=\"839\" data-end=\"942\">\n<li data-start=\"839\" data-end=\"892\">\n<p data-start=\"841\" data-end=\"892\">Ti\u1ebft ki\u1ec7m, chi ti\u00eau h\u1ee3p l\u00fd v\u00e0 tr\u00e1nh n\u1ee3 ti\u00eau d\u00f9ng.<\/p>\n<\/li>\n<li data-start=\"893\" data-end=\"942\">\n<p data-start=\"895\" data-end=\"942\">\u0110\u1ea7u t\u01b0 cho b\u1ea3n th\u00e2n l\u00e0 kho\u1ea3n \u0111\u1ea7u t\u01b0 t\u1ed1t nh\u1ea5t.<\/p>\n<\/li>\n<\/ul>\n<h3 data-start=\"944\" data-end=\"989\"><strong data-start=\"948\" data-end=\"987\">Ph\u1ea7n 4: T\u01b0 duy v\u00e0 ph\u1ea9m ch\u1ea5t c\u00e1 nh\u00e2n<\/strong><\/h3>\n<ul data-start=\"990\" data-end=\"1107\">\n<li data-start=\"990\" data-end=\"1064\">\n<p data-start=\"992\" data-end=\"1064\">S\u1ed1ng gi\u1ea3n d\u1ecb, gi\u1eef ch\u1eef t\u00edn v\u00e0 x\u00e2y d\u1ef1ng m\u1ed1i quan h\u1ec7 d\u1ef1a tr\u00ean s\u1ef1 tin c\u1eady.<\/p>\n<\/li>\n<li data-start=\"1065\" data-end=\"1107\">\n<p data-start=\"1067\" data-end=\"1107\">H\u1ecdc h\u1ecfi li\u00ean t\u1ee5c v\u00e0 r\u00e8n luy\u1ec7n k\u1ef7 lu\u1eadt.<\/p>\n<\/li>\n<\/ul>\n<h3 data-start=\"1109\" data-end=\"1154\"><strong data-start=\"1113\" data-end=\"1152\">Ph\u1ea7n 5: T\u1eeb thi\u1ec7n v\u00e0 \u0111\u00f3ng g\u00f3p x\u00e3 h\u1ed9i<\/strong><\/h3>\n<ul data-start=\"1155\" data-end=\"1245\">\n<li data-start=\"1155\" data-end=\"1191\">\n<p data-start=\"1157\" data-end=\"1191\">Cam k\u1ebft cho \u0111i ph\u1ea7n l\u1edbn t\u00e0i s\u1ea3n.<\/p>\n<\/li>\n<li data-start=\"1192\" data-end=\"1245\">\n<p data-start=\"1194\" data-end=\"1245\">Ni\u1ec1m tin v\u00e0o tr\u00e1ch nhi\u1ec7m x\u00e3 h\u1ed9i c\u1ee7a gi\u1edbi gi\u00e0u c\u00f3.<\/p>\n<\/li>\n<\/ul>","protected":false},"featured_media":39517,"template":"","meta":{"_acf_changed":false},"product-collections":[262,264,263],"product_brand":[],"product_cat":[49],"product_tag":[],"class_list":{"0":"post-39512","1":"product","2":"type-product","3":"status-publish","4":"has-post-thumbnail","6":"product-collections-ban-chay","7":"product-collections-giam-gia","8":"product-collections-noi-bat","9":"product_cat-books","11":"first","12":"instock","13":"sale","14":"shipping-taxable","15":"purchasable","16":"product-type-simple"},"acf":[],"_links":{"self":[{"href":"https:\/\/hbbgroup.net\/zh\/wp-json\/wp\/v2\/product\/39512","targetHints":{"allow":["GET"]}}],"collection":[{"href":"https:\/\/hbbgroup.net\/zh\/wp-json\/wp\/v2\/product"}],"about":[{"href":"https:\/\/hbbgroup.net\/zh\/wp-json\/wp\/v2\/types\/product"}],"version-history":[{"count":0,"href":"https:\/\/hbbgroup.net\/zh\/wp-json\/wp\/v2\/product\/39512\/revisions"}],"wp:featuredmedia":[{"embeddable":true,"href":"https:\/\/hbbgroup.net\/zh\/wp-json\/wp\/v2\/media\/39517"}],"wp:attachment":[{"href":"https:\/\/hbbgroup.net\/zh\/wp-json\/wp\/v2\/media?parent=39512"}],"wp:term":[{"taxonomy":"product-collections","embeddable":true,"href":"https:\/\/hbbgroup.net\/zh\/wp-json\/wp\/v2\/product-collections?post=39512"},{"taxonomy":"product_brand","embeddable":true,"href":"https:\/\/hbbgroup.net\/zh\/wp-json\/wp\/v2\/product_brand?post=39512"},{"taxonomy":"product_cat","embeddable":true,"href":"https:\/\/hbbgroup.net\/zh\/wp-json\/wp\/v2\/product_cat?post=39512"},{"taxonomy":"product_tag","embeddable":true,"href":"https:\/\/hbbgroup.net\/zh\/wp-json\/wp\/v2\/product_tag?post=39512"}],"curies":[{"name":"wp","href":"https:\/\/api.w.org\/{rel}","templated":true}]}}