{"id":39460,"date":"2025-08-15T10:48:25","date_gmt":"2025-08-15T03:48:25","guid":{"rendered":"https:\/\/hbbgroup.net\/?post_type=product&#038;p=39460"},"modified":"2025-08-15T15:40:05","modified_gmt":"2025-08-15T08:40:05","slug":"triet-ly-dau-tu-cua-warren-buffett","status":"publish","type":"product","link":"https:\/\/hbbgroup.net\/zh\/tai-nguyen\/triet-ly-dau-tu-cua-warren-buffett\/","title":{"rendered":"Tri\u1ebft L\u00fd \u0110\u1ea7u T\u01b0 C\u1ee7a Warren Buffett"},"content":{"rendered":"<p>\u201cTri\u1ebft L\u00fd \u0110\u1ea7u T\u01b0 C\u1ee7a Warren Buffett\u201d c\u1ee7a Glen Arnold ph\u00e2n t\u00edch s\u00e2u nguy\u00ean t\u1eafc \u0111\u1ea7u t\u01b0 gi\u00e1 tr\u1ecb v\u00e0 nh\u1eefng th\u01b0\u01a1ng v\u1ee5 ti\u00eau bi\u1ec3u c\u1ee7a Buffett. Cu\u1ed1n s\u00e1ch gi\u00fap ng\u01b0\u1eddi \u0111\u1ecdc hi\u1ec3u r\u00f5 l\u00fd do \u0111\u1eb1ng sau c\u00e1c quy\u1ebft \u0111\u1ecbnh \u0111\u1ea7u t\u01b0 v\u00e0 c\u00e1ch \u00e1p d\u1ee5ng t\u01b0 duy n\u00e0y v\u00e0o th\u1ef1c ti\u1ec5n, \u0111\u1eb7c bi\u1ec7t ph\u00f9 h\u1ee3p cho nh\u00e0 \u0111\u1ea7u t\u01b0 mu\u1ed1n h\u1ecdc chi\u1ebfn l\u01b0\u1ee3c d\u00e0i h\u1ea1n.<\/p>","protected":false},"excerpt":{"rendered":"<h2 data-start=\"5\" data-end=\"36\"><strong data-start=\"8\" data-end=\"34\">Th\u00f4ng tin cu\u1ed1n s\u00e1ch<\/strong><\/h2>\n<ul data-start=\"37\" data-end=\"341\">\n<li data-start=\"37\" data-end=\"89\">\n<p data-start=\"39\" data-end=\"89\"><strong data-start=\"39\" data-end=\"52\">T\u00ean s\u00e1ch:<\/strong> Tri\u1ebft L\u00fd \u0110\u1ea7u T\u01b0 C\u1ee7a Warren Buffett<\/p>\n<\/li>\n<li data-start=\"90\" data-end=\"118\">\n<p data-start=\"92\" data-end=\"118\"><strong data-start=\"92\" data-end=\"104\">T\u00e1c gi\u1ea3:<\/strong> Glen Arnold<\/p>\n<\/li>\n<li data-start=\"119\" data-end=\"150\">\n<p data-start=\"121\" data-end=\"150\"><strong data-start=\"121\" data-end=\"136\">Ng\u01b0\u1eddi d\u1ecbch:<\/strong> Kh\u00e1nh Huy\u1ec1n<\/p>\n<\/li>\n<li data-start=\"151\" data-end=\"188\">\n<p data-start=\"153\" data-end=\"188\"><strong data-start=\"153\" data-end=\"170\">Nh\u00e0 xu\u1ea5t b\u1ea3n:<\/strong> NXB C\u00f4ng Th\u01b0\u01a1ng<\/p>\n<\/li>\n<li data-start=\"189\" data-end=\"236\">\n<p data-start=\"191\" data-end=\"236\"><strong data-start=\"191\" data-end=\"204\">Th\u1ec3 lo\u1ea1i:<\/strong> T\u00e0i ch\u00ednh, \u0110\u1ea7u t\u01b0, Kinh doanh<\/p>\n<\/li>\n<li data-start=\"237\" data-end=\"314\">\n<p data-start=\"239\" data-end=\"314\"><strong data-start=\"239\" data-end=\"256\">Ng\u00f4n ng\u1eef g\u1ed1c:<\/strong> Ti\u1ebfng Anh (<em data-start=\"268\" data-end=\"311\">The Deals of Warren Buffett: Volume 1 &amp; 2<\/em>)<\/p>\n<\/li>\n<li data-start=\"315\" data-end=\"341\">\n<p data-start=\"317\" data-end=\"341\"><strong data-start=\"317\" data-end=\"331\">H\u00ecnh th\u1ee9c:<\/strong> S\u00e1ch in<\/p>\n<\/li>\n<\/ul>\n<h2 data-start=\"348\" data-end=\"384\"><strong data-start=\"351\" data-end=\"382\">\u00a0M\u00f4 t\u1ea3 chi ti\u1ebft t\u1eebng ph\u1ea7n<\/strong><\/h2>\n<p data-start=\"385\" data-end=\"428\"><em data-start=\"385\" data-end=\"426\">(D\u1ef1a tr\u00ean c\u1ea5u tr\u00fac b\u1ea3n d\u1ecbch ti\u1ebfng Vi\u1ec7t)<\/em><\/p>\n<h3 data-start=\"430\" data-end=\"487\"><strong data-start=\"434\" data-end=\"485\">Ph\u1ea7n 1: Nguy\u00ean t\u1eafc c\u1ed1t l\u00f5i trong \u0111\u1ea7u t\u01b0 gi\u00e1 tr\u1ecb<\/strong><\/h3>\n<ul data-start=\"488\" data-end=\"667\">\n<li data-start=\"488\" data-end=\"560\">\n<p data-start=\"490\" data-end=\"560\">Mua c\u1ed5 phi\u1ebfu nh\u01b0 mua c\u1ea3 doanh nghi\u1ec7p, t\u1eadp trung v\u00e0o gi\u00e1 tr\u1ecb n\u1ed9i t\u1ea1i.<\/p>\n<\/li>\n<li data-start=\"561\" data-end=\"612\">\n<p data-start=\"563\" data-end=\"612\">\u01afu ti\u00ean c\u00f4ng ty c\u00f3 l\u1ee3i th\u1ebf c\u1ea1nh tranh b\u1ec1n v\u1eefng.<\/p>\n<\/li>\n<li data-start=\"613\" data-end=\"667\">\n<p data-start=\"615\" data-end=\"667\">Qu\u1ea3n l\u00fd v\u1ed1n d\u1ef1a tr\u00ean nguy\u00ean t\u1eafc \u201can to\u00e0n bi\u00ean \u0111\u1ed9\u201d.<\/p>\n<\/li>\n<\/ul>\n<h3 data-start=\"669\" data-end=\"701\"><strong data-start=\"673\" data-end=\"699\">Ph\u1ea7n 2: T\u01b0 duy d\u00e0i h\u1ea1n<\/strong><\/h3>\n<ul data-start=\"702\" data-end=\"817\">\n<li data-start=\"702\" data-end=\"759\">\n<p data-start=\"704\" data-end=\"759\">Kh\u00f4ng b\u1ecb cu\u1ed1n theo bi\u1ebfn \u0111\u1ed9ng ng\u1eafn h\u1ea1n c\u1ee7a th\u1ecb tr\u01b0\u1eddng.<\/p>\n<\/li>\n<li data-start=\"760\" data-end=\"817\">\n<p data-start=\"762\" data-end=\"817\">Gi\u1eef kho\u1ea3n \u0111\u1ea7u t\u01b0 trong nhi\u1ec1u n\u0103m \u0111\u1ec3 t\u1eadn d\u1ee5ng l\u00e3i k\u00e9p.<\/p>\n<\/li>\n<\/ul>\n<h3 data-start=\"819\" data-end=\"874\"><strong data-start=\"823\" data-end=\"872\">Ph\u1ea7n 3: Nh\u1eefng th\u01b0\u01a1ng v\u1ee5 ti\u00eau bi\u1ec3u c\u1ee7a Buffett<\/strong><\/h3>\n<ul data-start=\"875\" data-end=\"1022\">\n<li data-start=\"875\" data-end=\"971\">\n<p data-start=\"877\" data-end=\"971\">Ph\u00e2n t\u00edch c\u00e1c th\u01b0\u01a1ng v\u1ee5 l\u1edbn nh\u01b0 Coca-Cola, American Express, Washington Post, See\u2019s Candies\u2026<\/p>\n<\/li>\n<li data-start=\"972\" data-end=\"1022\">\n<p data-start=\"974\" data-end=\"1022\">Gi\u1ea3i th\u00edch l\u00fd do l\u1ef1a ch\u1ecdn v\u00e0 k\u1ebft qu\u1ea3 thu \u0111\u01b0\u1ee3c.<\/p>\n<\/li>\n<\/ul>\n<h3 data-start=\"1024\" data-end=\"1074\"><strong data-start=\"1028\" data-end=\"1072\">Ph\u1ea7n 4: Qu\u1ea3n tr\u1ecb v\u00e0 v\u0103n h\u00f3a doanh nghi\u1ec7p<\/strong><\/h3>\n<ul data-start=\"1075\" data-end=\"1187\">\n<li data-start=\"1075\" data-end=\"1130\">\n<p data-start=\"1077\" data-end=\"1130\">Buffett t\u00ecm ki\u1ebfm c\u00e1c CEO c\u00f3 t\u00e0i n\u0103ng v\u00e0 li\u00eam ch\u00ednh.<\/p>\n<\/li>\n<li data-start=\"1131\" data-end=\"1187\">\n<p data-start=\"1133\" data-end=\"1187\">V\u0103n h\u00f3a doanh nghi\u1ec7p d\u1ef1a tr\u00ean ni\u1ec1m tin v\u00e0 s\u1ef1 t\u1ef1 ch\u1ee7.<\/p>\n<\/li>\n<\/ul>\n<h3 data-start=\"1189\" data-end=\"1237\"><strong data-start=\"1193\" data-end=\"1235\">Ph\u1ea7n 5: B\u00e0i h\u1ecdc cho nh\u00e0 \u0111\u1ea7u t\u01b0 c\u00e1 nh\u00e2n<\/strong><\/h3>\n<ul data-start=\"1238\" data-end=\"1362\">\n<li data-start=\"1238\" data-end=\"1304\">\n<p data-start=\"1240\" data-end=\"1304\">Ki\u00ean nh\u1eabn ch\u1edd th\u1eddi c\u01a1, \u0111\u1ea7u t\u01b0 trong \u201cv\u00f9ng hi\u1ec3u bi\u1ebft\u201d c\u1ee7a m\u00ecnh.<\/p>\n<\/li>\n<li data-start=\"1305\" data-end=\"1362\">\n<p data-start=\"1307\" data-end=\"1362\">Kh\u00f4ng ch\u1ea1y theo xu h\u01b0\u1edbng m\u00e0 b\u1ecf qua nguy\u00ean t\u1eafc c\u01a1 b\u1ea3n.<\/p>\n<\/li>\n<\/ul>","protected":false},"featured_media":39461,"template":"","meta":{"_acf_changed":false},"product-collections":[262,264],"product_brand":[],"product_cat":[49],"product_tag":[],"class_list":{"0":"post-39460","1":"product","2":"type-product","3":"status-publish","4":"has-post-thumbnail","6":"product-collections-ban-chay","7":"product-collections-giam-gia","8":"product_cat-books","10":"first","11":"instock","12":"sale","13":"shipping-taxable","14":"purchasable","15":"product-type-simple"},"acf":[],"_links":{"self":[{"href":"https:\/\/hbbgroup.net\/zh\/wp-json\/wp\/v2\/product\/39460","targetHints":{"allow":["GET"]}}],"collection":[{"href":"https:\/\/hbbgroup.net\/zh\/wp-json\/wp\/v2\/product"}],"about":[{"href":"https:\/\/hbbgroup.net\/zh\/wp-json\/wp\/v2\/types\/product"}],"version-history":[{"count":0,"href":"https:\/\/hbbgroup.net\/zh\/wp-json\/wp\/v2\/product\/39460\/revisions"}],"wp:featuredmedia":[{"embeddable":true,"href":"https:\/\/hbbgroup.net\/zh\/wp-json\/wp\/v2\/media\/39461"}],"wp:attachment":[{"href":"https:\/\/hbbgroup.net\/zh\/wp-json\/wp\/v2\/media?parent=39460"}],"wp:term":[{"taxonomy":"product-collections","embeddable":true,"href":"https:\/\/hbbgroup.net\/zh\/wp-json\/wp\/v2\/product-collections?post=39460"},{"taxonomy":"product_brand","embeddable":true,"href":"https:\/\/hbbgroup.net\/zh\/wp-json\/wp\/v2\/product_brand?post=39460"},{"taxonomy":"product_cat","embeddable":true,"href":"https:\/\/hbbgroup.net\/zh\/wp-json\/wp\/v2\/product_cat?post=39460"},{"taxonomy":"product_tag","embeddable":true,"href":"https:\/\/hbbgroup.net\/zh\/wp-json\/wp\/v2\/product_tag?post=39460"}],"curies":[{"name":"wp","href":"https:\/\/api.w.org\/{rel}","templated":true}]}}