{"id":39418,"date":"2025-08-15T10:15:54","date_gmt":"2025-08-15T03:15:54","guid":{"rendered":"https:\/\/hbbgroup.net\/?post_type=product&#038;p=39418"},"modified":"2025-10-03T14:53:46","modified_gmt":"2025-10-03T07:53:46","slug":"henry-ford-toi-va-ford-motor-cach-ti-phu-henry-ford-dieu-hanh-ford-motor-tu-thuo-so-khai-den-tam-the-gioi-tai-ban-2023","status":"publish","type":"product","link":"https:\/\/hbbgroup.net\/zh\/tai-nguyen\/henry-ford-toi-va-ford-motor-cach-ti-phu-henry-ford-dieu-hanh-ford-motor-tu-thuo-so-khai-den-tam-the-gioi-tai-ban-2023\/","title":{"rendered":"Henry Ford &#8211; T\u00f4i V\u00e0 Ford Motor: C\u00e1ch T\u1ec9 Ph\u00fa Henry Ford \u0110i\u1ec1u H\u00e0nh Ford Motor T\u1eeb Thu\u1edf S\u01a1 Khai \u0110\u1ebfn T\u1ea7m Th\u1ebf Gi\u1edbi (T\u00e1i B\u1ea3n 2023)"},"content":{"rendered":"<p>\u201cT\u00f4i v\u00e0 Ford Motor\u201d l\u00e0 t\u1ef1 truy\u1ec7n kinh doanh c\u1ee7a Henry Ford, k\u1ec3 l\u1ea1i h\u00e0nh tr\u00ecnh t\u1eeb m\u1ed9t ng\u01b0\u1eddi th\u1ee3 m\u00e1y \u0111\u1ebfn nh\u00e0 s\u00e1ng l\u1eadp t\u1eadp \u0111o\u00e0n \u00f4 t\u00f4 Ford Motor l\u1eebng danh. S\u00e1ch kh\u00f4ng ch\u1ec9 l\u00e0 c\u00e2u chuy\u1ec7n kh\u1edfi nghi\u1ec7p, m\u00e0 c\u00f2n l\u00e0 b\u00e0i h\u1ecdc v\u1ec1 \u0111\u1ed5i m\u1edbi, qu\u1ea3n tr\u1ecb v\u00e0 tri\u1ebft l\u00fd kinh doanh h\u01b0\u1edbng t\u1edbi ph\u1ee5c v\u1ee5 \u0111\u1ea1i ch\u00fang.<\/p>","protected":false},"excerpt":{"rendered":"<h2 data-start=\"5\" data-end=\"36\"><strong data-start=\"8\" data-end=\"34\">Th\u00f4ng tin cu\u1ed1n s\u00e1ch<\/strong><\/h2>\n<ul data-start=\"37\" data-end=\"333\">\n<li data-start=\"37\" data-end=\"85\">\n<p data-start=\"39\" data-end=\"85\"><strong data-start=\"39\" data-end=\"52\">T\u00ean s\u00e1ch:<\/strong> Henry Ford \u2013 T\u00f4i v\u00e0 Ford Motor<\/p>\n<\/li>\n<li data-start=\"86\" data-end=\"131\">\n<p data-start=\"88\" data-end=\"131\"><strong data-start=\"88\" data-end=\"100\">T\u00e1c gi\u1ea3:<\/strong> Henry Ford &amp; Samuel Crowther<\/p>\n<\/li>\n<li data-start=\"132\" data-end=\"168\">\n<p data-start=\"134\" data-end=\"168\"><strong data-start=\"134\" data-end=\"149\">Ng\u01b0\u1eddi d\u1ecbch:<\/strong> Nguy\u1ec5n H\u1ea1o Nhi\u00ean<\/p>\n<\/li>\n<li data-start=\"169\" data-end=\"203\">\n<p data-start=\"171\" data-end=\"203\"><strong data-start=\"171\" data-end=\"188\">Nh\u00e0 xu\u1ea5t b\u1ea3n:<\/strong> NXB Th\u1ebf Gi\u1edbi<\/p>\n<\/li>\n<li data-start=\"204\" data-end=\"253\">\n<p data-start=\"206\" data-end=\"253\"><strong data-start=\"206\" data-end=\"219\">Th\u1ec3 lo\u1ea1i:<\/strong> T\u1ef1 truy\u1ec7n, Kinh doanh, L\u00e3nh \u0111\u1ea1o<\/p>\n<\/li>\n<li data-start=\"254\" data-end=\"306\">\n<p data-start=\"256\" data-end=\"306\"><strong data-start=\"256\" data-end=\"273\">Ng\u00f4n ng\u1eef g\u1ed1c:<\/strong> Ti\u1ebfng Anh (<em data-start=\"285\" data-end=\"303\">My Life and Work<\/em>)<\/p>\n<\/li>\n<li data-start=\"307\" data-end=\"333\">\n<p data-start=\"309\" data-end=\"333\"><strong data-start=\"309\" data-end=\"323\">H\u00ecnh th\u1ee9c:<\/strong> S\u00e1ch in<\/p>\n<\/li>\n<\/ul>\n<h2 data-start=\"340\" data-end=\"376\"><strong data-start=\"343\" data-end=\"374\">\u00a0M\u00f4 t\u1ea3 chi ti\u1ebft t\u1eebng ph\u1ea7n<\/strong><\/h2>\n<p data-start=\"377\" data-end=\"429\"><em data-start=\"377\" data-end=\"427\">(D\u1ef1a tr\u00ean c\u1ea5u tr\u00fac n\u1ed9i dung b\u1ea3n d\u1ecbch ti\u1ebfng Vi\u1ec7t)<\/em><\/p>\n<h3 data-start=\"431\" data-end=\"471\"><strong data-start=\"435\" data-end=\"469\">Ph\u1ea7n 1: H\u00e0nh tr\u00ecnh kh\u1edfi nghi\u1ec7p<\/strong><\/h3>\n<ul data-start=\"472\" data-end=\"625\">\n<li data-start=\"472\" data-end=\"526\">\n<p data-start=\"474\" data-end=\"526\">Tu\u1ed5i th\u01a1 v\u00e0 nh\u1eefng tr\u1ea3i nghi\u1ec7m ban \u0111\u1ea7u v\u1edbi m\u00e1y m\u00f3c.<\/p>\n<\/li>\n<li data-start=\"527\" data-end=\"625\">\n<p data-start=\"529\" data-end=\"625\">C\u00f4ng vi\u1ec7c t\u1ea1i c\u00e1c nh\u00e0 m\u00e1y c\u01a1 kh\u00ed v\u00e0 s\u1ef1 h\u00ecnh th\u00e0nh \u00fd t\u01b0\u1edfng ch\u1ebf t\u1ea1o xe h\u01a1i gi\u00e1 r\u1ebb cho m\u1ecdi ng\u01b0\u1eddi.<\/p>\n<\/li>\n<\/ul>\n<h3 data-start=\"627\" data-end=\"665\"><strong data-start=\"631\" data-end=\"663\">Ph\u1ea7n 2: Th\u00e0nh l\u1eadp Ford Motor<\/strong><\/h3>\n<ul data-start=\"666\" data-end=\"791\">\n<li data-start=\"666\" data-end=\"722\">\n<p data-start=\"668\" data-end=\"722\">Qu\u00e1 tr\u00ecnh huy \u0111\u1ed9ng v\u1ed1n, tuy\u1ec3n d\u1ee5ng nh\u00e2n s\u1ef1 \u0111\u1ea7u ti\u00ean.<\/p>\n<\/li>\n<li data-start=\"723\" data-end=\"791\">\n<p data-start=\"725\" data-end=\"791\">Tri\u1ebft l\u00fd kinh doanh \u201cch\u1ea5t l\u01b0\u1ee3ng cao \u2013 gi\u00e1 r\u1ebb \u2013 ph\u1ee5c v\u1ee5 s\u1ed1 \u0111\u00f4ng\u201d.<\/p>\n<\/li>\n<\/ul>\n<h3 data-start=\"793\" data-end=\"848\"><strong data-start=\"797\" data-end=\"846\">Ph\u1ea7n 3: \u0110\u1ed5i m\u1edbi s\u1ea3n xu\u1ea5t \u2013 D\u00e2y chuy\u1ec1n l\u1eafp r\u00e1p<\/strong><\/h3>\n<ul data-start=\"849\" data-end=\"1006\">\n<li data-start=\"849\" data-end=\"936\">\n<p data-start=\"851\" data-end=\"936\">S\u1ef1 ra \u0111\u1eddi c\u1ee7a d\u00e2y chuy\u1ec1n s\u1ea3n xu\u1ea5t h\u00e0ng lo\u1ea1t, gi\u00fap gi\u1ea3m gi\u00e1 th\u00e0nh v\u00e0 t\u0103ng s\u1ea3n l\u01b0\u1ee3ng.<\/p>\n<\/li>\n<li data-start=\"937\" data-end=\"1006\">\n<p data-start=\"939\" data-end=\"1006\">T\u00e1c \u0111\u1ed9ng c\u1ee7a \u0111\u1ed5i m\u1edbi s\u1ea3n xu\u1ea5t \u0111\u1ebfn ng\u00e0nh c\u00f4ng nghi\u1ec7p v\u00e0 x\u00e3 h\u1ed9i M\u1ef9.<\/p>\n<\/li>\n<\/ul>\n<h3 data-start=\"1008\" data-end=\"1058\"><strong data-start=\"1012\" data-end=\"1056\">Ph\u1ea7n 4: Qu\u1ea3n tr\u1ecb v\u00e0 v\u0103n h\u00f3a doanh nghi\u1ec7p<\/strong><\/h3>\n<ul data-start=\"1059\" data-end=\"1219\">\n<li data-start=\"1059\" data-end=\"1160\">\n<p data-start=\"1061\" data-end=\"1160\">Henry Ford chia s\u1ebb tri\u1ebft l\u00fd l\u00e3nh \u0111\u1ea1o, c\u00e1ch qu\u1ea3n l\u00fd nh\u00e2n s\u1ef1, ch\u1ebf \u0111\u1ed9 \u0111\u00e3i ng\u1ed9 v\u00e0 gi\u1eef ch\u00e2n ng\u01b0\u1eddi t\u00e0i.<\/p>\n<\/li>\n<li data-start=\"1161\" data-end=\"1219\">\n<p data-start=\"1163\" data-end=\"1219\">Quan \u0111i\u1ec3m v\u1ec1 \u0111\u1ea1o \u0111\u1ee9c kinh doanh v\u00e0 tr\u00e1ch nhi\u1ec7m x\u00e3 h\u1ed9i.<\/p>\n<\/li>\n<\/ul>\n<h3 data-start=\"1221\" data-end=\"1274\"><strong data-start=\"1225\" data-end=\"1272\">Ph\u1ea7n 5: T\u01b0 duy c\u1ea3i ti\u1ebfn v\u00e0 t\u1ea7m nh\u00ecn d\u00e0i h\u1ea1n<\/strong><\/h3>\n<ul data-start=\"1275\" data-end=\"1427\">\n<li data-start=\"1275\" data-end=\"1344\">\n<p data-start=\"1277\" data-end=\"1344\">Lu\u00f4n t\u00ecm c\u00e1ch n\u00e2ng cao ch\u1ea5t l\u01b0\u1ee3ng s\u1ea3n ph\u1ea9m v\u00e0 quy tr\u00ecnh s\u1ea3n xu\u1ea5t.<\/p>\n<\/li>\n<li data-start=\"1345\" data-end=\"1427\">\n<p data-start=\"1347\" data-end=\"1427\">K\u1ebf ho\u1ea1ch m\u1edf r\u1ed9ng ra th\u1ecb tr\u01b0\u1eddng qu\u1ed1c t\u1ebf v\u00e0 t\u1ea7m nh\u00ecn cho t\u01b0\u01a1ng lai ng\u00e0nh xe h\u01a1i.<\/p>\n<\/li>\n<\/ul>","protected":false},"featured_media":39427,"template":"","meta":{"_acf_changed":false},"product-collections":[264,263],"product_brand":[],"product_cat":[49],"product_tag":[],"class_list":{"0":"post-39418","1":"product","2":"type-product","3":"status-publish","4":"has-post-thumbnail","6":"product-collections-giam-gia","7":"product-collections-noi-bat","8":"product_cat-books","10":"first","11":"instock","12":"sale","13":"shipping-taxable","14":"purchasable","15":"product-type-simple"},"acf":[],"_links":{"self":[{"href":"https:\/\/hbbgroup.net\/zh\/wp-json\/wp\/v2\/product\/39418","targetHints":{"allow":["GET"]}}],"collection":[{"href":"https:\/\/hbbgroup.net\/zh\/wp-json\/wp\/v2\/product"}],"about":[{"href":"https:\/\/hbbgroup.net\/zh\/wp-json\/wp\/v2\/types\/product"}],"version-history":[{"count":1,"href":"https:\/\/hbbgroup.net\/zh\/wp-json\/wp\/v2\/product\/39418\/revisions"}],"predecessor-version":[{"id":50525,"href":"https:\/\/hbbgroup.net\/zh\/wp-json\/wp\/v2\/product\/39418\/revisions\/50525"}],"wp:featuredmedia":[{"embeddable":true,"href":"https:\/\/hbbgroup.net\/zh\/wp-json\/wp\/v2\/media\/39427"}],"wp:attachment":[{"href":"https:\/\/hbbgroup.net\/zh\/wp-json\/wp\/v2\/media?parent=39418"}],"wp:term":[{"taxonomy":"product-collections","embeddable":true,"href":"https:\/\/hbbgroup.net\/zh\/wp-json\/wp\/v2\/product-collections?post=39418"},{"taxonomy":"product_brand","embeddable":true,"href":"https:\/\/hbbgroup.net\/zh\/wp-json\/wp\/v2\/product_brand?post=39418"},{"taxonomy":"product_cat","embeddable":true,"href":"https:\/\/hbbgroup.net\/zh\/wp-json\/wp\/v2\/product_cat?post=39418"},{"taxonomy":"product_tag","embeddable":true,"href":"https:\/\/hbbgroup.net\/zh\/wp-json\/wp\/v2\/product_tag?post=39418"}],"curies":[{"name":"wp","href":"https:\/\/api.w.org\/{rel}","templated":true}]}}