{"id":2985,"date":"2025-05-05T10:33:00","date_gmt":"2025-05-05T10:33:00","guid":{"rendered":"https:\/\/hbbgroup.net\/product\/the-unbundled-university\/"},"modified":"2025-08-15T15:46:00","modified_gmt":"2025-08-15T08:46:00","slug":"ai-5-0","status":"publish","type":"product","link":"https:\/\/hbbgroup.net\/zh\/tai-nguyen\/ai-5-0\/","title":{"rendered":"AI 5.0 &#8211; Nhanh H\u01a1n, D\u1ec5 H\u01a1n, R\u1ebb H\u01a1n, Ch\u00ednh X\u00e1c H\u01a1n"},"content":{"rendered":"<p><em data-start=\"18\" data-end=\"69\">AI 5.0 \u2013 Nhanh h\u01a1n, D\u1ec5 h\u01a1n, R\u1ebb h\u01a1n, Ch\u00ednh x\u00e1c h\u01a1n<\/em> l\u00e0 cu\u1ed1n s\u00e1ch gi\u00fap \u0111\u1ed9c gi\u1ea3 hi\u1ec3u r\u00f5 c\u00e1ch tr\u00ed tu\u1ec7 nh\u00e2n t\u1ea1o \u0111ang c\u00e1ch m\u1ea1ng h\u00f3a m\u1ecdi l\u0129nh v\u1ef1c, t\u1eeb nghi\u00ean c\u1ee9u, l\u1eadp k\u1ebf ho\u1ea1ch, s\u1ea3n xu\u1ea5t \u0111\u1ebfn ra quy\u1ebft \u0111\u1ecbnh. V\u1edbi g\u00f3c nh\u00ecn th\u1ef1c ti\u1ec5n t\u1eeb ba chuy\u00ean gia h\u00e0ng \u0111\u1ea7u, s\u00e1ch ch\u1ec9 ra c\u00e1ch AI gi\u00fap t\u0103ng t\u1ed1c \u0111\u1ed9, gi\u1ea3m chi ph\u00ed, \u0111\u01a1n gi\u1ea3n h\u00f3a quy tr\u00ecnh v\u00e0 n\u00e2ng cao \u0111\u1ed9 ch\u00ednh x\u00e1c, \u0111\u1ed3ng th\u1eddi g\u1ee3i m\u1edf chi\u1ebfn l\u01b0\u1ee3c \u0111\u1ec3 doanh nghi\u1ec7p v\u00e0 c\u00e1 nh\u00e2n t\u1eadn d\u1ee5ng t\u1ed1i \u0111a s\u1ee9c m\u1ea1nh AI trong th\u1eddi \u0111\u1ea1i m\u1edbi.<\/p>","protected":false},"excerpt":{"rendered":"<h2 data-start=\"5\" data-end=\"36\"><strong data-start=\"8\" data-end=\"34\">Th\u00f4ng tin cu\u1ed1n s\u00e1ch<\/strong><\/h2>\n<ul data-start=\"37\" data-end=\"459\">\n<li data-start=\"37\" data-end=\"104\">\n<p data-start=\"39\" data-end=\"104\"><strong data-start=\"39\" data-end=\"52\">T\u00ean s\u00e1ch:<\/strong> AI 5.0 \u2013 Nhanh H\u01a1n, D\u1ec5 H\u01a1n, R\u1ebb H\u01a1n, Ch\u00ednh X\u00e1c H\u01a1n<\/p>\n<\/li>\n<li data-start=\"105\" data-end=\"161\">\n<p data-start=\"107\" data-end=\"161\"><strong data-start=\"107\" data-end=\"119\">T\u00e1c gi\u1ea3:<\/strong> Ajay Agrawal, Joshua Gans, Avi Goldfarb<\/p>\n<\/li>\n<li data-start=\"162\" data-end=\"189\">\n<p data-start=\"164\" data-end=\"189\"><strong data-start=\"164\" data-end=\"179\">Ng\u01b0\u1eddi d\u1ecbch:<\/strong> L\u00ea D\u0169ng<\/p>\n<\/li>\n<li data-start=\"190\" data-end=\"227\">\n<p data-start=\"192\" data-end=\"227\"><strong data-start=\"192\" data-end=\"209\">Nh\u00e0 xu\u1ea5t b\u1ea3n:<\/strong> NXB C\u00f4ng Th\u01b0\u01a1ng<\/p>\n<\/li>\n<li data-start=\"228\" data-end=\"264\">\n<p data-start=\"230\" data-end=\"264\"><strong data-start=\"230\" data-end=\"251\">\u0110\u01a1n v\u1ecb ph\u00e1t h\u00e0nh:<\/strong> 1980 Books<\/p>\n<\/li>\n<li data-start=\"265\" data-end=\"322\">\n<p data-start=\"267\" data-end=\"322\"><strong data-start=\"267\" data-end=\"280\">Th\u1ec3 lo\u1ea1i:<\/strong> C\u00f4ng ngh\u1ec7, Tr\u00ed tu\u1ec7 nh\u00e2n t\u1ea1o, Kinh doanh<\/p>\n<\/li>\n<li data-start=\"323\" data-end=\"432\">\n<p data-start=\"325\" data-end=\"432\"><strong data-start=\"325\" data-end=\"342\">Ng\u00f4n ng\u1eef g\u1ed1c:<\/strong> Ti\u1ebfng Anh (<em data-start=\"354\" data-end=\"429\">Power and Prediction: The Disruptive Economics of Artificial Intelligence<\/em>)<\/p>\n<\/li>\n<li data-start=\"433\" data-end=\"459\">\n<p data-start=\"435\" data-end=\"459\"><strong data-start=\"435\" data-end=\"449\">H\u00ecnh th\u1ee9c:<\/strong> S\u00e1ch in<\/p>\n<\/li>\n<\/ul>\n<h2 data-start=\"466\" data-end=\"502\"><strong data-start=\"469\" data-end=\"500\">\u00a0M\u00f4 t\u1ea3 chi ti\u1ebft t\u1eebng ph\u1ea7n<\/strong><\/h2>\n<p data-start=\"503\" data-end=\"558\"><em data-start=\"503\" data-end=\"556\">(D\u1ef1a tr\u00ean c\u1ea5u tr\u00fac v\u00e0 n\u1ed9i dung b\u1ea3n d\u1ecbch ti\u1ebfng Vi\u1ec7t)<\/em><\/p>\n<h3 data-start=\"560\" data-end=\"597\"><strong data-start=\"564\" data-end=\"595\">Ph\u1ea7n 1: B\u1ea3n ch\u1ea5t c\u1ee7a AI 5.0<\/strong><\/h3>\n<ul data-start=\"598\" data-end=\"772\">\n<li data-start=\"598\" data-end=\"648\">\n<p data-start=\"600\" data-end=\"648\">Gi\u1edbi thi\u1ec7u s\u1ef1 ph\u00e1t tri\u1ec3n t\u1eeb AI 1.0 \u0111\u1ebfn AI 5.0.<\/p>\n<\/li>\n<li data-start=\"649\" data-end=\"772\">\n<p data-start=\"651\" data-end=\"772\">AI 5.0 kh\u00f4ng ch\u1ec9 l\u00e0 c\u00f4ng c\u1ee5 x\u1eed l\u00fd d\u1eef li\u1ec7u m\u00e0 c\u00f2n l\u00e0 \u201cb\u1ed9 n\u00e3o\u201d \u0111\u01b0a ra d\u1ef1 \u0111o\u00e1n, quy\u1ebft \u0111\u1ecbnh ch\u00ednh x\u00e1c h\u01a1n v\u1edbi chi ph\u00ed th\u1ea5p.<\/p>\n<\/li>\n<\/ul>\n<h3 data-start=\"774\" data-end=\"823\"><strong data-start=\"778\" data-end=\"821\">Ph\u1ea7n 2: 4 \u0111\u1eb7c \u0111i\u1ec3m then ch\u1ed1t c\u1ee7a AI 5.0<\/strong><\/h3>\n<ol data-start=\"824\" data-end=\"1274\">\n<li data-start=\"824\" data-end=\"951\">\n<p data-start=\"827\" data-end=\"951\"><strong data-start=\"827\" data-end=\"864\">H\u1ecdc t\u1eadp v\u00e0 nghi\u00ean c\u1ee9u d\u1ec5 d\u00e0ng h\u01a1n<\/strong> \u2013 AI gi\u00fap thu th\u1eadp, ph\u00e2n t\u00edch d\u1eef li\u1ec7u kh\u1ed5ng l\u1ed3 nhanh ch\u00f3ng, h\u1ed7 tr\u1ee3 \u0111\u1ed5i m\u1edbi s\u00e1ng t\u1ea1o.<\/p>\n<\/li>\n<li data-start=\"952\" data-end=\"1065\">\n<p data-start=\"955\" data-end=\"1065\"><strong data-start=\"955\" data-end=\"1002\">L\u1eadp k\u1ebf ho\u1ea1ch v\u00e0 gi\u1ea3i quy\u1ebft v\u1ea5n \u0111\u1ec1 nhanh h\u01a1n<\/strong> \u2013 AI h\u1ed7 tr\u1ee3 ra quy\u1ebft \u0111\u1ecbnh th\u1eddi gian th\u1ef1c, t\u1ed1i \u01b0u chi\u1ebfn l\u01b0\u1ee3c.<\/p>\n<\/li>\n<li data-start=\"1066\" data-end=\"1161\">\n<p data-start=\"1069\" data-end=\"1161\"><strong data-start=\"1069\" data-end=\"1106\">Chi ph\u00ed \u0111\u1ea7u t\u01b0 v\u00e0 s\u1ea3n xu\u1ea5t r\u1ebb h\u01a1n<\/strong> \u2013 T\u1ef1 \u0111\u1ed9ng h\u00f3a th\u00f4ng minh gi\u00fap gi\u1ea3m chi ph\u00ed v\u1eadn h\u00e0nh.<\/p>\n<\/li>\n<li data-start=\"1162\" data-end=\"1274\">\n<p data-start=\"1165\" data-end=\"1274\"><strong data-start=\"1165\" data-end=\"1201\">\u0110\u00e1nh gi\u00e1 v\u00e0 d\u1ef1 b\u00e1o ch\u00ednh x\u00e1c h\u01a1n<\/strong> \u2013 Kh\u1ea3 n\u0103ng ph\u00e2n t\u00edch d\u1ef1a tr\u00ean d\u1eef li\u1ec7u l\u1edbn gi\u00fap gi\u1ea3m r\u1ee7i ro v\u00e0 sai s\u00f3t.<\/p>\n<\/li>\n<\/ol>\n<h3 data-start=\"1276\" data-end=\"1320\"><strong data-start=\"1280\" data-end=\"1318\">Ph\u1ea7n 3: T\u00e1c \u0111\u1ed9ng kinh t\u1ebf v\u00e0 x\u00e3 h\u1ed9i<\/strong><\/h3>\n<ul data-start=\"1321\" data-end=\"1447\">\n<li data-start=\"1321\" data-end=\"1387\">\n<p data-start=\"1323\" data-end=\"1387\">AI thay \u0111\u1ed5i m\u00f4 h\u00ecnh kinh doanh, t\u1ea1o ra l\u1ee3i th\u1ebf c\u1ea1nh tranh m\u1edbi.<\/p>\n<\/li>\n<li data-start=\"1388\" data-end=\"1447\">\n<p data-start=\"1390\" data-end=\"1447\">R\u1ee7i ro v\u1ec1 vi\u1ec7c l\u00e0m, \u0111\u1ea1o \u0111\u1ee9c AI, quy\u1ec1n ri\u00eang t\u01b0 d\u1eef li\u1ec7u.<\/p>\n<\/li>\n<\/ul>\n<h3 data-start=\"1449\" data-end=\"1489\"><strong data-start=\"1453\" data-end=\"1487\">Ph\u1ea7n 4: Chi\u1ebfn l\u01b0\u1ee3c \u1ee9ng d\u1ee5ng AI<\/strong><\/h3>\n<ul data-start=\"1490\" data-end=\"1684\">\n<li data-start=\"1490\" data-end=\"1553\">\n<p data-start=\"1492\" data-end=\"1553\">Doanh nghi\u1ec7p c\u1ea7n x\u00e1c \u0111\u1ecbnh \u0111\u00fang v\u1ea5n \u0111\u1ec1 AI c\u00f3 th\u1ec3 gi\u1ea3i quy\u1ebft.<\/p>\n<\/li>\n<li data-start=\"1554\" data-end=\"1610\">\n<p data-start=\"1556\" data-end=\"1610\">X\u00e2y d\u1ef1ng h\u1ea1 t\u1ea7ng d\u1eef li\u1ec7u v\u00e0 \u0111\u1ed9i ng\u0169 nh\u00e2n s\u1ef1 ph\u00f9 h\u1ee3p.<\/p>\n<\/li>\n<li data-start=\"1611\" data-end=\"1684\">\n<p data-start=\"1613\" data-end=\"1684\">Tri\u1ec3n khai t\u1eebng b\u01b0\u1edbc \u0111\u1ec3 t\u1eadn d\u1ee5ng AI hi\u1ec7u qu\u1ea3 m\u00e0 v\u1eabn ki\u1ec3m so\u00e1t r\u1ee7i ro.<\/p>\n<\/li>\n<\/ul>","protected":false},"featured_media":38667,"template":"","meta":{"_acf_changed":false},"product-collections":[262,264,263],"product_brand":[],"product_cat":[49],"product_tag":[],"class_list":{"0":"post-2985","1":"product","2":"type-product","3":"status-publish","4":"has-post-thumbnail","6":"product-collections-ban-chay","7":"product-collections-giam-gia","8":"product-collections-noi-bat","9":"product_cat-books","11":"first","12":"instock","13":"sale","14":"shipping-taxable","15":"purchasable","16":"product-type-simple"},"acf":[],"_links":{"self":[{"href":"https:\/\/hbbgroup.net\/zh\/wp-json\/wp\/v2\/product\/2985","targetHints":{"allow":["GET"]}}],"collection":[{"href":"https:\/\/hbbgroup.net\/zh\/wp-json\/wp\/v2\/product"}],"about":[{"href":"https:\/\/hbbgroup.net\/zh\/wp-json\/wp\/v2\/types\/product"}],"version-history":[{"count":0,"href":"https:\/\/hbbgroup.net\/zh\/wp-json\/wp\/v2\/product\/2985\/revisions"}],"wp:featuredmedia":[{"embeddable":true,"href":"https:\/\/hbbgroup.net\/zh\/wp-json\/wp\/v2\/media\/38667"}],"wp:attachment":[{"href":"https:\/\/hbbgroup.net\/zh\/wp-json\/wp\/v2\/media?parent=2985"}],"wp:term":[{"taxonomy":"product-collections","embeddable":true,"href":"https:\/\/hbbgroup.net\/zh\/wp-json\/wp\/v2\/product-collections?post=2985"},{"taxonomy":"product_brand","embeddable":true,"href":"https:\/\/hbbgroup.net\/zh\/wp-json\/wp\/v2\/product_brand?post=2985"},{"taxonomy":"product_cat","embeddable":true,"href":"https:\/\/hbbgroup.net\/zh\/wp-json\/wp\/v2\/product_cat?post=2985"},{"taxonomy":"product_tag","embeddable":true,"href":"https:\/\/hbbgroup.net\/zh\/wp-json\/wp\/v2\/product_tag?post=2985"}],"curies":[{"name":"wp","href":"https:\/\/api.w.org\/{rel}","templated":true}]}}