{"id":2982,"date":"2025-05-05T10:32:59","date_gmt":"2025-05-05T10:32:59","guid":{"rendered":"https:\/\/hbbgroup.net\/product\/digital-skills\/"},"modified":"2025-08-15T15:49:22","modified_gmt":"2025-08-15T08:49:22","slug":"how-an-economy-grows-and-why-it-crashes","status":"publish","type":"product","link":"https:\/\/hbbgroup.net\/zh\/tai-nguyen\/how-an-economy-grows-and-why-it-crashes\/","title":{"rendered":"N\u1ec1n Kinh T\u1ebf T\u0103ng Tr\u01b0\u1edfng V\u00e0 S\u1ee5p \u0110\u1ed5 Nh\u01b0 Th\u1ebf N\u00e0o? (How an Economy Grows and Why It Crashes)"},"content":{"rendered":"<p>Cu\u1ed1n s\u00e1ch l\u00e0 m\u1ed9t c\u00e2u chuy\u1ec7n ng\u1ee5 ng\u00f4n hi\u1ec7n \u0111\u1ea1i gi\u1ea3i th\u00edch c\u00e1c nguy\u00ean t\u1eafc kinh t\u1ebf c\u01a1 b\u1ea3n \u2013 t\u1eeb s\u1ea3n xu\u1ea5t, ti\u1ebft ki\u1ec7m, th\u01b0\u01a1ng m\u1ea1i, ti\u1ec1n t\u1ec7 \u0111\u1ebfn l\u1ea1m ph\u00e1t v\u00e0 kh\u1ee7ng ho\u1ea3ng \u2013 qua minh h\u1ecda sinh \u0111\u1ed9ng v\u00e0 h\u00e0i h\u01b0\u1edbc. \u0110\u00e2y l\u00e0 l\u1ef1a ch\u1ecdn l\u00fd t\u01b0\u1edfng cho ng\u01b0\u1eddi m\u1edbi t\u00ecm hi\u1ec3u kinh t\u1ebf ho\u1eb7c mu\u1ed1n n\u1eafm r\u00f5 nguy\u00ean nh\u00e2n khi\u1ebfn n\u1ec1n kinh t\u1ebf t\u0103ng tr\u01b0\u1edfng r\u1ed3i s\u1ee5p \u0111\u1ed5.<\/p>","protected":false},"excerpt":{"rendered":"<h2 data-start=\"5\" data-end=\"36\"><strong data-start=\"8\" data-end=\"34\">Th\u00f4ng tin cu\u1ed1n s\u00e1ch<\/strong><\/h2>\n<ul data-start=\"156\" data-end=\"555\">\n<li data-start=\"156\" data-end=\"264\">\n<p data-start=\"158\" data-end=\"264\"><strong data-start=\"158\" data-end=\"171\">T\u00ean s\u00e1ch:<\/strong> N\u1ec1n Kinh T\u1ebf T\u0103ng Tr\u01b0\u1edfng V\u00e0 S\u1ee5p \u0110\u1ed5 Nh\u01b0 Th\u1ebf N\u00e0o? (<em data-start=\"220\" data-end=\"261\">How an Economy Grows and Why It Crashes<\/em>)<\/p>\n<\/li>\n<li data-start=\"265\" data-end=\"316\">\n<p data-start=\"267\" data-end=\"316\"><strong data-start=\"267\" data-end=\"279\">T\u00e1c gi\u1ea3:<\/strong> Peter D. Schiff &amp; Andrew J. Schiff<\/p>\n<\/li>\n<li data-start=\"317\" data-end=\"354\">\n<p data-start=\"319\" data-end=\"354\"><strong data-start=\"319\" data-end=\"334\">Ng\u01b0\u1eddi d\u1ecbch:<\/strong> Nguy\u1ec5n D\u01b0\u01a1ng Hi\u1ebfu<\/p>\n<\/li>\n<li data-start=\"355\" data-end=\"389\">\n<p data-start=\"357\" data-end=\"389\"><strong data-start=\"357\" data-end=\"374\">Nh\u00e0 xu\u1ea5t b\u1ea3n:<\/strong> NXB H\u1ed3ng \u0110\u1ee9c<\/p>\n<\/li>\n<li data-start=\"390\" data-end=\"423\">\n<p data-start=\"392\" data-end=\"423\"><strong data-start=\"392\" data-end=\"413\">\u0110\u01a1n v\u1ecb ph\u00e1t h\u00e0nh:<\/strong> DTBooks<\/p>\n<\/li>\n<li data-start=\"424\" data-end=\"476\">\n<p data-start=\"426\" data-end=\"476\"><strong data-start=\"426\" data-end=\"439\">Th\u1ec3 lo\u1ea1i:<\/strong> Kinh t\u1ebf h\u1ecdc, T\u00e0i ch\u00ednh, Kinh doanh<\/p>\n<\/li>\n<li data-start=\"477\" data-end=\"508\">\n<p data-start=\"479\" data-end=\"508\"><strong data-start=\"479\" data-end=\"496\">Ng\u00f4n ng\u1eef g\u1ed1c:<\/strong> Ti\u1ebfng Anh<\/p>\n<\/li>\n<li data-start=\"509\" data-end=\"555\">\n<p data-start=\"511\" data-end=\"555\"><strong data-start=\"511\" data-end=\"525\">H\u00ecnh th\u1ee9c:<\/strong> S\u00e1ch in, minh h\u1ecda sinh \u0111\u1ed9ng<\/p>\n<\/li>\n<\/ul>\n<h2 data-start=\"404\" data-end=\"454\"><strong data-start=\"407\" data-end=\"454\">M\u00f4 t\u1ea3 chi ti\u1ebft t\u1eebng ch\u01b0\u01a1ng \u2013 B\u1ea3n ti\u1ebfng Vi\u1ec7t<\/strong><\/h2>\n<h3 data-start=\"456\" data-end=\"494\"><strong data-start=\"460\" data-end=\"492\">Ch\u01b0\u01a1ng 1: M\u1ed9t \u00fd t\u01b0\u1edfng ra \u0111\u1eddi<\/strong><\/h3>\n<p data-start=\"495\" data-end=\"753\">C\u00e2u chuy\u1ec7n b\u1eaft \u0111\u1ea7u tr\u00ean m\u1ed9t h\u00f2n \u0111\u1ea3o, n\u01a1i c\u01b0 d\u00e2n s\u1ed1ng b\u1eb1ng vi\u1ec7c b\u1eaft c\u00e1 h\u1eb1ng ng\u00e0y \u0111\u1ec3 sinh t\u1ed3n. M\u1ed9t ng\u01b0\u1eddi n\u1ea3y ra \u00fd t\u01b0\u1edfng t\u1ea1o ra c\u00f4ng c\u1ee5 gi\u00fap b\u1eaft c\u00e1 nhanh h\u01a1n v\u00e0 hi\u1ec7u qu\u1ea3 h\u01a1n. \u0110\u00e2y l\u00e0 b\u01b0\u1edbc ngo\u1eb7t kh\u1edfi \u0111\u1ea7u cho kh\u00e1i ni\u1ec7m \u201c\u0111\u1ea7u t\u01b0 \u0111\u1ec3 t\u0103ng n\u0103ng su\u1ea5t\u201d trong kinh t\u1ebf h\u1ecdc.<\/p>\n<h3 data-start=\"755\" data-end=\"790\"><strong data-start=\"759\" data-end=\"788\">Ch\u01b0\u01a1ng 2: Chia s\u1ebb c\u1ee7a c\u1ea3i<\/strong><\/h3>\n<p data-start=\"791\" data-end=\"977\">Ng\u01b0\u1eddi ph\u00e1t minh c\u00f4ng c\u1ee5 b\u1eaft c\u00e1 chia s\u1ebb th\u00e0nh qu\u1ea3 v\u1edbi nh\u1eefng ng\u01b0\u1eddi kh\u00e1c, m\u1edf ra m\u00f4 h\u00ecnh h\u1ee3p t\u00e1c. \u0110\u00e2y l\u00e0 v\u00ed d\u1ee5 v\u1ec1 vi\u1ec7c ph\u00e2n ph\u1ed1i c\u1ee7a c\u1ea3i v\u00e0 l\u1ee3i \u00edch c\u1ee7a c\u1ed9ng \u0111\u1ed3ng khi n\u0103ng su\u1ea5t \u0111\u01b0\u1ee3c n\u00e2ng cao.<\/p>\n<h3 data-start=\"979\" data-end=\"1031\"><strong data-start=\"983\" data-end=\"1029\">Ch\u01b0\u01a1ng 3: Nh\u1eefng c\u00e1ch th\u1ee9c s\u1eed d\u1ee5ng t\u00edn d\u1ee5ng<\/strong><\/h3>\n<p data-start=\"1032\" data-end=\"1199\">Ng\u01b0\u1eddi d\u00e2n b\u1eaft \u0111\u1ea7u vay m\u01b0\u1ee3n c\u00f4ng c\u1ee5 ho\u1eb7c c\u00e1 \u0111\u1ec3 \u0111\u1ea7u t\u01b0 cho t\u01b0\u01a1ng lai. Ch\u01b0\u01a1ng n\u00e0y gi\u1ea3i th\u00edch kh\u00e1i ni\u1ec7m t\u00edn d\u1ee5ng, n\u1ee3 v\u00e0 l\u1ee3i \u00edch (c\u0169ng nh\u01b0 r\u1ee7i ro) khi d\u00f9ng tr\u01b0\u1edbc ngu\u1ed3n l\u1ef1c.<\/p>\n<h3 data-start=\"1201\" data-end=\"1236\"><strong data-start=\"1205\" data-end=\"1234\">Ch\u01b0\u01a1ng 4: M\u1edf r\u1ed9ng kinh t\u1ebf<\/strong><\/h3>\n<p data-start=\"1237\" data-end=\"1406\">N\u0103ng su\u1ea5t t\u0103ng gi\u00fap s\u1ea3n xu\u1ea5t d\u01b0 th\u1eeba, t\u1ea1o \u0111i\u1ec1u ki\u1ec7n cho th\u01b0\u01a1ng m\u1ea1i v\u00e0 \u0111a d\u1ea1ng h\u00f3a ng\u00e0nh ngh\u1ec1. \u0110\u00e2y l\u00e0 b\u01b0\u1edbc ti\u1ebfn t\u1eeb n\u1ec1n kinh t\u1ebf t\u1ef1 cung t\u1ef1 c\u1ea5p sang n\u1ec1n kinh t\u1ebf th\u1ecb tr\u01b0\u1eddng.<\/p>\n<h3 data-start=\"1408\" data-end=\"1446\"><strong data-start=\"1412\" data-end=\"1444\">Ch\u01b0\u01a1ng 5: C\u00f3 ph\u00fac c\u00f9ng h\u01b0\u1edfng<\/strong><\/h3>\n<p data-start=\"1447\" data-end=\"1613\">S\u1ef1 th\u1ecbnh v\u01b0\u1ee3ng lan t\u1ecfa trong c\u1ed9ng \u0111\u1ed3ng, nh\u01b0ng c\u0169ng b\u1eaft \u0111\u1ea7u n\u1ea3y sinh nh\u1eefng b\u1ea5t \u0111\u1ed3ng v\u1ec1 ph\u00e2n chia l\u1ee3i \u00edch. Ch\u01b0\u01a1ng n\u00e0y ph\u1ea3n \u00e1nh kh\u00eda c\u1ea1nh x\u00e3 h\u1ed9i c\u1ee7a t\u0103ng tr\u01b0\u1edfng kinh t\u1ebf.<\/p>\n<h3 data-start=\"1615\" data-end=\"1647\"><strong data-start=\"1619\" data-end=\"1645\">Ch\u01b0\u01a1ng 6: C\u1ea5t v\u00e0o kho!<\/strong><\/h3>\n<p data-start=\"1648\" data-end=\"1788\">Xu\u1ea5t hi\u1ec7n nhu c\u1ea7u l\u01b0u tr\u1eef c\u1ee7a c\u1ea3i (c\u00e1) \u0111\u1ec3 d\u00f9ng sau, d\u1eabn \u0111\u1ebfn kh\u00e1i ni\u1ec7m kho ch\u1ee9a v\u00e0 h\u1ec7 th\u1ed1ng d\u1ef1 tr\u1eef \u2014 ti\u1ec1n \u0111\u1ec1 c\u1ee7a ng\u00e2n h\u00e0ng v\u00e0 th\u1ecb tr\u01b0\u1eddng v\u1ed1n.<\/p>\n<h3 data-start=\"1790\" data-end=\"1837\"><strong data-start=\"1794\" data-end=\"1835\">Ch\u01b0\u01a1ng 7: C\u01a1 s\u1edf h\u1ea1 t\u1ea7ng v\u00e0 th\u01b0\u01a1ng m\u1ea1i<\/strong><\/h3>\n<p data-start=\"1838\" data-end=\"2015\">Khi c\u1ed9ng \u0111\u1ed3ng ph\u00e1t tri\u1ec3n, c\u01a1 s\u1edf h\u1ea1 t\u1ea7ng nh\u01b0 c\u1ea7u, \u0111\u01b0\u1eddng, b\u1ebfn c\u1ea3ng \u0111\u01b0\u1ee3c x\u00e2y d\u1ef1ng \u0111\u1ec3 ph\u1ee5c v\u1ee5 giao th\u01b0\u01a1ng. Ch\u01b0\u01a1ng n\u00e0y n\u00f3i v\u1ec1 vai tr\u00f2 c\u1ee7a \u0111\u1ea7u t\u01b0 c\u00f4ng v\u00e0 th\u01b0\u01a1ng m\u1ea1i trong t\u0103ng tr\u01b0\u1edfng.<\/p>\n<h3 data-start=\"2017\" data-end=\"2056\"><strong data-start=\"2021\" data-end=\"2054\">Ch\u01b0\u01a1ng 8: N\u1ec1n c\u1ed9ng h\u00f2a ra \u0111\u1eddi<\/strong><\/h3>\n<p data-start=\"2057\" data-end=\"2196\">C\u1ed9ng \u0111\u1ed3ng l\u1eadp ra m\u1ed9t h\u1ec7 th\u1ed1ng ch\u00ednh quy\u1ec1n \u0111\u1ec3 qu\u1ea3n l\u00fd, \u0111i\u1ec1u ph\u1ed1i v\u00e0 duy tr\u00ec tr\u1eadt t\u1ef1, ph\u1ea3n \u00e1nh s\u1ef1 h\u00ecnh th\u00e0nh c\u1ee7a th\u1ec3 ch\u1ebf ch\u00ednh tr\u1ecb \u2013 kinh t\u1ebf.<\/p>\n<h3 data-start=\"2198\" data-end=\"2244\"><strong data-start=\"2202\" data-end=\"2242\">Ch\u01b0\u01a1ng 9: Ch\u00ednh ph\u1ee7 tr\u1edf n\u00ean s\u00e1ng t\u1ea1o<\/strong><\/h3>\n<p data-start=\"2245\" data-end=\"2407\">Ch\u00ednh quy\u1ec1n t\u00ecm ki\u1ebfm nh\u1eefng c\u00e1ch m\u1edbi \u0111\u1ec3 qu\u1ea3n l\u00fd v\u00e0 th\u00fac \u0111\u1ea9y n\u1ec1n kinh t\u1ebf, nh\u01b0ng c\u0169ng c\u00f3 nguy c\u01a1 \u0111\u01b0a ra nh\u1eefng ch\u00ednh s\u00e1ch g\u00e2y m\u1ea5t c\u00e2n b\u1eb1ng, t\u1eeb \u0111\u00f3 d\u1eabn \u0111\u1ebfn kh\u1ee7ng ho\u1ea3ng.<\/p>\n<p data-start=\"2141\" data-end=\"2262\">","protected":false},"featured_media":39077,"template":"","meta":{"_acf_changed":false},"product-collections":[262,264,263],"product_brand":[],"product_cat":[49],"product_tag":[],"class_list":{"0":"post-2982","1":"product","2":"type-product","3":"status-publish","4":"has-post-thumbnail","6":"product-collections-ban-chay","7":"product-collections-giam-gia","8":"product-collections-noi-bat","9":"product_cat-books","11":"first","12":"instock","13":"sale","14":"shipping-taxable","15":"purchasable","16":"product-type-simple"},"acf":[],"_links":{"self":[{"href":"https:\/\/hbbgroup.net\/zh\/wp-json\/wp\/v2\/product\/2982","targetHints":{"allow":["GET"]}}],"collection":[{"href":"https:\/\/hbbgroup.net\/zh\/wp-json\/wp\/v2\/product"}],"about":[{"href":"https:\/\/hbbgroup.net\/zh\/wp-json\/wp\/v2\/types\/product"}],"version-history":[{"count":0,"href":"https:\/\/hbbgroup.net\/zh\/wp-json\/wp\/v2\/product\/2982\/revisions"}],"wp:featuredmedia":[{"embeddable":true,"href":"https:\/\/hbbgroup.net\/zh\/wp-json\/wp\/v2\/media\/39077"}],"wp:attachment":[{"href":"https:\/\/hbbgroup.net\/zh\/wp-json\/wp\/v2\/media?parent=2982"}],"wp:term":[{"taxonomy":"product-collections","embeddable":true,"href":"https:\/\/hbbgroup.net\/zh\/wp-json\/wp\/v2\/product-collections?post=2982"},{"taxonomy":"product_brand","embeddable":true,"href":"https:\/\/hbbgroup.net\/zh\/wp-json\/wp\/v2\/product_brand?post=2982"},{"taxonomy":"product_cat","embeddable":true,"href":"https:\/\/hbbgroup.net\/zh\/wp-json\/wp\/v2\/product_cat?post=2982"},{"taxonomy":"product_tag","embeddable":true,"href":"https:\/\/hbbgroup.net\/zh\/wp-json\/wp\/v2\/product_tag?post=2982"}],"curies":[{"name":"wp","href":"https:\/\/api.w.org\/{rel}","templated":true}]}}