{"id":6314,"date":"2025-06-01T22:06:30","date_gmt":"2025-06-01T15:06:30","guid":{"rendered":"https:\/\/hbbgroup.net\/?page_id=6314"},"modified":"2026-01-29T12:24:23","modified_gmt":"2026-01-29T05:24:23","slug":"dang-nhap","status":"publish","type":"page","link":"https:\/\/hbbgroup.net\/zh\/dang-nhap\/","title":{"rendered":"\u0110\u0103ng nh\u1eadp"},"content":{"rendered":"<div data-elementor-type=\"wp-page\" data-elementor-id=\"6314\" class=\"elementor elementor-6314\" data-elementor-post-type=\"page\">\n\t\t\t\t\t\t<section class=\"elementor-section elementor-top-section elementor-element elementor-element-659a134f elementor-section-stretched elementor-section-full_width elementor-section-height-default elementor-section-height-default\" data-id=\"659a134f\" data-element_type=\"section\" data-settings=\"{&quot;stretch_section&quot;:&quot;section-stretched&quot;}\">\n\t\t\t\t\t\t<div class=\"elementor-container elementor-column-gap-default\">\n\t\t\t\t\t<div class=\"elementor-column elementor-col-100 elementor-top-column elementor-element elementor-element-71e38180\" data-id=\"71e38180\" data-element_type=\"column\" data-settings=\"{&quot;coursector_ext_hide_logged_in&quot;:&quot;false&quot;}\">\n\t\t\t<div class=\"elementor-widget-wrap elementor-element-populated\">\n\t\t\t\t\t\t<div class=\"elementor-element elementor-element-5320190a elementor-widget elementor-widget-coursector-slider-zoom\" data-id=\"5320190a\" data-element_type=\"widget\" data-settings=\"{&quot;coursector_ext_hide_logged_in&quot;:&quot;false&quot;}\" data-widget_type=\"coursector-slider-zoom.default\">\n\t\t\t\t<div class=\"elementor-widget-container\">\n\t\t\t\t\t<div class=\"slider_zoom_wrapper\" data-autoplay=\"5000\" data-pagination=\"0\">\n\t\t<div class=\"slideshow__slide js-slider-home-slide\" data-slide=\"1\">\n\t\t\t<div class=\"slideshow__slide-background-parallax background-absolute js-parallax\" data-speed=\"-1\" data-position=\"top\">\n\t\t\t\t<div class=\"slideshow__slide-background-load-wrap background-absolute\">\n\t\t\t\t\t<div class=\"slideshow__slide-background-load background-absolute\">\n\t\t\t\t\t\t<div class=\"slideshow__slide-background-wrap background-absolute\">\n\t\t\t\t\t\t\t<div class=\"slideshow__slide-background background-absolute\">\n\t\t\t\t\t\t\t\t<div class=\"slideshow__slide-image-wrap background-absolute\">\n\t\t\t\t\t\t\t\t\t<div class=\"slideshow__slide-image background-absolute\" style=\"background-image: url(https:\/\/hbbgroup.net\/wp-content\/uploads\/2025\/08\/Screenshot-2025-08-08-at-05.41.08.png);\"><\/div>\n\t\t\t\t\t\t\t\t<\/div>\n\t\t\t\t\t\t\t<\/div>\n\t\t\t\t\t\t<\/div>\n\t\t\t\t\t<\/div>\n\t\t\t\t<\/div>\n\t\t\t<\/div>\n\t\t\t<div class=\"slideshow__slide-caption\">\n\t\t\t\t<div class=\"slideshow__slide-caption-text\">\n\t\t\t\t\t<div class=\"container js-parallax\" data-speed=\"2\" data-position=\"top\">\n\t\t\t\t\t\t<h2 class=\"slideshow__slide-caption-title\">HBBGROUP <\/h2>\n\t\t\t\t\t\t<div class=\"slideshow__slide-desc\"><\/div>\n\t\t\t\t\t\t\t\t\t\t\t\t<a class=\"slideshow__slide-caption-subtitle -load o-hsub -link\" href=\"\" >\n\t\t\t\t\t\t\t<span class=\"slideshow__slide-caption-subtitle-label\"> Quy\u1ebft \u0110\u1ecbnh \u0110\u00fang \u0110\u1eafn<\/span>\n\t\t\t\t\t\t<\/a>\n\t\t\t\t\t\t\t\t\t\t\t<\/div>\n\t\t\t\t<\/div>\n\t\t\t<\/div>\n\t\t<\/div>\n\t\t<div class=\"slideshow__slide js-slider-home-slide\" data-slide=\"2\">\n\t\t\t<div class=\"slideshow__slide-background-parallax background-absolute js-parallax\" data-speed=\"-1\" data-position=\"top\">\n\t\t\t\t<div class=\"slideshow__slide-background-load-wrap background-absolute\">\n\t\t\t\t\t<div class=\"slideshow__slide-background-load background-absolute\">\n\t\t\t\t\t\t<div class=\"slideshow__slide-background-wrap background-absolute\">\n\t\t\t\t\t\t\t<div class=\"slideshow__slide-background background-absolute\">\n\t\t\t\t\t\t\t\t<div class=\"slideshow__slide-image-wrap background-absolute\">\n\t\t\t\t\t\t\t\t\t<div class=\"slideshow__slide-image background-absolute\" style=\"background-image: url(https:\/\/hbbgroup.net\/wp-content\/uploads\/2025\/08\/Screenshot-2025-08-08-at-05.41.08.png);\"><\/div>\n\t\t\t\t\t\t\t\t<\/div>\n\t\t\t\t\t\t\t<\/div>\n\t\t\t\t\t\t<\/div>\n\t\t\t\t\t<\/div>\n\t\t\t\t<\/div>\n\t\t\t<\/div>\n\t\t\t<div class=\"slideshow__slide-caption\">\n\t\t\t\t<div class=\"slideshow__slide-caption-text\">\n\t\t\t\t\t<div class=\"container js-parallax\" data-speed=\"2\" data-position=\"top\">\n\t\t\t\t\t\t<h2 class=\"slideshow__slide-caption-title\">HBBGROUP <\/h2>\n\t\t\t\t\t\t<div class=\"slideshow__slide-desc\"><\/div>\n\t\t\t\t\t\t\t\t\t\t\t\t<a class=\"slideshow__slide-caption-subtitle -load o-hsub -link\" href=\"\" >\n\t\t\t\t\t\t\t<span class=\"slideshow__slide-caption-subtitle-label\">The Right Decision<\/span>\n\t\t\t\t\t\t<\/a>\n\t\t\t\t\t\t\t\t\t\t\t<\/div>\n\t\t\t\t<\/div>\n\t\t\t<\/div>\n\t\t<\/div>\n<\/div>\n\t\t\t\t<\/div>\n\t\t\t\t<\/div>\n\t\t\t\t\t<\/div>\n\t\t<\/div>\n\t\t\t\t\t<\/div>\n\t\t<\/section>\n\t\t\t\t<section class=\"elementor-section elementor-top-section elementor-element elementor-element-74ea400e elementor-section-boxed elementor-section-height-default elementor-section-height-default\" data-id=\"74ea400e\" data-element_type=\"section\">\n\t\t\t\t\t\t<div class=\"elementor-container elementor-column-gap-default\">\n\t\t\t\t\t<div class=\"elementor-column elementor-col-33 elementor-top-column elementor-element elementor-element-43590f45\" data-id=\"43590f45\" data-element_type=\"column\" data-settings=\"{&quot;background_background&quot;:&quot;classic&quot;,&quot;coursector_ext_hide_logged_in&quot;:&quot;false&quot;}\">\n\t\t\t<div class=\"elementor-widget-wrap\">\n\t\t\t\t\t\t\t<\/div>\n\t\t<\/div>\n\t\t\t\t<div class=\"elementor-column elementor-col-33 elementor-top-column elementor-element elementor-element-e89e4eb\" data-id=\"e89e4eb\" data-element_type=\"column\" data-settings=\"{&quot;background_background&quot;:&quot;classic&quot;,&quot;coursector_ext_hide_logged_in&quot;:&quot;false&quot;}\">\n\t\t\t<div class=\"elementor-widget-wrap elementor-element-populated\">\n\t\t\t\t\t\t<div class=\"elementor-element elementor-element-bd6be99 elementor-widget__width-initial elementor-widget elementor-widget-shortcode\" data-id=\"bd6be99\" data-element_type=\"widget\" data-settings=\"{&quot;coursector_ext_hide_logged_in&quot;:&quot;false&quot;}\" data-widget_type=\"shortcode.default\">\n\t\t\t\t<div class=\"elementor-widget-container\">\n\t\t\t\t\t\t\t<div class=\"elementor-shortcode\"><div class=\"learnpress\">\n<div class=\"learn-press-form-login learn-press-form\">\n\n\t<h3>\u767b\u5f55<\/h3>\n\n\t\n\t<form name=\"learn-press-login\" method=\"post\" action=\"\" data-trp-original-action=\"\">\n\n\t\t\n\t\t<ul class=\"form-fields\">\n\t\t\t<li class=\"form-field\">\n\t\t\t\t<label for=\"username\">\u7528\u6237\u540d\u6216\u7535\u5b50\u90ae\u4ef6&nbsp;<span class=\"required\">*<\/span><\/label>\n\t\t\t\t<input type=\"text\" name=\"username\" id=\"username\" placeholder=\"Email or username\" autocomplete=\"username\" \/>\n\t\t\t<\/li>\n\t\t\t<li class=\"form-field\">\n\t\t\t\t<label for=\"password\">\u5bc6\u7801&nbsp;<span class=\"required\">*<\/span><\/label>\n\t\t\t\t<input type=\"password\" name=\"password\" id=\"password\" placeholder=\"\u5bc6\u7801\" autocomplete=\"current-password\" \/>\n\t\t\t<\/li>\n\t\t<\/ul>\n\n\t\t\t\t<p>\n\t\t\t<label>\n\t\t\t\t<input type=\"checkbox\" name=\"rememberme\"\/>\n\t\t\t\t\u8bb0\u4f4f\u6211\t\t\t<\/label>\n\t\t<\/p>\n\n\t\t<style type=\"text\/css\">div.nsl-container[data-align=\"left\"] {\n    text-align: left;\n}\n\ndiv.nsl-container[data-align=\"center\"] {\n    text-align: center;\n}\n\ndiv.nsl-container[data-align=\"right\"] {\n    text-align: right;\n}\n\n\ndiv.nsl-container div.nsl-container-buttons a[data-plugin=\"nsl\"] {\n    text-decoration: none;\n    box-shadow: none;\n    border: 0;\n}\n\ndiv.nsl-container .nsl-container-buttons {\n    display: flex;\n    padding: 5px 0;\n}\n\ndiv.nsl-container.nsl-container-block .nsl-container-buttons {\n    display: inline-grid;\n    grid-template-columns: minmax(145px, auto);\n}\n\ndiv.nsl-container-block-fullwidth .nsl-container-buttons {\n    flex-flow: column;\n    align-items: center;\n}\n\ndiv.nsl-container-block-fullwidth .nsl-container-buttons a,\ndiv.nsl-container-block .nsl-container-buttons a {\n    flex: 1 1 auto;\n    display: block;\n    margin: 5px 0;\n    width: 100%;\n}\n\ndiv.nsl-container-inline {\n    margin: -5px;\n    text-align: left;\n}\n\ndiv.nsl-container-inline .nsl-container-buttons {\n    justify-content: center;\n    flex-wrap: wrap;\n}\n\ndiv.nsl-container-inline .nsl-container-buttons a {\n    margin: 5px;\n    display: inline-block;\n}\n\ndiv.nsl-container-grid .nsl-container-buttons {\n    flex-flow: row;\n    align-items: center;\n    flex-wrap: wrap;\n}\n\ndiv.nsl-container-grid .nsl-container-buttons a {\n    flex: 1 1 auto;\n    display: block;\n    margin: 5px;\n    max-width: 280px;\n    width: 100%;\n}\n\n@media only screen and (min-width: 650px) {\n    div.nsl-container-grid .nsl-container-buttons a {\n        width: auto;\n    }\n}\n\ndiv.nsl-container .nsl-button {\n    cursor: pointer;\n    vertical-align: top;\n    border-radius: 4px;\n}\n\ndiv.nsl-container .nsl-button-default {\n    color: #fff;\n    display: flex;\n}\n\ndiv.nsl-container .nsl-button-icon {\n    display: inline-block;\n}\n\ndiv.nsl-container .nsl-button-svg-container {\n    flex: 0 0 auto;\n    padding: 8px;\n    display: flex;\n    align-items: center;\n}\n\ndiv.nsl-container svg {\n    height: 24px;\n    width: 24px;\n    vertical-align: top;\n}\n\ndiv.nsl-container .nsl-button-default div.nsl-button-label-container {\n    margin: 0 24px 0 12px;\n    padding: 10px 0;\n    font-family: Helvetica, Arial, sans-serif;\n    font-size: 16px;\n    line-height: 20px;\n    letter-spacing: .25px;\n    overflow: hidden;\n    text-align: center;\n    text-overflow: clip;\n    white-space: nowrap;\n    flex: 1 1 auto;\n    -webkit-font-smoothing: antialiased;\n    -moz-osx-font-smoothing: grayscale;\n    text-transform: none;\n    display: inline-block;\n}\n\ndiv.nsl-container .nsl-button-google[data-skin=\"light\"] {\n    box-shadow: inset 0 0 0 1px #747775;\n    color: #1f1f1f;\n}\n\ndiv.nsl-container .nsl-button-google[data-skin=\"dark\"] {\n    box-shadow: inset 0 0 0 1px #8E918F;\n    color: #E3E3E3;\n}\n\ndiv.nsl-container .nsl-button-google[data-skin=\"neutral\"] {\n    color: #1F1F1F;\n}\n\ndiv.nsl-container .nsl-button-google div.nsl-button-label-container {\n    font-family: \"Roboto Medium\", Roboto, Helvetica, Arial, sans-serif;\n}\n\ndiv.nsl-container .nsl-button-apple .nsl-button-svg-container {\n    padding: 0 6px;\n}\n\ndiv.nsl-container .nsl-button-apple .nsl-button-svg-container svg {\n    height: 40px;\n    width: auto;\n}\n\ndiv.nsl-container .nsl-button-apple[data-skin=\"light\"] {\n    color: #000;\n    box-shadow: 0 0 0 1px #000;\n}\n\ndiv.nsl-container .nsl-button-facebook[data-skin=\"white\"] {\n    color: #000;\n    box-shadow: inset 0 0 0 1px #000;\n}\n\ndiv.nsl-container .nsl-button-facebook[data-skin=\"light\"] {\n    color: #1877F2;\n    box-shadow: inset 0 0 0 1px #1877F2;\n}\n\ndiv.nsl-container .nsl-button-spotify[data-skin=\"white\"] {\n    color: #191414;\n    box-shadow: inset 0 0 0 1px #191414;\n}\n\ndiv.nsl-container .nsl-button-apple div.nsl-button-label-container {\n    font-size: 17px;\n    font-family: -apple-system, BlinkMacSystemFont, \"Segoe UI\", Roboto, Helvetica, Arial, sans-serif, \"Apple Color Emoji\", \"Segoe UI Emoji\", \"Segoe UI Symbol\";\n}\n\ndiv.nsl-container .nsl-button-slack div.nsl-button-label-container {\n    font-size: 17px;\n    font-family: -apple-system, BlinkMacSystemFont, \"Segoe UI\", Roboto, Helvetica, Arial, sans-serif, \"Apple Color Emoji\", \"Segoe UI Emoji\", \"Segoe UI Symbol\";\n}\n\ndiv.nsl-container .nsl-button-slack[data-skin=\"light\"] {\n    color: #000000;\n    box-shadow: inset 0 0 0 1px #DDDDDD;\n}\n\ndiv.nsl-container .nsl-button-tiktok[data-skin=\"light\"] {\n    color: #161823;\n    box-shadow: 0 0 0 1px rgba(22, 24, 35, 0.12);\n}\n\n\ndiv.nsl-container .nsl-button-kakao {\n    color: rgba(0, 0, 0, 0.85);\n}\n\n.nsl-clear {\n    clear: both;\n}\n\n.nsl-container {\n    clear: both;\n}\n\n.nsl-disabled-provider .nsl-button {\n    filter: grayscale(1);\n    opacity: 0.8;\n}\n\n\/*Button align start*\/\n\ndiv.nsl-container-inline[data-align=\"left\"] .nsl-container-buttons {\n    justify-content: flex-start;\n}\n\ndiv.nsl-container-inline[data-align=\"center\"] .nsl-container-buttons {\n    justify-content: center;\n}\n\ndiv.nsl-container-inline[data-align=\"right\"] .nsl-container-buttons {\n    justify-content: flex-end;\n}\n\n\ndiv.nsl-container-grid[data-align=\"left\"] .nsl-container-buttons {\n    justify-content: flex-start;\n}\n\ndiv.nsl-container-grid[data-align=\"center\"] .nsl-container-buttons {\n    justify-content: center;\n}\n\ndiv.nsl-container-grid[data-align=\"right\"] .nsl-container-buttons {\n    justify-content: flex-end;\n}\n\ndiv.nsl-container-grid[data-align=\"space-around\"] .nsl-container-buttons {\n    justify-content: space-around;\n}\n\ndiv.nsl-container-grid[data-align=\"space-between\"] .nsl-container-buttons {\n    justify-content: space-between;\n}\n\n\/* Button align end*\/\n\n\/* Redirect *\/\n\n#nsl-redirect-overlay {\n    display: flex;\n    flex-direction: column;\n    justify-content: center;\n    align-items: center;\n    position: fixed;\n    z-index: 1000000;\n    left: 0;\n    top: 0;\n    width: 100%;\n    height: 100%;\n    backdrop-filter: blur(1px);\n    background-color: RGBA(0, 0, 0, .32);;\n}\n\n#nsl-redirect-overlay-container {\n    display: flex;\n    flex-direction: column;\n    justify-content: center;\n    align-items: center;\n    background-color: white;\n    padding: 30px;\n    border-radius: 10px;\n}\n\n#nsl-redirect-overlay-spinner {\n    content: '';\n    display: block;\n    margin: 20px;\n    border: 9px solid RGBA(0, 0, 0, .6);\n    border-top: 9px solid #fff;\n    border-radius: 50%;\n    box-shadow: inset 0 0 0 1px RGBA(0, 0, 0, .6), 0 0 0 1px RGBA(0, 0, 0, .6);\n    width: 40px;\n    height: 40px;\n    animation: nsl-loader-spin 2s linear infinite;\n}\n\n@keyframes nsl-loader-spin {\n    0% {\n        transform: rotate(0deg)\n    }\n    to {\n        transform: rotate(360deg)\n    }\n}\n\n#nsl-redirect-overlay-title {\n    font-family: -apple-system, BlinkMacSystemFont, \"Segoe UI\", Roboto, Oxygen-Sans, Ubuntu, Cantarell, \"Helvetica Neue\", sans-serif;\n    font-size: 18px;\n    font-weight: bold;\n    color: #3C434A;\n}\n\n#nsl-redirect-overlay-text {\n    font-family: -apple-system, BlinkMacSystemFont, \"Segoe UI\", Roboto, Oxygen-Sans, Ubuntu, Cantarell, \"Helvetica Neue\", sans-serif;\n    text-align: center;\n    font-size: 14px;\n    color: #3C434A;\n}\n\n\/* Redirect END*\/<\/style><style type=\"text\/css\">\/* Notice fallback *\/\n#nsl-notices-fallback {\n    position: fixed;\n    right: 10px;\n    top: 10px;\n    z-index: 10000;\n}\n\n.admin-bar #nsl-notices-fallback {\n    top: 42px;\n}\n\n#nsl-notices-fallback > div {\n    position: relative;\n    background: #fff;\n    border-left: 4px solid #fff;\n    box-shadow: 0 1px 1px 0 rgba(0, 0, 0, .1);\n    margin: 5px 15px 2px;\n    padding: 1px 20px;\n}\n\n#nsl-notices-fallback > div.error {\n    display: block;\n    border-left-color: #dc3232;\n}\n\n#nsl-notices-fallback > div.updated {\n    display: block;\n    border-left-color: #46b450;\n}\n\n#nsl-notices-fallback p {\n    margin: .5em 0;\n    padding: 2px;\n}\n\n#nsl-notices-fallback > div:after {\n    position: absolute;\n    right: 5px;\n    top: 5px;\n    content: '\\00d7';\n    display: block;\n    height: 16px;\n    width: 16px;\n    line-height: 16px;\n    text-align: center;\n    font-size: 20px;\n    cursor: pointer;\n}<\/style><div id=\"nsl-custom-login-form-1\"><div class=\"nsl-container nsl-container-block\" data-align=\"left\"><div class=\"nsl-container-buttons\"><a href=\"https:\/\/hbbgroup.net\/wp-login.php?loginSocial=facebook&#038;redirect=https%3A%2F%2Fhbbgroup.net%2Fzh%2Fwp-json%2Fwp%2Fv2%2Fpages%2F6314\" rel=\"nofollow\" aria-label=\"\u901a\u8fc7 &lt;b&gt;Facebook&lt;\/b&gt;\" data-plugin=\"nsl\" data-action=\"connect\" data-provider=\"facebook\" data-popupwidth=\"600\" data-popupheight=\"679\" data-e-disable-page-transition=\"1\"><div class=\"nsl-button nsl-button-default nsl-button-facebook\" data-skin=\"dark\" style=\"background-color:#1877F2;\"><div class=\"nsl-button-svg-container\"><svg xmlns=\"http:\/\/www.w3.org\/2000\/svg\" viewbox=\"0 0 1365.3 1365.3\" height=\"24\" width=\"24\"><path d=\"M1365.3 682.7A682.7 682.7 0 10576 1357V880H402.7V682.7H576V532.3c0-171.1 102-265.6 257.9-265.6 74.6 0 152.8 13.3 152.8 13.3v168h-86.1c-84.8 0-111.3 52.6-111.3 106.6v128h189.4L948.4 880h-159v477a682.8 682.8 0 00576-674.3\" fill=\"#fff\"\/><\/svg><\/div><div class=\"nsl-button-label-container\">\u901a\u8fc7 <b>Facebook<\/b><\/div><\/div><\/a><a href=\"https:\/\/hbbgroup.net\/wp-login.php?loginSocial=google&#038;redirect=https%3A%2F%2Fhbbgroup.net%2Fzh%2Fwp-json%2Fwp%2Fv2%2Fpages%2F6314\" rel=\"nofollow\" aria-label=\"\u901a\u8fc7 &lt;b&gt;Google&lt;\/b&gt;\" data-plugin=\"nsl\" data-action=\"connect\" data-provider=\"google\" data-popupwidth=\"600\" data-popupheight=\"600\" data-e-disable-page-transition=\"1\"><div class=\"nsl-button nsl-button-default nsl-button-google\" data-skin=\"neutral\" style=\"background-color:#f2f2f2;\"><div class=\"nsl-button-svg-container\"><svg xmlns=\"http:\/\/www.w3.org\/2000\/svg\" width=\"24\" height=\"24\" viewbox=\"0 0 24 24\"><path fill=\"#4285F4\" d=\"M20.64 12.2045c0-.6381-.0573-1.2518-.1636-1.8409H12v3.4814h4.8436c-.2086 1.125-.8427 2.0782-1.7959 2.7164v2.2581h2.9087c1.7018-1.5668 2.6836-3.874 2.6836-6.615z\"><\/path><path fill=\"#34A853\" d=\"M12 21c2.43 0 4.4673-.806 5.9564-2.1805l-2.9087-2.2581c-.8059.54-1.8368.859-3.0477.859-2.344 0-4.3282-1.5831-5.036-3.7104H3.9574v2.3318C5.4382 18.9832 8.4818 21 12 21z\"><\/path><path fill=\"#FBBC05\" d=\"M6.964 13.71c-.18-.54-.2822-1.1168-.2822-1.71s.1023-1.17.2823-1.71V7.9582H3.9573A8.9965 8.9965 0 0 0 3 12c0 1.4523.3477 2.8268.9573 4.0418L6.964 13.71z\"><\/path><path fill=\"#EA4335\" d=\"M12 6.5795c1.3214 0 2.5077.4541 3.4405 1.346l2.5813-2.5814C16.4632 3.8918 14.426 3 12 3 8.4818 3 5.4382 5.0168 3.9573 7.9582L6.964 10.29C7.6718 8.1627 9.6559 6.5795 12 6.5795z\"><\/path><\/svg><\/div><div class=\"nsl-button-label-container\">\u901a\u8fc7 <b>Google<\/b><\/div><\/div><\/a><\/div><\/div><\/div><script type=\"text\/javascript\">\n    window._nslDOMReady(function () {\n        var container = document.getElementById('nsl-custom-login-form-1'),\n            form = container.closest('form');\n\n        var innerContainer = container.querySelector('.nsl-container');\n        if (innerContainer) {\n            innerContainer.classList.add('nsl-container-embedded-login-layout-below');\n            innerContainer.style.display = 'block';\n        }\n\n        form.appendChild(container);\n    });\n<\/script>\n<style type=\"text\/css\">\n    \n    #nsl-custom-login-form-1 .nsl-container {\n        display: none;\n    }\n\n    #nsl-custom-login-form-1 .nsl-container-embedded-login-layout-below {\n        clear: both;\n        padding: 20px 0 0;\n    }\n\n    .login form {\n        padding-bottom: 20px;\n    }<\/style>\n\n\t\t<p>\n\t\t\t<input type=\"hidden\" name=\"learn-press-login-nonce\" value=\"faa2fd8e08\">\n\t\t\t<button type=\"submit\">\u767b\u5f55<\/button>\n\t\t<\/p>\n\t\t<p>\n\t\t\t<a href=\"https:\/\/hbbgroup.net\/zh\/my-account\/lost-password\/\">\u5fd8\u8bb0\u5bc6\u7801\uff1f<\/a>\n\t\t<\/p>\n\t<input type=\"hidden\" name=\"trp-form-language\" value=\"zh\"\/><\/form>\n\n\t\n<\/div>\n<\/div><\/div>\n\t\t\t\t\t\t<\/div>\n\t\t\t\t<\/div>\n\t\t\t\t\t<\/div>\n\t\t<\/div>\n\t\t\t\t<div class=\"elementor-column elementor-col-33 elementor-top-column elementor-element elementor-element-526dd6f\" data-id=\"526dd6f\" data-element_type=\"column\" data-settings=\"{&quot;background_background&quot;:&quot;classic&quot;,&quot;coursector_ext_hide_logged_in&quot;:&quot;false&quot;}\">\n\t\t\t<div class=\"elementor-widget-wrap\">\n\t\t\t\t\t\t\t<\/div>\n\t\t<\/div>\n\t\t\t\t\t<\/div>\n\t\t<\/section>\n\t\t\t\t<\/div>","protected":false},"excerpt":{"rendered":"<p>HBBGROUP Quy\u1ebft \u0110\u1ecbnh \u0110\u00fang \u0110\u1eafn HBBGROUP The Right Decision<\/p>","protected":false},"author":9,"featured_media":0,"parent":0,"menu_order":0,"comment_status":"closed","ping_status":"closed","template":"","meta":{"_acf_changed":false,"footnotes":""},"class_list":["post-6314","page","type-page","status-publish","hentry"],"acf":[],"_links":{"self":[{"href":"https:\/\/hbbgroup.net\/zh\/wp-json\/wp\/v2\/pages\/6314","targetHints":{"allow":["GET"]}}],"collection":[{"href":"https:\/\/hbbgroup.net\/zh\/wp-json\/wp\/v2\/pages"}],"about":[{"href":"https:\/\/hbbgroup.net\/zh\/wp-json\/wp\/v2\/types\/page"}],"author":[{"embeddable":true,"href":"https:\/\/hbbgroup.net\/zh\/wp-json\/wp\/v2\/users\/9"}],"replies":[{"embeddable":true,"href":"https:\/\/hbbgroup.net\/zh\/wp-json\/wp\/v2\/comments?post=6314"}],"version-history":[{"count":9,"href":"https:\/\/hbbgroup.net\/zh\/wp-json\/wp\/v2\/pages\/6314\/revisions"}],"predecessor-version":[{"id":60834,"href":"https:\/\/hbbgroup.net\/zh\/wp-json\/wp\/v2\/pages\/6314\/revisions\/60834"}],"wp:attachment":[{"href":"https:\/\/hbbgroup.net\/zh\/wp-json\/wp\/v2\/media?parent=6314"}],"curies":[{"name":"wp","href":"https:\/\/api.w.org\/{rel}","templated":true}]}}