{"id":50837,"date":"2025-10-07T13:05:58","date_gmt":"2025-10-07T06:05:58","guid":{"rendered":"https:\/\/hbbgroup.net\/?post_type=product&#038;p=50837"},"modified":"2025-10-07T13:05:58","modified_gmt":"2025-10-07T06:05:58","slug":"tien-te-va-chuyen-lam-giau-an-toan","status":"publish","type":"product","link":"https:\/\/hbbgroup.net\/vi\/tai-nguyen\/tien-te-va-chuyen-lam-giau-an-toan\/","title":{"rendered":"Ti\u1ec1n T\u1ec7 V\u00e0 Chuy\u1ec7n L\u00e0m Gi\u00e0u An To\u00e0n"},"content":{"rendered":"<p><strong data-start=\"98\" data-end=\"138\">\u201cTi\u1ec1n T\u1ec7 V\u00e0 Chuy\u1ec7n L\u00e0m Gi\u00e0u An To\u00e0n\u201d<\/strong> (GS.TS. Hu\u1ef3nh Ng\u1ecdc Phi\u00ean) l\u00e0 cu\u1ed1n s\u00e1ch t\u1ed5ng h\u1ee3p ki\u1ebfn th\u1ee9c t\u00e0i ch\u00ednh th\u1ef1c t\u1ebf, cung c\u1ea5p c\u00e1i nh\u00ecn to\u00e0n di\u1ec7n v\u1ec1 ti\u1ec1n t\u1ec7, \u0111\u1ea7u t\u01b0 v\u00e0 c\u00e1ch b\u1ea3o to\u00e0n t\u00e0i s\u1ea3n trong th\u1eddi k\u1ef3 bi\u1ebfn \u0111\u1ed9ng kinh t\u1ebf.<\/p>","protected":false},"excerpt":{"rendered":"<h2 data-start=\"329\" data-end=\"356\">Th\u00f4ng tin cu\u1ed1n s\u00e1ch<\/h2>\n<ul data-start=\"357\" data-end=\"589\">\n<li data-start=\"357\" data-end=\"409\">\n<p data-start=\"359\" data-end=\"409\"><strong data-start=\"359\" data-end=\"372\">T\u00ean s\u00e1ch:<\/strong> Ti\u1ec1n T\u1ec7 V\u00e0 Chuy\u1ec7n L\u00e0m Gi\u00e0u An To\u00e0n<\/p>\n<\/li>\n<li data-start=\"410\" data-end=\"450\">\n<p data-start=\"412\" data-end=\"450\"><strong data-start=\"412\" data-end=\"424\">T\u00e1c gi\u1ea3:<\/strong> GS.TS. Hu\u1ef3nh Ng\u1ecdc Phi\u00ean<\/p>\n<\/li>\n<li data-start=\"451\" data-end=\"481\">\n<p data-start=\"453\" data-end=\"481\"><strong data-start=\"453\" data-end=\"470\">Nh\u00e0 xu\u1ea5t b\u1ea3n:<\/strong> Th\u1ebf Gi\u1edbi<\/p>\n<\/li>\n<li data-start=\"482\" data-end=\"520\">\n<p data-start=\"484\" data-end=\"520\"><strong data-start=\"484\" data-end=\"505\">\u0110\u01a1n v\u1ecb ph\u00e1t h\u00e0nh:<\/strong> Saigon Books<\/p>\n<\/li>\n<li data-start=\"521\" data-end=\"589\">\n<p data-start=\"523\" data-end=\"589\"><strong data-start=\"523\" data-end=\"536\">Th\u1ec3 lo\u1ea1i:<\/strong> T\u00e0i ch\u00ednh c\u00e1 nh\u00e2n, Qu\u1ea3n l\u00fd t\u00e0i s\u1ea3n, \u0110\u1ea7u t\u01b0 an to\u00e0n<\/p>\n<\/li>\n<\/ul>\n<h2 data-start=\"596\" data-end=\"621\">N\u1ed9i dung chi ti\u1ebft<\/h2>\n<p data-start=\"622\" data-end=\"814\">Cu\u1ed1n s\u00e1ch \u0111\u01b0\u1ee3c vi\u1ebft b\u1edfi m\u1ed9t chuy\u00ean gia t\u00e0i ch\u00ednh c\u00f3 h\u01a1n 40 n\u0103m kinh nghi\u1ec7m trong l\u0129nh v\u1ef1c ng\u00e2n h\u00e0ng, gi\u00e1o d\u1ee5c v\u00e0 kinh t\u1ebf v\u0129 m\u00f4, v\u1edbi tr\u1ecdng t\u00e2m l\u00e0 <strong data-start=\"767\" data-end=\"811\">t\u01b0 duy qu\u1ea3n l\u00fd ti\u1ec1n v\u00e0 \u0111\u1ea7u t\u01b0 th\u00f4ng minh<\/strong>.<\/p>\n<p data-start=\"816\" data-end=\"837\">C\u00e1c n\u1ed9i dung ch\u00ednh:<\/p>\n<ul data-start=\"838\" data-end=\"1476\">\n<li data-start=\"838\" data-end=\"963\">\n<p data-start=\"840\" data-end=\"963\"><strong data-start=\"840\" data-end=\"865\">B\u1ea3n ch\u1ea5t c\u1ee7a ti\u1ec1n t\u1ec7:<\/strong> L\u1ecbch s\u1eed h\u00ecnh th\u00e0nh, vai tr\u00f2 trong n\u1ec1n kinh t\u1ebf, v\u00e0 s\u1ef1 bi\u1ebfn \u0111\u1ed9ng c\u1ee7a gi\u00e1 tr\u1ecb ti\u1ec1n theo th\u1eddi gian.<\/p>\n<\/li>\n<li data-start=\"964\" data-end=\"1062\">\n<p data-start=\"966\" data-end=\"1062\"><strong data-start=\"966\" data-end=\"998\">Nguy\u00ean t\u1eafc l\u00e0m gi\u00e0u an to\u00e0n:<\/strong> C\u00e1ch t\u00edch l\u0169y, qu\u1ea3n l\u00fd r\u1ee7i ro, v\u00e0 chi\u1ebfn l\u01b0\u1ee3c \u0111\u1ea7u t\u01b0 b\u1ec1n v\u1eefng.<\/p>\n<\/li>\n<li data-start=\"1063\" data-end=\"1177\">\n<p data-start=\"1065\" data-end=\"1177\"><strong data-start=\"1065\" data-end=\"1117\">Hi\u1ec3u v\u1ec1 l\u1ea1m ph\u00e1t, kh\u1ee7ng ho\u1ea3ng v\u00e0 chu k\u1ef3 kinh t\u1ebf:<\/strong> Gi\u00fap ng\u01b0\u1eddi \u0111\u1ecdc b\u1ea3o v\u1ec7 t\u00e0i s\u1ea3n tr\u01b0\u1edbc bi\u1ebfn \u0111\u1ed9ng th\u1ecb tr\u01b0\u1eddng.<\/p>\n<\/li>\n<li data-start=\"1178\" data-end=\"1379\">\n<p data-start=\"1180\" data-end=\"1215\"><strong data-start=\"1180\" data-end=\"1213\">Chi\u1ebfn l\u01b0\u1ee3c \u0111\u1ea7u t\u01b0 th\u00f4ng minh:<\/strong><\/p>\n<ul data-start=\"1218\" data-end=\"1379\">\n<li data-start=\"1218\" data-end=\"1280\">\n<p data-start=\"1220\" data-end=\"1280\">Ph\u00e2n b\u1ed5 t\u00e0i s\u1ea3n h\u1ee3p l\u00fd (\u0111\u1ea5t, v\u00e0ng, ch\u1ee9ng kho\u00e1n, ti\u1ec1n m\u1eb7t).<\/p>\n<\/li>\n<li data-start=\"1283\" data-end=\"1328\">\n<p data-start=\"1285\" data-end=\"1328\">T\u01b0 duy \u201ckh\u00f4ng \u0111\u1ea7u c\u01a1 \u2013 kh\u00f4ng ho\u1ea3ng lo\u1ea1n\u201d.<\/p>\n<\/li>\n<li data-start=\"1331\" data-end=\"1379\">\n<p data-start=\"1333\" data-end=\"1379\">\u0110\u1ea7u t\u01b0 theo d\u00e0i h\u1ea1n, ch\u00fa tr\u1ecdng gi\u00e1 tr\u1ecb th\u1ef1c.<\/p>\n<\/li>\n<\/ul>\n<\/li>\n<li data-start=\"1380\" data-end=\"1476\">\n<p data-start=\"1382\" data-end=\"1476\"><strong data-start=\"1382\" data-end=\"1411\">T\u01b0 duy t\u00e0i ch\u00ednh c\u00e1 nh\u00e2n:<\/strong> Bi\u1ebfn ti\u1ec1n th\u00e0nh c\u00f4ng c\u1ee5 ph\u1ee5c v\u1ee5 cu\u1ed9c s\u1ed1ng thay v\u00ec n\u1ed7i lo toan.<\/p>\n<\/li>\n<\/ul>\n<p data-start=\"1478\" data-end=\"1492\">Ph\u00f9 h\u1ee3p cho:<\/p>\n<ul data-start=\"1493\" data-end=\"1703\">\n<li data-start=\"1493\" data-end=\"1550\">\n<p data-start=\"1495\" data-end=\"1550\">Ng\u01b0\u1eddi m\u1edbi t\u00ecm hi\u1ec3u \u0111\u1ea7u t\u01b0, qu\u1ea3n l\u00fd t\u00e0i ch\u00ednh c\u00e1 nh\u00e2n.<\/p>\n<\/li>\n<li data-start=\"1551\" data-end=\"1631\">\n<p data-start=\"1553\" data-end=\"1631\">Nh\u00e0 \u0111\u1ea7u t\u01b0 mu\u1ed1n c\u00f3 t\u01b0 duy an to\u00e0n, v\u1eefng v\u00e0ng trong b\u1ed1i c\u1ea3nh r\u1ee7i ro to\u00e0n c\u1ea7u.<\/p>\n<\/li>\n<li data-start=\"1632\" data-end=\"1703\">\n<p data-start=\"1634\" data-end=\"1703\">Doanh nh\u00e2n v\u00e0 ng\u01b0\u1eddi tr\u1ebb \u0111ang x\u00e2y d\u1ef1ng chi\u1ebfn l\u01b0\u1ee3c t\u00e0i ch\u00ednh d\u00e0i h\u1ea1n.<\/p>\n<\/li>\n<\/ul>","protected":false},"featured_media":50839,"template":"","meta":{"_acf_changed":false},"product-collections":[262,264],"product_brand":[],"product_cat":[49],"product_tag":[],"class_list":{"0":"post-50837","1":"product","2":"type-product","3":"status-publish","4":"has-post-thumbnail","6":"product-collections-ban-chay","7":"product-collections-giam-gia","8":"product_cat-books","10":"first","11":"instock","12":"sale","13":"shipping-taxable","14":"purchasable","15":"product-type-simple"},"acf":[],"_links":{"self":[{"href":"https:\/\/hbbgroup.net\/vi\/wp-json\/wp\/v2\/product\/50837","targetHints":{"allow":["GET"]}}],"collection":[{"href":"https:\/\/hbbgroup.net\/vi\/wp-json\/wp\/v2\/product"}],"about":[{"href":"https:\/\/hbbgroup.net\/vi\/wp-json\/wp\/v2\/types\/product"}],"version-history":[{"count":1,"href":"https:\/\/hbbgroup.net\/vi\/wp-json\/wp\/v2\/product\/50837\/revisions"}],"predecessor-version":[{"id":50842,"href":"https:\/\/hbbgroup.net\/vi\/wp-json\/wp\/v2\/product\/50837\/revisions\/50842"}],"wp:featuredmedia":[{"embeddable":true,"href":"https:\/\/hbbgroup.net\/vi\/wp-json\/wp\/v2\/media\/50839"}],"wp:attachment":[{"href":"https:\/\/hbbgroup.net\/vi\/wp-json\/wp\/v2\/media?parent=50837"}],"wp:term":[{"taxonomy":"product-collections","embeddable":true,"href":"https:\/\/hbbgroup.net\/vi\/wp-json\/wp\/v2\/product-collections?post=50837"},{"taxonomy":"product_brand","embeddable":true,"href":"https:\/\/hbbgroup.net\/vi\/wp-json\/wp\/v2\/product_brand?post=50837"},{"taxonomy":"product_cat","embeddable":true,"href":"https:\/\/hbbgroup.net\/vi\/wp-json\/wp\/v2\/product_cat?post=50837"},{"taxonomy":"product_tag","embeddable":true,"href":"https:\/\/hbbgroup.net\/vi\/wp-json\/wp\/v2\/product_tag?post=50837"}],"curies":[{"name":"wp","href":"https:\/\/api.w.org\/{rel}","templated":true}]}}