{"id":50515,"date":"2025-08-03T14:43:56","date_gmt":"2025-08-03T07:43:56","guid":{"rendered":"https:\/\/hbbgroup.net\/?post_type=product&#038;p=50515"},"modified":"2025-10-03T14:52:19","modified_gmt":"2025-10-03T07:52:19","slug":"ke-hang-trong-dut-gay-chuoi-cung-ung-trong-nen-kinh-te-toan-cau","status":"publish","type":"product","link":"https:\/\/hbbgroup.net\/vi\/tai-nguyen\/ke-hang-trong-dut-gay-chuoi-cung-ung-trong-nen-kinh-te-toan-cau\/","title":{"rendered":"K\u1ec7 H\u00e0ng Tr\u1ed1ng &#8211; \u0110\u1ee9t G\u00e3y Chu\u1ed7i Cung \u1ee8ng Trong N\u1ec1n Kinh T\u1ebf To\u00e0n C\u1ea7u"},"content":{"rendered":"<p><strong data-start=\"98\" data-end=\"128\">\u201cK\u1ec7 H\u00e0ng Tr\u1ed1ng \u2013 Sold Out\u201d<\/strong> (James Rickards) l\u00e0 cu\u1ed1n s\u00e1ch ph\u00e2n t\u00edch nguy\u00ean nh\u00e2n v\u00e0 h\u1ec7 qu\u1ea3 c\u1ee7a <strong data-start=\"195\" data-end=\"233\">s\u1ef1 \u0111\u1ee9t g\u00e3y chu\u1ed7i cung \u1ee9ng to\u00e0n c\u1ea7u<\/strong>, m\u1ed9t trong nh\u1eefng y\u1ebfu t\u1ed1 l\u1edbn g\u00e2y b\u1ea5t \u1ed5n kinh t\u1ebf th\u1ebf gi\u1edbi nh\u1eefng n\u0103m g\u1ea7n \u0111\u00e2y, \u0111\u1eb7c bi\u1ec7t sau \u0111\u1ea1i d\u1ecbch Covid-19.<\/p>","protected":false},"excerpt":{"rendered":"<h2 data-start=\"349\" data-end=\"376\">Th\u00f4ng tin cu\u1ed1n s\u00e1ch<\/h2>\n<ul data-start=\"377\" data-end=\"638\">\n<li data-start=\"377\" data-end=\"470\">\n<p data-start=\"379\" data-end=\"470\"><strong data-start=\"379\" data-end=\"392\">T\u00ean s\u00e1ch:<\/strong> K\u1ec7 H\u00e0ng Tr\u1ed1ng \u2013 Sold Out: \u0110\u1ee9t G\u00e3y Chu\u1ed7i Cung \u1ee8ng Trong N\u1ec1n Kinh T\u1ebf To\u00e0n C\u1ea7u<\/p>\n<\/li>\n<li data-start=\"471\" data-end=\"502\">\n<p data-start=\"473\" data-end=\"502\"><strong data-start=\"473\" data-end=\"485\">T\u00e1c gi\u1ea3:<\/strong> James Rickards<\/p>\n<\/li>\n<li data-start=\"503\" data-end=\"540\">\n<p data-start=\"505\" data-end=\"540\"><strong data-start=\"505\" data-end=\"518\">D\u1ecbch gi\u1ea3:<\/strong> Tr\u1ea7n Th\u1ecb Ng\u00e2n Tuy\u1ec1n<\/p>\n<\/li>\n<li data-start=\"541\" data-end=\"566\">\n<p data-start=\"543\" data-end=\"566\"><strong data-start=\"543\" data-end=\"560\">Nh\u00e0 xu\u1ea5t b\u1ea3n:<\/strong> Tr\u1ebb<\/p>\n<\/li>\n<li data-start=\"567\" data-end=\"638\">\n<p data-start=\"569\" data-end=\"638\"><strong data-start=\"569\" data-end=\"582\">Th\u1ec3 lo\u1ea1i:<\/strong> Kinh t\u1ebf h\u1ecdc to\u00e0n c\u1ea7u, Chu\u1ed7i cung \u1ee9ng, Qu\u1ea3n tr\u1ecb r\u1ee7i ro<\/p>\n<\/li>\n<\/ul>\n<h2 data-start=\"645\" data-end=\"670\">N\u1ed9i dung chi ti\u1ebft<\/h2>\n<p data-start=\"671\" data-end=\"824\">Cu\u1ed1n s\u00e1ch ch\u1ec9 ra r\u1eb1ng chu\u1ed7i cung \u1ee9ng to\u00e0n c\u1ea7u v\u1ed1n \u0111\u01b0\u1ee3c ca ng\u1ee3i nh\u01b0 n\u1ec1n t\u1ea3ng c\u1ee7a th\u01b0\u01a1ng m\u1ea1i hi\u1ec7n \u0111\u1ea1i l\u1ea1i <strong data-start=\"775\" data-end=\"805\">mong manh v\u00e0 d\u1ec5 t\u1ed5n th\u01b0\u01a1ng<\/strong> h\u01a1n bao gi\u1edd h\u1ebft:<\/p>\n<ul data-start=\"826\" data-end=\"1437\">\n<li data-start=\"826\" data-end=\"1074\">\n<p data-start=\"828\" data-end=\"854\"><strong data-start=\"828\" data-end=\"852\">Nguy\u00ean nh\u00e2n \u0111\u1ee9t g\u00e3y:<\/strong><\/p>\n<ul data-start=\"857\" data-end=\"1074\">\n<li data-start=\"857\" data-end=\"913\">\n<p data-start=\"859\" data-end=\"913\">\u0110\u1ea1i d\u1ecbch Covid-19 l\u00e0m t\u00ea li\u1ec7t s\u1ea3n xu\u1ea5t v\u00e0 logistics.<\/p>\n<\/li>\n<li data-start=\"916\" data-end=\"1007\">\n<p data-start=\"918\" data-end=\"1007\">Ch\u00ednh tr\u1ecb v\u00e0 \u0111\u1ecba ch\u00ednh tr\u1ecb (chi\u1ebfn tranh th\u01b0\u01a1ng m\u1ea1i M\u1ef9 \u2013 Trung, xung \u0111\u1ed9t Nga \u2013 Ukraine).<\/p>\n<\/li>\n<li data-start=\"1010\" data-end=\"1074\">\n<p data-start=\"1012\" data-end=\"1074\">S\u1ef1 ph\u1ee5 thu\u1ed9c qu\u00e1 l\u1edbn v\u00e0o m\u1ed9t s\u1ed1 trung t\u00e2m s\u1ea3n xu\u1ea5t to\u00e0n c\u1ea7u.<\/p>\n<\/li>\n<\/ul>\n<\/li>\n<li data-start=\"1076\" data-end=\"1254\">\n<p data-start=\"1078\" data-end=\"1091\"><strong data-start=\"1078\" data-end=\"1089\">H\u1ec7 qu\u1ea3:<\/strong><\/p>\n<ul data-start=\"1094\" data-end=\"1254\">\n<li data-start=\"1094\" data-end=\"1146\">\n<p data-start=\"1096\" data-end=\"1146\">Gi\u00e1 c\u1ea3 h\u00e0ng h\u00f3a t\u0103ng v\u1ecdt, khan hi\u1ebfm nguy\u00ean li\u1ec7u.<\/p>\n<\/li>\n<li data-start=\"1149\" data-end=\"1218\">\n<p data-start=\"1151\" data-end=\"1218\">Doanh nghi\u1ec7p, ng\u01b0\u1eddi ti\u00eau d\u00f9ng, v\u00e0 c\u1ea3 qu\u1ed1c gia \u0111\u1ed1i m\u1eb7t r\u1ee7i ro l\u1edbn.<\/p>\n<\/li>\n<li data-start=\"1221\" data-end=\"1254\">\n<p data-start=\"1223\" data-end=\"1254\">B\u1ea5t \u1ed5n kinh t\u1ebf v\u0129 m\u00f4 k\u00e9o d\u00e0i.<\/p>\n<\/li>\n<\/ul>\n<\/li>\n<li data-start=\"1256\" data-end=\"1437\">\n<p data-start=\"1258\" data-end=\"1437\"><strong data-start=\"1258\" data-end=\"1272\">Gi\u1ea3i ph\u00e1p:<\/strong> Rickards nh\u1ea5n m\u1ea1nh s\u1ef1 c\u1ea7n thi\u1ebft c\u1ee7a <strong data-start=\"1309\" data-end=\"1399\">\u0111a d\u1ea1ng h\u00f3a chu\u1ed7i cung \u1ee9ng, t\u0103ng c\u01b0\u1eddng s\u1ea3n xu\u1ea5t n\u1ed9i \u0111\u1ecba, v\u00e0 qu\u1ea3n tr\u1ecb r\u1ee7i ro chi\u1ebfn l\u01b0\u1ee3c<\/strong> thay v\u00ec ch\u1ea1y theo l\u1ee3i \u00edch ng\u1eafn h\u1ea1n.<\/p>\n<\/li>\n<\/ul>\n<p data-start=\"1439\" data-end=\"1453\">Ph\u00f9 h\u1ee3p cho:<\/p>\n<ul data-start=\"1454\" data-end=\"1652\">\n<li data-start=\"1454\" data-end=\"1506\">\n<p data-start=\"1456\" data-end=\"1506\">Nh\u00e0 qu\u1ea3n tr\u1ecb doanh nghi\u1ec7p, chuy\u00ean gia logistics.<\/p>\n<\/li>\n<li data-start=\"1507\" data-end=\"1576\">\n<p data-start=\"1509\" data-end=\"1576\">Ng\u01b0\u1eddi quan t\u00e2m \u0111\u1ebfn kinh t\u1ebf to\u00e0n c\u1ea7u v\u00e0 nh\u1eefng bi\u1ebfn \u0111\u1ed9ng h\u1eadu Covid.<\/p>\n<\/li>\n<li data-start=\"1577\" data-end=\"1652\">\n<p data-start=\"1579\" data-end=\"1652\">Nh\u00e0 \u0111\u1ea7u t\u01b0 c\u1ea7n hi\u1ec3u t\u00e1c \u0111\u1ed9ng c\u1ee7a \u0111\u1ee9t g\u00e3y chu\u1ed7i cung \u1ee9ng \u0111\u1ebfn th\u1ecb tr\u01b0\u1eddng.<\/p>\n<\/li>\n<\/ul>","protected":false},"featured_media":50518,"template":"","meta":{"_acf_changed":false},"product-collections":[262,264],"product_brand":[],"product_cat":[49],"product_tag":[],"class_list":{"0":"post-50515","1":"product","2":"type-product","3":"status-publish","4":"has-post-thumbnail","6":"product-collections-ban-chay","7":"product-collections-giam-gia","8":"product_cat-books","10":"first","11":"instock","12":"sale","13":"shipping-taxable","14":"purchasable","15":"product-type-simple"},"acf":[],"_links":{"self":[{"href":"https:\/\/hbbgroup.net\/vi\/wp-json\/wp\/v2\/product\/50515","targetHints":{"allow":["GET"]}}],"collection":[{"href":"https:\/\/hbbgroup.net\/vi\/wp-json\/wp\/v2\/product"}],"about":[{"href":"https:\/\/hbbgroup.net\/vi\/wp-json\/wp\/v2\/types\/product"}],"version-history":[{"count":1,"href":"https:\/\/hbbgroup.net\/vi\/wp-json\/wp\/v2\/product\/50515\/revisions"}],"predecessor-version":[{"id":50523,"href":"https:\/\/hbbgroup.net\/vi\/wp-json\/wp\/v2\/product\/50515\/revisions\/50523"}],"wp:featuredmedia":[{"embeddable":true,"href":"https:\/\/hbbgroup.net\/vi\/wp-json\/wp\/v2\/media\/50518"}],"wp:attachment":[{"href":"https:\/\/hbbgroup.net\/vi\/wp-json\/wp\/v2\/media?parent=50515"}],"wp:term":[{"taxonomy":"product-collections","embeddable":true,"href":"https:\/\/hbbgroup.net\/vi\/wp-json\/wp\/v2\/product-collections?post=50515"},{"taxonomy":"product_brand","embeddable":true,"href":"https:\/\/hbbgroup.net\/vi\/wp-json\/wp\/v2\/product_brand?post=50515"},{"taxonomy":"product_cat","embeddable":true,"href":"https:\/\/hbbgroup.net\/vi\/wp-json\/wp\/v2\/product_cat?post=50515"},{"taxonomy":"product_tag","embeddable":true,"href":"https:\/\/hbbgroup.net\/vi\/wp-json\/wp\/v2\/product_tag?post=50515"}],"curies":[{"name":"wp","href":"https:\/\/api.w.org\/{rel}","templated":true}]}}