{"id":50491,"date":"2025-09-03T13:53:39","date_gmt":"2025-09-03T06:53:39","guid":{"rendered":"https:\/\/hbbgroup.net\/?post_type=product&#038;p=50491"},"modified":"2025-10-03T13:59:40","modified_gmt":"2025-10-03T06:59:40","slug":"gia-tri-van-vat-cau-chuyen-kien-tao-va-chiem-dung-trong-nen-kinh-te-toan-cau","status":"publish","type":"product","link":"https:\/\/hbbgroup.net\/vi\/tai-nguyen\/gia-tri-van-vat-cau-chuyen-kien-tao-va-chiem-dung-trong-nen-kinh-te-toan-cau\/","title":{"rendered":"Gi\u00e1 Tr\u1ecb V\u1ea1n V\u1eadt &#8211; C\u00e2u Chuy\u1ec7n Ki\u1ebfn T\u1ea1o V\u00e0 Chi\u1ebfm D\u1ee5ng Trong N\u1ec1n Kinh T\u1ebf To\u00e0n C\u1ea7u"},"content":{"rendered":"<p data-start=\"98\" data-end=\"378\"><strong data-start=\"98\" data-end=\"145\">\u201cGi\u00e1 Tr\u1ecb V\u1ea1n V\u1eadt \u2013 The Value of Everything\u201d<\/strong> (Mariana Mazzucato) l\u00e0 m\u1ed9t cu\u1ed1n s\u00e1ch ph\u00e2n t\u00edch s\u00e2u s\u1eafc v\u1ec1 <strong data-start=\"204\" data-end=\"254\">c\u00e1ch x\u00e3 h\u1ed9i hi\u1ec7n \u0111\u1ea1i t\u1ea1o ra v\u00e0 ph\u00e2n b\u1ed5 gi\u00e1 tr\u1ecb<\/strong>, \u0111\u1ed3ng th\u1eddi ph\u00ea ph\u00e1n h\u1ec7 th\u1ed1ng kinh t\u1ebf to\u00e0n c\u1ea7u khi \u201cng\u01b0\u1eddi t\u1ea1o ra\u201d gi\u00e1 tr\u1ecb l\u1ea1i b\u1ecb \u0111\u00e1nh \u0111\u1ed3ng v\u1edbi \u201cng\u01b0\u1eddi chi\u1ebfm d\u1ee5ng\u201d gi\u00e1 tr\u1ecb.<\/p>","protected":false},"excerpt":{"rendered":"<h2 data-start=\"385\" data-end=\"412\">Th\u00f4ng tin cu\u1ed1n s\u00e1ch<\/h2>\n<ul data-start=\"413\" data-end=\"669\">\n<li data-start=\"413\" data-end=\"509\">\n<p data-start=\"415\" data-end=\"509\"><strong data-start=\"415\" data-end=\"428\">T\u00ean s\u00e1ch:<\/strong> Gi\u00e1 Tr\u1ecb V\u1ea1n V\u1eadt \u2013 C\u00e2u Chuy\u1ec7n Ki\u1ebfn T\u1ea1o V\u00e0 Chi\u1ebfm D\u1ee5ng Trong N\u1ec1n Kinh T\u1ebf To\u00e0n C\u1ea7u<\/p>\n<\/li>\n<li data-start=\"510\" data-end=\"544\">\n<p data-start=\"512\" data-end=\"544\"><strong data-start=\"512\" data-end=\"524\">T\u00e1c gi\u1ea3:<\/strong> Mariana Mazzucato<\/p>\n<\/li>\n<li data-start=\"545\" data-end=\"582\">\n<p data-start=\"547\" data-end=\"582\"><strong data-start=\"547\" data-end=\"560\">D\u1ecbch gi\u1ea3:<\/strong> Tr\u1ea7n Th\u1ecb Ng\u00e2n Tuy\u1ec1n<\/p>\n<\/li>\n<li data-start=\"583\" data-end=\"608\">\n<p data-start=\"585\" data-end=\"608\"><strong data-start=\"585\" data-end=\"602\">Nh\u00e0 xu\u1ea5t b\u1ea3n:<\/strong> Tr\u1ebb<\/p>\n<\/li>\n<li data-start=\"609\" data-end=\"669\">\n<p data-start=\"611\" data-end=\"669\"><strong data-start=\"611\" data-end=\"624\">Th\u1ec3 lo\u1ea1i:<\/strong> Kinh t\u1ebf h\u1ecdc, Ch\u00ednh s\u00e1ch c\u00f4ng, To\u00e0n c\u1ea7u h\u00f3a<\/p>\n<\/li>\n<\/ul>\n<h2 data-start=\"676\" data-end=\"701\">N\u1ed9i dung chi ti\u1ebft<\/h2>\n<p data-start=\"702\" data-end=\"785\">Cu\u1ed1n s\u00e1ch \u0111\u1eb7t ra nh\u1eefng c\u00e2u h\u1ecfi l\u1edbn v\u1ec1 <strong data-start=\"740\" data-end=\"782\">b\u1ea3n ch\u1ea5t c\u1ee7a gi\u00e1 tr\u1ecb trong kinh t\u1ebf h\u1ecdc<\/strong>:<\/p>\n<ul data-start=\"786\" data-end=\"1478\">\n<li data-start=\"786\" data-end=\"898\">\n<p data-start=\"788\" data-end=\"898\"><strong data-start=\"788\" data-end=\"818\">Ai th\u1ef1c s\u1ef1 t\u1ea1o ra gi\u00e1 tr\u1ecb?<\/strong> Ng\u01b0\u1eddi lao \u0111\u1ed9ng, doanh nghi\u1ec7p s\u1ea3n xu\u1ea5t, hay nh\u1eefng t\u1eadp \u0111o\u00e0n t\u00e0i ch\u00ednh kh\u1ed5ng l\u1ed3?<\/p>\n<\/li>\n<li data-start=\"899\" data-end=\"1006\">\n<p data-start=\"901\" data-end=\"1006\"><strong data-start=\"901\" data-end=\"932\">Ai \u0111ang chi\u1ebfm d\u1ee5ng gi\u00e1 tr\u1ecb?<\/strong> C\u00e1c t\u1ed5 ch\u1ee9c t\u00e0i ch\u00ednh, nh\u00f3m l\u1ee3i \u00edch, Big Tech v\u00e0 ch\u00ednh s\u00e1ch thi\u00ean l\u1ec7ch.<\/p>\n<\/li>\n<li data-start=\"1007\" data-end=\"1189\">\n<p data-start=\"1009\" data-end=\"1189\"><strong data-start=\"1009\" data-end=\"1033\">S\u1ef1 m\u01a1 h\u1ed3 v\u1ec1 gi\u00e1 tr\u1ecb:<\/strong> Trong nhi\u1ec1u th\u1eadp k\u1ef7, kh\u00e1i ni\u1ec7m \u201cgi\u00e1 tr\u1ecb\u201d b\u1ecb lu m\u1edd, d\u1eabn \u0111\u1ebfn vi\u1ec7c l\u1ee3i nhu\u1eadn t\u00e0i ch\u00ednh \u0111\u01b0\u1ee3c coi nh\u01b0 t\u1ea1o ra gi\u00e1 tr\u1ecb \u2013 d\u00f9 th\u1ef1c ch\u1ea5t c\u00f3 th\u1ec3 ch\u1ec9 l\u00e0 d\u1ecbch chuy\u1ec3n.<\/p>\n<\/li>\n<li data-start=\"1190\" data-end=\"1301\">\n<p data-start=\"1192\" data-end=\"1301\"><strong data-start=\"1192\" data-end=\"1210\">H\u1ec7 qu\u1ea3 x\u00e3 h\u1ed9i:<\/strong> Gia t\u0103ng b\u1ea5t b\u00ecnh \u0111\u1eb3ng, kh\u1ee7ng ho\u1ea3ng t\u00e0i ch\u00ednh, m\u1ea5t c\u00e2n b\u1eb1ng trong \u0111\u1ed5i m\u1edbi v\u00e0 ph\u00e1t tri\u1ec3n.<\/p>\n<\/li>\n<li data-start=\"1302\" data-end=\"1478\">\n<p data-start=\"1304\" data-end=\"1478\"><strong data-start=\"1304\" data-end=\"1325\">Th\u00f4ng \u0111i\u1ec7p ch\u00ednh:<\/strong> C\u1ea7n <strong data-start=\"1330\" data-end=\"1356\">t\u00e1i \u0111\u1ecbnh ngh\u0129a gi\u00e1 tr\u1ecb<\/strong> v\u00e0 x\u00e2y d\u1ef1ng m\u1ed9t h\u1ec7 th\u1ed1ng kinh t\u1ebf c\u00f4ng b\u1eb1ng, n\u01a1i nh\u1eefng ng\u01b0\u1eddi th\u1ef1c s\u1ef1 t\u1ea1o ra gi\u00e1 tr\u1ecb \u0111\u01b0\u1ee3c c\u00f4ng nh\u1eadn v\u00e0 ph\u00e2n b\u1ed5 x\u1ee9ng \u0111\u00e1ng.<\/p>\n<\/li>\n<\/ul>\n<p data-start=\"1480\" data-end=\"1494\">Ph\u00f9 h\u1ee3p cho:<\/p>\n<ul data-start=\"1495\" data-end=\"1688\">\n<li data-start=\"1495\" data-end=\"1546\">\n<p data-start=\"1497\" data-end=\"1546\">Nh\u00e0 nghi\u00ean c\u1ee9u, sinh vi\u00ean kinh t\u1ebf \u2013 ch\u00ednh s\u00e1ch.<\/p>\n<\/li>\n<li data-start=\"1547\" data-end=\"1617\">\n<p data-start=\"1549\" data-end=\"1617\">Ng\u01b0\u1eddi quan t\u00e2m \u0111\u1ebfn to\u00e0n c\u1ea7u h\u00f3a, b\u1ea5t b\u00ecnh \u0111\u1eb3ng, kinh t\u1ebf t\u00e0i ch\u00ednh.<\/p>\n<\/li>\n<li data-start=\"1618\" data-end=\"1688\">\n<p data-start=\"1620\" data-end=\"1688\">\u0110\u1ed9c gi\u1ea3 mu\u1ed1n t\u00ecm hi\u1ec3u g\u00f3c nh\u00ecn ph\u00ea ph\u00e1n h\u1ec7 th\u1ed1ng kinh t\u1ebf hi\u1ec7n nay.<\/p>\n<\/li>\n<\/ul>","protected":false},"featured_media":50492,"template":"","meta":{"_acf_changed":false},"product-collections":[264],"product_brand":[],"product_cat":[49],"product_tag":[],"class_list":{"0":"post-50491","1":"product","2":"type-product","3":"status-publish","4":"has-post-thumbnail","6":"product-collections-giam-gia","7":"product_cat-books","9":"first","10":"instock","11":"sale","12":"shipping-taxable","13":"purchasable","14":"product-type-simple"},"acf":[],"_links":{"self":[{"href":"https:\/\/hbbgroup.net\/vi\/wp-json\/wp\/v2\/product\/50491","targetHints":{"allow":["GET"]}}],"collection":[{"href":"https:\/\/hbbgroup.net\/vi\/wp-json\/wp\/v2\/product"}],"about":[{"href":"https:\/\/hbbgroup.net\/vi\/wp-json\/wp\/v2\/types\/product"}],"version-history":[{"count":1,"href":"https:\/\/hbbgroup.net\/vi\/wp-json\/wp\/v2\/product\/50491\/revisions"}],"predecessor-version":[{"id":50498,"href":"https:\/\/hbbgroup.net\/vi\/wp-json\/wp\/v2\/product\/50491\/revisions\/50498"}],"wp:featuredmedia":[{"embeddable":true,"href":"https:\/\/hbbgroup.net\/vi\/wp-json\/wp\/v2\/media\/50492"}],"wp:attachment":[{"href":"https:\/\/hbbgroup.net\/vi\/wp-json\/wp\/v2\/media?parent=50491"}],"wp:term":[{"taxonomy":"product-collections","embeddable":true,"href":"https:\/\/hbbgroup.net\/vi\/wp-json\/wp\/v2\/product-collections?post=50491"},{"taxonomy":"product_brand","embeddable":true,"href":"https:\/\/hbbgroup.net\/vi\/wp-json\/wp\/v2\/product_brand?post=50491"},{"taxonomy":"product_cat","embeddable":true,"href":"https:\/\/hbbgroup.net\/vi\/wp-json\/wp\/v2\/product_cat?post=50491"},{"taxonomy":"product_tag","embeddable":true,"href":"https:\/\/hbbgroup.net\/vi\/wp-json\/wp\/v2\/product_tag?post=50491"}],"curies":[{"name":"wp","href":"https:\/\/api.w.org\/{rel}","templated":true}]}}