{"id":50000,"date":"2025-05-01T19:08:11","date_gmt":"2025-05-01T12:08:11","guid":{"rendered":"https:\/\/hbbgroup.net\/?post_type=product&#038;p=50000"},"modified":"2025-10-01T19:15:25","modified_gmt":"2025-10-01T12:15:25","slug":"toi-da-kiem-1-trieu-do-dau-tien-tren-internet-nhu-the-nao-va-ban-cung-co-the-lam-nhu-the-tai-ban-2021","status":"publish","type":"product","link":"https:\/\/hbbgroup.net\/vi\/tai-nguyen\/toi-da-kiem-1-trieu-do-dau-tien-tren-internet-nhu-the-nao-va-ban-cung-co-the-lam-nhu-the-tai-ban-2021\/","title":{"rendered":"T\u00f4i \u0110\u00e3 Ki\u1ebfm 1 Tri\u1ec7u \u0110\u00f4 \u0110\u1ea7u Ti\u00ean Tr\u00ean Internet Nh\u01b0 Th\u1ebf N\u00e0o V\u00e0 B\u1ea1n C\u0169ng C\u00f3 Th\u1ec3 L\u00e0m Nh\u01b0 Th\u1ebf (T\u00e1i B\u1ea3n 2021)"},"content":{"rendered":"<p><strong data-start=\"95\" data-end=\"159\">\u201cT\u00f4i \u0110\u00e3 Ki\u1ebfm 1 Tri\u1ec7u \u0110\u00f4 \u0110\u1ea7u Ti\u00ean Tr\u00ean Internet Nh\u01b0 Th\u1ebf N\u00e0o?\u201d<\/strong> (Ewen Chia) l\u00e0 cu\u1ed1n s\u00e1ch chia s\u1ebb kinh nghi\u1ec7m th\u1ef1c ti\u1ec5n t\u1eeb m\u1ed9t trong nh\u1eefng \u201cb\u1eadc th\u1ea7y marketing online\u201d, h\u01b0\u1edbng d\u1eabn c\u00e1ch x\u00e2y d\u1ef1ng h\u1ec7 th\u1ed1ng kinh doanh tr\u1ef1c tuy\u1ebfn t\u1ea1o thu nh\u1eadp b\u1ec1n v\u1eefng.<\/p>","protected":false},"excerpt":{"rendered":"<h2 data-start=\"349\" data-end=\"376\">Th\u00f4ng tin cu\u1ed1n s\u00e1ch<\/h2>\n<ul data-start=\"377\" data-end=\"665\">\n<li data-start=\"377\" data-end=\"453\">\n<p data-start=\"379\" data-end=\"453\"><strong data-start=\"379\" data-end=\"392\">T\u00ean s\u00e1ch:<\/strong> T\u00f4i \u0110\u00e3 Ki\u1ebfm 1 Tri\u1ec7u \u0110\u00f4 \u0110\u1ea7u Ti\u00ean Tr\u00ean Internet Nh\u01b0 Th\u1ebf N\u00e0o?<\/p>\n<\/li>\n<li data-start=\"454\" data-end=\"480\">\n<p data-start=\"456\" data-end=\"480\"><strong data-start=\"456\" data-end=\"468\">T\u00e1c gi\u1ea3:<\/strong> Ewen Chia<\/p>\n<\/li>\n<li data-start=\"481\" data-end=\"534\">\n<p data-start=\"483\" data-end=\"534\"><strong data-start=\"483\" data-end=\"496\">D\u1ecbch gi\u1ea3:<\/strong> Lan Ph\u01b0\u01a1ng, Nguy\u1ec5n Ly, L\u00ea Th\u00fay H\u1ea1nh<\/p>\n<\/li>\n<li data-start=\"535\" data-end=\"568\">\n<p data-start=\"537\" data-end=\"568\"><strong data-start=\"537\" data-end=\"554\">Nh\u00e0 xu\u1ea5t b\u1ea3n:<\/strong> C\u00f4ng Th\u01b0\u01a1ng<\/p>\n<\/li>\n<li data-start=\"569\" data-end=\"605\">\n<p data-start=\"571\" data-end=\"605\"><strong data-start=\"571\" data-end=\"592\">\u0110\u01a1n v\u1ecb ph\u00e1t h\u00e0nh:<\/strong> Alphabooks<\/p>\n<\/li>\n<li data-start=\"606\" data-end=\"665\">\n<p data-start=\"608\" data-end=\"665\"><strong data-start=\"608\" data-end=\"621\">Th\u1ec3 lo\u1ea1i:<\/strong> Kinh doanh online, Marketing, Kh\u1edfi nghi\u1ec7p<\/p>\n<\/li>\n<\/ul>\n<h2 data-start=\"672\" data-end=\"697\">N\u1ed9i dung chi ti\u1ebft<\/h2>\n<p data-start=\"698\" data-end=\"770\">Cu\u1ed1n s\u00e1ch tr\u00ecnh b\u00e0y theo h\u01b0\u1edbng <strong data-start=\"729\" data-end=\"767\">h\u01b0\u1edbng d\u1eabn \u2013 th\u1ef1c h\u00e0nh \u2013 chi\u1ebfn l\u01b0\u1ee3c<\/strong>:<\/p>\n<ul data-start=\"771\" data-end=\"1328\">\n<li data-start=\"771\" data-end=\"885\">\n<p data-start=\"773\" data-end=\"885\"><strong data-start=\"773\" data-end=\"803\">T\u01b0 duy kh\u1edfi nghi\u1ec7p online:<\/strong> C\u00e1ch Ewen Chia b\u1eaft \u0111\u1ea7u t\u1eeb con s\u1ed1 0 v\u00e0 x\u00e2y d\u1ef1ng thu nh\u1eadp tri\u1ec7u \u0111\u00f4 tr\u00ean Internet.<\/p>\n<\/li>\n<li data-start=\"886\" data-end=\"1106\">\n<p data-start=\"888\" data-end=\"934\"><strong data-start=\"888\" data-end=\"932\">C\u00e1c b\u01b0\u1edbc t\u1ea1o h\u1ec7 th\u1ed1ng kinh doanh online:<\/strong>T\u00ecm th\u1ecb tr\u01b0\u1eddng ng\u00e1ch ti\u1ec1m n\u0103ng. X\u00e2y d\u1ef1ng s\u1ea3n ph\u1ea9m\/d\u1ecbch v\u1ee5 ph\u00f9 h\u1ee3p. X\u00e2y d\u1ef1ng h\u1ec7 th\u1ed1ng email marketing, ph\u1ec5u b\u00e1n h\u00e0ng. T\u1ef1 \u0111\u1ed9ng h\u00f3a kinh doanh online.<\/p>\n<\/li>\n<li data-start=\"1107\" data-end=\"1251\">\n<p data-start=\"1109\" data-end=\"1136\"><strong data-start=\"1109\" data-end=\"1134\">Chi\u1ebfn l\u01b0\u1ee3c marketing:<\/strong>T\u1ed1i \u01b0u qu\u1ea3ng c\u00e1o online. T\u1ea1o n\u1ed9i dung thu h\u00fat kh\u00e1ch h\u00e0ng. T\u1eadn d\u1ee5ng s\u1ee9c m\u1ea1nh affiliate marketing.<\/p>\n<\/li>\n<li data-start=\"1252\" data-end=\"1328\">\n<p data-start=\"1254\" data-end=\"1328\"><strong data-start=\"1254\" data-end=\"1273\">B\u00e0i h\u1ecdc r\u00fat ra:<\/strong> Ki\u00ean tr\u00ec, th\u1eed nghi\u1ec7m, \u0111o l\u01b0\u1eddng v\u00e0 c\u1ea3i ti\u1ebfn li\u00ean t\u1ee5c.<\/p>\n<\/li>\n<\/ul>\n<p data-start=\"1330\" data-end=\"1344\">Ph\u00f9 h\u1ee3p cho:<\/p>\n<ul data-start=\"1345\" data-end=\"1528\">\n<li data-start=\"1345\" data-end=\"1379\">\n<p data-start=\"1347\" data-end=\"1379\">Ng\u01b0\u1eddi mu\u1ed1n kh\u1edfi nghi\u1ec7p online.<\/p>\n<\/li>\n<li data-start=\"1380\" data-end=\"1440\">\n<p data-start=\"1382\" data-end=\"1440\">Doanh nh\u00e2n nh\u1ecf l\u1ebb mu\u1ed1n m\u1edf r\u1ed9ng sang m\u00f4i tr\u01b0\u1eddng Internet.<\/p>\n<\/li>\n<li data-start=\"1441\" data-end=\"1528\">\n<p data-start=\"1443\" data-end=\"1528\">Nh\u1eefng ai mu\u1ed1n h\u1ecdc t\u01b0 duy marketing s\u1ed1 v\u00e0 c\u00e1ch x\u00e2y d\u1ef1ng h\u1ec7 th\u1ed1ng kinh doanh t\u1ef1 \u0111\u1ed9ng.<\/p>\n<\/li>\n<\/ul>","protected":false},"featured_media":50004,"template":"","meta":{"_acf_changed":false},"product-collections":[264,263],"product_brand":[],"product_cat":[49],"product_tag":[],"class_list":{"0":"post-50000","1":"product","2":"type-product","3":"status-publish","4":"has-post-thumbnail","6":"product-collections-giam-gia","7":"product-collections-noi-bat","8":"product_cat-books","10":"first","11":"instock","12":"sale","13":"shipping-taxable","14":"purchasable","15":"product-type-simple"},"acf":[],"_links":{"self":[{"href":"https:\/\/hbbgroup.net\/vi\/wp-json\/wp\/v2\/product\/50000","targetHints":{"allow":["GET"]}}],"collection":[{"href":"https:\/\/hbbgroup.net\/vi\/wp-json\/wp\/v2\/product"}],"about":[{"href":"https:\/\/hbbgroup.net\/vi\/wp-json\/wp\/v2\/types\/product"}],"version-history":[{"count":1,"href":"https:\/\/hbbgroup.net\/vi\/wp-json\/wp\/v2\/product\/50000\/revisions"}],"predecessor-version":[{"id":50007,"href":"https:\/\/hbbgroup.net\/vi\/wp-json\/wp\/v2\/product\/50000\/revisions\/50007"}],"wp:featuredmedia":[{"embeddable":true,"href":"https:\/\/hbbgroup.net\/vi\/wp-json\/wp\/v2\/media\/50004"}],"wp:attachment":[{"href":"https:\/\/hbbgroup.net\/vi\/wp-json\/wp\/v2\/media?parent=50000"}],"wp:term":[{"taxonomy":"product-collections","embeddable":true,"href":"https:\/\/hbbgroup.net\/vi\/wp-json\/wp\/v2\/product-collections?post=50000"},{"taxonomy":"product_brand","embeddable":true,"href":"https:\/\/hbbgroup.net\/vi\/wp-json\/wp\/v2\/product_brand?post=50000"},{"taxonomy":"product_cat","embeddable":true,"href":"https:\/\/hbbgroup.net\/vi\/wp-json\/wp\/v2\/product_cat?post=50000"},{"taxonomy":"product_tag","embeddable":true,"href":"https:\/\/hbbgroup.net\/vi\/wp-json\/wp\/v2\/product_tag?post=50000"}],"curies":[{"name":"wp","href":"https:\/\/api.w.org\/{rel}","templated":true}]}}