{"id":49826,"date":"2025-08-21T09:57:31","date_gmt":"2025-08-21T02:57:31","guid":{"rendered":"https:\/\/hbbgroup.net\/?post_type=product&#038;p=49826"},"modified":"2025-09-30T10:05:37","modified_gmt":"2025-09-30T03:05:37","slug":"30-giay-khoa-hoc-30-giay-kinh-te","status":"publish","type":"product","link":"https:\/\/hbbgroup.net\/vi\/tai-nguyen\/30-giay-khoa-hoc-30-giay-kinh-te\/","title":{"rendered":"30 Gi\u00e2y Khoa H\u1ecdc &#8211; 30 Gi\u00e2y Kinh T\u1ebf"},"content":{"rendered":"<p><strong data-start=\"93\" data-end=\"114\">\u201c30 Gi\u00e2y Kinh T\u1ebf\u201d<\/strong> (ch\u1ee7 bi\u00ean Donald Marron) l\u00e0 cu\u1ed1n s\u00e1ch ph\u1ed5 th\u00f4ng, tr\u00ecnh b\u00e0y <strong data-start=\"174\" data-end=\"214\">50 l\u00fd thuy\u1ebft kinh t\u1ebf quan tr\u1ecdng nh\u1ea5t<\/strong> trong l\u1ecbch s\u1eed, m\u1ed7i l\u00fd thuy\u1ebft \u0111\u01b0\u1ee3c gi\u1ea3i th\u00edch ng\u1eafn g\u1ecdn, s\u00fac t\u00edch, d\u1ec5 hi\u1ec3u ch\u1ec9 trong kho\u1ea3ng 30 gi\u00e2y \u0111\u1ecdc.<\/p>","protected":false},"excerpt":{"rendered":"<h2 data-start=\"326\" data-end=\"353\">Th\u00f4ng tin cu\u1ed1n s\u00e1ch<\/h2>\n<ul data-start=\"354\" data-end=\"550\">\n<li data-start=\"354\" data-end=\"387\">\n<p data-start=\"356\" data-end=\"387\"><strong data-start=\"356\" data-end=\"369\">T\u00ean s\u00e1ch:<\/strong> 30 Gi\u00e2y Kinh T\u1ebf<\/p>\n<\/li>\n<li data-start=\"388\" data-end=\"419\">\n<p data-start=\"390\" data-end=\"419\"><strong data-start=\"390\" data-end=\"403\">Ch\u1ee7 bi\u00ean:<\/strong> Donald Marron<\/p>\n<\/li>\n<li data-start=\"420\" data-end=\"449\">\n<p data-start=\"422\" data-end=\"449\"><strong data-start=\"422\" data-end=\"435\">D\u1ecbch gi\u1ea3:<\/strong> H\u1ea1nh Ph\u01b0\u01a1ng<\/p>\n<\/li>\n<li data-start=\"450\" data-end=\"480\">\n<p data-start=\"452\" data-end=\"480\"><strong data-start=\"452\" data-end=\"469\">Nh\u00e0 xu\u1ea5t b\u1ea3n:<\/strong> Kim \u0110\u1ed3ng<\/p>\n<\/li>\n<li data-start=\"481\" data-end=\"550\">\n<p data-start=\"483\" data-end=\"550\"><strong data-start=\"483\" data-end=\"496\">Th\u1ec3 lo\u1ea1i:<\/strong> Kinh t\u1ebf h\u1ecdc ph\u1ed5 th\u00f4ng, Ki\u1ebfn th\u1ee9c n\u1ec1n t\u1ea3ng, Gi\u00e1o d\u1ee5c<\/p>\n<\/li>\n<\/ul>\n<h2 data-start=\"557\" data-end=\"582\">N\u1ed9i dung chi ti\u1ebft<\/h2>\n<p data-start=\"583\" data-end=\"685\">Cu\u1ed1n s\u00e1ch \u0111\u01b0\u1ee3c bi\u00ean so\u1ea1n \u0111\u1ec3 gi\u00fap ng\u01b0\u1eddi \u0111\u1ecdc b\u1eadn r\u1ed9n v\u1eabn c\u00f3 th\u1ec3 n\u1eafm b\u1eaft c\u00e1c \u00fd t\u01b0\u1edfng kinh t\u1ebf ch\u00ednh y\u1ebfu:<\/p>\n<ul data-start=\"686\" data-end=\"1300\">\n<li data-start=\"686\" data-end=\"806\">\n<p data-start=\"688\" data-end=\"806\"><strong data-start=\"688\" data-end=\"701\">C\u1ea5u tr\u00fac:<\/strong> M\u1ed7i l\u00fd thuy\u1ebft \u0111\u01b0\u1ee3c tr\u00ecnh b\u00e0y trong 1\u20132 trang, v\u1edbi gi\u1ea3i th\u00edch ng\u1eafn, h\u00ecnh \u1ea3nh minh h\u1ecda v\u00e0 v\u00ed d\u1ee5 th\u1ef1c t\u1ebf.<\/p>\n<\/li>\n<li data-start=\"807\" data-end=\"996\">\n<p data-start=\"809\" data-end=\"839\"><strong data-start=\"809\" data-end=\"837\">C\u00e1c l\u00fd thuy\u1ebft ti\u00eau bi\u1ec3u: <\/strong>B\u00e0n tay v\u00f4 h\u00ecnh (Adam Smith). Ch\u1ee7 ngh\u0129a Marx. Kinh t\u1ebf h\u1ecdc Keynes. L\u00fd thuy\u1ebft tr\u00f2 ch\u01a1i. To\u00e0n c\u1ea7u h\u00f3a. Kinh t\u1ebf h\u1ecdc h\u00e0nh vi\u2026<\/p>\n<\/li>\n<li data-start=\"997\" data-end=\"1126\">\n<p data-start=\"999\" data-end=\"1014\"><strong data-start=\"999\" data-end=\"1012\">\u0110\u1eb7c \u0111i\u1ec3m: <\/strong>Gi\u1ea3i th\u00edch nhanh g\u1ecdn, d\u1ec5 ti\u1ebfp thu. K\u00edch th\u00edch t\u01b0 duy v\u00e0 t\u1ea1o n\u1ec1n t\u1ea3ng \u0111\u1ec3 ng\u01b0\u1eddi \u0111\u1ecdc t\u00ecm hi\u1ec3u s\u00e2u h\u01a1n.<\/p>\n<\/li>\n<li data-start=\"1127\" data-end=\"1300\">\n<p data-start=\"1129\" data-end=\"1151\"><strong data-start=\"1129\" data-end=\"1149\">\u0110\u1ed9c gi\u1ea3 ph\u00f9 h\u1ee3p: <\/strong>Ng\u01b0\u1eddi m\u1edbi b\u1eaft \u0111\u1ea7u t\u00ecm hi\u1ec3u kinh t\u1ebf. H\u1ecdc sinh \u2013 sinh vi\u00ean c\u1ea7n t\u00e0i li\u1ec7u t\u00f3m l\u01b0\u1ee3c. Ng\u01b0\u1eddi b\u1eadn r\u1ed9n mu\u1ed1n ti\u1ebfp c\u1eadn ki\u1ebfn th\u1ee9c nhanh ch\u00f3ng.<\/p>\n<\/li>\n<\/ul>","protected":false},"featured_media":49827,"template":"","meta":{"_acf_changed":false},"product-collections":[264],"product_brand":[],"product_cat":[49],"product_tag":[],"class_list":{"0":"post-49826","1":"product","2":"type-product","3":"status-publish","4":"has-post-thumbnail","6":"product-collections-giam-gia","7":"product_cat-books","9":"first","10":"instock","11":"sale","12":"shipping-taxable","13":"purchasable","14":"product-type-simple"},"acf":[],"_links":{"self":[{"href":"https:\/\/hbbgroup.net\/vi\/wp-json\/wp\/v2\/product\/49826","targetHints":{"allow":["GET"]}}],"collection":[{"href":"https:\/\/hbbgroup.net\/vi\/wp-json\/wp\/v2\/product"}],"about":[{"href":"https:\/\/hbbgroup.net\/vi\/wp-json\/wp\/v2\/types\/product"}],"version-history":[{"count":1,"href":"https:\/\/hbbgroup.net\/vi\/wp-json\/wp\/v2\/product\/49826\/revisions"}],"predecessor-version":[{"id":49833,"href":"https:\/\/hbbgroup.net\/vi\/wp-json\/wp\/v2\/product\/49826\/revisions\/49833"}],"wp:featuredmedia":[{"embeddable":true,"href":"https:\/\/hbbgroup.net\/vi\/wp-json\/wp\/v2\/media\/49827"}],"wp:attachment":[{"href":"https:\/\/hbbgroup.net\/vi\/wp-json\/wp\/v2\/media?parent=49826"}],"wp:term":[{"taxonomy":"product-collections","embeddable":true,"href":"https:\/\/hbbgroup.net\/vi\/wp-json\/wp\/v2\/product-collections?post=49826"},{"taxonomy":"product_brand","embeddable":true,"href":"https:\/\/hbbgroup.net\/vi\/wp-json\/wp\/v2\/product_brand?post=49826"},{"taxonomy":"product_cat","embeddable":true,"href":"https:\/\/hbbgroup.net\/vi\/wp-json\/wp\/v2\/product_cat?post=49826"},{"taxonomy":"product_tag","embeddable":true,"href":"https:\/\/hbbgroup.net\/vi\/wp-json\/wp\/v2\/product_tag?post=49826"}],"curies":[{"name":"wp","href":"https:\/\/api.w.org\/{rel}","templated":true}]}}