{"id":49813,"date":"2025-06-30T09:43:16","date_gmt":"2025-06-30T02:43:16","guid":{"rendered":"https:\/\/hbbgroup.net\/?post_type=product&#038;p=49813"},"modified":"2025-09-30T10:06:09","modified_gmt":"2025-09-30T03:06:09","slug":"kinh-te-hoc-danh-cho-dai-chung-tai-ban-2018","status":"publish","type":"product","link":"https:\/\/hbbgroup.net\/vi\/tai-nguyen\/kinh-te-hoc-danh-cho-dai-chung-tai-ban-2018\/","title":{"rendered":"Kinh T\u1ebf H\u1ecdc D\u00e0nh Cho \u0110\u1ea1i Ch\u00fang (T\u00e1i B\u1ea3n 2018)"},"content":{"rendered":"<p><strong data-start=\"94\" data-end=\"130\">\u201cKinh T\u1ebf H\u1ecdc D\u00e0nh Cho \u0110\u1ea1i Ch\u00fang\u201d<\/strong> (t\u00e1c gi\u1ea3 Steven E. Landsburg) l\u00e0 cu\u1ed1n s\u00e1ch ph\u1ed5 bi\u1ebfn kinh t\u1ebf h\u1ecdc, gi\u1ea3i th\u00edch c\u00e1c hi\u1ec7n t\u01b0\u1ee3ng x\u00e3 h\u1ed9i v\u00e0 \u0111\u1eddi s\u1ed1ng h\u00e0ng ng\u00e0y d\u01b0\u1edbi g\u00f3c nh\u00ecn kinh t\u1ebf m\u1ed9t c\u00e1ch d\u00ed d\u1ecfm, d\u1ec5 hi\u1ec3u v\u00e0 th\u1ef1c ti\u1ec5n.<\/p>","protected":false},"excerpt":{"rendered":"<h2 data-start=\"320\" data-end=\"347\">Th\u00f4ng tin cu\u1ed1n s\u00e1ch<\/h2>\n<ul data-start=\"348\" data-end=\"606\">\n<li data-start=\"348\" data-end=\"396\">\n<p data-start=\"350\" data-end=\"396\"><strong data-start=\"350\" data-end=\"363\">T\u00ean s\u00e1ch:<\/strong> Kinh T\u1ebf H\u1ecdc D\u00e0nh Cho \u0110\u1ea1i Ch\u00fang<\/p>\n<\/li>\n<li data-start=\"397\" data-end=\"433\">\n<p data-start=\"399\" data-end=\"433\"><strong data-start=\"399\" data-end=\"411\">T\u00e1c gi\u1ea3:<\/strong> Steven E. Landsburg<\/p>\n<\/li>\n<li data-start=\"434\" data-end=\"461\">\n<p data-start=\"436\" data-end=\"461\"><strong data-start=\"436\" data-end=\"449\">D\u1ecbch gi\u1ea3:<\/strong> Thanh T\u00e2m<\/p>\n<\/li>\n<li data-start=\"462\" data-end=\"503\">\n<p data-start=\"464\" data-end=\"503\"><strong data-start=\"464\" data-end=\"481\">Nh\u00e0 xu\u1ea5t b\u1ea3n:<\/strong> \u0110H Kinh t\u1ebf Qu\u1ed1c d\u00e2n<\/p>\n<\/li>\n<li data-start=\"504\" data-end=\"540\">\n<p data-start=\"506\" data-end=\"540\"><strong data-start=\"506\" data-end=\"527\">\u0110\u01a1n v\u1ecb ph\u00e1t h\u00e0nh:<\/strong> Alphabooks<\/p>\n<\/li>\n<li data-start=\"541\" data-end=\"606\">\n<p data-start=\"543\" data-end=\"606\"><strong data-start=\"543\" data-end=\"556\">Th\u1ec3 lo\u1ea1i:<\/strong> Kinh t\u1ebf h\u1ecdc ph\u1ed5 th\u00f4ng, \u0110\u1eddi s\u1ed1ng, T\u01b0 duy kinh t\u1ebf<\/p>\n<\/li>\n<\/ul>\n<h2 data-start=\"613\" data-end=\"638\">N\u1ed9i dung chi ti\u1ebft<\/h2>\n<p data-start=\"639\" data-end=\"675\">S\u00e1ch \u0111\u01b0a ra c\u00e1ch ti\u1ebfp c\u1eadn \u0111\u1ed9c \u0111\u00e1o:<\/p>\n<ul data-start=\"676\" data-end=\"1217\">\n<li data-start=\"676\" data-end=\"788\">\n<p data-start=\"678\" data-end=\"788\"><strong data-start=\"678\" data-end=\"721\">Kinh t\u1ebf h\u1ecdc trong \u0111\u1eddi s\u1ed1ng th\u01b0\u1eddng nh\u1eadt:<\/strong> Gi\u1ea3i th\u00edch nh\u1eefng hi\u1ec7n t\u01b0\u1ee3ng t\u01b0\u1edfng nh\u01b0 phi l\u00fd b\u1eb1ng logic kinh t\u1ebf.<\/p>\n<\/li>\n<li data-start=\"789\" data-end=\"1019\">\n<p data-start=\"791\" data-end=\"816\"><strong data-start=\"791\" data-end=\"814\">C\u00e1c c\u00e2u h\u1ecfi th\u00fa v\u1ecb:<\/strong><\/p>\n<ul data-start=\"819\" data-end=\"1019\">\n<li data-start=\"819\" data-end=\"924\">\n<p data-start=\"821\" data-end=\"924\">V\u00ec sao m\u1ed9t s\u1ed1 s\u1ea3n ph\u1ea9m ph\u1ed5 bi\u1ebfn l\u1ea1i c\u00f3 gi\u00e1 r\u1ebb, trong khi nh\u1eefng th\u1ee9 hi\u1ebfm hoi c\u00f3 th\u1ec3 \u0111\u1eaft g\u1ea5p nhi\u1ec1u l\u1ea7n?<\/p>\n<\/li>\n<li data-start=\"927\" data-end=\"1019\">\n<p data-start=\"929\" data-end=\"1019\">T\u1ea1i sao con ng\u01b0\u1eddi th\u01b0\u1eddng h\u00e0nh \u0111\u1ed9ng phi l\u00fd v\u1ec1 m\u1eb7t kinh t\u1ebf nh\u01b0ng l\u1ea1i h\u1ee3p l\u00fd v\u1ec1 m\u1eb7t t\u00e2m l\u00fd?<\/p>\n<\/li>\n<\/ul>\n<\/li>\n<li data-start=\"1020\" data-end=\"1107\">\n<p data-start=\"1022\" data-end=\"1107\"><strong data-start=\"1022\" data-end=\"1043\">Nguy\u00ean l\u00fd c\u01a1 b\u1ea3n:<\/strong> Cung \u2013 c\u1ea7u, chi ph\u00ed c\u01a1 h\u1ed9i, khuy\u1ebfn kh\u00edch, t\u00e1c \u0111\u1ed9ng ngo\u1ea1i \u1ee9ng\u2026<\/p>\n<\/li>\n<li data-start=\"1108\" data-end=\"1217\">\n<p data-start=\"1110\" data-end=\"1217\"><strong data-start=\"1110\" data-end=\"1130\">Phong c\u00e1ch vi\u1ebft:<\/strong> H\u00e0i h\u01b0\u1edbc, d\u00ed d\u1ecfm, d\u1ec5 \u0111\u1ecdc, nh\u01b0ng v\u1eabn \u0111\u1ee7 s\u00e2u s\u1eafc \u0111\u1ec3 ng\u01b0\u1eddi \u0111\u1ecdc \u201cng\u1ed9\u201d ra t\u01b0 duy kinh t\u1ebf.<\/p>\n<\/li>\n<\/ul>\n<p data-start=\"1219\" data-end=\"1233\">Ph\u00f9 h\u1ee3p cho:<\/p>\n<ul data-start=\"1234\" data-end=\"1408\">\n<li data-start=\"1234\" data-end=\"1269\">\n<p data-start=\"1236\" data-end=\"1269\">Ng\u01b0\u1eddi m\u1edbi t\u00ecm hi\u1ec3u kinh t\u1ebf h\u1ecdc.<\/p>\n<\/li>\n<li data-start=\"1270\" data-end=\"1325\">\n<p data-start=\"1272\" data-end=\"1325\">\u0110\u1ed9c gi\u1ea3 mu\u1ed1n hi\u1ec3u kinh t\u1ebf h\u1ecdc qua v\u00ed d\u1ee5 \u0111\u1eddi th\u01b0\u1eddng.<\/p>\n<\/li>\n<li data-start=\"1326\" data-end=\"1408\">\n<p data-start=\"1328\" data-end=\"1408\">Nh\u1eefng ai mu\u1ed1n r\u00e8n luy\u1ec7n c\u00e1ch t\u01b0 duy logic, l\u00fd gi\u1ea3i s\u1ef1 vi\u1ec7c b\u1eb1ng khung kinh t\u1ebf.<\/p>\n<\/li>\n<\/ul>","protected":false},"featured_media":49814,"template":"","meta":{"_acf_changed":false},"product-collections":[262,264],"product_brand":[],"product_cat":[49],"product_tag":[],"class_list":{"0":"post-49813","1":"product","2":"type-product","3":"status-publish","4":"has-post-thumbnail","6":"product-collections-ban-chay","7":"product-collections-giam-gia","8":"product_cat-books","10":"first","11":"instock","12":"sale","13":"shipping-taxable","14":"purchasable","15":"product-type-simple"},"acf":[],"_links":{"self":[{"href":"https:\/\/hbbgroup.net\/vi\/wp-json\/wp\/v2\/product\/49813","targetHints":{"allow":["GET"]}}],"collection":[{"href":"https:\/\/hbbgroup.net\/vi\/wp-json\/wp\/v2\/product"}],"about":[{"href":"https:\/\/hbbgroup.net\/vi\/wp-json\/wp\/v2\/types\/product"}],"version-history":[{"count":2,"href":"https:\/\/hbbgroup.net\/vi\/wp-json\/wp\/v2\/product\/49813\/revisions"}],"predecessor-version":[{"id":49820,"href":"https:\/\/hbbgroup.net\/vi\/wp-json\/wp\/v2\/product\/49813\/revisions\/49820"}],"wp:featuredmedia":[{"embeddable":true,"href":"https:\/\/hbbgroup.net\/vi\/wp-json\/wp\/v2\/media\/49814"}],"wp:attachment":[{"href":"https:\/\/hbbgroup.net\/vi\/wp-json\/wp\/v2\/media?parent=49813"}],"wp:term":[{"taxonomy":"product-collections","embeddable":true,"href":"https:\/\/hbbgroup.net\/vi\/wp-json\/wp\/v2\/product-collections?post=49813"},{"taxonomy":"product_brand","embeddable":true,"href":"https:\/\/hbbgroup.net\/vi\/wp-json\/wp\/v2\/product_brand?post=49813"},{"taxonomy":"product_cat","embeddable":true,"href":"https:\/\/hbbgroup.net\/vi\/wp-json\/wp\/v2\/product_cat?post=49813"},{"taxonomy":"product_tag","embeddable":true,"href":"https:\/\/hbbgroup.net\/vi\/wp-json\/wp\/v2\/product_tag?post=49813"}],"curies":[{"name":"wp","href":"https:\/\/api.w.org\/{rel}","templated":true}]}}