{"id":49722,"date":"2025-08-20T16:17:05","date_gmt":"2025-08-20T09:17:05","guid":{"rendered":"https:\/\/hbbgroup.net\/?post_type=product&#038;p=49722"},"modified":"2025-09-29T16:20:59","modified_gmt":"2025-09-29T09:20:59","slug":"ai-trong-linh-vuc-kinh-te-va-tai-chinh","status":"publish","type":"product","link":"https:\/\/hbbgroup.net\/vi\/tai-nguyen\/ai-trong-linh-vuc-kinh-te-va-tai-chinh\/","title":{"rendered":"AI Trong L\u0129nh V\u1ef1c Kinh T\u1ebf V\u00e0 T\u00e0i Ch\u00ednh"},"content":{"rendered":"<p><strong data-start=\"90\" data-end=\"134\">\u201cAI trong l\u0129nh v\u1ef1c Kinh t\u1ebf v\u00e0 T\u00e0i ch\u00ednh\u201d<\/strong> l\u00e0 cu\u1ed1n s\u00e1ch nghi\u00ean c\u1ee9u, ph\u00e2n t\u00edch v\u00e0 \u1ee9ng d\u1ee5ng tr\u00ed tu\u1ec7 nh\u00e2n t\u1ea1o trong c\u00e1c ho\u1ea1t \u0111\u1ed9ng kinh t\u1ebf \u2013 t\u00e0i ch\u00ednh, t\u1eeb ho\u1ea1ch \u0111\u1ecbnh ch\u00ednh s\u00e1ch \u0111\u1ebfn v\u1eadn h\u00e0nh doanh nghi\u1ec7p v\u00e0 qu\u1ea3n l\u00fd \u0111\u1ea7u t\u01b0.<\/p>","protected":false},"excerpt":{"rendered":"<h2 data-start=\"318\" data-end=\"345\">Th\u00f4ng tin cu\u1ed1n s\u00e1ch<\/h2>\n<ul data-start=\"346\" data-end=\"666\">\n<li data-start=\"346\" data-end=\"402\">\n<p data-start=\"348\" data-end=\"402\"><strong data-start=\"348\" data-end=\"361\">T\u00ean s\u00e1ch:<\/strong> AI trong l\u0129nh v\u1ef1c Kinh t\u1ebf v\u00e0 T\u00e0i ch\u00ednh<\/p>\n<\/li>\n<li data-start=\"403\" data-end=\"438\">\n<p data-start=\"405\" data-end=\"438\"><strong data-start=\"405\" data-end=\"418\">Ch\u1ee7 bi\u00ean:<\/strong> TS. L\u00ea H\u1ed3ng Nhung<\/p>\n<\/li>\n<li data-start=\"439\" data-end=\"526\">\n<p data-start=\"441\" data-end=\"526\"><strong data-start=\"441\" data-end=\"459\">\u0110\u1ed3ng ch\u1ee7 bi\u00ean:<\/strong> TS. V\u00f5 Tr\u00ed Th\u00e0nh, TS. Nguy\u1ec5n Th\u1ecb Thu H\u01b0\u01a1ng, TS. Nguy\u1ec5n Xu\u00e2n D\u0169ng<\/p>\n<\/li>\n<li data-start=\"527\" data-end=\"560\">\n<p data-start=\"529\" data-end=\"560\"><strong data-start=\"529\" data-end=\"546\">Nh\u00e0 xu\u1ea5t b\u1ea3n:<\/strong> C\u00f4ng Th\u01b0\u01a1ng<\/p>\n<\/li>\n<li data-start=\"561\" data-end=\"597\">\n<p data-start=\"563\" data-end=\"597\"><strong data-start=\"563\" data-end=\"584\">\u0110\u01a1n v\u1ecb ph\u00e1t h\u00e0nh:<\/strong> Alphabooks<\/p>\n<\/li>\n<li data-start=\"598\" data-end=\"666\">\n<p data-start=\"600\" data-end=\"666\"><strong data-start=\"600\" data-end=\"613\">Th\u1ec3 lo\u1ea1i:<\/strong> C\u00f4ng ngh\u1ec7, Kinh t\u1ebf, T\u00e0i ch\u00ednh, Nghi\u00ean c\u1ee9u \u1ee9ng d\u1ee5ng<\/p>\n<\/li>\n<\/ul>\n<h2 data-start=\"673\" data-end=\"698\">N\u1ed9i dung chi ti\u1ebft<\/h2>\n<p data-start=\"699\" data-end=\"798\">Cu\u1ed1n s\u00e1ch t\u1eadp trung v\u00e0o vai tr\u00f2 c\u1ee7a <strong data-start=\"735\" data-end=\"760\">tr\u00ed tu\u1ec7 nh\u00e2n t\u1ea1o (AI)<\/strong> trong \u0111\u1ed5i m\u1edbi kinh t\u1ebf v\u00e0 t\u00e0i ch\u00ednh:<\/p>\n<ul data-start=\"799\" data-end=\"1391\">\n<li data-start=\"799\" data-end=\"899\">\n<p data-start=\"801\" data-end=\"899\"><strong data-start=\"801\" data-end=\"821\">Khung l\u00fd thuy\u1ebft:<\/strong> Gi\u1edbi thi\u1ec7u n\u1ec1n t\u1ea3ng AI, machine learning, big data trong ph\u00e2n t\u00edch kinh t\u1ebf.<\/p>\n<\/li>\n<li data-start=\"900\" data-end=\"1050\">\n<p data-start=\"902\" data-end=\"933\"><strong data-start=\"902\" data-end=\"931\">\u1ee8ng d\u1ee5ng trong t\u00e0i ch\u00ednh:<\/strong><\/p>\n<ul data-start=\"936\" data-end=\"1050\">\n<li data-start=\"936\" data-end=\"956\">\n<p data-start=\"938\" data-end=\"956\">Qu\u1ea3n tr\u1ecb r\u1ee7i ro.<\/p>\n<\/li>\n<li data-start=\"959\" data-end=\"1009\">\n<p data-start=\"961\" data-end=\"1009\">T\u1ef1 \u0111\u1ed9ng h\u00f3a giao d\u1ecbch v\u00e0 ph\u00e2n t\u00edch th\u1ecb tr\u01b0\u1eddng.<\/p>\n<\/li>\n<li data-start=\"1012\" data-end=\"1050\">\n<p data-start=\"1014\" data-end=\"1050\">Ph\u00e1t tri\u1ec3n s\u1ea3n ph\u1ea9m t\u00e0i ch\u00ednh m\u1edbi.<\/p>\n<\/li>\n<\/ul>\n<\/li>\n<li data-start=\"1051\" data-end=\"1175\">\n<p data-start=\"1053\" data-end=\"1088\"><strong data-start=\"1053\" data-end=\"1086\">\u1ee8ng d\u1ee5ng trong kinh t\u1ebf v\u0129 m\u00f4:<\/strong><\/p>\n<ul data-start=\"1091\" data-end=\"1175\">\n<li data-start=\"1091\" data-end=\"1136\">\n<p data-start=\"1093\" data-end=\"1136\">D\u1ef1 b\u00e1o t\u0103ng tr\u01b0\u1edfng, l\u1ea1m ph\u00e1t, th\u01b0\u01a1ng m\u1ea1i.<\/p>\n<\/li>\n<li data-start=\"1139\" data-end=\"1175\">\n<p data-start=\"1141\" data-end=\"1175\">H\u1ed7 tr\u1ee3 ra quy\u1ebft \u0111\u1ecbnh ch\u00ednh s\u00e1ch.<\/p>\n<\/li>\n<\/ul>\n<\/li>\n<li data-start=\"1176\" data-end=\"1305\">\n<p data-start=\"1178\" data-end=\"1210\"><strong data-start=\"1178\" data-end=\"1208\">Doanh nghi\u1ec7p &amp; th\u1ecb tr\u01b0\u1eddng:<\/strong>T\u1ed1i \u01b0u chu\u1ed7i cung \u1ee9ng. Marketing d\u1eef li\u1ec7u l\u1edbn. Qu\u1ea3n tr\u1ecb ngu\u1ed3n l\u1ef1c th\u00f4ng minh.<\/p>\n<\/li>\n<li data-start=\"1306\" data-end=\"1391\">\n<p data-start=\"1308\" data-end=\"1391\"><strong data-start=\"1308\" data-end=\"1328\">T\u00e1c \u0111\u1ed9ng x\u00e3 h\u1ed9i:<\/strong> L\u1ee3i \u00edch v\u00e0 th\u00e1ch th\u1ee9c v\u1ec1 lao \u0111\u1ed9ng, ph\u00e1p l\u00fd, an to\u00e0n d\u1eef li\u1ec7u.<\/p>\n<\/li>\n<\/ul>\n<p data-start=\"1393\" data-end=\"1407\">Ph\u00f9 h\u1ee3p cho:<\/p>\n<ul data-start=\"1408\" data-end=\"1600\">\n<li data-start=\"1408\" data-end=\"1486\">\n<p data-start=\"1410\" data-end=\"1486\">Nh\u00e0 nghi\u00ean c\u1ee9u, sinh vi\u00ean kinh t\u1ebf \u2013 t\u00e0i ch\u00ednh mu\u1ed1n ti\u1ebfp c\u1eadn c\u00f4ng ngh\u1ec7 m\u1edbi.<\/p>\n<\/li>\n<li data-start=\"1487\" data-end=\"1530\">\n<p data-start=\"1489\" data-end=\"1530\">Doanh nghi\u1ec7p t\u00ecm gi\u1ea3i ph\u00e1p \u1ee9ng d\u1ee5ng AI.<\/p>\n<\/li>\n<li data-start=\"1531\" data-end=\"1600\">\n<p data-start=\"1533\" data-end=\"1600\">Ng\u01b0\u1eddi quan t\u00e2m \u0111\u1ebfn xu th\u1ebf chuy\u1ec3n \u0111\u1ed5i s\u1ed1 trong qu\u1ea3n tr\u1ecb v\u00e0 \u0111\u1ea7u t\u01b0.<\/p>\n<\/li>\n<\/ul>","protected":false},"featured_media":49723,"template":"","meta":{"_acf_changed":false},"product-collections":[264],"product_brand":[],"product_cat":[49],"product_tag":[],"class_list":{"0":"post-49722","1":"product","2":"type-product","3":"status-publish","4":"has-post-thumbnail","6":"product-collections-giam-gia","7":"product_cat-books","9":"first","10":"instock","11":"sale","12":"shipping-taxable","13":"purchasable","14":"product-type-simple"},"acf":[],"_links":{"self":[{"href":"https:\/\/hbbgroup.net\/vi\/wp-json\/wp\/v2\/product\/49722","targetHints":{"allow":["GET"]}}],"collection":[{"href":"https:\/\/hbbgroup.net\/vi\/wp-json\/wp\/v2\/product"}],"about":[{"href":"https:\/\/hbbgroup.net\/vi\/wp-json\/wp\/v2\/types\/product"}],"version-history":[{"count":3,"href":"https:\/\/hbbgroup.net\/vi\/wp-json\/wp\/v2\/product\/49722\/revisions"}],"predecessor-version":[{"id":49730,"href":"https:\/\/hbbgroup.net\/vi\/wp-json\/wp\/v2\/product\/49722\/revisions\/49730"}],"wp:featuredmedia":[{"embeddable":true,"href":"https:\/\/hbbgroup.net\/vi\/wp-json\/wp\/v2\/media\/49723"}],"wp:attachment":[{"href":"https:\/\/hbbgroup.net\/vi\/wp-json\/wp\/v2\/media?parent=49722"}],"wp:term":[{"taxonomy":"product-collections","embeddable":true,"href":"https:\/\/hbbgroup.net\/vi\/wp-json\/wp\/v2\/product-collections?post=49722"},{"taxonomy":"product_brand","embeddable":true,"href":"https:\/\/hbbgroup.net\/vi\/wp-json\/wp\/v2\/product_brand?post=49722"},{"taxonomy":"product_cat","embeddable":true,"href":"https:\/\/hbbgroup.net\/vi\/wp-json\/wp\/v2\/product_cat?post=49722"},{"taxonomy":"product_tag","embeddable":true,"href":"https:\/\/hbbgroup.net\/vi\/wp-json\/wp\/v2\/product_tag?post=49722"}],"curies":[{"name":"wp","href":"https:\/\/api.w.org\/{rel}","templated":true}]}}