{"id":43164,"date":"2025-08-25T16:18:28","date_gmt":"2025-08-25T09:18:28","guid":{"rendered":"https:\/\/hbbgroup.net\/?post_type=product&#038;p=43164"},"modified":"2025-09-15T10:51:18","modified_gmt":"2025-09-15T03:51:18","slug":"kinh-te-hau-covid","status":"publish","type":"product","link":"https:\/\/hbbgroup.net\/vi\/tai-nguyen\/kinh-te-hau-covid\/","title":{"rendered":"Kinh T\u1ebf H\u1eadu Covid"},"content":{"rendered":"<p>\u201cKinh t\u1ebf h\u1eadu Covid\u201d c\u1ee7a Jason Schenker l\u00e0 cu\u1ed1n s\u00e1ch ph\u00e2n t\u00edch to\u00e0n c\u1ea3nh <strong data-start=\"92\" data-end=\"140\">nh\u1eefng thay \u0111\u1ed5i kinh t\u1ebf \u2013 x\u00e3 h\u1ed9i sau \u0111\u1ea1i d\u1ecbch<\/strong>, t\u1eeb chu\u1ed7i cung \u1ee9ng, lao \u0111\u1ed9ng, c\u00f4ng ngh\u1ec7 \u0111\u1ebfn ch\u00ednh s\u00e1ch to\u00e0n c\u1ea7u. T\u00e1c gi\u1ea3 ch\u1ec9 ra c\u00e1ch bi\u1ebfn ngh\u1ecbch c\u1ea3nh th\u00e0nh c\u01a1 h\u1ed9i v\u00e0 g\u1ee3i \u00fd chi\u1ebfn l\u01b0\u1ee3c \u0111\u1ec3 n\u1eafm b\u1eaft t\u00e2m l\u00fd th\u1ecb tr\u01b0\u1eddng trong k\u1ef7 nguy\u00ean m\u1edbi.<\/p>","protected":false},"excerpt":{"rendered":"<h2 data-start=\"334\" data-end=\"362\"><strong data-start=\"337\" data-end=\"360\">Th\u00f4ng tin cu\u1ed1n s\u00e1ch<\/strong><\/h2>\n<ul data-start=\"363\" data-end=\"696\">\n<li data-start=\"363\" data-end=\"398\">\n<p data-start=\"365\" data-end=\"398\"><strong data-start=\"365\" data-end=\"378\">T\u00ean s\u00e1ch:<\/strong> Kinh t\u1ebf h\u1eadu Covid<\/p>\n<\/li>\n<li data-start=\"399\" data-end=\"430\">\n<p data-start=\"401\" data-end=\"430\"><strong data-start=\"401\" data-end=\"413\">T\u00e1c gi\u1ea3:<\/strong> Jason Schenker<\/p>\n<\/li>\n<li data-start=\"431\" data-end=\"461\">\n<p data-start=\"433\" data-end=\"461\"><strong data-start=\"433\" data-end=\"448\">Ng\u01b0\u1eddi d\u1ecbch:<\/strong> Huy Nguy\u1ec5n<\/p>\n<\/li>\n<li data-start=\"462\" data-end=\"509\">\n<p data-start=\"464\" data-end=\"509\"><strong data-start=\"464\" data-end=\"481\">Nh\u00e0 xu\u1ea5t b\u1ea3n:<\/strong> NXB Lao \u0110\u1ed9ng \u2013 1980 Books<\/p>\n<\/li>\n<li data-start=\"510\" data-end=\"576\">\n<p data-start=\"512\" data-end=\"576\"><strong data-start=\"512\" data-end=\"525\">Th\u1ec3 lo\u1ea1i:<\/strong> Kinh t\u1ebf, Ph\u00e2n t\u00edch th\u1ecb tr\u01b0\u1eddng, Xu h\u01b0\u1edbng to\u00e0n c\u1ea7u<\/p>\n<\/li>\n<li data-start=\"577\" data-end=\"696\">\n<p data-start=\"579\" data-end=\"696\"><strong data-start=\"579\" data-end=\"599\">\u0110\u1ed9c gi\u1ea3 ph\u00f9 h\u1ee3p:<\/strong> Nh\u00e0 \u0111\u1ea7u t\u01b0, nh\u00e0 qu\u1ea3n tr\u1ecb, sinh vi\u00ean kinh t\u1ebf, ng\u01b0\u1eddi quan t\u00e2m \u0111\u1ebfn xu h\u01b0\u1edbng th\u1ebf gi\u1edbi sau \u0111\u1ea1i d\u1ecbch<\/p>\n<\/li>\n<\/ul>\n<h2 data-start=\"703\" data-end=\"729\"><strong data-start=\"706\" data-end=\"727\">N\u1ed9i dung chi ti\u1ebft<\/strong><\/h2>\n<p data-start=\"731\" data-end=\"767\"><strong data-start=\"731\" data-end=\"765\">T\u00e1c \u0111\u1ed9ng to\u00e0n c\u1ea7u c\u1ee7a Covid-19<\/strong><\/p>\n<ul data-start=\"768\" data-end=\"911\">\n<li data-start=\"768\" data-end=\"844\">\n<p data-start=\"770\" data-end=\"844\">Suy tho\u00e1i kinh t\u1ebf, \u0111\u1ee9t g\u00e3y chu\u1ed7i cung \u1ee9ng, thay \u0111\u1ed5i th\u00f3i quen ti\u00eau d\u00f9ng.<\/p>\n<\/li>\n<li data-start=\"845\" data-end=\"911\">\n<p data-start=\"847\" data-end=\"911\">C\u00e1c ng\u00e0nh ch\u1ecbu \u1ea3nh h\u01b0\u1edfng n\u1eb7ng n\u1ec1: du l\u1ecbch, h\u00e0ng kh\u00f4ng, b\u00e1n l\u1ebb.<\/p>\n<\/li>\n<\/ul>\n<p data-start=\"913\" data-end=\"935\"><strong data-start=\"913\" data-end=\"933\">Nh\u1eefng c\u01a1 h\u1ed9i m\u1edbi<\/strong><\/p>\n<ul data-start=\"936\" data-end=\"1072\">\n<li data-start=\"936\" data-end=\"999\">\n<p data-start=\"938\" data-end=\"999\">B\u00f9ng n\u1ed5 th\u01b0\u01a1ng m\u1ea1i \u0111i\u1ec7n t\u1eed, c\u00f4ng ngh\u1ec7 s\u1ed1 v\u00e0 l\u00e0m vi\u1ec7c t\u1eeb xa.<\/p>\n<\/li>\n<li data-start=\"1000\" data-end=\"1072\">\n<p data-start=\"1002\" data-end=\"1072\">Xu h\u01b0\u1edbng chuy\u1ec3n d\u1ecbch sang y t\u1ebf, ch\u0103m s\u00f3c s\u1ee9c kh\u1ecfe v\u00e0 c\u00f4ng ngh\u1ec7 s\u1ea1ch.<\/p>\n<\/li>\n<\/ul>\n<p data-start=\"1074\" data-end=\"1110\"><strong data-start=\"1074\" data-end=\"1108\">Ch\u00ednh s\u00e1ch ti\u1ec1n t\u1ec7 v\u00e0 t\u00e0i kh\u00f3a<\/strong><\/p>\n<ul data-start=\"1111\" data-end=\"1213\">\n<li data-start=\"1111\" data-end=\"1171\">\n<p data-start=\"1113\" data-end=\"1171\">Vai tr\u00f2 c\u1ee7a ch\u00ednh ph\u1ee7 trong vi\u1ec7c k\u00edch th\u00edch n\u1ec1n kinh t\u1ebf.<\/p>\n<\/li>\n<li data-start=\"1172\" data-end=\"1213\">\n<p data-start=\"1174\" data-end=\"1213\">Nguy c\u01a1 l\u1ea1m ph\u00e1t v\u00e0 n\u1ee3 c\u00f4ng t\u0103ng cao.<\/p>\n<\/li>\n<\/ul>\n<p data-start=\"1215\" data-end=\"1259\"><strong data-start=\"1215\" data-end=\"1257\">T\u00e2m l\u00fd th\u1ecb tr\u01b0\u1eddng v\u00e0 chi\u1ebfn l\u01b0\u1ee3c \u0111\u1ea7u t\u01b0<\/strong><\/p>\n<ul data-start=\"1260\" data-end=\"1396\">\n<li data-start=\"1260\" data-end=\"1333\">\n<p data-start=\"1262\" data-end=\"1333\">Th\u1ecb tr\u01b0\u1eddng t\u00e0i ch\u00ednh bi\u1ebfn \u0111\u1ed9ng m\u1ea1nh, nh\u00e0 \u0111\u1ea7u t\u01b0 ph\u1ea3i th\u00edch \u1ee9ng nhanh.<\/p>\n<\/li>\n<li data-start=\"1334\" data-end=\"1396\">\n<p data-start=\"1336\" data-end=\"1396\">C\u01a1 h\u1ed9i trong l\u0129nh v\u1ef1c v\u00e0ng, c\u00f4ng ngh\u1ec7, n\u0103ng l\u01b0\u1ee3ng t\u00e1i t\u1ea1o.<\/p>\n<\/li>\n<\/ul>\n<p data-start=\"1398\" data-end=\"1426\"><strong data-start=\"1398\" data-end=\"1424\">T\u01b0\u01a1ng lai h\u1eadu \u0111\u1ea1i d\u1ecbch<\/strong><\/p>\n<ul data-start=\"1427\" data-end=\"1582\">\n<li data-start=\"1427\" data-end=\"1512\">\n<p data-start=\"1429\" data-end=\"1512\">X\u00e2y d\u1ef1ng n\u1ec1n kinh t\u1ebf b\u1ec1n v\u1eefng h\u01a1n, ch\u00fa tr\u1ecdng t\u00ednh linh ho\u1ea1t v\u00e0 kh\u1ea3 n\u0103ng ph\u1ee5c h\u1ed3i.<\/p>\n<\/li>\n<li data-start=\"1513\" data-end=\"1582\">\n<p data-start=\"1515\" data-end=\"1582\">T\u00e1i \u0111\u1ecbnh h\u00ecnh th\u1ebf gi\u1edbi lao \u0111\u1ed9ng, quan h\u1ec7 qu\u1ed1c t\u1ebf v\u00e0 to\u00e0n c\u1ea7u h\u00f3a.<\/p>\n<\/li>\n<\/ul>","protected":false},"featured_media":43171,"template":"","meta":{"_acf_changed":false},"product-collections":[264],"product_brand":[],"product_cat":[49],"product_tag":[],"class_list":{"0":"post-43164","1":"product","2":"type-product","3":"status-publish","4":"has-post-thumbnail","6":"product-collections-giam-gia","7":"product_cat-books","9":"first","10":"instock","11":"sale","12":"shipping-taxable","13":"purchasable","14":"product-type-simple"},"acf":[],"_links":{"self":[{"href":"https:\/\/hbbgroup.net\/vi\/wp-json\/wp\/v2\/product\/43164","targetHints":{"allow":["GET"]}}],"collection":[{"href":"https:\/\/hbbgroup.net\/vi\/wp-json\/wp\/v2\/product"}],"about":[{"href":"https:\/\/hbbgroup.net\/vi\/wp-json\/wp\/v2\/types\/product"}],"version-history":[{"count":2,"href":"https:\/\/hbbgroup.net\/vi\/wp-json\/wp\/v2\/product\/43164\/revisions"}],"predecessor-version":[{"id":48743,"href":"https:\/\/hbbgroup.net\/vi\/wp-json\/wp\/v2\/product\/43164\/revisions\/48743"}],"wp:featuredmedia":[{"embeddable":true,"href":"https:\/\/hbbgroup.net\/vi\/wp-json\/wp\/v2\/media\/43171"}],"wp:attachment":[{"href":"https:\/\/hbbgroup.net\/vi\/wp-json\/wp\/v2\/media?parent=43164"}],"wp:term":[{"taxonomy":"product-collections","embeddable":true,"href":"https:\/\/hbbgroup.net\/vi\/wp-json\/wp\/v2\/product-collections?post=43164"},{"taxonomy":"product_brand","embeddable":true,"href":"https:\/\/hbbgroup.net\/vi\/wp-json\/wp\/v2\/product_brand?post=43164"},{"taxonomy":"product_cat","embeddable":true,"href":"https:\/\/hbbgroup.net\/vi\/wp-json\/wp\/v2\/product_cat?post=43164"},{"taxonomy":"product_tag","embeddable":true,"href":"https:\/\/hbbgroup.net\/vi\/wp-json\/wp\/v2\/product_tag?post=43164"}],"curies":[{"name":"wp","href":"https:\/\/api.w.org\/{rel}","templated":true}]}}