{"id":41162,"date":"2025-08-20T11:57:19","date_gmt":"2025-08-20T04:57:19","guid":{"rendered":"https:\/\/hbbgroup.net\/?post_type=product&#038;p=41162"},"modified":"2025-08-20T11:57:19","modified_gmt":"2025-08-20T04:57:19","slug":"toi-da-kiem-2-000-000-do-la-tu-thi-truong-chung-khoan-nhu-the-nao-tai-ban-2021","status":"publish","type":"product","link":"https:\/\/hbbgroup.net\/vi\/tai-nguyen\/toi-da-kiem-2-000-000-do-la-tu-thi-truong-chung-khoan-nhu-the-nao-tai-ban-2021\/","title":{"rendered":"T\u00f4i \u0110\u00e3 Ki\u1ebfm 2.000.000 \u0110\u00f4 La T\u1eeb Th\u1ecb Tr\u01b0\u1eddng Ch\u1ee9ng Kho\u00e1n Nh\u01b0 Th\u1ebf N\u00e0o? (T\u00e1i B\u1ea3n 2021)"},"content":{"rendered":"<p data-start=\"1708\" data-end=\"2085\">Cu\u1ed1n s\u00e1ch l\u00e0 h\u00e0nh tr\u00ecnh \u0111\u1ea7y c\u1ea3m h\u1ee9ng c\u1ee7a Nicolas Darvas \u2013 t\u1eeb m\u1ed9t v\u0169 c\u00f4ng l\u01b0u di\u1ec5n \u0111\u1ebfn nh\u00e0 \u0111\u1ea7u t\u01b0 ki\u1ebfm 2 tri\u1ec7u \u0111\u00f4 la tr\u00ean th\u1ecb tr\u01b0\u1eddng ch\u1ee9ng kho\u00e1n. Tr\u1ecdng t\u00e2m l\u00e0 <strong data-start=\"1866\" data-end=\"1892\">Ph\u01b0\u01a1ng ph\u00e1p H\u1ed9p Darvas<\/strong>, nh\u1ea5n m\u1ea1nh ph\u00e2n t\u00edch xu h\u01b0\u1edbng, kh\u1ed1i l\u01b0\u1ee3ng giao d\u1ecbch v\u00e0 k\u1ef7 lu\u1eadt \u0111\u1ea7u t\u01b0. \u0110\u00e2y l\u00e0 t\u00e1c ph\u1ea9m kinh \u0111i\u1ec3n cho nh\u1eefng ai mu\u1ed1n h\u1ecdc c\u00e1ch giao d\u1ecbch theo xu h\u01b0\u1edbng m\u00e0 kh\u00f4ng c\u1ea7n ki\u1ebfn th\u1ee9c t\u00e0i ch\u00ednh ph\u1ee9c t\u1ea1p.<\/p>","protected":false},"excerpt":{"rendered":"<p>&nbsp;<\/p>\n<h2 data-start=\"5\" data-end=\"36\"><strong data-start=\"8\" data-end=\"34\">Th\u00f4ng tin cu\u1ed1n s\u00e1ch<\/strong><\/h2>\n<ul data-start=\"37\" data-end=\"385\">\n<li data-start=\"37\" data-end=\"167\">\n<p data-start=\"39\" data-end=\"167\"><strong data-start=\"39\" data-end=\"52\">T\u00ean s\u00e1ch:<\/strong> T\u00f4i \u0110\u00e3 Ki\u1ebfm 2.000.000 \u0110\u00f4 La T\u1eeb Th\u1ecb Tr\u01b0\u1eddng Ch\u1ee9ng Kho\u00e1n Nh\u01b0 Th\u1ebf N\u00e0o? (<em data-start=\"121\" data-end=\"164\">How I Made $2,000,000 in the Stock Market<\/em>)<\/p>\n<\/li>\n<li data-start=\"168\" data-end=\"199\">\n<p data-start=\"170\" data-end=\"199\"><strong data-start=\"170\" data-end=\"182\">T\u00e1c gi\u1ea3:<\/strong> Nicolas Darvas<\/p>\n<\/li>\n<li data-start=\"200\" data-end=\"230\">\n<p data-start=\"202\" data-end=\"230\"><strong data-start=\"202\" data-end=\"217\">Ng\u01b0\u1eddi d\u1ecbch:<\/strong> Thu Ph\u01b0\u01a1ng<\/p>\n<\/li>\n<li data-start=\"231\" data-end=\"279\">\n<p data-start=\"233\" data-end=\"279\"><strong data-start=\"233\" data-end=\"250\">Nh\u00e0 xu\u1ea5t b\u1ea3n:<\/strong> NXB H\u1ed3ng \u0110\u1ee9c \u2013 Alpha Books<\/p>\n<\/li>\n<li data-start=\"280\" data-end=\"354\">\n<p data-start=\"282\" data-end=\"354\"><strong data-start=\"282\" data-end=\"295\">Th\u1ec3 lo\u1ea1i:<\/strong> \u0110\u1ea7u t\u01b0 ch\u1ee9ng kho\u00e1n, T\u00e0i ch\u00ednh c\u00e1 nh\u00e2n, H\u1ed3i k\u00fd kinh doanh<\/p>\n<\/li>\n<li data-start=\"355\" data-end=\"385\">\n<p data-start=\"357\" data-end=\"385\"><strong data-start=\"357\" data-end=\"378\">N\u0103m xu\u1ea5t b\u1ea3n g\u1ed1c:<\/strong> 1960<\/p>\n<\/li>\n<\/ul>\n<h2 data-start=\"392\" data-end=\"427\"><strong data-start=\"395\" data-end=\"425\">\u00a0M\u00f4 t\u1ea3 chi ti\u1ebft n\u1ed9i dung<\/strong><\/h2>\n<h3 data-start=\"429\" data-end=\"485\"><strong data-start=\"433\" data-end=\"483\">Ph\u1ea7n 1: H\u00e0nh tr\u00ecnh t\u1eeb v\u0169 c\u00f4ng th\u00e0nh nh\u00e0 \u0111\u1ea7u t\u01b0<\/strong><\/h3>\n<ul data-start=\"486\" data-end=\"654\">\n<li data-start=\"486\" data-end=\"574\">\n<p data-start=\"488\" data-end=\"574\">Nicolas Darvas v\u1ed1n l\u00e0 m\u1ed9t <strong data-start=\"514\" data-end=\"535\">v\u0169 c\u00f4ng n\u1ed5i ti\u1ebfng<\/strong> tr\u01b0\u1edbc khi b\u01b0\u1edbc ch\u00e2n v\u00e0o ch\u1ee9ng kho\u00e1n.<\/p>\n<\/li>\n<li data-start=\"575\" data-end=\"654\">\n<p data-start=\"577\" data-end=\"654\">\u00d4ng k\u1ec3 l\u1ea1i c\u00e1ch b\u1eaft \u0111\u1ea7u \u0111\u1ea7u t\u01b0 m\u00e0 kh\u00f4ng c\u00f3 ki\u1ebfn th\u1ee9c t\u00e0i ch\u00ednh ch\u00ednh th\u1ed1ng.<\/p>\n<\/li>\n<\/ul>\n<h3 data-start=\"656\" data-end=\"702\"><strong data-start=\"660\" data-end=\"700\">Ph\u1ea7n 2: Th\u1ea5t b\u1ea1i v\u00e0 b\u00e0i h\u1ecdc \u0111\u1ea7u ti\u00ean<\/strong><\/h3>\n<ul data-start=\"703\" data-end=\"851\">\n<li data-start=\"703\" data-end=\"780\">\n<p data-start=\"705\" data-end=\"780\">Darvas tr\u1ea3i qua nhi\u1ec1u kho\u1ea3n l\u1ed7 l\u1edbn do nghe theo tin \u0111\u1ed3n v\u00e0 t\u01b0 v\u1ea5n \u201cn\u00f3ng\u201d.<\/p>\n<\/li>\n<li data-start=\"781\" data-end=\"851\">\n<p data-start=\"783\" data-end=\"851\">B\u00e0i h\u1ecdc: th\u1ecb tr\u01b0\u1eddng kh\u00f4ng d\u00e0nh cho c\u1ea3m x\u00fac, c\u1ea7n c\u00f3 h\u1ec7 th\u1ed1ng ri\u00eang.<\/p>\n<\/li>\n<\/ul>\n<h3 data-start=\"853\" data-end=\"913\"><strong data-start=\"857\" data-end=\"911\">Ph\u1ea7n 3: Ph\u01b0\u01a1ng ph\u00e1p H\u1ed9p Darvas (Darvas Box Theory)<\/strong><\/h3>\n<ul data-start=\"914\" data-end=\"1214\">\n<li data-start=\"914\" data-end=\"1124\">\n<p data-start=\"916\" data-end=\"970\">C\u1ed1t l\u00f5i cu\u1ed1n s\u00e1ch ch\u00ednh l\u00e0 <strong data-start=\"943\" data-end=\"967\">l\u00fd thuy\u1ebft h\u1ed9p Darvas<\/strong>:<\/p>\n<ul data-start=\"973\" data-end=\"1124\">\n<li data-start=\"973\" data-end=\"1050\">\n<p data-start=\"975\" data-end=\"1050\">Khi gi\u00e1 c\u1ed5 phi\u1ebfu v\u01b0\u1ee3t qua m\u1ed9t m\u1ee9c kh\u00e1ng c\u1ef1 (box top), \u0111\u00f3 l\u00e0 t\u00edn hi\u1ec7u mua.<\/p>\n<\/li>\n<li data-start=\"1053\" data-end=\"1124\">\n<p data-start=\"1055\" data-end=\"1124\">N\u1ebfu gi\u00e1 r\u01a1i xu\u1ed1ng d\u01b0\u1edbi m\u1ee9c h\u1ed7 tr\u1ee3 (box bottom), \u0111\u00f3 l\u00e0 t\u00edn hi\u1ec7u b\u00e1n.<\/p>\n<\/li>\n<\/ul>\n<\/li>\n<li data-start=\"1125\" data-end=\"1214\">\n<p data-start=\"1127\" data-end=\"1214\">\u00d4ng s\u1eed d\u1ee5ng <strong data-start=\"1139\" data-end=\"1190\">ph\u00e2n t\u00edch k\u1ef9 thu\u1eadt k\u1ebft h\u1ee3p kh\u1ed1i l\u01b0\u1ee3ng giao d\u1ecbch<\/strong> \u0111\u1ec3 x\u00e1c nh\u1eadn xu h\u01b0\u1edbng.<\/p>\n<\/li>\n<\/ul>\n<h3 data-start=\"1216\" data-end=\"1257\"><strong data-start=\"1220\" data-end=\"1255\">Ph\u1ea7n 4: K\u1ef7 lu\u1eadt v\u00e0 Qu\u1ea3n tr\u1ecb v\u1ed1n<\/strong><\/h3>\n<ul data-start=\"1258\" data-end=\"1407\">\n<li data-start=\"1258\" data-end=\"1317\">\n<p data-start=\"1260\" data-end=\"1317\">Darvas \u0111\u1eb7t ra quy t\u1eafc c\u1eaft l\u1ed7 nghi\u00eam ng\u1eb7t \u0111\u1ec3 b\u1ea3o v\u1ec7 v\u1ed1n.<\/p>\n<\/li>\n<li data-start=\"1318\" data-end=\"1367\">\n<p data-start=\"1320\" data-end=\"1367\">Kh\u00f4ng bao gi\u1edd \u201cb\u1eaft \u0111\u00e1y\u201d ho\u1eb7c \u201c\u00f4m l\u1ed7 ch\u1edd h\u1ed3i\u201d.<\/p>\n<\/li>\n<li data-start=\"1368\" data-end=\"1407\">\n<p data-start=\"1370\" data-end=\"1407\">Ch\u1ec9 mua khi xu h\u01b0\u1edbng x\u00e1c nh\u1eadn t\u0103ng.<\/p>\n<\/li>\n<\/ul>\n<h3 data-start=\"1409\" data-end=\"1453\"><strong data-start=\"1413\" data-end=\"1451\">Ph\u1ea7n 5: H\u00e0nh tr\u00ecnh \u0111\u1ea1t 2 tri\u1ec7u USD<\/strong><\/h3>\n<ul data-start=\"1454\" data-end=\"1678\">\n<li data-start=\"1454\" data-end=\"1589\">\n<p data-start=\"1456\" data-end=\"1589\">T\u1eeb kho\u1ea3n v\u1ed1n ban \u0111\u1ea7u khi\u00eam t\u1ed1n, Darvas \u0111\u00e3 \u00e1p d\u1ee5ng ph\u01b0\u01a1ng ph\u00e1p h\u1ed9p v\u00e0 k\u1ef7 lu\u1eadt s\u1eaft \u0111\u1ec3 t\u00edch l\u0169y \u0111\u01b0\u1ee3c <strong data-start=\"1554\" data-end=\"1586\">2 tri\u1ec7u \u0111\u00f4 la trong 18 th\u00e1ng<\/strong>.<\/p>\n<\/li>\n<li data-start=\"1590\" data-end=\"1678\">\n<p data-start=\"1592\" data-end=\"1678\">C\u00e2u chuy\u1ec7n v\u1eeba l\u00e0 <strong data-start=\"1610\" data-end=\"1636\">h\u1ed3i k\u00fd truy\u1ec1n c\u1ea3m h\u1ee9ng<\/strong>, v\u1eeba l\u00e0 <strong data-start=\"1645\" data-end=\"1675\">s\u00e1ch d\u1ea1y \u0111\u1ea7u t\u01b0 th\u1ef1c chi\u1ebfn<\/strong>.<\/p>\n<\/li>\n<\/ul>","protected":false},"featured_media":41220,"template":"","meta":{"_acf_changed":false},"product-collections":[262,264],"product_brand":[],"product_cat":[49],"product_tag":[],"class_list":{"0":"post-41162","1":"product","2":"type-product","3":"status-publish","4":"has-post-thumbnail","6":"product-collections-ban-chay","7":"product-collections-giam-gia","8":"product_cat-books","10":"first","11":"instock","12":"sale","13":"shipping-taxable","14":"purchasable","15":"product-type-simple"},"acf":[],"_links":{"self":[{"href":"https:\/\/hbbgroup.net\/vi\/wp-json\/wp\/v2\/product\/41162","targetHints":{"allow":["GET"]}}],"collection":[{"href":"https:\/\/hbbgroup.net\/vi\/wp-json\/wp\/v2\/product"}],"about":[{"href":"https:\/\/hbbgroup.net\/vi\/wp-json\/wp\/v2\/types\/product"}],"version-history":[{"count":1,"href":"https:\/\/hbbgroup.net\/vi\/wp-json\/wp\/v2\/product\/41162\/revisions"}],"predecessor-version":[{"id":41221,"href":"https:\/\/hbbgroup.net\/vi\/wp-json\/wp\/v2\/product\/41162\/revisions\/41221"}],"wp:featuredmedia":[{"embeddable":true,"href":"https:\/\/hbbgroup.net\/vi\/wp-json\/wp\/v2\/media\/41220"}],"wp:attachment":[{"href":"https:\/\/hbbgroup.net\/vi\/wp-json\/wp\/v2\/media?parent=41162"}],"wp:term":[{"taxonomy":"product-collections","embeddable":true,"href":"https:\/\/hbbgroup.net\/vi\/wp-json\/wp\/v2\/product-collections?post=41162"},{"taxonomy":"product_brand","embeddable":true,"href":"https:\/\/hbbgroup.net\/vi\/wp-json\/wp\/v2\/product_brand?post=41162"},{"taxonomy":"product_cat","embeddable":true,"href":"https:\/\/hbbgroup.net\/vi\/wp-json\/wp\/v2\/product_cat?post=41162"},{"taxonomy":"product_tag","embeddable":true,"href":"https:\/\/hbbgroup.net\/vi\/wp-json\/wp\/v2\/product_tag?post=41162"}],"curies":[{"name":"wp","href":"https:\/\/api.w.org\/{rel}","templated":true}]}}