{"id":41153,"date":"2025-08-20T11:53:07","date_gmt":"2025-08-20T04:53:07","guid":{"rendered":"https:\/\/hbbgroup.net\/?post_type=product&#038;p=41153"},"modified":"2025-08-20T11:53:07","modified_gmt":"2025-08-20T04:53:07","slug":"nha-dau-tu-thong-minh-tai-ban-2020","status":"publish","type":"product","link":"https:\/\/hbbgroup.net\/vi\/tai-nguyen\/nha-dau-tu-thong-minh-tai-ban-2020\/","title":{"rendered":"Nh\u00e0 \u0110\u1ea7u T\u01b0 Th\u00f4ng Minh (T\u00e1i B\u1ea3n 2020)"},"content":{"rendered":"<p>\u201cNh\u00e0 \u0110\u1ea7u T\u01b0 Th\u00f4ng Minh\u201d c\u1ee7a Benjamin Graham l\u00e0 t\u00e1c ph\u1ea9m kinh \u0111i\u1ec3n v\u1ec1 \u0111\u1ea7u t\u01b0 gi\u00e1 tr\u1ecb, \u0111\u01b0\u1ee3c Warren Buffett ca ng\u1ee3i l\u00e0 \u201ccu\u1ed1n s\u00e1ch hay nh\u1ea5t v\u1ec1 \u0111\u1ea7u t\u01b0 t\u1eebng \u0111\u01b0\u1ee3c vi\u1ebft\u201d. S\u00e1ch \u0111\u01b0a ra nguy\u00ean t\u1eafc c\u1ed1t l\u00f5i: \u0111\u1ea7u t\u01b0 d\u1ef1a tr\u00ean gi\u00e1 tr\u1ecb, ki\u00ean nh\u1eabn, k\u1ef7 lu\u1eadt v\u00e0 gi\u1eef \u201cbi\u00ean \u0111\u1ed9 an to\u00e0n\u201d. \u0110\u00e2y l\u00e0 n\u1ec1n t\u1ea3ng cho m\u1ecdi nh\u00e0 \u0111\u1ea7u t\u01b0 d\u00e0i h\u1ea1n mu\u1ed1n th\u00e0nh c\u00f4ng b\u1ec1n v\u1eefng.<\/p>","protected":false},"excerpt":{"rendered":"<h2 data-start=\"5\" data-end=\"36\"><strong data-start=\"8\" data-end=\"34\">Th\u00f4ng tin cu\u1ed1n s\u00e1ch<\/strong><\/h2>\n<ul data-start=\"37\" data-end=\"371\">\n<li data-start=\"37\" data-end=\"105\">\n<p data-start=\"39\" data-end=\"105\"><strong data-start=\"39\" data-end=\"52\">T\u00ean s\u00e1ch:<\/strong> Nh\u00e0 \u0110\u1ea7u T\u01b0 Th\u00f4ng Minh (<em data-start=\"76\" data-end=\"102\">The Intelligent Investor<\/em>)<\/p>\n<\/li>\n<li data-start=\"106\" data-end=\"138\">\n<p data-start=\"108\" data-end=\"138\"><strong data-start=\"108\" data-end=\"120\">T\u00e1c gi\u1ea3:<\/strong> Benjamin Graham<\/p>\n<\/li>\n<li data-start=\"139\" data-end=\"217\">\n<p data-start=\"141\" data-end=\"217\"><strong data-start=\"141\" data-end=\"156\">Ng\u01b0\u1eddi d\u1ecbch:<\/strong> (t\u00f9y \u1ea5n b\u1ea3n, ph\u1ed5 bi\u1ebfn do NXB Tr\u1ebb \/ NXB Lao \u0110\u1ed9ng ph\u00e1t h\u00e0nh)<\/p>\n<\/li>\n<li data-start=\"218\" data-end=\"247\">\n<p data-start=\"220\" data-end=\"247\"><strong data-start=\"220\" data-end=\"237\">Nh\u00e0 xu\u1ea5t b\u1ea3n:<\/strong> NXB Tr\u1ebb<\/p>\n<\/li>\n<li data-start=\"248\" data-end=\"295\">\n<p data-start=\"250\" data-end=\"295\"><strong data-start=\"250\" data-end=\"263\">Th\u1ec3 lo\u1ea1i:<\/strong> T\u00e0i ch\u00ednh, \u0110\u1ea7u t\u01b0, Kinh doanh<\/p>\n<\/li>\n<li data-start=\"296\" data-end=\"327\">\n<p data-start=\"298\" data-end=\"327\"><strong data-start=\"298\" data-end=\"315\">Ng\u00f4n ng\u1eef g\u1ed1c:<\/strong> Ti\u1ebfng Anh<\/p>\n<\/li>\n<li data-start=\"328\" data-end=\"371\">\n<p data-start=\"330\" data-end=\"371\"><strong data-start=\"330\" data-end=\"351\">L\u1ea7n \u0111\u1ea7u xu\u1ea5t b\u1ea3n:<\/strong> 1949 (\u1ea5n b\u1ea3n g\u1ed1c)<\/p>\n<\/li>\n<\/ul>\n<h2 data-start=\"378\" data-end=\"414\"><strong data-start=\"381\" data-end=\"412\">\u00a0M\u00f4 t\u1ea3 chi ti\u1ebft t\u1eebng ph\u1ea7n<\/strong><\/h2>\n<p data-start=\"415\" data-end=\"466\"><em data-start=\"415\" data-end=\"464\">(Theo b\u1ed1 c\u1ee5c kinh \u0111i\u1ec3n c\u1ee7a b\u1ea3n d\u1ecbch ti\u1ebfng Vi\u1ec7t)<\/em><\/p>\n<h3 data-start=\"468\" data-end=\"510\"><strong data-start=\"472\" data-end=\"508\">Ph\u1ea7n 1: Nh\u1eefng kh\u00e1i ni\u1ec7m n\u1ec1n t\u1ea3ng<\/strong><\/h3>\n<ul data-start=\"511\" data-end=\"673\">\n<li data-start=\"511\" data-end=\"596\">\n<p data-start=\"513\" data-end=\"596\">Gi\u1edbi thi\u1ec7u s\u1ef1 kh\u00e1c bi\u1ec7t gi\u1eefa <strong data-start=\"542\" data-end=\"566\">nh\u00e0 \u0111\u1ea7u t\u01b0 ph\u00f2ng th\u1ee7<\/strong> v\u00e0 <strong data-start=\"570\" data-end=\"593\">nh\u00e0 \u0111\u1ea7u t\u01b0 ch\u1ee7 \u0111\u1ed9ng<\/strong>.<\/p>\n<\/li>\n<li data-start=\"597\" data-end=\"673\">\n<p data-start=\"599\" data-end=\"673\">T\u01b0 duy c\u1ed1t l\u00f5i: \u0111\u1ea7u t\u01b0 d\u1ef1a tr\u00ean gi\u00e1 tr\u1ecb n\u1ed9i t\u1ea1i thay v\u00ec \u0111\u1ea7u c\u01a1 ng\u1eafn h\u1ea1n.<\/p>\n<\/li>\n<\/ul>\n<h3 data-start=\"675\" data-end=\"710\"><strong data-start=\"679\" data-end=\"708\">Ph\u1ea7n 2: Ch\u00ednh s\u00e1ch \u0111\u1ea7u t\u01b0<\/strong><\/h3>\n<ul data-start=\"711\" data-end=\"821\">\n<li data-start=\"711\" data-end=\"770\">\n<p data-start=\"713\" data-end=\"770\">Nguy\u00ean t\u1eafc ph\u00e2n b\u1ed5 t\u00e0i s\u1ea3n gi\u1eefa c\u1ed5 phi\u1ebfu v\u00e0 tr\u00e1i phi\u1ebfu.<\/p>\n<\/li>\n<li data-start=\"771\" data-end=\"821\">\n<p data-start=\"773\" data-end=\"821\">T\u1ea7m quan tr\u1ecdng c\u1ee7a \u0111a d\u1ea1ng h\u00f3a \u0111\u1ec3 gi\u1ea3m r\u1ee7i ro.<\/p>\n<\/li>\n<\/ul>\n<h3 data-start=\"823\" data-end=\"862\"><strong data-start=\"827\" data-end=\"860\">Ph\u1ea7n 3: Ph\u00e2n t\u00edch ch\u1ee9ng kho\u00e1n<\/strong><\/h3>\n<ul data-start=\"863\" data-end=\"999\">\n<li data-start=\"863\" data-end=\"933\">\n<p data-start=\"865\" data-end=\"933\">Ph\u00e2n t\u00edch c\u1ed5 phi\u1ebfu th\u01b0\u1eddng: doanh thu, l\u1ee3i nhu\u1eadn, c\u1ed5 t\u1ee9c, \u0111\u1ecbnh gi\u00e1.<\/p>\n<\/li>\n<li data-start=\"934\" data-end=\"999\">\n<p data-start=\"936\" data-end=\"999\">Ph\u00e2n t\u00edch tr\u00e1i phi\u1ebfu: an to\u00e0n v\u1ed1n, l\u00e3i su\u1ea5t, kh\u1ea3 n\u0103ng tr\u1ea3 n\u1ee3.<\/p>\n<\/li>\n<\/ul>\n<h3 data-start=\"1001\" data-end=\"1065\"><strong data-start=\"1005\" data-end=\"1063\">Ph\u1ea7n 4: Kh\u00e1i ni\u1ec7m \u201cbi\u00ean \u0111\u1ed9 an to\u00e0n\u201d (Margin of Safety)<\/strong><\/h3>\n<ul data-start=\"1066\" data-end=\"1219\">\n<li data-start=\"1066\" data-end=\"1129\">\n<p data-start=\"1068\" data-end=\"1129\">Mua c\u1ed5 phi\u1ebfu khi gi\u00e1 th\u1ea5p h\u01a1n nhi\u1ec1u so v\u1edbi gi\u00e1 tr\u1ecb n\u1ed9i t\u1ea1i.<\/p>\n<\/li>\n<li data-start=\"1130\" data-end=\"1219\">\n<p data-start=\"1132\" data-end=\"1219\">Bi\u00ean \u0111\u1ed9 an to\u00e0n b\u1ea3o v\u1ec7 nh\u00e0 \u0111\u1ea7u t\u01b0 tr\u01b0\u1edbc sai l\u1ea7m trong d\u1ef1 \u0111o\u00e1n ho\u1eb7c bi\u1ebfn \u0111\u1ed9ng b\u1ea5t ng\u1edd.<\/p>\n<\/li>\n<\/ul>\n<h3 data-start=\"1221\" data-end=\"1266\"><strong data-start=\"1225\" data-end=\"1264\">Ph\u1ea7n 5: \u00d4ng Th\u1ecb Tr\u01b0\u1eddng (Mr. Market)<\/strong><\/h3>\n<ul data-start=\"1267\" data-end=\"1462\">\n<li data-start=\"1267\" data-end=\"1368\">\n<p data-start=\"1269\" data-end=\"1368\">H\u00ecnh t\u01b0\u1ee3ng \u1ea9n d\u1ee5 n\u1ed5i ti\u1ebfng: \u201c\u00d4ng Th\u1ecb Tr\u01b0\u1eddng\u201d \u2013 l\u00fac h\u01b0ng ph\u1ea5n b\u00e1n gi\u00e1 cao, l\u00fac bi quan b\u00e1n gi\u00e1 r\u1ebb.<\/p>\n<\/li>\n<li data-start=\"1369\" data-end=\"1462\">\n<p data-start=\"1371\" data-end=\"1462\">Nhi\u1ec7m v\u1ee5 c\u1ee7a nh\u00e0 \u0111\u1ea7u t\u01b0 th\u00f4ng minh l\u00e0 t\u1eadn d\u1ee5ng ch\u1ee9 kh\u00f4ng b\u1ecb cu\u1ed1n theo c\u1ea3m x\u00fac th\u1ecb tr\u01b0\u1eddng.<\/p>\n<\/li>\n<\/ul>\n<h3 data-start=\"1464\" data-end=\"1514\"><strong data-start=\"1468\" data-end=\"1512\">Ph\u1ea7n 6: Nguy\u00ean t\u1eafc \u1ee9ng x\u1eed c\u1ee7a nh\u00e0 \u0111\u1ea7u t\u01b0<\/strong><\/h3>\n<ul data-start=\"1515\" data-end=\"1641\">\n<li data-start=\"1515\" data-end=\"1586\">\n<p data-start=\"1517\" data-end=\"1586\">Ki\u00ean nh\u1eabn, k\u1ef7 lu\u1eadt, v\u00e0 t\u00e1ch bi\u1ec7t c\u1ea3m x\u00fac kh\u1ecfi quy\u1ebft \u0111\u1ecbnh t\u00e0i ch\u00ednh.<\/p>\n<\/li>\n<li data-start=\"1587\" data-end=\"1641\">\n<p data-start=\"1589\" data-end=\"1641\">Lu\u00f4n nh\u00ecn d\u00e0i h\u1ea1n thay v\u00ec ch\u1ea1y theo s\u00f3ng ng\u1eafn h\u1ea1n.<\/p>\n<\/li>\n<\/ul>","protected":false},"featured_media":41160,"template":"","meta":{"_acf_changed":false},"product-collections":[264,263],"product_brand":[],"product_cat":[49],"product_tag":[],"class_list":{"0":"post-41153","1":"product","2":"type-product","3":"status-publish","4":"has-post-thumbnail","6":"product-collections-giam-gia","7":"product-collections-noi-bat","8":"product_cat-books","10":"first","11":"instock","12":"sale","13":"shipping-taxable","14":"purchasable","15":"product-type-simple"},"acf":[],"_links":{"self":[{"href":"https:\/\/hbbgroup.net\/vi\/wp-json\/wp\/v2\/product\/41153","targetHints":{"allow":["GET"]}}],"collection":[{"href":"https:\/\/hbbgroup.net\/vi\/wp-json\/wp\/v2\/product"}],"about":[{"href":"https:\/\/hbbgroup.net\/vi\/wp-json\/wp\/v2\/types\/product"}],"version-history":[{"count":1,"href":"https:\/\/hbbgroup.net\/vi\/wp-json\/wp\/v2\/product\/41153\/revisions"}],"predecessor-version":[{"id":41161,"href":"https:\/\/hbbgroup.net\/vi\/wp-json\/wp\/v2\/product\/41153\/revisions\/41161"}],"wp:featuredmedia":[{"embeddable":true,"href":"https:\/\/hbbgroup.net\/vi\/wp-json\/wp\/v2\/media\/41160"}],"wp:attachment":[{"href":"https:\/\/hbbgroup.net\/vi\/wp-json\/wp\/v2\/media?parent=41153"}],"wp:term":[{"taxonomy":"product-collections","embeddable":true,"href":"https:\/\/hbbgroup.net\/vi\/wp-json\/wp\/v2\/product-collections?post=41153"},{"taxonomy":"product_brand","embeddable":true,"href":"https:\/\/hbbgroup.net\/vi\/wp-json\/wp\/v2\/product_brand?post=41153"},{"taxonomy":"product_cat","embeddable":true,"href":"https:\/\/hbbgroup.net\/vi\/wp-json\/wp\/v2\/product_cat?post=41153"},{"taxonomy":"product_tag","embeddable":true,"href":"https:\/\/hbbgroup.net\/vi\/wp-json\/wp\/v2\/product_tag?post=41153"}],"curies":[{"name":"wp","href":"https:\/\/api.w.org\/{rel}","templated":true}]}}