{"id":4044,"date":"2019-05-15T08:28:46","date_gmt":"2019-05-15T08:28:46","guid":{"rendered":"http:\/\/themes.themegoods.com\/dotlife\/demo\/?post_type=product&#038;p=2569"},"modified":"2025-08-15T15:51:31","modified_gmt":"2025-08-15T08:51:31","slug":"cac-cuoc-chien-tranh-tien-te","status":"publish","type":"product","link":"https:\/\/hbbgroup.net\/vi\/tai-nguyen\/cac-cuoc-chien-tranh-tien-te\/","title":{"rendered":"C\u00e1c Cu\u1ed9c Chi\u1ebfn Tranh Ti\u1ec1n T\u1ec7"},"content":{"rendered":"<p>\u201cC\u00e1c Cu\u1ed9c Chi\u1ebfn Tranh Ti\u1ec1n T\u1ec7\u201d c\u1ee7a James Rickards l\u00e0 m\u1ed9t cu\u1ed1n s\u00e1ch kinh t\u1ebf \u2013 ch\u00ednh tr\u1ecb ph\u00e2n t\u00edch c\u00e1ch ti\u1ec1n t\u1ec7 \u0111\u01b0\u1ee3c s\u1eed d\u1ee5ng nh\u01b0 m\u1ed9t lo\u1ea1i v\u0169 kh\u00ed trong c\u00e1c cu\u1ed9c c\u1ea1nh tranh quy\u1ec1n l\u1ef1c to\u00e0n c\u1ea7u. T\u00e1c gi\u1ea3 k\u1ebft h\u1ee3p tr\u1ea3i nghi\u1ec7m th\u1ef1c t\u1ebf, d\u1eef li\u1ec7u l\u1ecbch s\u1eed v\u00e0 d\u1ef1 b\u00e1o t\u01b0\u01a1ng lai \u0111\u1ec3 c\u1ea3nh b\u00e1o v\u1ec1 nguy c\u01a1 m\u1ed9t cu\u1ed9c kh\u1ee7ng ho\u1ea3ng t\u00e0i ch\u00ednh to\u00e0n c\u1ea7u ti\u1ebfp theo. Cu\u1ed1n s\u00e1ch ph\u00f9 h\u1ee3p v\u1edbi nh\u1eefng ai mu\u1ed1n hi\u1ec3u s\u00e2u v\u1ec1 m\u1ed1i li\u00ean h\u1ec7 gi\u1eefa t\u00e0i ch\u00ednh, quy\u1ec1n l\u1ef1c v\u00e0 an ninh qu\u1ed1c gia.<\/p>","protected":false},"excerpt":{"rendered":"<h2 data-start=\"5\" data-end=\"36\"><strong data-start=\"8\" data-end=\"34\">Th\u00f4ng tin cu\u1ed1n s\u00e1ch<\/strong><\/h2>\n<ul data-start=\"37\" data-end=\"392\">\n<li data-start=\"37\" data-end=\"153\">\n<p data-start=\"39\" data-end=\"153\"><strong data-start=\"39\" data-end=\"52\">T\u00ean s\u00e1ch:<\/strong>\u00a0C\u00e1c Cu\u1ed9c Chi\u1ebfn Tranh Ti\u1ec1n T\u1ec7 (<em data-start=\"83\" data-end=\"98\">Currency Wars<\/em>) \u2013 Nguy\u00ean Nh\u00e2n T\u1ea1o Ra Kh\u1ee7ng Ho\u1ea3ng To\u00e0n C\u1ea7u Ti\u1ebfp Theo<\/p>\n<\/li>\n<li data-start=\"154\" data-end=\"185\">\n<p data-start=\"156\" data-end=\"185\"><strong data-start=\"156\" data-end=\"168\">T\u00e1c gi\u1ea3:<\/strong>\u00a0James Rickards<\/p>\n<\/li>\n<li data-start=\"186\" data-end=\"242\">\n<p data-start=\"188\" data-end=\"242\"><strong data-start=\"188\" data-end=\"203\">Ng\u01b0\u1eddi d\u1ecbch:<\/strong>\u00a0Nguy\u1ec5n D\u01b0\u01a1ng Hi\u1ebfu, Nguy\u1ec5n Ph\u00fac Ho\u00e0ng<\/p>\n<\/li>\n<li data-start=\"243\" data-end=\"277\">\n<p data-start=\"245\" data-end=\"277\"><strong data-start=\"245\" data-end=\"262\">Nh\u00e0 xu\u1ea5t b\u1ea3n:<\/strong>\u00a0NXB Lao \u0110\u1ed9ng<\/p>\n<\/li>\n<li data-start=\"278\" data-end=\"333\">\n<p data-start=\"280\" data-end=\"333\"><strong data-start=\"280\" data-end=\"293\">Th\u1ec3 lo\u1ea1i:<\/strong>\u00a0T\u00e0i ch\u00ednh, Kinh t\u1ebf, Ch\u00ednh tr\u1ecb qu\u1ed1c t\u1ebf<\/p>\n<\/li>\n<li data-start=\"334\" data-end=\"365\">\n<p data-start=\"336\" data-end=\"365\"><strong data-start=\"336\" data-end=\"353\">Ng\u00f4n ng\u1eef g\u1ed1c:<\/strong>\u00a0Ti\u1ebfng Anh<\/p>\n<\/li>\n<li data-start=\"366\" data-end=\"392\">\n<p data-start=\"368\" data-end=\"392\"><strong data-start=\"368\" data-end=\"382\">H\u00ecnh th\u1ee9c:<\/strong>\u00a0S\u00e1ch in<\/p>\n<\/li>\n<\/ul>\n<h2 data-start=\"399\" data-end=\"437\"><strong data-start=\"402\" data-end=\"435\">\u00a0M\u00f4 t\u1ea3 chi ti\u1ebft t\u1eebng ch\u01b0\u01a1ng<\/strong><\/h2>\n<p data-start=\"438\" data-end=\"520\"><em data-start=\"438\" data-end=\"518\">(D\u1ef1a tr\u00ean c\u1ea5u tr\u00fac n\u1ed9i dung b\u1ea3n d\u1ecbch ti\u1ebfng Vi\u1ec7t v\u00e0 nguy\u00ean t\u00e1c \u201cCurrency Wars\u201d)<\/em><\/p>\n<h3 data-start=\"522\" data-end=\"569\"><strong data-start=\"526\" data-end=\"567\">Ch\u01b0\u01a1ng 1: Tr\u1eadn chi\u1ebfn ti\u1ec1n t\u1ec7 m\u00f4 ph\u1ecfng<\/strong><\/h3>\n<p data-start=\"570\" data-end=\"747\">T\u00e1c gi\u1ea3 k\u1ec3 l\u1ea1i tr\u1ea3i nghi\u1ec7m tham gia m\u1ed9t cu\u1ed9c m\u00f4 ph\u1ecfng chi\u1ebfn tranh t\u00e0i ch\u00ednh do L\u1ea7u N\u0103m G\u00f3c t\u1ed5 ch\u1ee9c, qua \u0111\u00f3 cho th\u1ea5y ti\u1ec1n t\u1ec7 c\u00f3 th\u1ec3 \u0111\u01b0\u1ee3c s\u1eed d\u1ee5ng nh\u01b0 m\u1ed9t lo\u1ea1i v\u0169 kh\u00ed chi\u1ebfn l\u01b0\u1ee3c.<\/p>\n<h3 data-start=\"749\" data-end=\"804\"><strong data-start=\"753\" data-end=\"802\">Ch\u01b0\u01a1ng 2: Ba cu\u1ed9c chi\u1ebfn ti\u1ec1n t\u1ec7 trong l\u1ecbch s\u1eed<\/strong><\/h3>\n<p data-start=\"805\" data-end=\"961\">Ph\u00e2n t\u00edch ba giai \u0111o\u1ea1n chi\u1ebfn tranh ti\u1ec1n t\u1ec7 l\u1edbn: sau Th\u1ebf chi\u1ebfn I, sau Th\u1ebf chi\u1ebfn II, v\u00e0 cu\u1ed1i th\u1ebf k\u1ef7 20 \u2013 m\u1ed7i cu\u1ed9c chi\u1ebfn \u0111\u1ec1u \u0111\u1ec3 l\u1ea1i h\u1eadu qu\u1ea3 kinh t\u1ebf to\u00e0n c\u1ea7u.<\/p>\n<h3 data-start=\"963\" data-end=\"1003\"><strong data-start=\"967\" data-end=\"1001\">Ch\u01b0\u01a1ng 3: V\u0169 kh\u00ed t\u00e0i ch\u00ednh m\u1edbi<\/strong><\/h3>\n<p data-start=\"1004\" data-end=\"1156\">Tr\u00ecnh b\u00e0y c\u00e1c c\u00f4ng c\u1ee5 t\u00e0i ch\u00ednh hi\u1ec7n \u0111\u1ea1i nh\u01b0 ph\u00e1i sinh, th\u1ecb tr\u01b0\u1eddng ngo\u1ea1i h\u1ed1i, v\u00e0 c\u00e1ch ch\u00fang c\u00f3 th\u1ec3 tr\u1edf th\u00e0nh \u201cv\u0169 kh\u00ed\u201d \u0111\u1ec3 t\u1ea5n c\u00f4ng n\u1ec1n kinh t\u1ebf \u0111\u1ed1i th\u1ee7.<\/p>\n<h3 data-start=\"1158\" data-end=\"1214\"><strong data-start=\"1162\" data-end=\"1212\">Ch\u01b0\u01a1ng 4: S\u1ef1 s\u1ee5p \u0111\u1ed5 c\u1ee7a h\u1ec7 th\u1ed1ng Bretton Woods<\/strong><\/h3>\n<p data-start=\"1215\" data-end=\"1340\">Gi\u1ea3i th\u00edch l\u00fd do M\u1ef9 ch\u1ea5m d\u1ee9t b\u1ea3n v\u1ecb v\u00e0ng n\u0103m 1971, t\u00e1c \u0111\u1ed9ng \u0111\u1ebfn th\u01b0\u01a1ng m\u1ea1i qu\u1ed1c t\u1ebf v\u00e0 s\u1ef1 ra \u0111\u1eddi c\u1ee7a th\u1eddi k\u1ef3 ti\u1ec1n ph\u00e1p \u0111\u1ecbnh.<\/p>\n<h3 data-start=\"1342\" data-end=\"1403\"><strong data-start=\"1346\" data-end=\"1401\">Ch\u01b0\u01a1ng 5: Trung Qu\u1ed1c v\u00e0 chi\u1ebfn l\u01b0\u1ee3c ti\u1ec1n t\u1ec7 to\u00e0n c\u1ea7u<\/strong><\/h3>\n<p data-start=\"1404\" data-end=\"1515\">Ph\u00e2n t\u00edch c\u00e1ch Trung Qu\u1ed1c t\u00edch l\u0169y v\u00e0ng, ki\u1ec3m so\u00e1t t\u1ef7 gi\u00e1 nh\u00e2n d\u00e2n t\u1ec7 v\u00e0 t\u00ecm c\u00e1ch th\u00e1ch th\u1ee9c v\u1ecb th\u1ebf \u0111\u1ed3ng USD.<\/p>\n<h3 data-start=\"1517\" data-end=\"1576\"><strong data-start=\"1521\" data-end=\"1574\">Ch\u01b0\u01a1ng 6: \u0110\u1ed3ng USD v\u00e0 t\u01b0\u01a1ng lai t\u00e0i ch\u00ednh qu\u1ed1c t\u1ebf<\/strong><\/h3>\n<p data-start=\"1577\" data-end=\"1704\">B\u00e0n v\u1ec1 kh\u1ea3 n\u0103ng \u0111\u1ed3ng USD m\u1ea5t v\u1ecb th\u1ebf th\u1ed1ng tr\u1ecb, nguy c\u01a1 t\u1eeb n\u1ee3 c\u00f4ng M\u1ef9, v\u00e0 k\u1ecbch b\u1ea3n thay th\u1ebf \u0111\u1ed3ng USD trong thanh to\u00e1n qu\u1ed1c t\u1ebf.<\/p>\n<h3 data-start=\"1706\" data-end=\"1766\"><strong data-start=\"1710\" data-end=\"1764\">Ch\u01b0\u01a1ng 7: Kh\u1ee7ng ho\u1ea3ng t\u00e0i ch\u00ednh to\u00e0n c\u1ea7u ti\u1ebfp theo<\/strong><\/h3>\n<p data-start=\"1767\" data-end=\"1893\">D\u1ef1 b\u00e1o c\u00e1c y\u1ebfu t\u1ed1 c\u00f3 th\u1ec3 d\u1eabn \u0111\u1ebfn m\u1ed9t cu\u1ed9c kh\u1ee7ng ho\u1ea3ng m\u1edbi, bao g\u1ed3m chi\u1ebfn tranh ti\u1ec1n t\u1ec7, n\u1ee3 to\u00e0n c\u1ea7u, v\u00e0 bi\u1ebfn \u0111\u1ed9ng ch\u00ednh tr\u1ecb.<\/p>","protected":false},"featured_media":39354,"template":"","meta":{"_acf_changed":false},"product-collections":[264],"product_brand":[],"product_cat":[49],"product_tag":[],"class_list":{"0":"post-4044","1":"product","2":"type-product","3":"status-publish","4":"has-post-thumbnail","6":"product-collections-giam-gia","7":"product_cat-books","9":"first","10":"instock","11":"sale","12":"shipping-taxable","13":"purchasable","14":"product-type-simple"},"acf":[],"_links":{"self":[{"href":"https:\/\/hbbgroup.net\/vi\/wp-json\/wp\/v2\/product\/4044","targetHints":{"allow":["GET"]}}],"collection":[{"href":"https:\/\/hbbgroup.net\/vi\/wp-json\/wp\/v2\/product"}],"about":[{"href":"https:\/\/hbbgroup.net\/vi\/wp-json\/wp\/v2\/types\/product"}],"version-history":[{"count":0,"href":"https:\/\/hbbgroup.net\/vi\/wp-json\/wp\/v2\/product\/4044\/revisions"}],"wp:featuredmedia":[{"embeddable":true,"href":"https:\/\/hbbgroup.net\/vi\/wp-json\/wp\/v2\/media\/39354"}],"wp:attachment":[{"href":"https:\/\/hbbgroup.net\/vi\/wp-json\/wp\/v2\/media?parent=4044"}],"wp:term":[{"taxonomy":"product-collections","embeddable":true,"href":"https:\/\/hbbgroup.net\/vi\/wp-json\/wp\/v2\/product-collections?post=4044"},{"taxonomy":"product_brand","embeddable":true,"href":"https:\/\/hbbgroup.net\/vi\/wp-json\/wp\/v2\/product_brand?post=4044"},{"taxonomy":"product_cat","embeddable":true,"href":"https:\/\/hbbgroup.net\/vi\/wp-json\/wp\/v2\/product_cat?post=4044"},{"taxonomy":"product_tag","embeddable":true,"href":"https:\/\/hbbgroup.net\/vi\/wp-json\/wp\/v2\/product_tag?post=4044"}],"curies":[{"name":"wp","href":"https:\/\/api.w.org\/{rel}","templated":true}]}}