{"id":4042,"date":"2019-05-15T08:26:12","date_gmt":"2019-05-15T08:26:12","guid":{"rendered":"http:\/\/themes.themegoods.com\/dotlife\/demo\/?post_type=product&#038;p=2564"},"modified":"2025-08-15T15:51:50","modified_gmt":"2025-08-15T08:51:50","slug":"chien-tranh-tien-te-phan-4","status":"publish","type":"product","link":"https:\/\/hbbgroup.net\/vi\/tai-nguyen\/chien-tranh-tien-te-phan-4\/","title":{"rendered":"Chi\u1ebfn Tranh Ti\u1ec1n T\u1ec7 Ph\u1ea7n 4"},"content":{"rendered":"<p data-start=\"1730\" data-end=\"2093\">\u201cChi\u1ebfn Tranh Ti\u1ec1n T\u1ec7 \u2013 Ph\u1ea7n IV\u201d c\u1ee7a Song Hong Bing t\u1eadp trung v\u00e0o \u00fd t\u01b0\u1edfng t\u1ea1o ra \u0111\u1ed3ng ti\u1ec1n chung cho to\u00e0n b\u1ed9 ch\u00e2u \u00c1, xem \u0111\u00e2y l\u00e0 b\u01b0\u1edbc \u0111i chi\u1ebfn l\u01b0\u1ee3c \u0111\u1ec3 \u0111\u1ed1i tr\u1ecdng v\u1edbi \u0111\u1ed3ng USD v\u00e0 Euro. T\u00e1c ph\u1ea9m ph\u00e2n t\u00edch vai tr\u00f2 trung t\u00e2m c\u1ee7a Trung Qu\u1ed1c, c\u00e1c qu\u1ed1c gia then ch\u1ed1t trong khu v\u1ef1c, th\u00e1ch th\u1ee9c t\u1eeb M\u1ef9, c\u0169ng nh\u01b0 chi\u1ebfn l\u01b0\u1ee3c t\u00e0i ch\u00ednh c\u1ea7n thi\u1ebft \u0111\u1ec3 hi\u1ec7n th\u1ef1c h\u00f3a tham v\u1ecdng n\u00e0y.<\/p>","protected":false},"excerpt":{"rendered":"<h2 data-start=\"5\" data-end=\"36\"><strong data-start=\"8\" data-end=\"34\">Th\u00f4ng tin cu\u1ed1n s\u00e1ch<\/strong><\/h2>\n<ul data-start=\"37\" data-end=\"363\">\n<li data-start=\"37\" data-end=\"144\">\n<p data-start=\"39\" data-end=\"144\"><strong data-start=\"39\" data-end=\"52\">T\u00ean s\u00e1ch:<\/strong> Chi\u1ebfn Tranh Ti\u1ec1n T\u1ec7 \u2013 Ph\u1ea7n IV: Si\u00eau C\u01b0\u1eddng T\u00e0i Ch\u00ednh \u2013 Tham V\u1ecdng V\u1ec1 \u0110\u1ed3ng Ti\u1ec1n Chung Ch\u00e2u \u00c1<\/p>\n<\/li>\n<li data-start=\"145\" data-end=\"176\">\n<p data-start=\"147\" data-end=\"176\"><strong data-start=\"147\" data-end=\"159\">T\u00e1c gi\u1ea3:<\/strong> Song Hong Bing<\/p>\n<\/li>\n<li data-start=\"177\" data-end=\"211\">\n<p data-start=\"179\" data-end=\"211\"><strong data-start=\"179\" data-end=\"194\">Ng\u01b0\u1eddi d\u1ecbch:<\/strong> \u0110\u1eb7ng H\u1ed3ng Qu\u00e2n<\/p>\n<\/li>\n<li data-start=\"212\" data-end=\"246\">\n<p data-start=\"214\" data-end=\"246\"><strong data-start=\"214\" data-end=\"231\">Nh\u00e0 xu\u1ea5t b\u1ea3n:<\/strong> NXB Lao \u0110\u1ed9ng<\/p>\n<\/li>\n<li data-start=\"247\" data-end=\"302\">\n<p data-start=\"249\" data-end=\"302\"><strong data-start=\"249\" data-end=\"262\">Th\u1ec3 lo\u1ea1i:<\/strong> T\u00e0i ch\u00ednh, Kinh t\u1ebf, Ch\u00ednh tr\u1ecb qu\u1ed1c t\u1ebf<\/p>\n<\/li>\n<li data-start=\"303\" data-end=\"336\">\n<p data-start=\"305\" data-end=\"336\"><strong data-start=\"305\" data-end=\"322\">Ng\u00f4n ng\u1eef g\u1ed1c:<\/strong> Ti\u1ebfng Trung<\/p>\n<\/li>\n<li data-start=\"337\" data-end=\"363\">\n<p data-start=\"339\" data-end=\"363\"><strong data-start=\"339\" data-end=\"353\">H\u00ecnh th\u1ee9c:<\/strong> S\u00e1ch in<\/p>\n<\/li>\n<\/ul>\n<h2 data-start=\"370\" data-end=\"408\"><strong data-start=\"373\" data-end=\"406\">\u00a0M\u00f4 t\u1ea3 chi ti\u1ebft t\u1eebng ch\u01b0\u01a1ng<\/strong><\/h2>\n<p data-start=\"409\" data-end=\"483\"><em data-start=\"409\" data-end=\"481\">(D\u1ef1a tr\u00ean n\u1ed9i dung ch\u00ednh c\u1ee7a Ph\u1ea7n IV trong lo\u1ea1t \u201cChi\u1ebfn Tranh Ti\u1ec1n T\u1ec7\u201d)<\/em><\/p>\n<h3 data-start=\"485\" data-end=\"537\"><strong data-start=\"489\" data-end=\"535\">Ch\u01b0\u01a1ng 1: Tham v\u1ecdng \u0111\u1ed3ng ti\u1ec1n chung ch\u00e2u \u00c1<\/strong><\/h3>\n<p data-start=\"538\" data-end=\"685\">Gi\u1edbi thi\u1ec7u \u00fd t\u01b0\u1edfng v\u1ec1 m\u1ed9t \u0111\u1ed3ng ti\u1ec1n th\u1ed1ng nh\u1ea5t cho khu v\u1ef1c ch\u00e2u \u00c1, l\u1ea5y c\u1ea3m h\u1ee9ng t\u1eeb \u0111\u1ed3ng Euro, v\u00e0 ph\u00e2n t\u00edch l\u1ee3i \u00edch \u2013 th\u00e1ch th\u1ee9c c\u1ee7a k\u1ebf ho\u1ea1ch n\u00e0y.<\/p>\n<h3 data-start=\"687\" data-end=\"760\"><strong data-start=\"691\" data-end=\"758\">Ch\u01b0\u01a1ng 2: Trung Qu\u1ed1c \u2013 Tr\u1ee5 c\u1ed9t kinh t\u1ebf v\u00e0 t\u00e0i ch\u00ednh c\u1ee7a khu v\u1ef1c<\/strong><\/h3>\n<p data-start=\"761\" data-end=\"911\">Ph\u00e2n t\u00edch vai tr\u00f2 trung t\u00e2m c\u1ee7a Trung Qu\u1ed1c trong vi\u1ec7c th\u00fac \u0111\u1ea9y \u0111\u1ed3ng ti\u1ec1n chung, d\u1ef1a tr\u00ean s\u1ee9c m\u1ea1nh kinh t\u1ebf, d\u1ef1 tr\u1eef ngo\u1ea1i h\u1ed1i v\u00e0 \u1ea3nh h\u01b0\u1edfng th\u01b0\u01a1ng m\u1ea1i.<\/p>\n<h3 data-start=\"913\" data-end=\"979\"><strong data-start=\"917\" data-end=\"977\">Ch\u01b0\u01a1ng 3: Nh\u1eadt B\u1ea3n, H\u00e0n Qu\u1ed1c v\u00e0 c\u00e1c n\u1ec1n kinh t\u1ebf ch\u1ee7 ch\u1ed1t<\/strong><\/h3>\n<p data-start=\"980\" data-end=\"1130\">\u0110\u00e1nh gi\u00e1 l\u1eadp tr\u01b0\u1eddng c\u1ee7a c\u00e1c qu\u1ed1c gia l\u1edbn kh\u00e1c \u1edf ch\u00e2u \u00c1, nh\u1eefng y\u1ebfu t\u1ed1 ch\u00ednh tr\u1ecb \u2013 kinh t\u1ebf c\u00f3 th\u1ec3 th\u00fac \u0111\u1ea9y ho\u1eb7c c\u1ea3n tr\u1edf ti\u1ebfn tr\u00ecnh th\u1ed1ng nh\u1ea5t ti\u1ec1n t\u1ec7.<\/p>\n<h3 data-start=\"1132\" data-end=\"1184\"><strong data-start=\"1136\" data-end=\"1182\">Ch\u01b0\u01a1ng 4: Th\u00e1ch th\u1ee9c t\u1eeb Hoa K\u1ef3 v\u00e0 \u0111\u1ed3ng USD<\/strong><\/h3>\n<p data-start=\"1185\" data-end=\"1293\">L\u00e0m r\u00f5 c\u00e1ch M\u1ef9 c\u00f3 th\u1ec3 ph\u1ea3n \u1ee9ng v\u00e0 c\u1ea3n tr\u1edf vi\u1ec7c h\u00ecnh th\u00e0nh \u0111\u1ed3ng ti\u1ec1n chung ch\u00e2u \u00c1 \u0111\u1ec3 b\u1ea3o v\u1ec7 v\u1ecb th\u1ebf c\u1ee7a USD.<\/p>\n<h3 data-start=\"1295\" data-end=\"1370\"><strong data-start=\"1299\" data-end=\"1368\">Ch\u01b0\u01a1ng 5: Chi\u1ebfn l\u01b0\u1ee3c d\u1ef1 tr\u1eef v\u00e0ng v\u00e0 ki\u1ec3m so\u00e1t ngu\u1ed3n l\u1ef1c t\u00e0i ch\u00ednh<\/strong><\/h3>\n<p data-start=\"1371\" data-end=\"1506\">Gi\u1ea3i th\u00edch t\u1ea1i sao vi\u1ec7c t\u00edch l\u0169y v\u00e0ng v\u00e0 c\u00e1c t\u00e0i s\u1ea3n an to\u00e0n l\u00e0 b\u01b0\u1edbc \u0111i c\u1ea7n thi\u1ebft \u0111\u1ec3 b\u1ea3o v\u1ec7 \u0111\u1ed3ng ti\u1ec1n chung tr\u01b0\u1edbc bi\u1ebfn \u0111\u1ed9ng to\u00e0n c\u1ea7u.<\/p>\n<h3 data-start=\"1508\" data-end=\"1573\"><strong data-start=\"1512\" data-end=\"1571\">Ch\u01b0\u01a1ng 6: K\u1ecbch b\u1ea3n t\u01b0\u01a1ng lai c\u1ee7a \u0111\u1ed3ng ti\u1ec1n chung ch\u00e2u \u00c1<\/strong><\/h3>\n<p data-start=\"1574\" data-end=\"1700\">\u0110\u01b0a ra c\u00e1c kh\u1ea3 n\u0103ng th\u00e0nh c\u00f4ng ho\u1eb7c th\u1ea5t b\u1ea1i, v\u00e0 t\u00e1c \u0111\u1ed9ng \u0111\u1ebfn c\u1ee5c di\u1ec7n t\u00e0i ch\u00ednh to\u00e0n c\u1ea7u n\u1ebfu \u0111\u1ed3ng ti\u1ec1n n\u00e0y \u0111\u01b0\u1ee3c tri\u1ec3n khai.<\/p>","protected":false},"featured_media":39393,"template":"","meta":{"_acf_changed":false},"product-collections":[264,263],"product_brand":[],"product_cat":[49],"product_tag":[],"class_list":{"0":"post-4042","1":"product","2":"type-product","3":"status-publish","4":"has-post-thumbnail","6":"product-collections-giam-gia","7":"product-collections-noi-bat","8":"product_cat-books","10":"first","11":"instock","12":"sale","13":"shipping-taxable","14":"purchasable","15":"product-type-simple"},"acf":[],"_links":{"self":[{"href":"https:\/\/hbbgroup.net\/vi\/wp-json\/wp\/v2\/product\/4042","targetHints":{"allow":["GET"]}}],"collection":[{"href":"https:\/\/hbbgroup.net\/vi\/wp-json\/wp\/v2\/product"}],"about":[{"href":"https:\/\/hbbgroup.net\/vi\/wp-json\/wp\/v2\/types\/product"}],"version-history":[{"count":0,"href":"https:\/\/hbbgroup.net\/vi\/wp-json\/wp\/v2\/product\/4042\/revisions"}],"wp:featuredmedia":[{"embeddable":true,"href":"https:\/\/hbbgroup.net\/vi\/wp-json\/wp\/v2\/media\/39393"}],"wp:attachment":[{"href":"https:\/\/hbbgroup.net\/vi\/wp-json\/wp\/v2\/media?parent=4042"}],"wp:term":[{"taxonomy":"product-collections","embeddable":true,"href":"https:\/\/hbbgroup.net\/vi\/wp-json\/wp\/v2\/product-collections?post=4042"},{"taxonomy":"product_brand","embeddable":true,"href":"https:\/\/hbbgroup.net\/vi\/wp-json\/wp\/v2\/product_brand?post=4042"},{"taxonomy":"product_cat","embeddable":true,"href":"https:\/\/hbbgroup.net\/vi\/wp-json\/wp\/v2\/product_cat?post=4042"},{"taxonomy":"product_tag","embeddable":true,"href":"https:\/\/hbbgroup.net\/vi\/wp-json\/wp\/v2\/product_tag?post=4042"}],"curies":[{"name":"wp","href":"https:\/\/api.w.org\/{rel}","templated":true}]}}