{"id":2986,"date":"2025-05-05T10:33:00","date_gmt":"2025-05-05T10:33:00","guid":{"rendered":"https:\/\/hbbgroup.net\/product\/diversification-of-strategies\/"},"modified":"2025-08-15T15:54:35","modified_gmt":"2025-08-15T08:54:35","slug":"khong-bao-gio-that-bai","status":"publish","type":"product","link":"https:\/\/hbbgroup.net\/vi\/tai-nguyen\/khong-bao-gio-that-bai\/","title":{"rendered":"Kh\u00f4ng Bao Gi\u1edd L\u00e0 Th\u1ea5t B\u1ea1i! T\u1ea4T C\u1ea2 L\u00c0 TH\u1eec TH\u00c1CH"},"content":{"rendered":"<p>\u201cKh\u00f4ng Bao Gi\u1edd L\u00e0 Th\u1ea5t B\u1ea1i, T\u1ea5t C\u1ea3 L\u00e0 Th\u1eed Th\u00e1ch\u201d l\u00e0 cu\u1ed1n t\u1ef1 truy\u1ec7n \u2013 truy\u1ec1n c\u1ea3m h\u1ee9ng c\u1ee7a doanh nh\u00e2n H\u00e0n Qu\u1ed1c Chung Ju Yung, nh\u00e0 s\u00e1ng l\u1eadp t\u1eadp \u0111o\u00e0n Hyundai. S\u00e1ch k\u1ec3 l\u1ea1i h\u00e0nh tr\u00ecnh t\u1eeb m\u1ed9t c\u1eadu b\u00e9 n\u00f4ng d\u00e2n ngh\u00e8o, nhi\u1ec1u l\u1ea7n th\u1ea5t b\u1ea1i, \u0111\u1ebfn khi g\u00e2y d\u1ef1ng \u0111\u1ebf ch\u1ebf c\u00f4ng nghi\u1ec7p h\u00e0ng \u0111\u1ea7u ch\u00e2u \u00c1. N\u1ed9i dung nh\u1ea5n m\u1ea1nh \u00fd ch\u00ed ki\u00ean c\u01b0\u1eddng, tinh th\u1ea7n d\u00e1m ngh\u0129 d\u00e1m l\u00e0m, v\u00e0 quan ni\u1ec7m r\u1eb1ng th\u1ea5t b\u1ea1i ch\u1ec9 l\u00e0 b\u00e0i h\u1ecdc \u0111\u1ec3 ti\u1ebfn g\u1ea7n h\u01a1n t\u1edbi th\u00e0nh c\u00f4ng. \u0110\u00e2y l\u00e0 m\u1ed9t \u201cc\u1ea9m nang\u201d truy\u1ec1n \u0111\u1ed9ng l\u1ef1c cho b\u1ea5t k\u1ef3 ai \u0111ang \u0111\u1ed1i di\u1ec7n kh\u00f3 kh\u0103n hay th\u1eed th\u00e1ch trong cu\u1ed9c s\u1ed1ng v\u00e0 c\u00f4ng vi\u1ec7c.<\/p>","protected":false},"excerpt":{"rendered":"<h2 data-start=\"5\" data-end=\"36\"><strong data-start=\"8\" data-end=\"34\"> Th\u00f4ng tin cu\u1ed1n s\u00e1ch<\/strong><\/h2>\n<ul data-start=\"37\" data-end=\"399\">\n<li data-start=\"37\" data-end=\"101\">\n<p data-start=\"39\" data-end=\"101\"><strong data-start=\"39\" data-end=\"52\">T\u00ean s\u00e1ch:<\/strong> Kh\u00f4ng Bao Gi\u1edd L\u00e0 Th\u1ea5t B\u1ea1i! T\u1ea5t C\u1ea3 L\u00e0 Th\u1eed Th\u00e1ch<\/p>\n<\/li>\n<li data-start=\"102\" data-end=\"164\">\n<p data-start=\"104\" data-end=\"164\"><strong data-start=\"104\" data-end=\"116\">T\u00e1c gi\u1ea3:<\/strong> Chung Ju-yung (Nh\u00e0 s\u00e1ng l\u1eadp T\u1eadp \u0111o\u00e0n Hyundai)<\/p>\n<\/li>\n<li data-start=\"165\" data-end=\"201\">\n<p data-start=\"167\" data-end=\"201\"><strong data-start=\"167\" data-end=\"182\">Ng\u01b0\u1eddi d\u1ecbch:<\/strong> Ph\u1ea1m H\u1ed3ng Ph\u01b0\u01a1ng<\/p>\n<\/li>\n<li data-start=\"202\" data-end=\"231\">\n<p data-start=\"204\" data-end=\"231\"><strong data-start=\"204\" data-end=\"221\">Nh\u00e0 xu\u1ea5t b\u1ea3n:<\/strong> NXB Tr\u1ebb<\/p>\n<\/li>\n<li data-start=\"232\" data-end=\"288\">\n<p data-start=\"234\" data-end=\"288\"><strong data-start=\"234\" data-end=\"247\">Th\u1ec3 lo\u1ea1i:<\/strong> T\u1ef1 truy\u1ec7n, Kinh doanh, Truy\u1ec1n c\u1ea3m h\u1ee9ng<\/p>\n<\/li>\n<li data-start=\"289\" data-end=\"342\">\n<p data-start=\"291\" data-end=\"342\"><strong data-start=\"291\" data-end=\"308\">Ng\u00f4n ng\u1eef g\u1ed1c:<\/strong> Ti\u1ebfng H\u00e0n (<em data-start=\"320\" data-end=\"339\">Born of This Land<\/em>)<\/p>\n<\/li>\n<li data-start=\"343\" data-end=\"399\">\n<p data-start=\"345\" data-end=\"399\"><strong data-start=\"345\" data-end=\"359\">H\u00ecnh th\u1ee9c:<\/strong> S\u00e1ch in \u2013 \u1ea4n b\u1ea3n c\u1eadp nh\u1eadt \u0111\u1ea7y \u0111\u1ee7 nh\u1ea5t<\/p>\n<\/li>\n<\/ul>\n<h2 data-start=\"406\" data-end=\"442\"><strong data-start=\"409\" data-end=\"440\">\u00a0M\u00f4 t\u1ea3 chi ti\u1ebft t\u1eebng ph\u1ea7n<\/strong><\/h2>\n<p data-start=\"443\" data-end=\"486\"><em data-start=\"443\" data-end=\"484\">(D\u1ef1a tr\u00ean n\u1ed9i dung b\u1ea3n d\u1ecbch ti\u1ebfng Vi\u1ec7t)<\/em><\/p>\n<h3 data-start=\"488\" data-end=\"532\"><strong data-start=\"492\" data-end=\"530\">Ph\u1ea7n 1: Tu\u1ed5i th\u01a1 v\u00e0 \u00fd ch\u00ed v\u01b0\u01a1n l\u00ean<\/strong><\/h3>\n<ul data-start=\"533\" data-end=\"689\">\n<li data-start=\"533\" data-end=\"606\">\n<p data-start=\"535\" data-end=\"606\">Chung Ju-yung sinh ra trong m\u1ed9t gia \u0111\u00ecnh n\u00f4ng d\u00e2n ngh\u00e8o \u1edf Tri\u1ec1u Ti\u00ean.<\/p>\n<\/li>\n<li data-start=\"607\" data-end=\"689\">\n<p data-start=\"609\" data-end=\"689\">S\u1edbm b\u1ed9c l\u1ed9 \u00fd ch\u00ed tho\u00e1t ngh\u00e8o, s\u1eb5n s\u00e0ng l\u00e0m thu\u00ea v\u00e0 h\u1ecdc ngh\u1ec1 \u0111\u1ec3 t\u00ecm c\u01a1 h\u1ed9i m\u1edbi.<\/p>\n<\/li>\n<\/ul>\n<h3 data-start=\"691\" data-end=\"732\"><strong data-start=\"695\" data-end=\"730\">Ph\u1ea7n 2: Kh\u1edfi nghi\u1ec7p t\u1eeb con s\u1ed1 0<\/strong><\/h3>\n<ul data-start=\"733\" data-end=\"849\">\n<li data-start=\"733\" data-end=\"788\">\n<p data-start=\"735\" data-end=\"788\">M\u1edf x\u01b0\u1edfng s\u1eeda ch\u1eefa xe \u0111\u1ea1p, r\u1ed3i c\u1eeda h\u00e0ng s\u1eeda xe \u00f4 t\u00f4.<\/p>\n<\/li>\n<li data-start=\"789\" data-end=\"849\">\n<p data-start=\"791\" data-end=\"849\">V\u01b0\u1ee3t qua kh\u00f3 kh\u0103n th\u1eddi chi\u1ebfn v\u00e0 s\u1ef1 thi\u1ebfu th\u1ed1n v\u1ed1n li\u1ebfng.<\/p>\n<\/li>\n<\/ul>\n<h3 data-start=\"851\" data-end=\"885\"><strong data-start=\"855\" data-end=\"883\">Ph\u1ea7n 3: X\u00e2y d\u1ef1ng Hyundai<\/strong><\/h3>\n<ul data-start=\"886\" data-end=\"1074\">\n<li data-start=\"886\" data-end=\"975\">\n<p data-start=\"888\" data-end=\"975\">Th\u00e0nh l\u1eadp C\u00f4ng ty X\u00e2y d\u1ef1ng Hyundai, tr\u00fang th\u1ea7u nhi\u1ec1u d\u1ef1 \u00e1n l\u1edbn trong n\u01b0\u1edbc v\u00e0 qu\u1ed1c t\u1ebf.<\/p>\n<\/li>\n<li data-start=\"976\" data-end=\"1074\">\n<p data-start=\"978\" data-end=\"1074\">T\u1eadn d\u1ee5ng c\u01a1 h\u1ed9i t\u1eeb c\u00e1c d\u1ef1 \u00e1n h\u1ea1 t\u1ea7ng v\u00e0 s\u1ef1 h\u1ed7 tr\u1ee3 c\u1ee7a ch\u00ednh ph\u1ee7 H\u00e0n Qu\u1ed1c th\u1eddi c\u00f4ng nghi\u1ec7p h\u00f3a.<\/p>\n<\/li>\n<\/ul>\n<h3 data-start=\"1076\" data-end=\"1116\"><strong data-start=\"1080\" data-end=\"1114\">Ph\u1ea7n 4: \u0110a d\u1ea1ng h\u00f3a kinh doanh<\/strong><\/h3>\n<ul data-start=\"1117\" data-end=\"1273\">\n<li data-start=\"1117\" data-end=\"1200\">\n<p data-start=\"1119\" data-end=\"1200\">M\u1edf r\u1ed9ng sang l\u0129nh v\u1ef1c \u0111\u00f3ng t\u00e0u, s\u1ea3n xu\u1ea5t \u00f4 t\u00f4, v\u00e0 nhi\u1ec1u ng\u00e0nh c\u00f4ng nghi\u1ec7p kh\u00e1c.<\/p>\n<\/li>\n<li data-start=\"1201\" data-end=\"1273\">\n<p data-start=\"1203\" data-end=\"1273\">Tinh th\u1ea7n \u201ckh\u00f4ng g\u00ec l\u00e0 kh\u00f4ng th\u1ec3\u201d d\u1eabn \u0111\u1ebfn nh\u1eefng k\u1ef3 t\u00edch c\u00f4ng nghi\u1ec7p.<\/p>\n<\/li>\n<\/ul>\n<h3 data-start=\"1275\" data-end=\"1324\"><strong data-start=\"1279\" data-end=\"1322\">Ph\u1ea7n 5: Tri\u1ebft l\u00fd kinh doanh v\u00e0 l\u00e3nh \u0111\u1ea1o<\/strong><\/h3>\n<ul data-start=\"1325\" data-end=\"1461\">\n<li data-start=\"1325\" data-end=\"1394\">\n<p data-start=\"1327\" data-end=\"1394\">L\u1ea5y con ng\u01b0\u1eddi l\u00e0m trung t\u00e2m, t\u1ea1o c\u01a1 h\u1ed9i cho nh\u00e2n vi\u00ean ph\u00e1t tri\u1ec3n.<\/p>\n<\/li>\n<li data-start=\"1395\" data-end=\"1461\">\n<p data-start=\"1397\" data-end=\"1461\">T\u1eadn d\u1ee5ng m\u1ecdi th\u1eed th\u00e1ch \u0111\u1ec3 r\u00e8n \u00fd ch\u00ed v\u00e0 t\u00ecm gi\u1ea3i ph\u00e1p s\u00e1ng t\u1ea1o.<\/p>\n<\/li>\n<\/ul>\n<h3 data-start=\"1463\" data-end=\"1494\"><strong data-start=\"1467\" data-end=\"1492\">Ph\u1ea7n 6: Di s\u1ea3n \u0111\u1ec3 l\u1ea1i<\/strong><\/h3>\n<ul data-start=\"1495\" data-end=\"1667\">\n<li data-start=\"1495\" data-end=\"1550\">\n<p data-start=\"1497\" data-end=\"1550\">Hyundai tr\u1edf th\u00e0nh t\u1eadp \u0111o\u00e0n \u0111a ng\u00e0nh t\u1ea7m c\u1ee1 qu\u1ed1c t\u1ebf.<\/p>\n<\/li>\n<li data-start=\"1551\" data-end=\"1667\">\n<p data-start=\"1553\" data-end=\"1667\">C\u00e2u chuy\u1ec7n c\u1ee7a Chung Ju-yung tr\u1edf th\u00e0nh bi\u1ec3u t\u01b0\u1ee3ng c\u1ee7a tinh th\u1ea7n v\u01b0\u1ee3t kh\u00f3 v\u00e0 \u00fd ch\u00ed ki\u00ean c\u01b0\u1eddng c\u1ee7a ng\u01b0\u1eddi H\u00e0n Qu\u1ed1c.<\/p>\n<\/li>\n<\/ul>","protected":false},"featured_media":38508,"template":"","meta":{"_acf_changed":false},"product-collections":[262],"product_brand":[],"product_cat":[49],"product_tag":[],"class_list":{"0":"post-2986","1":"product","2":"type-product","3":"status-publish","4":"has-post-thumbnail","6":"product-collections-ban-chay","7":"product_cat-books","9":"first","10":"instock","11":"sale","12":"shipping-taxable","13":"purchasable","14":"product-type-simple"},"acf":[],"_links":{"self":[{"href":"https:\/\/hbbgroup.net\/vi\/wp-json\/wp\/v2\/product\/2986","targetHints":{"allow":["GET"]}}],"collection":[{"href":"https:\/\/hbbgroup.net\/vi\/wp-json\/wp\/v2\/product"}],"about":[{"href":"https:\/\/hbbgroup.net\/vi\/wp-json\/wp\/v2\/types\/product"}],"version-history":[{"count":0,"href":"https:\/\/hbbgroup.net\/vi\/wp-json\/wp\/v2\/product\/2986\/revisions"}],"wp:featuredmedia":[{"embeddable":true,"href":"https:\/\/hbbgroup.net\/vi\/wp-json\/wp\/v2\/media\/38508"}],"wp:attachment":[{"href":"https:\/\/hbbgroup.net\/vi\/wp-json\/wp\/v2\/media?parent=2986"}],"wp:term":[{"taxonomy":"product-collections","embeddable":true,"href":"https:\/\/hbbgroup.net\/vi\/wp-json\/wp\/v2\/product-collections?post=2986"},{"taxonomy":"product_brand","embeddable":true,"href":"https:\/\/hbbgroup.net\/vi\/wp-json\/wp\/v2\/product_brand?post=2986"},{"taxonomy":"product_cat","embeddable":true,"href":"https:\/\/hbbgroup.net\/vi\/wp-json\/wp\/v2\/product_cat?post=2986"},{"taxonomy":"product_tag","embeddable":true,"href":"https:\/\/hbbgroup.net\/vi\/wp-json\/wp\/v2\/product_tag?post=2986"}],"curies":[{"name":"wp","href":"https:\/\/api.w.org\/{rel}","templated":true}]}}