{"id":2981,"date":"2025-05-05T10:32:58","date_gmt":"2025-05-05T10:32:58","guid":{"rendered":"https:\/\/hbbgroup.net\/product\/uncover-your-potential\/"},"modified":"2025-08-15T15:50:17","modified_gmt":"2025-08-15T08:50:17","slug":"how-money-works","status":"publish","type":"product","link":"https:\/\/hbbgroup.net\/vi\/tai-nguyen\/how-money-works\/","title":{"rendered":"How Money Works"},"content":{"rendered":"<p data-start=\"1755\" data-end=\"2173\">&#8220;How Money Works \u2013 Hi\u1ec3u H\u1ebft V\u1ec1 Ti\u1ec1n&#8221; l\u00e0 cu\u1ed1n s\u00e1ch minh h\u1ecda sinh \u0111\u1ed9ng, gi\u00fap ng\u01b0\u1eddi \u0111\u1ecdc n\u1eafm r\u00f5 c\u00e1ch ti\u1ec1n \u0111\u01b0\u1ee3c t\u1ea1o ra, l\u01b0u th\u00f4ng v\u00e0 t\u00e1c \u0111\u1ed9ng \u0111\u1ebfn cu\u1ed9c s\u1ed1ng c\u0169ng nh\u01b0 n\u1ec1n kinh t\u1ebf to\u00e0n c\u1ea7u. S\u00e1ch cung c\u1ea5p ki\u1ebfn th\u1ee9c n\u1ec1n t\u1ea3ng v\u1ec1 l\u1ecbch s\u1eed ti\u1ec1n t\u1ec7, h\u1ec7 th\u1ed1ng t\u00e0i ch\u00ednh, \u0111\u1ea7u t\u01b0 v\u00e0 xu h\u01b0\u1edbng t\u01b0\u01a1ng lai, \u0111\u01b0\u1ee3c tr\u00ecnh b\u00e0y tr\u1ef1c quan v\u00e0 d\u1ec5 hi\u1ec3u, ph\u00f9 h\u1ee3p cho m\u1ecdi \u0111\u1ed1i t\u01b0\u1ee3ng t\u1eeb ng\u01b0\u1eddi m\u1edbi t\u00ecm hi\u1ec3u \u0111\u1ebfn ng\u01b0\u1eddi \u0111\u00e3 c\u00f3 ki\u1ebfn th\u1ee9c c\u01a1 b\u1ea3n v\u1ec1 t\u00e0i ch\u00ednh.<\/p>","protected":false},"excerpt":{"rendered":"<h2 data-start=\"5\" data-end=\"36\"><strong data-start=\"8\" data-end=\"34\">Th\u00f4ng tin cu\u1ed1n s\u00e1ch<\/strong><\/h2>\n<ul data-start=\"37\" data-end=\"384\">\n<li data-start=\"37\" data-end=\"89\">\n<p data-start=\"39\" data-end=\"89\"><strong data-start=\"39\" data-end=\"52\">T\u00ean s\u00e1ch:<\/strong> How Money Works \u2013 Hi\u1ec3u H\u1ebft V\u1ec1 Ti\u1ec1n<\/p>\n<\/li>\n<li data-start=\"90\" data-end=\"143\">\n<p data-start=\"92\" data-end=\"143\"><strong data-start=\"92\" data-end=\"104\">T\u00e1c gi\u1ea3:<\/strong> Nh\u00f3m t\u00e1c gi\u1ea3 DK (Dorling Kindersley)<\/p>\n<\/li>\n<li data-start=\"144\" data-end=\"226\">\n<p data-start=\"146\" data-end=\"226\"><strong data-start=\"146\" data-end=\"161\">Ng\u01b0\u1eddi d\u1ecbch:<\/strong> (Ch\u01b0a x\u00e1c \u0111\u1ecbnh ch\u00ednh x\u00e1c, th\u01b0\u1eddng \u0111\u01b0\u1ee3c ghi \u1edf b\u1ea3n in ti\u1ebfng Vi\u1ec7t)<\/p>\n<\/li>\n<li data-start=\"227\" data-end=\"261\">\n<p data-start=\"229\" data-end=\"261\"><strong data-start=\"229\" data-end=\"246\">Nh\u00e0 xu\u1ea5t b\u1ea3n:<\/strong> NXB Th\u1ebf Gi\u1edbi<\/p>\n<\/li>\n<li data-start=\"262\" data-end=\"295\">\n<p data-start=\"264\" data-end=\"295\"><strong data-start=\"264\" data-end=\"285\">\u0110\u01a1n v\u1ecb ph\u00e1t h\u00e0nh:<\/strong> Nh\u00e3 Nam<\/p>\n<\/li>\n<li data-start=\"296\" data-end=\"352\">\n<p data-start=\"298\" data-end=\"352\"><strong data-start=\"298\" data-end=\"311\">Th\u1ec3 lo\u1ea1i:<\/strong> T\u00e0i ch\u00ednh, Kinh t\u1ebf, Gi\u00e1o d\u1ee5c ph\u1ed5 th\u00f4ng<\/p>\n<\/li>\n<li data-start=\"353\" data-end=\"384\">\n<p data-start=\"355\" data-end=\"384\"><strong data-start=\"355\" data-end=\"372\">Ng\u00f4n ng\u1eef g\u1ed1c:<\/strong> Ti\u1ebfng Anh<\/p>\n<\/li>\n<\/ul>\n<h2 data-start=\"391\" data-end=\"429\"><strong data-start=\"394\" data-end=\"427\">\u00a0M\u00f4 t\u1ea3 chi ti\u1ebft t\u1eebng ch\u01b0\u01a1ng<\/strong><\/h2>\n<p data-start=\"430\" data-end=\"495\"><em data-start=\"430\" data-end=\"493\">(D\u1ef1a tr\u00ean c\u1ea5u tr\u00fac n\u1ed9i dung b\u1ea3n g\u1ed1c \u201cHow Money Works\u201d c\u1ee7a DK)<\/em><\/p>\n<h3 data-start=\"497\" data-end=\"553\"><strong data-start=\"501\" data-end=\"551\">Ch\u01b0\u01a1ng 1: L\u1ecbch s\u1eed v\u00e0 s\u1ef1 ph\u00e1t tri\u1ec3n c\u1ee7a ti\u1ec1n t\u1ec7<\/strong><\/h3>\n<p data-start=\"554\" data-end=\"756\">Gi\u1edbi thi\u1ec7u qu\u00e1 tr\u00ecnh ti\u1ec1n t\u1ec7 ra \u0111\u1eddi \u2013 t\u1eeb h\u00ecnh th\u1ee9c trao \u0111\u1ed5i h\u00e0ng h\u00f3a, ti\u1ec1n kim lo\u1ea1i, ti\u1ec1n gi\u1ea5y \u0111\u1ebfn ti\u1ec1n \u0111i\u1ec7n t\u1eed. Ph\u00e2n t\u00edch c\u00e1c m\u1ed1c quan tr\u1ecdng nh\u01b0 s\u1ef1 ra \u0111\u1eddi c\u1ee7a h\u1ec7 th\u1ed1ng ng\u00e2n h\u00e0ng v\u00e0 \u0111\u1ed3ng ti\u1ec1n qu\u1ed1c t\u1ebf.<\/p>\n<h3 data-start=\"758\" data-end=\"805\"><strong data-start=\"762\" data-end=\"803\">Ch\u01b0\u01a1ng 2: H\u1ec7 th\u1ed1ng t\u00e0i ch\u00ednh to\u00e0n c\u1ea7u<\/strong><\/h3>\n<p data-start=\"806\" data-end=\"955\">Gi\u1ea3i th\u00edch c\u00e1ch ng\u00e2n h\u00e0ng, ng\u00e2n h\u00e0ng trung \u01b0\u01a1ng v\u00e0 c\u00e1c t\u1ed5 ch\u1ee9c t\u00e0i ch\u00ednh v\u1eadn h\u00e0nh. Tr\u00ecnh b\u00e0y m\u1ed1i quan h\u1ec7 gi\u1eefa ti\u1ec1n, t\u00edn d\u1ee5ng v\u00e0 ch\u00ednh s\u00e1ch ti\u1ec1n t\u1ec7.<\/p>\n<h3 data-start=\"957\" data-end=\"1010\"><strong data-start=\"961\" data-end=\"1008\">Ch\u01b0\u01a1ng 3: C\u00e1ch ti\u1ec1n v\u1eadn h\u00e0nh trong \u0111\u1eddi s\u1ed1ng<\/strong><\/h3>\n<p data-start=\"1011\" data-end=\"1141\">N\u00f3i v\u1ec1 c\u00e1ch ch\u00fang ta ki\u1ebfm, chi ti\u00eau, ti\u1ebft ki\u1ec7m v\u00e0 \u0111\u1ea7u t\u01b0 ti\u1ec1n. Gi\u1edbi thi\u1ec7u c\u00e1c kh\u00e1i ni\u1ec7m nh\u01b0 l\u00e3i su\u1ea5t, thu\u1ebf, l\u1ea1m ph\u00e1t v\u00e0 s\u1ee9c mua.<\/p>\n<h3 data-start=\"1143\" data-end=\"1187\"><strong data-start=\"1147\" data-end=\"1185\">Ch\u01b0\u01a1ng 4: \u0110\u1ea7u t\u01b0 v\u00e0 th\u1ecb tr\u01b0\u1eddng v\u1ed1n<\/strong><\/h3>\n<p data-start=\"1188\" data-end=\"1365\">Gi\u1edbi thi\u1ec7u c\u00e1c lo\u1ea1i h\u00ecnh \u0111\u1ea7u t\u01b0: c\u1ed5 phi\u1ebfu, tr\u00e1i phi\u1ebfu, b\u1ea5t \u0111\u1ed9ng s\u1ea3n, h\u00e0ng h\u00f3a v\u00e0 ti\u1ec1n \u0111i\u1ec7n t\u1eed. Ph\u00e2n t\u00edch l\u1ee3i nhu\u1eadn \u2013 r\u1ee7i ro, v\u00e0 t\u1ea7m quan tr\u1ecdng c\u1ee7a \u0111a d\u1ea1ng h\u00f3a danh m\u1ee5c \u0111\u1ea7u t\u01b0.<\/p>\n<h3 data-start=\"1367\" data-end=\"1408\"><strong data-start=\"1371\" data-end=\"1406\">Ch\u01b0\u01a1ng 5: Ti\u1ec1n trong kinh doanh<\/strong><\/h3>\n<p data-start=\"1409\" data-end=\"1533\">Gi\u1ea3i th\u00edch vai tr\u00f2 c\u1ee7a ti\u1ec1n trong v\u1eadn h\u00e0nh doanh nghi\u1ec7p: t\u1eeb v\u1ed1n l\u01b0u \u0111\u1ed9ng, \u0111\u1ecbnh gi\u00e1, qu\u1ea3n l\u00fd d\u00f2ng ti\u1ec1n, \u0111\u1ebfn g\u1ecdi v\u1ed1n v\u00e0 IPO.<\/p>\n<h3 data-start=\"1535\" data-end=\"1573\"><strong data-start=\"1539\" data-end=\"1571\">Ch\u01b0\u01a1ng 6: T\u01b0\u01a1ng lai c\u1ee7a ti\u1ec1n<\/strong><\/h3>\n<p data-start=\"1574\" data-end=\"1725\">B\u00e0n v\u1ec1 ti\u1ec1n k\u1ef9 thu\u1eadt s\u1ed1, blockchain, ti\u1ec1n m\u00e3 h\u00f3a, xu h\u01b0\u1edbng thanh to\u00e1n kh\u00f4ng ti\u1ec1n m\u1eb7t, v\u00e0 nh\u1eefng th\u00e1ch th\u1ee9c c\u0169ng nh\u01b0 c\u01a1 h\u1ed9i c\u1ee7a n\u1ec1n t\u00e0i ch\u00ednh to\u00e0n c\u1ea7u.<\/p>","protected":false},"featured_media":39100,"template":"","meta":{"_acf_changed":false},"product-collections":[262,264],"product_brand":[],"product_cat":[49],"product_tag":[],"class_list":{"0":"post-2981","1":"product","2":"type-product","3":"status-publish","4":"has-post-thumbnail","6":"product-collections-ban-chay","7":"product-collections-giam-gia","8":"product_cat-books","10":"first","11":"instock","12":"sale","13":"shipping-taxable","14":"purchasable","15":"product-type-simple"},"acf":[],"_links":{"self":[{"href":"https:\/\/hbbgroup.net\/vi\/wp-json\/wp\/v2\/product\/2981","targetHints":{"allow":["GET"]}}],"collection":[{"href":"https:\/\/hbbgroup.net\/vi\/wp-json\/wp\/v2\/product"}],"about":[{"href":"https:\/\/hbbgroup.net\/vi\/wp-json\/wp\/v2\/types\/product"}],"version-history":[{"count":0,"href":"https:\/\/hbbgroup.net\/vi\/wp-json\/wp\/v2\/product\/2981\/revisions"}],"wp:featuredmedia":[{"embeddable":true,"href":"https:\/\/hbbgroup.net\/vi\/wp-json\/wp\/v2\/media\/39100"}],"wp:attachment":[{"href":"https:\/\/hbbgroup.net\/vi\/wp-json\/wp\/v2\/media?parent=2981"}],"wp:term":[{"taxonomy":"product-collections","embeddable":true,"href":"https:\/\/hbbgroup.net\/vi\/wp-json\/wp\/v2\/product-collections?post=2981"},{"taxonomy":"product_brand","embeddable":true,"href":"https:\/\/hbbgroup.net\/vi\/wp-json\/wp\/v2\/product_brand?post=2981"},{"taxonomy":"product_cat","embeddable":true,"href":"https:\/\/hbbgroup.net\/vi\/wp-json\/wp\/v2\/product_cat?post=2981"},{"taxonomy":"product_tag","embeddable":true,"href":"https:\/\/hbbgroup.net\/vi\/wp-json\/wp\/v2\/product_tag?post=2981"}],"curies":[{"name":"wp","href":"https:\/\/api.w.org\/{rel}","templated":true}]}}