{"id":9900,"date":"2025-06-07T19:19:31","date_gmt":"2025-06-07T12:19:31","guid":{"rendered":"https:\/\/hbbgroup.net\/?page_id=9900"},"modified":"2025-06-25T04:07:14","modified_gmt":"2025-06-24T21:07:14","slug":"viet-bai","status":"publish","type":"page","link":"https:\/\/hbbgroup.net\/vi\/viet-bai\/","title":{"rendered":"VI\u1ebeT B\u00c0I"},"content":{"rendered":"<div data-elementor-type=\"wp-page\" data-elementor-id=\"9900\" class=\"elementor elementor-9900\" data-elementor-post-type=\"page\">\n\t\t\t\t\t\t<section class=\"elementor-section elementor-top-section elementor-element elementor-element-4891fb7 elementor-section-boxed elementor-section-height-default elementor-section-height-default\" data-id=\"4891fb7\" data-element_type=\"section\">\n\t\t\t\t\t\t<div class=\"elementor-container elementor-column-gap-default\">\n\t\t\t\t\t<div class=\"elementor-column elementor-col-100 elementor-top-column elementor-element elementor-element-3387eb7\" data-id=\"3387eb7\" data-element_type=\"column\" data-settings=\"{&quot;coursector_ext_hide_logged_in&quot;:&quot;false&quot;}\">\n\t\t\t<div class=\"elementor-widget-wrap elementor-element-populated\">\n\t\t\t\t\t\t<div class=\"elementor-element elementor-element-cdf3261 elementor-widget elementor-widget-shortcode\" data-id=\"cdf3261\" data-element_type=\"widget\" data-settings=\"{&quot;coursector_ext_hide_logged_in&quot;:&quot;false&quot;}\" data-widget_type=\"shortcode.default\">\n\t\t\t\t<div class=\"elementor-widget-container\">\n\t\t\t\t\t\t\t<div class=\"elementor-shortcode\"><\/div>\n\t\t\t\t\t\t<\/div>\n\t\t\t\t<\/div>\n\t\t\t\t<div class=\"elementor-element elementor-element-86c40f1 elementor-widget elementor-widget-html\" data-id=\"86c40f1\" data-element_type=\"widget\" data-settings=\"{&quot;coursector_ext_hide_logged_in&quot;:&quot;false&quot;}\" data-widget_type=\"html.default\">\n\t\t\t\t<div class=\"elementor-widget-container\">\n\t\t\t\t\t<script>\n    const wrapSubmitElement = document.querySelector(\".acf-field-685aafb151632 .acf-input\")\n    wrapSubmitElement.append(\"\u0110\u1ec3 qu\u00e1 tr\u00ecnh \u0111\u0103ng blog hi\u1ec7u qu\u1ea3 h\u01a1n, vui l\u00f2ng s\u1eed d\u1ee5ng t\u1eeb ng\u1eef chu\u1ea9n m\u1ef1c v\u00e0 h\u00ecnh \u1ea3nh ph\u00f9 h\u1ee3p, l\u1ecbch s\u1ef1.\")\n<\/script>\t\t\t\t<\/div>\n\t\t\t\t<\/div>\n\t\t\t\t\t<\/div>\n\t\t<\/div>\n\t\t\t\t\t<\/div>\n\t\t<\/section>\n\t\t\t\t<\/div>","protected":false},"excerpt":{"rendered":"","protected":false},"author":8,"featured_media":0,"parent":0,"menu_order":0,"comment_status":"closed","ping_status":"closed","template":"","meta":{"_acf_changed":false,"footnotes":""},"class_list":["post-9900","page","type-page","status-publish","hentry"],"acf":[],"_links":{"self":[{"href":"https:\/\/hbbgroup.net\/vi\/wp-json\/wp\/v2\/pages\/9900","targetHints":{"allow":["GET"]}}],"collection":[{"href":"https:\/\/hbbgroup.net\/vi\/wp-json\/wp\/v2\/pages"}],"about":[{"href":"https:\/\/hbbgroup.net\/vi\/wp-json\/wp\/v2\/types\/page"}],"author":[{"embeddable":true,"href":"https:\/\/hbbgroup.net\/vi\/wp-json\/wp\/v2\/users\/8"}],"replies":[{"embeddable":true,"href":"https:\/\/hbbgroup.net\/vi\/wp-json\/wp\/v2\/comments?post=9900"}],"version-history":[{"count":0,"href":"https:\/\/hbbgroup.net\/vi\/wp-json\/wp\/v2\/pages\/9900\/revisions"}],"wp:attachment":[{"href":"https:\/\/hbbgroup.net\/vi\/wp-json\/wp\/v2\/media?parent=9900"}],"curies":[{"name":"wp","href":"https:\/\/api.w.org\/{rel}","templated":true}]}}